{"id":1137,"date":"2020-12-28T16:03:06","date_gmt":"2020-12-28T15:03:06","guid":{"rendered":"https:\/\/expertmeble.com\/?page_id=1137"},"modified":"2026-03-29T16:26:13","modified_gmt":"2026-03-29T14:26:13","slug":"faq","status":"publish","type":"page","link":"https:\/\/expertmeble.com\/en\/faq\/","title":{"rendered":"FAQ"},"content":{"rendered":"<h1>\n\t\tFAQ\n\t<\/h1>\n\t<p>FREQUENTLY ASKED QUESTIONS<\/p>\n<h2>\n\t\tBelow we answer the most frequently asked questions.\n\t<\/h2>\n\t<p>Best regards, Expert Meble Szczecin Team<\/p>\n\t\t\t\tIs it worth ordering custom-made furniture?\n\t\t\t\t<p>Jak najbardziej. Je\u015bli cenicie sobie stylistyk\u0119 i nowoczesno\u015b\u0107, to meble na wymiar s\u0105 jak najbardziej odpowiednim rozwi\u0105zaniem &#8211; nie wa\u017cne czy waszym priorytetem jest elegancki wygl\u0105d wn\u0119trza w domu, czy mo\u017ce najbardziej optymalne wykorzystanie dost\u0119pnego miejsca w przytulnym mieszkaniu.<\/p>\n<p>They are characterized by flexibility in shape, material, and appearance. You choose how they should look.<br \/>Moreover, in our work, we use only the highest quality materials because we believe that quality and appearance are the most important.<br \/>Additionally, with custom-made furniture, you will fully utilize every available space (including niches and sloping areas).<\/p>\n\t\t\t\tWhat is the price of custom-made furniture?\n\t\t\t\t<p>The price of custom-made furniture is entirely dependent on several factors, including:<br \/>&#8211; m2 zabudowy<br \/>&#8211; Materia\u0142u, z kt\u00f3rego maj\u0105 by\u0107 zrobione<br \/>&#8211; Kszta\u0142tu <br \/>&#8211; Stopnia skomplikowania projektu<\/p>\n<p>However, on average, you can find example prices for custom-made furniture in the questions listed below. <\/p>\n<p>We also remind you that the price of custom-made furniture will be lower the more pieces you order from us, as we offer discounts for larger orders.<\/p>\n\t\t\t\tWhat is the price of a custom-made kitchen?\n\t\t\t\t<p>The price of <a href=\"https:\/\/expertmeble.com\/en\/custom-kitchens\/\">kuchni <\/a><a href=\"https:\/\/expertmeble.com\/en\/custom-kitchens\/\">na <\/a><a href=\"https:\/\/expertmeble.com\/en\/custom-kitchens\/\">wymiar <\/a>vary depending on many factors. Primarily, it depends on the size of the kitchen, the type of fronts you prefer, the number of accessories (such as drawers, cargo shelves, hoods, etc.), and the number of elements.<\/p>\n<p>Considering all these factors, the price of a custom-made kitchen will start at approximately 8000 PLN and up.<\/p>\n<p>You can call us or visit us with your kitchen dimensions. In Szczecin or by phone, we will provide you with a free quote \ud83d\ude42<\/p>\n\t\t\t\tWhat is the cost of a custom-made wardrobe?\n\t\t\t\t<p>The cost of <a href=\"https:\/\/expertmeble.com\/en\/custom-wardrobes\/\">custom wardrobe<\/a>, like the price of a custom-made kitchen, will depend on several factors. The dimensions of the wardrobe will definitely play a major role. Additionally, the type of fronts, accessories (such as LEDs or wardrobe organizers), and the location where it will be installed are also important.<\/p>\n<p>However, we can say that the approximate cost of a custom-made wardrobe will start at around 3500 PLN and up.<\/p>\n<p>If you plan to order more custom-made furniture from us, the total cost of the wardrobe will decrease, as we offer an attractive discount for bulk orders \ud83d\ude42<\/p>\n\t\t\t\tWhat is the cost of a bathroom?\n\t\t\t\t<p>When it comes to the cost of a custom-made bathroom, you need to consider several things first:<br \/>&#8211; Jaki b\u0119dzie typ blatu pod umywalk\u0119 (kamienny czy z p\u0142yty)?<br \/>&#8211; Czy ma powsta\u0107 zabudowa pralki?<br \/>&#8211; Czy maj\u0105 si\u0119 w niej znale\u017a\u0107 szafy na wymiar?<br \/>&#8211; Czy chcecie dodatkowe szafki w \u0142azience<br \/>&#8211; Wymiary tych element\u00f3w<\/p>\n<p>The cost of the bathroom will depend on the above factors. However, for basic custom-made bathroom fittings, the cost will start at around 5000 PLN.<\/p>\n<p>We also remind you that if you decide to order other furniture from us as well, the cost of the bathroom will decrease due to our discounts for bulk orders \ud83d\ude42<\/p>\n\t\t\t\tWhat is the cost of a custom-made dressing room?\n\t\t\t\t<p>Just like with the previously mentioned furniture, the cost of a <a href=\"https:\/\/expertmeble.com\/en\/custom-closets\/\">custom-made dressing room<\/a> will vary depending on:<\/p>\n&#8211; m2 zabudowy<br \/>\n&#8211; Ilo\u015bci dodatk\u00f3w (szuflady, organizery do szafy, o\u015bwietlenie, itp.)<br \/>\n&#8211; Rodzaj\u00f3w front\u00f3w\n<p>On average, the cost of a custom-made dressing room for a small installation will start at around 5000 PLN.<\/p>\n<p>If you don\u2019t have a concept yet, feel free to contact us. We will help you choose everything to match your home\u2019s interior and ensure it looks stylish and elegant.<\/p>\n\t\t\t\tWhat furniture can I order from Expert Meble Szczecin?\n\t\t\t\t<p>We specialize in the production and installation of the following types of furniture:<\/p>\n<p>&#8211; Kuchnie na zam\u00f3wienie<br \/>&#8211; Szafy na zam\u00f3wienie<br \/>&#8211; Garderoby na zam\u00f3wienie<br \/>&#8211; Meble \u0142azienkowe na zam\u00f3wienie<br \/>&#8211; Zabudowy na zam\u00f3wienie<\/p>\n\t\t\t\tWhat is the waiting time for an order?\n\t\t\t\t<p>The waiting time usually ranges from <strong>4 to 8 weeks.<\/strong>.<\/p>\n<p>It largely depends on the selected materials, the number of projects in the queue, and the time of year (as there are naturally more orders during certain periods).<\/p>\n\t\t\t\tHow long does it take to assemble custom-made furniture?\n\t\t\t\t<p>The assembly of furniture typically takes <strong>up to 7 days<\/strong> from the moment we enter the client's home.<\/p>\n<p>This time frame mainly depends on the size of the order and the complexity of the project.<\/p>\n\t\t\t\tWill I receive a discount?\n\t\t\t\t<p>Yes, for larger orders and bulk orders, we offer attractive discounts.<\/p>\n\t\t\t\tCan I purchase on installments?\n\t\t\t\t<p>Certainly. We offer <a href=\"https:\/\/expertmeble.com\/en\/installments\/\">0% installment plans<\/a>, as we partner with Santander Consumer Bank.<\/p>\n<p>For more information, please visit the <a href=\"https:\/\/expertmeble.com\/en\/installments\/\">0% Installments<\/a><\/p>\n\t\t\t\tIs the 3D furniture design free? How long does it take to create it?\n\t\t\t\t<p>We price design services individually, depending on the amount of material involved. We offer a wide range of design services, from designing just the furniture to complete interior arrangements, including room layouts, installation sketches, material analysis, and more.<\/p>\n<p>However, it is worth noting that for furniture design alone, the design service starts at 400 PLN.<\/p>\n\t\t\t\tIs it possible to get a quote based on a ready-made project?\n\t\t\t\t<p>Certainly. If you have a ready-made project, please bring it to us (or send it via email) along with the room dimensions. Based on this information, we will provide a quote.<\/p>\n\t\t\t\tDo I need to have an idea for my new custom-made furniture to place an order?\n\t\t\t\t<p>No. If you don't have an idea, we will help you create one, as we have years of experience in our field.<\/p>\n<p>If you are looking for inspiration, please visit the <a href=\"https:\/\/expertmeble.com\/en\/realizacje\/\">Our Projects<\/a><\/p>\n\t\t\t\tCan I order any type of furniture from Expert Meble?\n\t\t\t\t<p>Yes, we design and install:\u00a0<\/p>\n<p>&#8211; Kuchnie na zam\u00f3wienie<br \/>&#8211; Szafy na zam\u00f3wienie<br \/>&#8211; Garderoby na zam\u00f3wienie<br \/>&#8211; \u0141azienki na zam\u00f3wienie<br \/>&#8211; Szafki na zam\u00f3wienie<br \/>&#8211; Zabudowy na zam\u00f3wienie<\/p>\n<p>Przypominamy jednak, i\u017c pracujemy raczej kompleksowo &#8211; nie zajmujemy si\u0119 ma\u0142ymi zam\u00f3wieniami na, np. pojedyncze szafki lub komody.<\/p>\n\t\t\t\tAt what stage of construction\/renovation is it best to order custom-made furniture?\n\t\t\t\t<p>It is best to have the furniture design ready before starting the renovation and after the construction is sealed. The furniture design will determine the placement of elements such as lighting and water connections.<\/p>\n<p>If you are already finishing your renovation\/construction, there's no need to worry! We can adjust the custom-made furniture to fit the existing layout.<\/p>\n\t\t\t\tWhat are the stages of project implementation?\n\t\t\t\t<p>After signing the contract with us, the process involves three stages: <strong>3 etapy<\/strong>:<\/p>\n<p><strong>1.<\/strong> After receiving the deposit, we initiate the order. <br \/><strong>2.<\/strong> We take the necessary measurements and clarify all technical details with you, while scheduling the installation date.<br \/><strong>3.<\/strong> We arrive on the agreed date and start the assembly, which usually takes up to several days.<br \/><strong>3.5<\/strong> You can then enjoy your new furniture \ud83d\ude09<\/p>\n\t\t\t\tWhat colors of fronts\/furniture will match my interiors?\n\t\t\t\t<p>Colors are usually chosen using three methods:<\/p>\n<p>1. Matching the colors of panels\/doors<br \/>2. Matching the colors of walls<br \/>3. Contrasting with the color of walls\/panels\/doors, meaning they stand out color-wise from the previously mentioned elements but still harmonize well with the overall design.<\/p>\n<p>Je\u015bli macie z tym problem, to nasi eksperci ch\u0119tnie doradz\u0105 &#8211; mamy wieloletnie do\u015bwiadczenie w doborze kolor\u00f3w do mebli na wymiar. <br \/>We also have a wide range of color samples for furniture and fronts. Feel free to visit our office to review them.<\/p>\n\t\t\t\tWhat materials for fronts\/furniture are available at Expert Meble?\n\t\t\t\t<p>In our offer, we have a wide selection of materials, including:<\/p>\n<p>&#8211; Fronty\/meble akrylowe<br \/>&#8211; Fronty\/meble lakierowane<br \/>&#8211; Fronty\/meble lustrzane<br \/>&#8211; Fronty\/meble z p\u0142yty meblowej laminowanej<br \/>&#8211; Fronty\/meble z ramki aluminiowej<\/p>\n<p>We have a broad range of material and color samples. Feel free to visit our office, where you can see everything with your own eyes.<\/p>\n\t\t\t\tWhat is the difference between acrylic and lacquered fronts?\n\t\t\t\t<p><strong>Acrylic fronts<\/strong> are more durable than lacquered fronts due to the acrylic coating. Additionally, in the case of a glossy finish, they have a much better light reflection coefficient compared to lacquered versions. If you want to achieve a modern and striking look for your custom-made furniture, we recommend acrylic fronts.<\/p>\n<p>When it comes to <strong>lacquered fronts<\/strong>, on the other hand, offer much greater possibilities for milling and decorative elements due to their production method. If you plan to include many decorative milling patterns, handles, or embellishments, we recommend lacquered fronts.<\/p>\n\t\t\t\tWhat is the difference between carcasses and fronts?\n\t\t\t\t<p><strong>Carcasses<\/strong> s\u0105 elementem \u201ebazowym&#8221; wszystkich mebli, czyli \u015bcianki, p\u00f3\u0142ki, za\u015blepienia.<\/p>\n<p><strong>Fronts<\/strong> on the other hand, are the visible elements, such as cabinet doors and wardrobe doors.<\/p>\n\t\t\t\tHow should I prepare the room before furniture assembly?\n\t\t\t\t<p>It\u2019s best to remove all old furniture (if any) and prepare the space for us. This will shorten and simplify the work for our installers.<\/p>\n<p>Additionally, cardboard mats to protect the floor are appreciated \ud83d\ude42<\/p>\n\t\t\t\tCan I buy household appliances along with the furniture?\n\t\t\t\t<p>Yes, absolutely.<br \/>Je\u015bli nie macie g\u0142owy aby to wszystko dopasowa\u0107 &#8211; zrobimy to za was \ud83d\ude42<\/p>\n<p>We will determine your needs with you and then supply and install the necessary equipment (we offer induction hobs, gas hobs, dishwashers, hoods, refrigerators, ovens, microwaves, washing machines, sinks, faucets, and more) from trusted and well-known manufacturers.<\/p>\n<p>For more information, please visit the <a href=\"https:\/\/expertmeble.com\/en\/home-appliances\/\">Home Appliances<\/a><\/p>\n\t\t\t\tDo you connect household appliances?\n\t\t\t\t<p>Certainly. We also offer appliance connection services.<\/p>\n\t\t\t\tWhat is the standard height of a kitchen countertop?\n\t\t\t\t<p>Countertops are typically installed at a standard height of <strong>from 85 to 93 cm.<\/strong>. Jednak\u017ce je\u015bli chcecie, mo\u017cemy zamontowa\u0107 blat na innej wysoko\u015bci &#8211; dopasowanej do waszych potrzeb.<\/p>\n\t\t\t\tWhat is the distance between the countertop and the upper cabinets in a custom kitchen?\n\t\t\t\t<p>Typically, the distance is between <strong>from 52 to 65 cm.<\/strong>However, if needed or depending on the situation, this distance can be adjusted.<\/p>\n\t\t\t\tWhat is the height of the dining table?\n\t\t\t\t<p>Dining tables are typically adjusted to match the height of the kitchen countertop. However, the standard height is usually around <strong>75 to 85 cm.<\/strong>.<\/p>\n\t\t\t\tWhat is the height of the bathroom countertop?\n\t\t\t\t<p>The bathroom countertop is usually installed at a height of <strong>75 to 85 cm.<\/strong>This height can be adjusted depending on the type of sink you choose and your personal needs.<\/p>\n\t\t\t\tWhat is the height of an upholstered seat?\n\t\t\t\t<p>Upholstered seats are typically installed at a height of <strong>40 to 50 cm.<\/strong>However, this can be individually adjusted according to your requirements.<\/p>\n\t\t\t\tWhich brands do you use for drawers\/actuators\/fittings?\n\t\t\t\t<p>In our offer, we use drawers, actuators, and fittings from renowned companies we collaborate with, such as:<\/p>\n<p>&#8211; <a href=\"https:\/\/www.blum.com\/pl\/pl\/\" rel=\"nofollow\">Blum<\/a><br \/>&#8211; <a href=\"https:\/\/web.hettich.com\/pl-pl\/strona-glowna.jsp\" rel=\"nofollow\">Hettich<\/a><br \/>&#8211; <a href=\"https:\/\/amix.pl\/pl\/\" rel=\"nofollow\">Amix<\/a><\/p>","protected":false},"excerpt":{"rendered":"<p>FAQ FREQUENTLY ASKED QUESTIONS Poni\u017cej odpowiadamy wam na najcz\u0119\u015bciej zadawane pytania. Pozdrawiamy, zesp\u00f3\u0142 Expert Meble Szczecin Czy warto zam\u00f3wi\u0107 meble na wymiar? Jak najbardziej. Je\u015bli cenicie sobie stylistyk\u0119 i nowoczesno\u015b\u0107, to meble na wymiar s\u0105 jak najbardziej odpowiednim rozwi\u0105zaniem &#8211; nie wa\u017cne czy waszym priorytetem jest elegancki wygl\u0105d wn\u0119trza w domu, czy mo\u017ce najbardziej optymalne&hellip;<\/p>","protected":false},"author":1,"featured_media":0,"parent":0,"menu_order":0,"comment_status":"closed","ping_status":"closed","template":"","meta":{"footnotes":""},"class_list":["post-1137","page","type-page","status-publish","hentry"],"yoast_head":"<!-- This site is optimized with the Yoast SEO Premium plugin v23.3 (Yoast SEO v26.8) - https:\/\/yoast.com\/product\/yoast-seo-premium-wordpress\/ -->\n<title>FAQ | Producent expertmeble.com<\/title>\n<meta name=\"description\" content=\"W tym dziale odpowiadamy wam na wszystkie nurtuj\u0105ce pytania odno\u015bnie mebli na wymiar. Pozdrawiamy, zesp\u00f3\u0142 Expert Meble - Meble na wymiar Szczecin :)\" \/>\n<meta name=\"robots\" content=\"index, follow, max-snippet:-1, max-image-preview:large, max-video-preview:-1\" \/>\n<link rel=\"canonical\" href=\"https:\/\/expertmeble.com\/en\/faq\/\" \/>\n<meta property=\"og:locale\" content=\"en_US\" \/>\n<meta property=\"og:type\" content=\"article\" \/>\n<meta property=\"og:title\" content=\"FAQ\" \/>\n<meta property=\"og:description\" content=\"W tym dziale odpowiadamy wam na wszystkie nurtuj\u0105ce pytania odno\u015bnie mebli na wymiar. Pozdrawiamy, zesp\u00f3\u0142 Expert Meble - Meble na wymiar Szczecin :)\" \/>\n<meta property=\"og:url\" content=\"https:\/\/expertmeble.com\/en\/faq\/\" \/>\n<meta property=\"og:site_name\" content=\"Expert Meble - Meble Na Wymiar Szczecin: Kuchnie, \u0141azienki, Szafy\" \/>\n<meta property=\"article:publisher\" content=\"https:\/\/www.facebook.com\/expertmeble24\/\" \/>\n<meta property=\"article:modified_time\" content=\"2026-03-29T14:26:13+00:00\" \/>\n<meta name=\"twitter:card\" content=\"summary_large_image\" \/>\n<meta name=\"twitter:label1\" content=\"Est. reading time\" \/>\n\t<meta name=\"twitter:data1\" content=\"9 minutes\" \/>\n<script type=\"application\/ld+json\" class=\"yoast-schema-graph\">{\"@context\":\"https:\/\/schema.org\",\"@graph\":[{\"@type\":\"WebPage\",\"@id\":\"https:\/\/expertmeble.com\/faq\/\",\"url\":\"https:\/\/expertmeble.com\/faq\/\",\"name\":\"FAQ | Producent expertmeble.com\",\"isPartOf\":{\"@id\":\"https:\/\/expertmeble.com\/#website\"},\"datePublished\":\"2020-12-28T15:03:06+00:00\",\"dateModified\":\"2026-03-29T14:26:13+00:00\",\"description\":\"W tym dziale odpowiadamy wam na wszystkie nurtuj\u0105ce pytania odno\u015bnie mebli na wymiar. Pozdrawiamy, zesp\u00f3\u0142 Expert Meble - Meble na wymiar Szczecin :)\",\"breadcrumb\":{\"@id\":\"https:\/\/expertmeble.com\/faq\/#breadcrumb\"},\"inLanguage\":\"en-US\",\"potentialAction\":[{\"@type\":\"ReadAction\",\"target\":[\"https:\/\/expertmeble.com\/faq\/\"]}]},{\"@type\":\"BreadcrumbList\",\"@id\":\"https:\/\/expertmeble.com\/faq\/#breadcrumb\",\"itemListElement\":[{\"@type\":\"ListItem\",\"position\":1,\"name\":\"Strona g\u0142\u00f3wna\",\"item\":\"https:\/\/expertmeble.com\/\"},{\"@type\":\"ListItem\",\"position\":2,\"name\":\"FAQ\"}]},{\"@type\":\"WebSite\",\"@id\":\"https:\/\/expertmeble.com\/#website\",\"url\":\"https:\/\/expertmeble.com\/\",\"name\":\"Expert Meble - Meble Na Wymiar Szczecin: Kuchnie, \u0141azienki, Szafy\",\"description\":\"Meble, kuchnie, szafy, \u0142azienki oraz zabudowy na wymiar.\",\"potentialAction\":[{\"@type\":\"SearchAction\",\"target\":{\"@type\":\"EntryPoint\",\"urlTemplate\":\"https:\/\/expertmeble.com\/?s={search_term_string}\"},\"query-input\":{\"@type\":\"PropertyValueSpecification\",\"valueRequired\":true,\"valueName\":\"search_term_string\"}}],\"inLanguage\":\"en-US\"}]}<\/script>\n<!-- \/ Yoast SEO Premium plugin. -->","yoast_head_json":{"title":"FAQ | Producent expertmeble.com","description":"W tym dziale odpowiadamy wam na wszystkie nurtuj\u0105ce pytania odno\u015bnie mebli na wymiar. Pozdrawiamy, zesp\u00f3\u0142 Expert Meble - Meble na wymiar Szczecin :)","robots":{"index":"index","follow":"follow","max-snippet":"max-snippet:-1","max-image-preview":"max-image-preview:large","max-video-preview":"max-video-preview:-1"},"canonical":"https:\/\/expertmeble.com\/en\/faq\/","og_locale":"en_US","og_type":"article","og_title":"FAQ","og_description":"W tym dziale odpowiadamy wam na wszystkie nurtuj\u0105ce pytania odno\u015bnie mebli na wymiar. Pozdrawiamy, zesp\u00f3\u0142 Expert Meble - Meble na wymiar Szczecin :)","og_url":"https:\/\/expertmeble.com\/en\/faq\/","og_site_name":"Expert Meble - Meble Na Wymiar Szczecin: Kuchnie, \u0141azienki, Szafy","article_publisher":"https:\/\/www.facebook.com\/expertmeble24\/","article_modified_time":"2026-03-29T14:26:13+00:00","twitter_card":"summary_large_image","twitter_misc":{"Est. reading time":"9 minutes"},"schema":{"@context":"https:\/\/schema.org","@graph":[{"@type":"WebPage","@id":"https:\/\/expertmeble.com\/faq\/","url":"https:\/\/expertmeble.com\/faq\/","name":"FAQ | Producent expertmeble.com","isPartOf":{"@id":"https:\/\/expertmeble.com\/#website"},"datePublished":"2020-12-28T15:03:06+00:00","dateModified":"2026-03-29T14:26:13+00:00","description":"W tym dziale odpowiadamy wam na wszystkie nurtuj\u0105ce pytania odno\u015bnie mebli na wymiar. Pozdrawiamy, zesp\u00f3\u0142 Expert Meble - Meble na wymiar Szczecin :)","breadcrumb":{"@id":"https:\/\/expertmeble.com\/faq\/#breadcrumb"},"inLanguage":"en-US","potentialAction":[{"@type":"ReadAction","target":["https:\/\/expertmeble.com\/faq\/"]}]},{"@type":"BreadcrumbList","@id":"https:\/\/expertmeble.com\/faq\/#breadcrumb","itemListElement":[{"@type":"ListItem","position":1,"name":"Strona g\u0142\u00f3wna","item":"https:\/\/expertmeble.com\/"},{"@type":"ListItem","position":2,"name":"FAQ"}]},{"@type":"WebSite","@id":"https:\/\/expertmeble.com\/#website","url":"https:\/\/expertmeble.com\/","name":"Expert Meble - Meble Na Wymiar Szczecin: Kuchnie, \u0141azienki, Szafy","description":"Meble, kuchnie, szafy, \u0142azienki oraz zabudowy na wymiar.","potentialAction":[{"@type":"SearchAction","target":{"@type":"EntryPoint","urlTemplate":"https:\/\/expertmeble.com\/?s={search_term_string}"},"query-input":{"@type":"PropertyValueSpecification","valueRequired":true,"valueName":"search_term_string"}}],"inLanguage":"en-US"}]}},"_links":{"self":[{"href":"https:\/\/expertmeble.com\/en\/wp-json\/wp\/v2\/pages\/1137","targetHints":{"allow":["GET"]}}],"collection":[{"href":"https:\/\/expertmeble.com\/en\/wp-json\/wp\/v2\/pages"}],"about":[{"href":"https:\/\/expertmeble.com\/en\/wp-json\/wp\/v2\/types\/page"}],"author":[{"embeddable":true,"href":"https:\/\/expertmeble.com\/en\/wp-json\/wp\/v2\/users\/1"}],"replies":[{"embeddable":true,"href":"https:\/\/expertmeble.com\/en\/wp-json\/wp\/v2\/comments?post=1137"}],"version-history":[{"count":86,"href":"https:\/\/expertmeble.com\/en\/wp-json\/wp\/v2\/pages\/1137\/revisions"}],"predecessor-version":[{"id":5458,"href":"https:\/\/expertmeble.com\/en\/wp-json\/wp\/v2\/pages\/1137\/revisions\/5458"}],"wp:attachment":[{"href":"https:\/\/expertmeble.com\/en\/wp-json\/wp\/v2\/media?parent=1137"}],"curies":[{"name":"wp","href":"https:\/\/api.w.org\/{rel}","templated":true}]}}