{"id":1534,"date":"2021-03-24T14:20:52","date_gmt":"2021-03-24T13:20:52","guid":{"rendered":"https:\/\/expertmeble.com\/?page_id=1534"},"modified":"2026-03-29T16:17:33","modified_gmt":"2026-03-29T14:17:33","slug":"sprzet-agd","status":"publish","type":"page","link":"https:\/\/expertmeble.com\/en\/sprzet-agd\/","title":{"rendered":"Home Appliances"},"content":{"rendered":"<h1>\n\t\tBuilt-In Appliances in Szczecin\n\t<\/h1>\n\t\t\t<a href=\"https:\/\/expertmeble.com\/en\/gallery\/\" target=\"_self\">\n\t\t\t\t\t\t\tZOBACZ NASZE RELIZACJE\n\t\t\t\t\t<\/a>\n<h2>\n\t\tSelection of Built-In Appliances\n\t<\/h2>\n\tGdy decydujemy si\u0119 na nowy sprz\u0119t AGD, okazuje si\u0119, i\u017c wyb\u00f3r wcale nie jest taki prosty. Na rynku mamy obecnie wielu r\u00f3\u017cnych producent\u00f3w, a ka\u017cdy z nich oferuje co najmniej kilkadziesi\u0105t r\u00f3\u017cnych opcji ka\u017cdego rodzaju wyposa\u017cenia. W Expert Meble wychodzimy wam naprzeciw i oferujemy pomoc w doborze sprz\u0119tu. Zapoznamy si\u0119 z waszymi \u017cyczeniami oraz projektem, a nast\u0119pnie zaproponujemy wyposa\u017cenie, kt\u00f3re b\u0119dzie spe\u0142nia\u0107 wszystkie wymogi &#8211; mamy w tym wieloletnie do\u015bwiadczenie. Szukasz pod zabudow\u0119 sprz\u0119t AGD? Szczecin jest miastem, gdzie posiadamy takie doposa\u017cenie, jak i wolnostoj\u0105ce, w zale\u017cno\u015bci od tego co b\u0119dzie bardziej pasowa\u0107 pod wzgl\u0119dem funkcjonalno\u015bci i estetyki. Sprzedajemy marki projektowane specjalnie pod profesjonalne salony kuchenne, ale i tak\u017ce te popularne, kt\u00f3re widzimy cz\u0119sto w marketach.<br \/>\nZadzwo\u0144 do nas po wi\u0119cej informacji.\n<h2>\n\t\tComplete Convenience of Purchase\n\t<\/h2>\n\t<p>Facing the time-consuming process of searching and comparing products from different brands? When you purchase built-in appliances from Expert Meble, we'll handle that for you, and you'll end up with a fully functional and ready-to-use kitchen. We offer modern appliances from many well-known and respected brands. Whether you need a refrigerator, dishwasher, oven, extractor hood, microwave, induction cooktop, or washing machine, you'll find everything you need with us. Additionally, we provide <strong>up to 5 years warranty<\/strong> <strong>for free<\/strong> (for comparison, in large stores, you usually pay around 30% of the product's value for it). We also offer the option to purchase all equipment on <strong>0%<\/strong>installments. For more information, please contact us.<\/p>\n<h3>\n\t\tBrands We Use\n\t<\/h3>\n\t\t\t\t\t\t\t\t\t\t\t\t\t\t\t\t\t<a href=\"https:\/\/www.amica.pl\" target=\"_blank\" rel=\"nofollow noopener\" data-caption=\"\">\n\t\t\t\t\t\t<figure>\n\t\t\t\t\t\t\t<img decoding=\"async\" src=\"https:\/\/expertmeble.com\/wp-content\/uploads\/2021\/03\/Amica.png\" alt=\"\" width=\"250\" height=\"68\" \/>\n\t\t\t\t\t\t\t\t\t\t\t\t\t<\/figure>\n\t\t\t\t\t\t\t\t\t\t<\/a>\n\t\t\t\t\t\t\t\t\t\t\t\t\t\t\t\t\t<a href=\"https:\/\/www.berg-agd.pl\" target=\"_blank\" rel=\"nofollow noopener\" data-caption=\"\">\n\t\t\t\t\t\t<figure>\n\t\t\t\t\t\t\t<img decoding=\"async\" src=\"https:\/\/expertmeble.com\/wp-content\/uploads\/2021\/03\/berg_logo-min-1024x403.png\" alt=\"\" srcset=\"https:\/\/expertmeble.com\/wp-content\/uploads\/2021\/03\/berg_logo-min-1024x403.png 1024w, https:\/\/expertmeble.com\/wp-content\/uploads\/2021\/03\/berg_logo-min-300x118.png 300w, https:\/\/expertmeble.com\/wp-content\/uploads\/2021\/03\/berg_logo-min-768x303.png 768w, https:\/\/expertmeble.com\/wp-content\/uploads\/2021\/03\/berg_logo-min.png 1079w\" width=\"1024\" height=\"403\" \/>\n\t\t\t\t\t\t\t\t\t\t\t\t\t<\/figure>\n\t\t\t\t\t\t\t\t\t\t<\/a>\n\t\t\t\t\t\t\t\t\t\t\t\t\t\t\t\t\t<a href=\"https:\/\/www.samsung.com\/pl\/home-appliances\/\" target=\"_blank\" rel=\"nofollow noopener\" data-caption=\"\">\n\t\t\t\t\t\t<figure>\n\t\t\t\t\t\t\t<img decoding=\"async\" src=\"https:\/\/expertmeble.com\/wp-content\/uploads\/2021\/03\/Samsung-Logo-min-1024x166.png\" alt=\"\" srcset=\"https:\/\/expertmeble.com\/wp-content\/uploads\/2021\/03\/Samsung-Logo-min-1024x166.png 1024w, https:\/\/expertmeble.com\/wp-content\/uploads\/2021\/03\/Samsung-Logo-min-300x49.png 300w, https:\/\/expertmeble.com\/wp-content\/uploads\/2021\/03\/Samsung-Logo-min-768x125.png 768w, https:\/\/expertmeble.com\/wp-content\/uploads\/2021\/03\/Samsung-Logo-min-1536x250.png 1536w, https:\/\/expertmeble.com\/wp-content\/uploads\/2021\/03\/Samsung-Logo-min-2048x333.png 2048w\" width=\"1024\" height=\"166\" \/>\n\t\t\t\t\t\t\t\t\t\t\t\t\t<\/figure>\n\t\t\t\t\t\t\t\t\t\t<\/a>\n\t\t\t\t\t\t\t\t\t\t\t\t\t\t\t\t\t<a href=\"https:\/\/www.siemens-home.bsh-group.com\/pl\/\" target=\"_blank\" rel=\"nofollow noopener\" data-caption=\"\">\n\t\t\t\t\t\t<figure>\n\t\t\t\t\t\t\t<img decoding=\"async\" src=\"https:\/\/expertmeble.com\/wp-content\/uploads\/2021\/03\/Siemens-logo.svg-min.png\" alt=\"\" width=\"250\" height=\"40\" \/>\n\t\t\t\t\t\t\t\t\t\t\t\t\t<\/figure>\n\t\t\t\t\t\t\t\t\t\t<\/a>\n\t\t\t\t\t\t\t\t\t\t\t\t\t\t\t\t\t<a href=\"https:\/\/www.bosch-home.pl\" target=\"_blank\" rel=\"nofollow noopener\" data-caption=\"\">\n\t\t\t\t\t\t<figure>\n\t\t\t\t\t\t\t<img decoding=\"async\" src=\"https:\/\/expertmeble.com\/wp-content\/uploads\/2021\/03\/Bosch-Logo-min.png\" alt=\"\" width=\"250\" height=\"53\" \/>\n\t\t\t\t\t\t\t\t\t\t\t\t\t<\/figure>\n\t\t\t\t\t\t\t\t\t\t<\/a>\n\t\t\t\t\t\t\t\t\t\t\t\t\t\t\t\t\t<a href=\"https:\/\/www.miele.pl\" target=\"_blank\" rel=\"nofollow noopener\" data-caption=\"\">\n\t\t\t\t\t\t<figure>\n\t\t\t\t\t\t\t<img decoding=\"async\" src=\"https:\/\/expertmeble.com\/wp-content\/uploads\/2021\/03\/Miele_logo.svg-min.png\" alt=\"\" width=\"250\" height=\"61\" \/>\n\t\t\t\t\t\t\t\t\t\t\t\t\t<\/figure>\n\t\t\t\t\t\t\t\t\t\t<\/a>\n\t\t\t\t\t\t\t\t\t\t\t\t\t\t\t\t\t<a href=\"https:\/\/www.grundig.com\/pl-pl\" target=\"_blank\" rel=\"nofollow noopener\" data-caption=\"\">\n\t\t\t\t\t\t<figure>\n\t\t\t\t\t\t\t<img decoding=\"async\" src=\"https:\/\/expertmeble.com\/wp-content\/uploads\/2021\/03\/grundig-logo-min.png\" alt=\"\" width=\"250\" height=\"27\" \/>\n\t\t\t\t\t\t\t\t\t\t\t\t\t<\/figure>\n\t\t\t\t\t\t\t\t\t\t<\/a>\n\t\t\t\t\t\t\t\t\t\t\t\t\t\t\t\t\t<a href=\"https:\/\/www.electrolux.pl\" target=\"_blank\" rel=\"nofollow noopener\" data-caption=\"\">\n\t\t\t\t\t\t<figure>\n\t\t\t\t\t\t\t<img decoding=\"async\" src=\"https:\/\/expertmeble.com\/wp-content\/uploads\/2021\/03\/electrolux-min.png\" alt=\"\" srcset=\"https:\/\/expertmeble.com\/wp-content\/uploads\/2021\/03\/electrolux-min.png 469w, https:\/\/expertmeble.com\/wp-content\/uploads\/2021\/03\/electrolux-min-300x68.png 300w\" width=\"469\" height=\"107\" \/>\n\t\t\t\t\t\t\t\t\t\t\t\t\t<\/figure>\n\t\t\t\t\t\t\t\t\t\t<\/a>\n\t\t\t\t\t\t\t\t\t\t\t\t\t\t\t\t\t<a href=\"https:\/\/peka.pl\" target=\"_blank\" rel=\"nofollow noopener\" data-caption=\"\">\n\t\t\t\t\t\t<figure>\n\t\t\t\t\t\t\t<img decoding=\"async\" src=\"https:\/\/expertmeble.com\/wp-content\/uploads\/2021\/03\/peka-min.png\" alt=\"\" width=\"250\" height=\"74\" \/>\n\t\t\t\t\t\t\t\t\t\t\t\t\t<\/figure>\n\t\t\t\t\t\t\t\t\t\t<\/a>\n\t\t\t\t\t\t\t\t\t\t\t\t\t\t\t\t\t<a href=\"\" target=\"_blank\" rel=\"nofollow noopener\" data-caption=\"\">\n\t\t\t\t\t\t<figure>\n\t\t\t\t\t\t\t<img decoding=\"async\" src=\"https:\/\/expertmeble.com\/wp-content\/uploads\/2021\/03\/Elica_logo.png\" alt=\"\" srcset=\"https:\/\/expertmeble.com\/wp-content\/uploads\/2021\/03\/Elica_logo.png 500w, https:\/\/expertmeble.com\/wp-content\/uploads\/2021\/03\/Elica_logo-300x103.png 300w\" width=\"500\" height=\"172\" \/>\n\t\t\t\t\t\t\t\t\t\t\t\t\t<\/figure>\n\t\t\t\t\t\t\t\t\t\t<\/a>\n\t\t\t\t\t\t\t\t\t\t\t\t\t\t\t\t\t<a href=\"https:\/\/www.liebherr.com\/int\/pl\/pol\/polska\/produkty\/ch\u0142odziarki-i-zamra\u017carki\/ch\u0142odnictwo-i-zamra\u017canie.html\" target=\"_blank\" rel=\"nofollow noopener\" data-caption=\"\">\n\t\t\t\t\t\t<figure>\n\t\t\t\t\t\t\t<img decoding=\"async\" src=\"https:\/\/expertmeble.com\/wp-content\/uploads\/2021\/03\/liebherr-min.png\" alt=\"\" width=\"250\" height=\"39\" \/>\n\t\t\t\t\t\t\t\t\t\t\t\t\t<\/figure>\n\t\t\t\t\t\t\t\t\t\t<\/a>\n\t\t\t\t\t\t\t\t\t\t\t\t\t\t\t\t\t<a href=\"https:\/\/www.whirlpool.pl\/?gclid=CjwKCAjw6fCCBhBNEiwAem5SO-rk5QjF-SIkN6Pi2NOAHFSTyn7SLfwkqoViYlIyMgJPjNC0OLXaTRoCKFkQAvD_BwE&#038;gclsrc=aw.ds\" target=\"_blank\" rel=\"nofollow noopener\" data-caption=\"\">\n\t\t\t\t\t\t<figure>\n\t\t\t\t\t\t\t<img decoding=\"async\" src=\"https:\/\/expertmeble.com\/wp-content\/uploads\/2021\/03\/Whirpool.png\" alt=\"\" width=\"250\" height=\"83\" \/>\n\t\t\t\t\t\t\t\t\t\t\t\t\t<\/figure>\n\t\t\t\t\t\t\t\t\t\t<\/a>\n\t\t\t\t\t\t\t\t\t\t\t\t\t\t\t\t\t<a href=\"https:\/\/www.aeg.pl\" target=\"_blank\" rel=\"nofollow noopener\" data-caption=\"\">\n\t\t\t\t\t\t<figure>\n\t\t\t\t\t\t\t<img decoding=\"async\" src=\"https:\/\/expertmeble.com\/wp-content\/uploads\/2021\/03\/aeg-min.png\" alt=\"\" width=\"250\" height=\"95\" \/>\n\t\t\t\t\t\t\t\t\t\t\t\t\t<\/figure>\n\t\t\t\t\t\t\t\t\t\t<\/a>\n\t\t\t\t\t\t\t\t\t\t\t\t\t\t\t\t\t<a href=\"https:\/\/www.avintage.com\/en\" target=\"_blank\" rel=\"nofollow noopener\" data-caption=\"\">\n\t\t\t\t\t\t<figure>\n\t\t\t\t\t\t\t<img decoding=\"async\" src=\"https:\/\/expertmeble.com\/wp-content\/uploads\/2021\/03\/avintage-min.png\" alt=\"\" width=\"250\" height=\"50\" \/>\n\t\t\t\t\t\t\t\t\t\t\t\t\t<\/figure>\n\t\t\t\t\t\t\t\t\t\t<\/a>\n\t\t\t\t\t\t\t\t\t\t\t\t\t\t\t\t\t<a href=\"https:\/\/www.beko.com\/pl-pl\" target=\"_blank\" rel=\"nofollow noopener\" data-caption=\"\">\n\t\t\t\t\t\t<figure>\n\t\t\t\t\t\t\t<img decoding=\"async\" src=\"https:\/\/expertmeble.com\/wp-content\/uploads\/2021\/03\/Beko_logo-min.png\" alt=\"\" width=\"250\" height=\"142\" \/>\n\t\t\t\t\t\t\t\t\t\t\t\t\t<\/figure>\n\t\t\t\t\t\t\t\t\t\t<\/a>\n\t\t\t\t\t\t\t\t<!-- navigation arrows -->\n\t\t\t<button aria-label=\"Previous slide\" role=\"button\" tabindex=\"0\">\n\t\t\t<\/button>\n\t\t\t<button aria-label=\"Next slide\" role=\"button\" tabindex=\"0\">\n\t\t\t<\/button>\n\t\t\t\t\t\t<!-- pagination -->\n\t<h2>\n\t\tSprz\u0119t AGD pod zabudow\u0119 Szczecin &#8211; urz\u0105d\u017a mieszkanie marze\u0144 razem z nami!\n\t<\/h2>\n\t<p>Kupi\u0142e\u015b mieszkanie, budujesz dom, a mo\u017ce planujesz remont? Chcesz, aby Twoja przestrze\u0144 pi\u0119knie si\u0119 prezentowa\u0142a, a tak\u017ce by\u0142a funkcjonalna i wygodna? Pragniesz idealnie dopasowa\u0107 wyposa\u017cenie meblowe oraz sprz\u0119t RTV i AGD, tak aby dobrze wykorzysta\u0107 dost\u0119pn\u0105 przestrze\u0144? Szeroka oferta dost\u0119pnych rozwi\u0105za\u0144 powoduje, \u017ce ci\u0119\u017cko Ci si\u0119 zdecydowa\u0107? W takim razie obowi\u0105zkowo skontaktuj si\u0119 z nami! Wieloletnie do\u015bwiadczenie w bran\u017cy, a tak\u017ce doskona\u0142a znajomo\u015b\u0107 rynku &#8211; ch\u0119tnie pomo\u017cemy Ci stworzy\u0107 mieszkanie marze\u0144, a nawet wybra\u0107 sprz\u0119t kuchenny pod zabudow\u0119! Niezale\u017cnie czy szukasz mebli pod wymiar oraz sprz\u0119tu AGD pod zabudow\u0119 Szczecin, czy te\u017c gotowych zestaw\u00f3w &#8211; zg\u0142o\u015b si\u0119 do nas, a przedstawimy Ci gotowy projekt! Stw\u00f3rz razem z nami nowoczesne oraz innowacyjne mieszkanie i b\u0105d\u017a zachwycony uzyskanym efektem!<\/p>\n<h2>\n\t\tSprz\u0119t AGD do zabudowy Szczecin &#8211; zaprojektujemy ka\u017cd\u0105 przestrze\u0144!\n\t<\/h2>\n\t<p>Kuchnia, salon, a mo\u017ce \u0142azienka? Zaprojektujemy dla Ciebie ka\u017cd\u0105 przestrze\u0144! Zale\u017cy Ci, aby zakupione meble by\u0142y od razu dopasowane do sprz\u0119tu AGD codziennego u\u017cytku? Warto zadba\u0107 oto ju\u017c na etapie projektowania, tak aby uwzgl\u0119dni\u0107 wszelkie potrzeby i stworzy\u0107 faktycznie funkcjonaln\u0105 przestrze\u0144, kt\u00f3ra b\u0119dzie wygodna i bezpieczna w codziennym u\u017cytkowaniu. Niezale\u017cnie czy jeste\u015bcie posiadaczami wi\u0119kszej przestrzeni, czy te\u017c mniej ustawnych pomieszcze\u0144 &#8211; z nasz\u0105 pomoc\u0105 oraz szerokim wyborem r\u00f3\u017cnych mebli z pewno\u015bci\u0105 stworzymy razem co\u015b wyj\u0105tkowego (i dobierzemy do tego sprz\u0119t agd do zabudowy)!\u00a0W ofercie posiadamy zar\u00f3wno popularny sprz\u0119t AGD do kuchni na wymiar, taki jak: p\u0142yta indukcyjna, piekarnik, okap, kuchenka mikrofalowa, zmywarka czy lod\u00f3wka, jak r\u00f3wnie\u017c sprz\u0119ty do \u0142azienki &#8211; pralka czy suszarka oraz salonu &#8211; telewizor czy te\u017c sprz\u0119t graj\u0105cy. Wszystkie produkty pochodz\u0105 od renomowanych i znanych producent\u00f3w, a tak\u017ce obj\u0119te s\u0105 gwarancj\u0105 do 5 lat. Sprz\u0119t AGD pod zabudow\u0119 na terenie Szczecina i okolic? Koniecznie zg\u0142o\u015b si\u0119 do nas!<\/p>\n<h2>\n\t\tBuy custom kitchen appliances in Szczecin with 0% installments!\n\t<\/h2>\n\t<p>Sprz\u0119t AGD do zabudowy Szczecin, meble na wymiar &#8211; obawiasz si\u0119, \u017ce ci\u0119\u017cko b\u0119dzie Ci sfinansowa\u0107 remont czy urz\u0105dzanie mieszkania b\u0105d\u017a domu? Spokojnie, mamy na to rozwi\u0105zanie! U nas masz mo\u017cliwo\u015b\u0107 wzi\u0119cia ca\u0142ego sprz\u0119tu AGD do zabudowy na 0% raty! Zale\u017cy nam, aby Twoja przestrze\u0144 by\u0142a dok\u0142adnie taka jak j\u0105 sobie wymarzy\u0142e\u015b &#8211; bez ogranicze\u0144 dopasuj wi\u0119c potrzebny sprz\u0119t RTV i AGD, meble oraz inne dodatki i stw\u00f3rz mieszkanie, w kt\u00f3rym b\u0119dziesz czu\u0142 si\u0119 przytulnie oraz komfortowo! Dlaczego jeszcze warto skorzysta\u0107 z naszej oferty? Szeroki wyb\u00f3r produkt\u00f3w renomowanych producent\u00f3w, projekt oraz por\u00f3wnanie dost\u0119pnych na rynku rozwi\u0105za\u0144, dopasowanie pod Twoj\u0105 przestrze\u0144 i potrzeby, kompleksowa us\u0142uga wraz z dostaw\u0105 i monta\u017cem, a tak\u017ce 5-letnia gwarancja, raty 0% oraz atrakcyjne ceny &#8211; z nami z pewno\u015bci\u0105 urz\u0105dzanie mieszkania b\u0119dzie dobr\u0105 i udan\u0105 inwestycj\u0105!<\/p>\n<h2>\n\t\tSprz\u0119t AGD do zabudowy Szczecin\n\t<\/h2>\n\t<p>Chcia\u0142by\u015b wst\u0119pnie om\u00f3wi\u0107 projekt Twojego mieszkania i wyposa\u017cenia, a mo\u017ce masz pytania o zakres naszych us\u0142ug? Chcesz pozna\u0107 szczeg\u00f3\u0142y czy te\u017c dopyta\u0107 o wst\u0119pn\u0105 wycen\u0119? Koniecznie skontaktuj si\u0119 z nami! Zapraszamy do naszego biura w Szczecinie, a tak\u017ce do kontaktu telefonicznego, poprzez formularz na stronie internetowej czy mailowego. Jeste\u015bmy r\u00f3wnie\u017c do Pa\u0144stwa dyspozycji na naszych mediach spo\u0142eczno\u015bciowych. Planujesz urz\u0105dzi\u0107 swoje mieszkanie czy te\u017c zakupi\u0107 sprz\u0119t AGD do kuchni, \u0142azienki czy salonu? Zapraszamy do kontaktu! Stawiamy na profesjonalizm, solidne wykonanie, a tak\u017ce pe\u0142ne zadowolenie naszych klient\u00f3w &#8211; skorzystaj z naszych kompleksowych us\u0142ug, wieloletniego do\u015bwiadczenia w bran\u017cy oraz solidnych mebli na wymiar czy sprz\u0119tu AGD do zabudowy Szczecin i przekonaj si\u0119, \u017ce urz\u0105dzanie w\u0142asnej przestrzeni nie musi by\u0107 stresuj\u0105ce czy frustruj\u0105ce!<\/p>\n\t\t\t<a href=\"https:\/\/expertmeble.com\/en\/#kontakt\" target=\"_self\">\n\t\t\t\t\t\t\tContact Us and Start Realizing Your Project!\n\t\t\t\t\t<\/a>\n<h3>\n\t\tChoice\n\t<\/h3>\n\t<p>Our catalog can be viewed or obtained at our office at al. Bohater\u00f3w Warszawy 15 in Szczecin. By shopping with us, you save time and money. We will select and present the most suitable items for you, and we will also connect and install all the equipment for free.<\/p>\n<h3>\n\t\tDelivery\n\t<\/h3>\n\t<p>Kupuj\u0105c sprz\u0119t AGD w Expert meble nie b\u0119dziecie musieli martwi\u0107 si\u0119 o jego transport &#8211; zrobimy to za was. Przywieziemy wszystko w dniu monta\u017cu, ale je\u015bli potrzebujecie czego\u015b szybciej, to dostarczymy wam co chcecie na wskazany adres.<\/p>\n<h3>\n\t\tWarranty\n\t<\/h3>\n\t<p>For each of our products, we offer up to 5 years of warranty completely free of charge. Additionally, if any device breaks down, we will deliver a new one within a few days (provided the warranty covers the type of damage).<\/p>\n<h3>\n\t\tWe will answer your questions. Contact us.\n\t<\/h3>\n\t\t\t<a href=\"https:\/\/expertmeble.com\/en\/#kontakt\" target=\"_self\">\n\t\t\t\t\t\t\tCall or write to us\n\t\t\t\t\t<\/a>","protected":false},"excerpt":{"rendered":"<p>Sprz\u0119t AGD do zabudowy w Szczecinie ZOBACZ NASZE RELIZACJE Dob\u00f3r sprz\u0119tu AGD Gdy decydujemy si\u0119 na nowy sprz\u0119t AGD, okazuje si\u0119, i\u017c wyb\u00f3r wcale nie jest taki prosty. Na rynku mamy obecnie wielu r\u00f3\u017cnych producent\u00f3w, a ka\u017cdy z nich oferuje co najmniej kilkadziesi\u0105t r\u00f3\u017cnych opcji ka\u017cdego rodzaju wyposa\u017cenia. W Expert Meble wychodzimy wam naprzeciw i&hellip;<\/p>","protected":false},"author":1,"featured_media":0,"parent":0,"menu_order":0,"comment_status":"closed","ping_status":"closed","template":"","meta":{"footnotes":""},"class_list":["post-1534","page","type-page","status-publish","hentry"],"yoast_head":"<!-- This site is optimized with the Yoast SEO Premium plugin v27.4 (Yoast SEO v27.4) - https:\/\/yoast.com\/product\/yoast-seo-premium-wordpress\/ -->\n<title>Sprz\u0119t AGD do mebli na wymiar | sprz\u0119t agd pod zabudow\u0119 | expertmeble.com<\/title>\n<meta name=\"description\" content=\"W naszej ofercie znajdziesz sprz\u0119t AGD do zabudowy na wymiar. Szczecin to miejsce, w gdzie jest otrzymasz sprz\u0119t agd pod zabudow\u0119 - expertmeble.com\" \/>\n<meta name=\"robots\" content=\"index, follow, max-snippet:-1, max-image-preview:large, max-video-preview:-1\" \/>\n<link rel=\"canonical\" href=\"https:\/\/expertmeble.com\/en\/home-appliances\/\" \/>\n<meta property=\"og:locale\" content=\"en_US\" \/>\n<meta property=\"og:type\" content=\"article\" \/>\n<meta property=\"og:title\" content=\"Sprz\u0119t AGD\" \/>\n<meta property=\"og:description\" content=\"W naszej ofercie znajdziesz sprz\u0119t AGD do zabudowy na wymiar. Szczecin to miejsce, w gdzie jest otrzymasz sprz\u0119t agd pod zabudow\u0119 - expertmeble.com\" \/>\n<meta property=\"og:url\" content=\"https:\/\/expertmeble.com\/en\/home-appliances\/\" \/>\n<meta property=\"og:site_name\" content=\"Expert Meble - Meble Na Wymiar Szczecin: Kuchnie, \u0141azienki, Szafy\" \/>\n<meta property=\"article:publisher\" content=\"https:\/\/www.facebook.com\/expertmeble24\/\" \/>\n<meta property=\"article:modified_time\" content=\"2026-03-29T14:17:33+00:00\" \/>\n<meta property=\"og:image\" content=\"https:\/\/expertmeble.com\/wp-content\/uploads\/2021\/03\/Amica.png\" \/>\n<meta name=\"twitter:card\" content=\"summary_large_image\" \/>\n<meta name=\"twitter:label1\" content=\"Est. reading time\" \/>\n\t<meta name=\"twitter:data1\" content=\"6 minutes\" \/>\n<script type=\"application\/ld+json\" class=\"yoast-schema-graph\">{\"@context\":\"https:\\\/\\\/schema.org\",\"@graph\":[{\"@type\":\"WebPage\",\"@id\":\"https:\\\/\\\/expertmeble.com\\\/sprzet-agd\\\/\",\"url\":\"https:\\\/\\\/expertmeble.com\\\/sprzet-agd\\\/\",\"name\":\"Sprz\u0119t AGD do mebli na wymiar | sprz\u0119t agd pod zabudow\u0119 | expertmeble.com\",\"isPartOf\":{\"@id\":\"https:\\\/\\\/expertmeble.com\\\/#website\"},\"primaryImageOfPage\":{\"@id\":\"https:\\\/\\\/expertmeble.com\\\/sprzet-agd\\\/#primaryimage\"},\"image\":{\"@id\":\"https:\\\/\\\/expertmeble.com\\\/sprzet-agd\\\/#primaryimage\"},\"thumbnailUrl\":\"https:\\\/\\\/expertmeble.com\\\/wp-content\\\/uploads\\\/2021\\\/03\\\/Amica.png\",\"datePublished\":\"2021-03-24T13:20:52+00:00\",\"dateModified\":\"2026-03-29T14:17:33+00:00\",\"description\":\"W naszej ofercie znajdziesz sprz\u0119t AGD do zabudowy na wymiar. Szczecin to miejsce, w gdzie jest otrzymasz sprz\u0119t agd pod zabudow\u0119 - expertmeble.com\",\"breadcrumb\":{\"@id\":\"https:\\\/\\\/expertmeble.com\\\/sprzet-agd\\\/#breadcrumb\"},\"inLanguage\":\"en-US\",\"potentialAction\":[{\"@type\":\"ReadAction\",\"target\":[\"https:\\\/\\\/expertmeble.com\\\/sprzet-agd\\\/\"]}]},{\"@type\":\"ImageObject\",\"inLanguage\":\"en-US\",\"@id\":\"https:\\\/\\\/expertmeble.com\\\/sprzet-agd\\\/#primaryimage\",\"url\":\"https:\\\/\\\/expertmeble.com\\\/wp-content\\\/uploads\\\/2021\\\/03\\\/Amica.png\",\"contentUrl\":\"https:\\\/\\\/expertmeble.com\\\/wp-content\\\/uploads\\\/2021\\\/03\\\/Amica.png\"},{\"@type\":\"BreadcrumbList\",\"@id\":\"https:\\\/\\\/expertmeble.com\\\/sprzet-agd\\\/#breadcrumb\",\"itemListElement\":[{\"@type\":\"ListItem\",\"position\":1,\"name\":\"Strona g\u0142\u00f3wna\",\"item\":\"https:\\\/\\\/expertmeble.com\\\/\"},{\"@type\":\"ListItem\",\"position\":2,\"name\":\"Sprz\u0119t AGD Szczecin\"}]},{\"@type\":\"WebSite\",\"@id\":\"https:\\\/\\\/expertmeble.com\\\/#website\",\"url\":\"https:\\\/\\\/expertmeble.com\\\/\",\"name\":\"Expert Meble - Meble Na Wymiar Szczecin: Kuchnie, \u0141azienki, Szafy\",\"description\":\"Meble, kuchnie, szafy, \u0142azienki oraz zabudowy na wymiar.\",\"potentialAction\":[{\"@type\":\"SearchAction\",\"target\":{\"@type\":\"EntryPoint\",\"urlTemplate\":\"https:\\\/\\\/expertmeble.com\\\/?s={search_term_string}\"},\"query-input\":{\"@type\":\"PropertyValueSpecification\",\"valueRequired\":true,\"valueName\":\"search_term_string\"}}],\"inLanguage\":\"en-US\"}]}<\/script>\n<!-- \/ Yoast SEO Premium plugin. -->","yoast_head_json":{"title":"Sprz\u0119t AGD do mebli na wymiar | sprz\u0119t agd pod zabudow\u0119 | expertmeble.com","description":"W naszej ofercie znajdziesz sprz\u0119t AGD do zabudowy na wymiar. Szczecin to miejsce, w gdzie jest otrzymasz sprz\u0119t agd pod zabudow\u0119 - expertmeble.com","robots":{"index":"index","follow":"follow","max-snippet":"max-snippet:-1","max-image-preview":"max-image-preview:large","max-video-preview":"max-video-preview:-1"},"canonical":"https:\/\/expertmeble.com\/en\/home-appliances\/","og_locale":"en_US","og_type":"article","og_title":"Sprz\u0119t AGD","og_description":"W naszej ofercie znajdziesz sprz\u0119t AGD do zabudowy na wymiar. Szczecin to miejsce, w gdzie jest otrzymasz sprz\u0119t agd pod zabudow\u0119 - expertmeble.com","og_url":"https:\/\/expertmeble.com\/en\/home-appliances\/","og_site_name":"Expert Meble - Meble Na Wymiar Szczecin: Kuchnie, \u0141azienki, Szafy","article_publisher":"https:\/\/www.facebook.com\/expertmeble24\/","article_modified_time":"2026-03-29T14:17:33+00:00","og_image":[{"url":"https:\/\/expertmeble.com\/wp-content\/uploads\/2021\/03\/Amica.png","type":"","width":"","height":""}],"twitter_card":"summary_large_image","twitter_misc":{"Est. reading time":"6 minutes"},"schema":{"@context":"https:\/\/schema.org","@graph":[{"@type":"WebPage","@id":"https:\/\/expertmeble.com\/sprzet-agd\/","url":"https:\/\/expertmeble.com\/sprzet-agd\/","name":"Sprz\u0119t AGD do mebli na wymiar | sprz\u0119t agd pod zabudow\u0119 | expertmeble.com","isPartOf":{"@id":"https:\/\/expertmeble.com\/#website"},"primaryImageOfPage":{"@id":"https:\/\/expertmeble.com\/sprzet-agd\/#primaryimage"},"image":{"@id":"https:\/\/expertmeble.com\/sprzet-agd\/#primaryimage"},"thumbnailUrl":"https:\/\/expertmeble.com\/wp-content\/uploads\/2021\/03\/Amica.png","datePublished":"2021-03-24T13:20:52+00:00","dateModified":"2026-03-29T14:17:33+00:00","description":"W naszej ofercie znajdziesz sprz\u0119t AGD do zabudowy na wymiar. Szczecin to miejsce, w gdzie jest otrzymasz sprz\u0119t agd pod zabudow\u0119 - expertmeble.com","breadcrumb":{"@id":"https:\/\/expertmeble.com\/sprzet-agd\/#breadcrumb"},"inLanguage":"en-US","potentialAction":[{"@type":"ReadAction","target":["https:\/\/expertmeble.com\/sprzet-agd\/"]}]},{"@type":"ImageObject","inLanguage":"en-US","@id":"https:\/\/expertmeble.com\/sprzet-agd\/#primaryimage","url":"https:\/\/expertmeble.com\/wp-content\/uploads\/2021\/03\/Amica.png","contentUrl":"https:\/\/expertmeble.com\/wp-content\/uploads\/2021\/03\/Amica.png"},{"@type":"BreadcrumbList","@id":"https:\/\/expertmeble.com\/sprzet-agd\/#breadcrumb","itemListElement":[{"@type":"ListItem","position":1,"name":"Strona g\u0142\u00f3wna","item":"https:\/\/expertmeble.com\/"},{"@type":"ListItem","position":2,"name":"Sprz\u0119t AGD Szczecin"}]},{"@type":"WebSite","@id":"https:\/\/expertmeble.com\/#website","url":"https:\/\/expertmeble.com\/","name":"Expert Meble - Meble Na Wymiar Szczecin: Kuchnie, \u0141azienki, Szafy","description":"Meble, kuchnie, szafy, \u0142azienki oraz zabudowy na wymiar.","potentialAction":[{"@type":"SearchAction","target":{"@type":"EntryPoint","urlTemplate":"https:\/\/expertmeble.com\/?s={search_term_string}"},"query-input":{"@type":"PropertyValueSpecification","valueRequired":true,"valueName":"search_term_string"}}],"inLanguage":"en-US"}]}},"_links":{"self":[{"href":"https:\/\/expertmeble.com\/en\/wp-json\/wp\/v2\/pages\/1534","targetHints":{"allow":["GET"]}}],"collection":[{"href":"https:\/\/expertmeble.com\/en\/wp-json\/wp\/v2\/pages"}],"about":[{"href":"https:\/\/expertmeble.com\/en\/wp-json\/wp\/v2\/types\/page"}],"author":[{"embeddable":true,"href":"https:\/\/expertmeble.com\/en\/wp-json\/wp\/v2\/users\/1"}],"replies":[{"embeddable":true,"href":"https:\/\/expertmeble.com\/en\/wp-json\/wp\/v2\/comments?post=1534"}],"version-history":[{"count":76,"href":"https:\/\/expertmeble.com\/en\/wp-json\/wp\/v2\/pages\/1534\/revisions"}],"predecessor-version":[{"id":5453,"href":"https:\/\/expertmeble.com\/en\/wp-json\/wp\/v2\/pages\/1534\/revisions\/5453"}],"wp:attachment":[{"href":"https:\/\/expertmeble.com\/en\/wp-json\/wp\/v2\/media?parent=1534"}],"curies":[{"name":"wp","href":"https:\/\/api.w.org\/{rel}","templated":true}]}}