{"id":17,"date":"2019-11-18T21:30:22","date_gmt":"2019-11-18T20:30:22","guid":{"rendered":"https:\/\/expertmeble.com\/?page_id=17"},"modified":"2026-03-27T16:50:40","modified_gmt":"2026-03-27T15:50:40","slug":"kuchnie-na-wymiar","status":"publish","type":"page","link":"https:\/\/expertmeble.com\/en\/kuchnie-na-wymiar\/","title":{"rendered":"Custom Kitchens"},"content":{"rendered":"<h1>\n\t\tCustom Kitchens in Szczecin\n\t<\/h1>\n\t\t\t<a href=\"https:\/\/expertmeble.com\/en\/gallery\/\" target=\"_self\">\n\t\t\t\t\t\t\tZOBACZ NASZE RELIZACJE\n\t\t\t\t\t<\/a>\n<h2>\n\t\tMeble Kuchenne &#8211; Wygoda i estetyka\n\t<\/h2>\n\tWszystkie nasze kuchnie na wymiar s\u0105 specjalnie wykonywane na podstawie wymaga\u0144 naszych klient\u00f3w, oraz pod warunki i wymogi miejsca docelowego. Dok\u0142adamy stara\u0144, aby ka\u017cdy element by\u0142 zaprojektowany w spos\u00f3b funkcjonalny, a tak\u017ce, aby ka\u017cdy z nich \u0142\u0105czy\u0142 si\u0119 z innymi w jedn\u0105 sp\u00f3jn\u0105 ca\u0142o\u015b\u0107. Projektanci w Expert Meble &#8211; Kuchnie na wymiar w Szczecinie wiedz\u0105, i\u017c posi\u0142ki przyrz\u0105dza si\u0119 najlepiej w \u0142adnej i komfortowej kuchni na wymiar, dlatego wygoda u\u017cytkowania oraz estetyka mebli kuchennych na wymiar jest jednym z naszych priorytet\u00f3w.<br \/>\nCustom kitchen furniture that you receive will be crafted from the highest quality materials and designed in the style of your dreams (modern, classic, and others). Each custom kitchen is also equipped with all necessary elements as per your preferences (organizers, lighting, cargo cabinets, and more). Additionally, we offer the option to purchase kitchen furniture from us on <a href=\"https:\/\/expertmeble.com\/en\/installments\/\">0% Installments<\/a>.\n<h2>\n\t\tKitchen equipment tailored to your needs\n\t<\/h2>\n\tWould you like to receive a fully ready-to-use custom kitchen and start cooking 5 minutes after saying goodbye to our specialists? We have a solution for that. Especially for you, we offer the option to purchase all the equipment that fits your dream custom kitchen. We offer a wide range of choices for every type of appliances and fixtures.<br \/>\nOur staff have been properly trained to install any type of appliance, whether it's an oven, microwave, refrigerator, or sink. This means you won't have to worry about the tedious and time-consuming task of finding separate specialists for each item. Once the project is completed, you will receive a sparkling, ready-to-use custom kitchen of your dreams. For more information, please visit the department <a href=\"https:\/\/expertmeble.com\/en\/home-appliances\/\">Home Appliances.<\/a>\n<h2>\n\t\tKuchnie na wymiar &#8211; Przyjemno\u015b\u0107 z gotowania\n\t<\/h2>\n\tTo tackle daily challenges, we need to ensure ourselves delicious and nutritious meals. For this purpose, we create custom kitchens. In our city of Szczecin, we believe that such meals can only be prepared in a space where we feel comfortable and relaxed, without any stress. Our designers take this into account when planning all custom kitchens.<br \/>\nWe want to make cooking an even greater pleasure and ensure that meals prepared in our custom kitchens are unforgettable and exceptional in every way. With our custom kitchen furniture, you'll feel as though you're dining in a 5-star restaurant every day. This is achieved through a combination of cooking comfort and unique aesthetic design, all in the style of your dreams.\n<h2>\n\t\tWYBRANE REALIZACJE\n\t<\/h2>\n\t\t\t\t<a\n\t\t\thref=\"https:\/\/expertmeble.com\/wp-content\/uploads\/2024\/05\/2-33-1024x768.jpg\"\n\t\t\t\t\t\tdata-fancybox=\"images\" \n\t\t\ttitle=\"\" \n\t\t\t\t\t\tdata-caption=\"NOWOCZESNA KUCHNIA W BIELI\"\n\t\t\t\t\t\tdata-description=\"\" \n\t\t\titemprop=\"contentUrl\">\n\t\t\t<img decoding=\"async\" src=\"https:\/\/expertmeble.com\/wp-content\/uploads\/2024\/05\/2-33-1024x768.jpg\" alt=\"expert meble na wymiar\" data-no-lazy=\"1\" itemprop=\"thumbnail\" width=\"1024\" height=\"768\" \/>\n\t\t\t<!-- Overlay Wrapper -->\n\t\t\t\t\t\t\tNOWOCZESNA KUCHNIA W BIELI\t\t\t\t\t\t\n\t\t\t <!-- Overlay Wrapper Closed -->\n\t\t\t\t<\/a>\n\t\t\t\t\t\t\t<meta itemprop=\"width\" content=\"1024\" \/>\n\t\t\t<meta itemprop=\"height\" content=\"768\" \/>\n\t\t\t\t<a\n\t\t\thref=\"https:\/\/expertmeble.com\/wp-content\/uploads\/2025\/10\/expert-meble-na-wymiar-39.jpg\"\n\t\t\t\t\t\tdata-fancybox=\"images\" \n\t\t\ttitle=\"\" \n\t\t\t\t\t\tdata-caption=\"PRZESZKLONA ZABUDOWA PREMIUM\"\n\t\t\t\t\t\tdata-description=\"\" \n\t\t\titemprop=\"contentUrl\">\n\t\t\t<img decoding=\"async\" src=\"https:\/\/expertmeble.com\/wp-content\/uploads\/2025\/10\/expert-meble-na-wymiar-39.jpg\" alt=\"expert meble na wymiar\" data-no-lazy=\"1\" itemprop=\"thumbnail\" width=\"960\" height=\"720\" \/>\n\t\t\t<!-- Overlay Wrapper -->\n\t\t\t\t\t\t\tPRZESZKLONA ZABUDOWA PREMIUM\t\t\t\t\t\t\n\t\t\t <!-- Overlay Wrapper Closed -->\n\t\t\t\t<\/a>\n\t\t\t\t\t\t\t<meta itemprop=\"width\" content=\"960\" \/>\n\t\t\t<meta itemprop=\"height\" content=\"720\" \/>\n\t\t\t\t<a\n\t\t\thref=\"https:\/\/expertmeble.com\/wp-content\/uploads\/2024\/05\/2-1024x768.jpg\"\n\t\t\t\t\t\tdata-fancybox=\"images\" \n\t\t\ttitle=\"\" \n\t\t\t\t\t\tdata-caption=\"KUCHNIA W CZERNI I DREWNIE\"\n\t\t\t\t\t\tdata-description=\"\" \n\t\t\titemprop=\"contentUrl\">\n\t\t\t<img decoding=\"async\" src=\"https:\/\/expertmeble.com\/wp-content\/uploads\/2024\/05\/2-1024x768.jpg\" alt=\"expert meble na wymiar\" data-no-lazy=\"1\" itemprop=\"thumbnail\" width=\"1024\" height=\"768\" \/>\n\t\t\t<!-- Overlay Wrapper -->\n\t\t\t\t\t\t\tKUCHNIA W CZERNI I DREWNIE\t\t\t\t\t\t\n\t\t\t <!-- Overlay Wrapper Closed -->\n\t\t\t\t<\/a>\n\t\t\t\t\t\t\t<meta itemprop=\"width\" content=\"1024\" \/>\n\t\t\t<meta itemprop=\"height\" content=\"768\" \/>\n\t\t\t\t<a\n\t\t\thref=\"https:\/\/expertmeble.com\/wp-content\/uploads\/2024\/04\/Meble-do-Restauracji-Kocia-Kawiarnia_-5-1024x768.jpg\"\n\t\t\t\t\t\tdata-fancybox=\"images\" \n\t\t\ttitle=\"\" \n\t\t\t\t\t\tdata-caption=\"DESIGNERSKA STREFA KAWOWA\"\n\t\t\t\t\t\tdata-description=\"\" \n\t\t\titemprop=\"contentUrl\">\n\t\t\t<img decoding=\"async\" src=\"https:\/\/expertmeble.com\/wp-content\/uploads\/2024\/04\/Meble-do-Restauracji-Kocia-Kawiarnia_-5-1024x768.jpg\" alt=\"Meble do Restauracji Kocia Kawiarnia\" data-no-lazy=\"1\" itemprop=\"thumbnail\" width=\"1024\" height=\"768\" \/>\n\t\t\t<!-- Overlay Wrapper -->\n\t\t\t\t\t\t\tDESIGNERSKA STREFA KAWOWA\t\t\t\t\t\t\n\t\t\t <!-- Overlay Wrapper Closed -->\n\t\t\t\t<\/a>\n\t\t\t\t\t\t\t<meta itemprop=\"width\" content=\"1024\" \/>\n\t\t\t<meta itemprop=\"height\" content=\"768\" \/>\n\t\t\t\t<a\n\t\t\thref=\"https:\/\/expertmeble.com\/wp-content\/uploads\/2024\/04\/Projekt-Meble-Biuro-Wykonanie-4-1024x768.jpg\"\n\t\t\t\t\t\tdata-fancybox=\"images\" \n\t\t\ttitle=\"\" \n\t\t\t\t\t\tdata-caption=\"FUNKCJONALNA RECEPCJA BIUROWA\"\n\t\t\t\t\t\tdata-description=\"\" \n\t\t\titemprop=\"contentUrl\">\n\t\t\t<img decoding=\"async\" src=\"https:\/\/expertmeble.com\/wp-content\/uploads\/2024\/04\/Projekt-Meble-Biuro-Wykonanie-4-1024x768.jpg\" alt=\"Projekt Meble Biuro Wykonanie\" data-no-lazy=\"1\" itemprop=\"thumbnail\" width=\"1024\" height=\"768\" \/>\n\t\t\t<!-- Overlay Wrapper -->\n\t\t\t\t\t\t\tFUNKCJONALNA RECEPCJA BIUROWA\t\t\t\t\t\t\n\t\t\t <!-- Overlay Wrapper Closed -->\n\t\t\t\t<\/a>\n\t\t\t\t\t\t\t<meta itemprop=\"width\" content=\"1024\" \/>\n\t\t\t<meta itemprop=\"height\" content=\"768\" \/>\n\t\t\t\t<a\n\t\t\thref=\"https:\/\/expertmeble.com\/wp-content\/uploads\/2025\/10\/expert-meble-na-wymiar-41.jpg\"\n\t\t\t\t\t\tdata-fancybox=\"images\" \n\t\t\ttitle=\"\" \n\t\t\t\t\t\tdata-caption=\"OTWARTA KUCHNIA Z JADALNI\u0104\"\n\t\t\t\t\t\tdata-description=\"\" \n\t\t\titemprop=\"contentUrl\">\n\t\t\t<img decoding=\"async\" src=\"https:\/\/expertmeble.com\/wp-content\/uploads\/2025\/10\/expert-meble-na-wymiar-41.jpg\" alt=\"expert meble na wymiar\" data-no-lazy=\"1\" itemprop=\"thumbnail\" width=\"960\" height=\"720\" \/>\n\t\t\t<!-- Overlay Wrapper -->\n\t\t\t\t\t\t\tOTWARTA KUCHNIA Z JADALNI\u0104\t\t\t\t\t\t\n\t\t\t <!-- Overlay Wrapper Closed -->\n\t\t\t\t<\/a>\n\t\t\t\t\t\t\t<meta itemprop=\"width\" content=\"960\" \/>\n\t\t\t<meta itemprop=\"height\" content=\"720\" \/>\n\t\t\t<a href=\"https:\/\/expertmeble.com\/en\/gallery\/\" target=\"_self\">\n\t\t\t\t\t\t\tZOBACZ WI\u0118CEJ NASZYCH REALIZACJI\n\t\t\t\t\t<\/a>\n<h2>\n\t\tBring your dream of a beautiful and functional kitchen to life\n\t<\/h2>\n\t<p>Many people complain about kitchen tools being left out in the open. This is not just a matter of order; it directly affects hygiene levels. Utensils and cooking accessories that are left uncovered are exposed to dust and other contaminants, which can lead to their deterioration and even pose a risk of food poisoning. It is essential to ensure that all items, such as dishes, knives, and cutlery, have their own isolated storage to prevent contamination. We can help with this. With our extensive range of solutions and the option to create a 3D visualization of your project, we can help design the perfect kitchen for you. In Szczecin, you can meet with us in person to start realizing your dreams.<\/p>\n<h2>\n\t\tWe'll take care of everything for you\n\t<\/h2>\n\t<p>Let us relieve you of the entire kitchen renovation process. We handle everything, from planning to installation. Choose professionals who will complete the entire project quickly and, most importantly, professionally. Our trained experts know how to install every type of kitchen appliance, including ovens, microwaves, refrigerators, and sinks. Enjoy being in your dream kitchen and prepare even more delicious dishes with perfectly designed tools and solutions. With us, it's possible! Check out our company\u2019s offer now, contact us for details, and we\u2019ll help you create your custom kitchen. We\u2019re based in Szczecin and are ready to provide you with more information about our services.<\/p>\n\t\t\t\t<img decoding=\"async\" src=\"https:\/\/expertmeble.com\/wp-content\/uploads\/2026\/01\/logo-transparent.png\" alt=\"logo - transparent\" itemprop=\"image\" height=\"4320\" width=\"4321\" title=\"logo - transparent\" onerror=\"this.style.display='none'\"  \/>\n<h2>\n\t\tThe perfect way to get even more enjoyment from cooking\n\t<\/h2>\n\t<p>Functionality is not everything. A housewife desires above all that her kitchen looks beautiful. Szczecin is the city where we can help with that! This way, preparing each meal will become a pure pleasure. Beautiful lighting, tasteful and practical cabinets, and kitchen accessories perfectly integrated into the entire project are the recipe for a beautifully presented interior. With us, you can achieve this quickly and affordably. We will select the perfect custom kitchen furniture in Szczecin for you. Everything will find its place. Using precise and professional measurements made earlier by our specialist, we will ensure that the project is perfect.<\/p>\n<h2>\n\t\tYour Custom Kitchen in Szczecin: Perfect Functional and Stylish Furniture\n\t<\/h2>\n\t<p>The kitchen is a place where you usually spend a lot of time. The quality of the food you prepare depends on your well-being and energy for each day. For this purpose, you need ideal furniture that not only looks great but is also functional. We understand the needs of our clients. Therefore, we will help you design and implement the project. This way, your custom kitchen in Szczecin will come to life.<\/p>\n\t\t\t<a href=\"https:\/\/expertmeble.com\/en\/custom-kitchen-design\/\" target=\"_self\">\n\t\t\t\t\t\t\tBring Your Dream Kitchen to Life\n\t\t\t\t\t<\/a>\n<h3>\n\t\tProject\n\t<\/h3>\n\t<p>Don't wait, call us now and order a professional custom kitchen design, created using 3D modeling software. This will allow you to see how the final product will look in terms of color schemes, materials, and the arrangement of custom kitchen furniture.<\/p>\n<h3>\n\t\tQuote\n\t<\/h3>\n\t<p>We offer each of our clients a wide range of options for the price of a custom kitchen. We provide different materials and finishes, and inquire about the complexity of the project. All this is to ensure that our custom kitchens are perfectly tailored to your needs.<\/p>\n<h3>\n\t\tMeasurement\n\t<\/h3>\n\t<p>Professional and stylish custom kitchens require precise measurements of the space. One of our specialists will come to you, take measurements, and discuss technical details related to the custom kitchen with you, such as the placement of connections, outlets, electrical installations, and more.<\/p>\n<h3>\n\t\tOur experts are happy to advise. Call us\n\t<\/h3>\n\t\t\t<a href=\"https:\/\/expertmeble.com\/en\/#kontakt\" target=\"_self\">\n\t\t\t\t\t\t\tSKONTAKTUJ SI\u0118\n\t\t\t\t\t<\/a>","protected":false},"excerpt":{"rendered":"<p>Kuchnie na wymiar Szczecin ZOBACZ NASZE RELIZACJE Meble Kuchenne &#8211; Wygoda i estetyka Wszystkie nasze kuchnie na wymiar s\u0105 specjalnie wykonywane na podstawie wymaga\u0144 naszych klient\u00f3w, oraz pod warunki i wymogi miejsca docelowego. Dok\u0142adamy stara\u0144, aby ka\u017cdy element by\u0142 zaprojektowany w spos\u00f3b funkcjonalny, a tak\u017ce, aby ka\u017cdy z nich \u0142\u0105czy\u0142 si\u0119 z innymi w jedn\u0105&hellip;<\/p>","protected":false},"author":1,"featured_media":0,"parent":0,"menu_order":0,"comment_status":"closed","ping_status":"closed","template":"","meta":{"footnotes":""},"class_list":["post-17","page","type-page","status-publish","hentry"],"yoast_head":"<!-- This site is optimized with the Yoast SEO Premium plugin v27.4 (Yoast SEO v27.4) - https:\/\/yoast.com\/product\/yoast-seo-premium-wordpress\/ -->\n<title>Kuchnie na wymiar Szczecin | kuchnia na zam\u00f3wienie | expertmeble.com<\/title>\n<meta name=\"description\" content=\"Oferujemy nowoczesne kuchnie na wymiar. Szczecin to miasto, gdzie wykonujemy meble kuchenne na zam\u00f3wienie | expertmeble.com\" \/>\n<meta name=\"robots\" content=\"index, follow, max-snippet:-1, max-image-preview:large, max-video-preview:-1\" \/>\n<link rel=\"canonical\" href=\"https:\/\/expertmeble.com\/en\/custom-kitchens\/\" \/>\n<meta property=\"og:locale\" content=\"en_US\" \/>\n<meta property=\"og:type\" content=\"article\" \/>\n<meta property=\"og:title\" content=\"Kuchnie na wymiar\" \/>\n<meta property=\"og:description\" content=\"Oferujemy nowoczesne kuchnie na wymiar. Szczecin to miasto, gdzie wykonujemy meble kuchenne na zam\u00f3wienie | expertmeble.com\" \/>\n<meta property=\"og:url\" content=\"https:\/\/expertmeble.com\/en\/custom-kitchens\/\" \/>\n<meta property=\"og:site_name\" content=\"Expert Meble - Meble Na Wymiar Szczecin: Kuchnie, \u0141azienki, Szafy\" \/>\n<meta property=\"article:publisher\" content=\"https:\/\/www.facebook.com\/expertmeble24\/\" \/>\n<meta property=\"article:modified_time\" content=\"2026-03-27T15:50:40+00:00\" \/>\n<meta property=\"og:image\" content=\"https:\/\/expertmeble.com\/wp-content\/uploads\/2024\/05\/2-33-1024x768.jpg\" \/>\n<meta name=\"twitter:card\" content=\"summary_large_image\" \/>\n<meta name=\"twitter:label1\" content=\"Est. reading time\" \/>\n\t<meta name=\"twitter:data1\" content=\"6 minutes\" \/>\n<script type=\"application\/ld+json\" class=\"yoast-schema-graph\">{\"@context\":\"https:\\\/\\\/schema.org\",\"@graph\":[{\"@type\":\"WebPage\",\"@id\":\"https:\\\/\\\/expertmeble.com\\\/kuchnie-na-wymiar\\\/\",\"url\":\"https:\\\/\\\/expertmeble.com\\\/kuchnie-na-wymiar\\\/\",\"name\":\"Kuchnie na wymiar Szczecin | kuchnia na zam\u00f3wienie | expertmeble.com\",\"isPartOf\":{\"@id\":\"https:\\\/\\\/expertmeble.com\\\/#website\"},\"primaryImageOfPage\":{\"@id\":\"https:\\\/\\\/expertmeble.com\\\/kuchnie-na-wymiar\\\/#primaryimage\"},\"image\":{\"@id\":\"https:\\\/\\\/expertmeble.com\\\/kuchnie-na-wymiar\\\/#primaryimage\"},\"thumbnailUrl\":\"https:\\\/\\\/expertmeble.com\\\/wp-content\\\/uploads\\\/2024\\\/05\\\/2-33-1024x768.jpg\",\"datePublished\":\"2019-11-18T20:30:22+00:00\",\"dateModified\":\"2026-03-27T15:50:40+00:00\",\"description\":\"Oferujemy nowoczesne kuchnie na wymiar. Szczecin to miasto, gdzie wykonujemy meble kuchenne na zam\u00f3wienie | expertmeble.com\",\"breadcrumb\":{\"@id\":\"https:\\\/\\\/expertmeble.com\\\/kuchnie-na-wymiar\\\/#breadcrumb\"},\"inLanguage\":\"en-US\",\"potentialAction\":[{\"@type\":\"ReadAction\",\"target\":[\"https:\\\/\\\/expertmeble.com\\\/kuchnie-na-wymiar\\\/\"]}]},{\"@type\":\"ImageObject\",\"inLanguage\":\"en-US\",\"@id\":\"https:\\\/\\\/expertmeble.com\\\/kuchnie-na-wymiar\\\/#primaryimage\",\"url\":\"https:\\\/\\\/expertmeble.com\\\/wp-content\\\/uploads\\\/2024\\\/05\\\/2-33-1024x768.jpg\",\"contentUrl\":\"https:\\\/\\\/expertmeble.com\\\/wp-content\\\/uploads\\\/2024\\\/05\\\/2-33-1024x768.jpg\"},{\"@type\":\"BreadcrumbList\",\"@id\":\"https:\\\/\\\/expertmeble.com\\\/kuchnie-na-wymiar\\\/#breadcrumb\",\"itemListElement\":[{\"@type\":\"ListItem\",\"position\":1,\"name\":\"Strona g\u0142\u00f3wna\",\"item\":\"https:\\\/\\\/expertmeble.com\\\/\"},{\"@type\":\"ListItem\",\"position\":2,\"name\":\"Kuchnie na wymiar\"}]},{\"@type\":\"WebSite\",\"@id\":\"https:\\\/\\\/expertmeble.com\\\/#website\",\"url\":\"https:\\\/\\\/expertmeble.com\\\/\",\"name\":\"Expert Meble - Meble Na Wymiar Szczecin: Kuchnie, \u0141azienki, Szafy\",\"description\":\"Meble, kuchnie, szafy, \u0142azienki oraz zabudowy na wymiar.\",\"potentialAction\":[{\"@type\":\"SearchAction\",\"target\":{\"@type\":\"EntryPoint\",\"urlTemplate\":\"https:\\\/\\\/expertmeble.com\\\/?s={search_term_string}\"},\"query-input\":{\"@type\":\"PropertyValueSpecification\",\"valueRequired\":true,\"valueName\":\"search_term_string\"}}],\"inLanguage\":\"en-US\"}]}<\/script>\n<!-- \/ Yoast SEO Premium plugin. -->","yoast_head_json":{"title":"Kuchnie na wymiar Szczecin | kuchnia na zam\u00f3wienie | expertmeble.com","description":"Oferujemy nowoczesne kuchnie na wymiar. Szczecin to miasto, gdzie wykonujemy meble kuchenne na zam\u00f3wienie | expertmeble.com","robots":{"index":"index","follow":"follow","max-snippet":"max-snippet:-1","max-image-preview":"max-image-preview:large","max-video-preview":"max-video-preview:-1"},"canonical":"https:\/\/expertmeble.com\/en\/custom-kitchens\/","og_locale":"en_US","og_type":"article","og_title":"Kuchnie na wymiar","og_description":"Oferujemy nowoczesne kuchnie na wymiar. Szczecin to miasto, gdzie wykonujemy meble kuchenne na zam\u00f3wienie | expertmeble.com","og_url":"https:\/\/expertmeble.com\/en\/custom-kitchens\/","og_site_name":"Expert Meble - Meble Na Wymiar Szczecin: Kuchnie, \u0141azienki, Szafy","article_publisher":"https:\/\/www.facebook.com\/expertmeble24\/","article_modified_time":"2026-03-27T15:50:40+00:00","og_image":[{"url":"https:\/\/expertmeble.com\/wp-content\/uploads\/2024\/05\/2-33-1024x768.jpg","type":"","width":"","height":""}],"twitter_card":"summary_large_image","twitter_misc":{"Est. reading time":"6 minutes"},"schema":{"@context":"https:\/\/schema.org","@graph":[{"@type":"WebPage","@id":"https:\/\/expertmeble.com\/kuchnie-na-wymiar\/","url":"https:\/\/expertmeble.com\/kuchnie-na-wymiar\/","name":"Kuchnie na wymiar Szczecin | kuchnia na zam\u00f3wienie | expertmeble.com","isPartOf":{"@id":"https:\/\/expertmeble.com\/#website"},"primaryImageOfPage":{"@id":"https:\/\/expertmeble.com\/kuchnie-na-wymiar\/#primaryimage"},"image":{"@id":"https:\/\/expertmeble.com\/kuchnie-na-wymiar\/#primaryimage"},"thumbnailUrl":"https:\/\/expertmeble.com\/wp-content\/uploads\/2024\/05\/2-33-1024x768.jpg","datePublished":"2019-11-18T20:30:22+00:00","dateModified":"2026-03-27T15:50:40+00:00","description":"Oferujemy nowoczesne kuchnie na wymiar. Szczecin to miasto, gdzie wykonujemy meble kuchenne na zam\u00f3wienie | expertmeble.com","breadcrumb":{"@id":"https:\/\/expertmeble.com\/kuchnie-na-wymiar\/#breadcrumb"},"inLanguage":"en-US","potentialAction":[{"@type":"ReadAction","target":["https:\/\/expertmeble.com\/kuchnie-na-wymiar\/"]}]},{"@type":"ImageObject","inLanguage":"en-US","@id":"https:\/\/expertmeble.com\/kuchnie-na-wymiar\/#primaryimage","url":"https:\/\/expertmeble.com\/wp-content\/uploads\/2024\/05\/2-33-1024x768.jpg","contentUrl":"https:\/\/expertmeble.com\/wp-content\/uploads\/2024\/05\/2-33-1024x768.jpg"},{"@type":"BreadcrumbList","@id":"https:\/\/expertmeble.com\/kuchnie-na-wymiar\/#breadcrumb","itemListElement":[{"@type":"ListItem","position":1,"name":"Strona g\u0142\u00f3wna","item":"https:\/\/expertmeble.com\/"},{"@type":"ListItem","position":2,"name":"Kuchnie na wymiar"}]},{"@type":"WebSite","@id":"https:\/\/expertmeble.com\/#website","url":"https:\/\/expertmeble.com\/","name":"Expert Meble - Meble Na Wymiar Szczecin: Kuchnie, \u0141azienki, Szafy","description":"Meble, kuchnie, szafy, \u0142azienki oraz zabudowy na wymiar.","potentialAction":[{"@type":"SearchAction","target":{"@type":"EntryPoint","urlTemplate":"https:\/\/expertmeble.com\/?s={search_term_string}"},"query-input":{"@type":"PropertyValueSpecification","valueRequired":true,"valueName":"search_term_string"}}],"inLanguage":"en-US"}]}},"_links":{"self":[{"href":"https:\/\/expertmeble.com\/en\/wp-json\/wp\/v2\/pages\/17","targetHints":{"allow":["GET"]}}],"collection":[{"href":"https:\/\/expertmeble.com\/en\/wp-json\/wp\/v2\/pages"}],"about":[{"href":"https:\/\/expertmeble.com\/en\/wp-json\/wp\/v2\/types\/page"}],"author":[{"embeddable":true,"href":"https:\/\/expertmeble.com\/en\/wp-json\/wp\/v2\/users\/1"}],"replies":[{"embeddable":true,"href":"https:\/\/expertmeble.com\/en\/wp-json\/wp\/v2\/comments?post=17"}],"version-history":[{"count":124,"href":"https:\/\/expertmeble.com\/en\/wp-json\/wp\/v2\/pages\/17\/revisions"}],"predecessor-version":[{"id":5415,"href":"https:\/\/expertmeble.com\/en\/wp-json\/wp\/v2\/pages\/17\/revisions\/5415"}],"wp:attachment":[{"href":"https:\/\/expertmeble.com\/en\/wp-json\/wp\/v2\/media?parent=17"}],"curies":[{"name":"wp","href":"https:\/\/api.w.org\/{rel}","templated":true}]}}