{"id":1708,"date":"2021-04-08T09:20:48","date_gmt":"2021-04-08T07:20:48","guid":{"rendered":"https:\/\/expertmeble.com\/?page_id=1708"},"modified":"2026-03-29T16:20:38","modified_gmt":"2026-03-29T14:20:38","slug":"raty","status":"publish","type":"page","link":"https:\/\/expertmeble.com\/en\/installments\/","title":{"rendered":"0% Installments"},"content":{"rendered":"<h1>\n\t\tCustom furniture with 0% installments\n\t<\/h1>\n\t\t\t<a href=\"https:\/\/expertmeble.com\/en\/gallery\/\" target=\"_self\">\n\t\t\t\t\t\t\tZOBACZ NASZE RELIZACJE\n\t\t\t\t\t<\/a>\n<h2>\n\t\tFurniture with 0% installments\n\t<\/h2>\n\tTo meet the needs of our customers, we have prepared a special offer. Would you like to furnish your home or apartment but prefer not to spend a large sum of money all at once? No problem. Now you can purchase your new custom furniture from us through a convenient installment plan. This way, you keep the money you allocated for this purpose and can use it for other expenses as well.<br \/>\nOferujemy raty 0% przy zakupach do 10 rat, lub bardzo niskie oprocentowanie w przypadku zakup\u00f3w powy\u017cej 10 rat. Po wi\u0119cej informacji zapraszamy do kontaktu.\n\t\t\t\t<img decoding=\"async\" src=\"https:\/\/expertmeble.com\/wp-content\/uploads\/2021\/04\/SCB_RATY_logo-1.png\" alt=\"Raty w Santander bank - expertmeble.com Szczecin\" itemprop=\"image\" height=\"567\" width=\"1650\" title=\"Santander bank raty w Expert Meble\" onerror=\"this.style.display='none'\"  \/>\n\t<p>\u201eExpert Meble \u00a0wyst\u0119puj\u0105cy w roli po\u015brednika kredytowego sporz\u0105dza i zawiera umowy o kredyt na zakup towar\u00f3w i us\u0142ug w imieniu i na rzecz Santander Consumer Bank S.A., wydaje Formularz Informacyjny, przyjmuje o\u015bwiadczenia o odst\u0105pieniu od umowy kredytu oraz udziela wyja\u015bnie\u0144 dotycz\u0105cych tre\u015bci wymienionych dokument\u00f3w.&#8221;<\/p>\n\t<ol>\n<li><strong>How many<\/strong> <strong>installments can I spread my order over?<\/strong><br \/>\nYou can spread any order over 1 to 60 installments.<\/li>\n<li><strong>Who<\/strong> <strong>can apply for 0% installments?<\/strong><br \/>\nAn adult with a permanent address of residence, holding an ID card or residence permit (for foreigners), and a stable source of income.<\/li>\n<li><strong>Which<\/strong> <strong>products can I buy with 0% installments?<\/strong><br \/>\nAll our custom furniture, including appliances, are available through the installment plan.<\/li>\n<li><strong>Can<\/strong> <strong>I need to provide proof of income?<\/strong><br \/>\nYes, if the installment amount exceeds 20,000, as the credit decision is based on the amount and source of your income.<\/li>\n<li><strong>How<\/strong> <strong>long does the process of applying for 0% installments take?<\/strong><br \/>\nFilling out the application usually takes 10 to 20 minutes. The decision is received by email a few minutes later.<\/li>\n<li><strong>What<\/strong> <strong>is the minimum and maximum loan amount?<\/strong><br \/>\nThe minimum amount is 1,000 PLN, and the maximum amount is 50,000 PLN.<\/li>\n<li><strong>What<\/strong> <strong>is the repayment schedule?<\/strong><br \/>\nAfter your application is approved, you will receive a repayment schedule and bank account number for payments from the bank, either by email or mail.<\/li>\n<li><strong>Can<\/strong> <strong>I repay the loan before the due date?<\/strong><br \/>\nYes, you can repay the loan at any time during the agreement without incurring any additional costs. For more information, please contact Santander Consumer Bank's customer service directly.<\/li>\n<\/ol>\n<h2>\n\t\tMeble na raty 0% Szczecin &#8211; stw\u00f3rz wygodn\u0105 i funkcjonaln\u0105 przestrze\u0144!\n\t<\/h2>\n\t<p>Are you in the process of renovating or furnishing your home? Want to create a modern and functional space with custom furniture and built-in appliances, but the selected items exceed your budget? Prefer to avoid spending a large sum all at once, or would you like to allocate available funds for other expenses? No problem! Don\u2019t give up on functionality and comfort in your daily life\u2014create the home of your dreams with custom furniture through installments! The installment system not only allows you to choose the best solutions for your space but also tailor the furnishings to your taste and needs. Take advantage of this advantageous offer as soon as possible and achieve your goal of a beautiful and practical home without worry or stress! Order furniture with installments in Szczecin quickly and enjoy a space with perfectly fitted furnishings and appliances!<\/p>\n<h2>\n\t\tStylowe i solidne meble na wymiar raty &#8211; zapoznaj si\u0119 ze szczeg\u00f3\u0142ami!\n\t<\/h2>\n\t<p>Analizujesz na ile lat mo\u017cesz roz\u0142o\u017cy\u0107 meble na wymiar na raty? Zastanawiasz si\u0119 jakie konkretnie produkty mog\u0105 zosta\u0107 obj\u0119te ofert\u0105 kredytowania? Chcia\u0142by\u015b dowiedzie\u0107 si\u0119, jaka jest minimalna i maksymalna kwota kredytu mebli na raty Szczecin, a tak\u017ce zapozna\u0107 si\u0119 ze szczeg\u00f3\u0142ami odno\u015bnie koniecznych formalno\u015bci? System ratalny naszego sklepu z Santander Consumer Bank jest niezwykle prosty, szybki, bezpieczny i bezproblemowy! Meble na wymiar na raty mo\u017cna zakupi\u0107 na dow\u00f3d osobisty czy te\u017c kartk\u0119 pobytu oraz potwierdzenie sta\u0142ego \u017ar\u00f3d\u0142a dochodu &#8211; formalno\u015bci ograniczone s\u0105 wi\u0119c do minimum, a co wi\u0119cej nie potrzebujesz por\u0119czycieli. Zam\u00f3wienie mebli na raty Szczecin roz\u0142o\u017cy\u0107 mo\u017cna od 1 do 60 rat, minimalna kwota to 1000 z\u0142, natomiast maksymalna 50 000 z\u0142. Wa\u017cne jest r\u00f3wnie\u017c, \u017ce na raty mo\u017cesz roz\u0142o\u017cy\u0107 zar\u00f3wno meble na wymiar, jak r\u00f3wnie\u017c sprz\u0119t AGD pod zabudow\u0119 &#8211; nie musisz wi\u0119c ogranicza\u0107 si\u0119 do konkretnego asortymentu. Postaw wi\u0119c na nowoczesn\u0105 kuchni zrobion\u0105 od pocz\u0105tku do ko\u0144ca wed\u0142ug projektu, bez konieczno\u015bci stosowania p\u00f3\u0142\u015brodk\u00f3w czy mniej korzystnych aran\u017cacyjnie rozwi\u0105za\u0144. Zakup mebli na raty Szczecin jest r\u00f3wnie\u017c w pe\u0142ni bezpieczny &#8211; RSSO wynosi 0%!<\/p>\n<h2>\n\t\tMeble na wymiar raty &#8211; poznaj nasz\u0105 ciekaw\u0105 ofert\u0119!\n\t<\/h2>\n\t<p>Wys\u0142uchanie pomys\u0142\u00f3w i oczekiwa\u0144 klienta, aran\u017cacja wn\u0119trza w profesjonalnym programie 3D, dopasowanie mebli na wymiar pod dost\u0119pn\u0105 przestrze\u0144 oraz indywidualne wymagania i potrzeby klienta, por\u00f3wnanie produkt\u00f3w wielu renomowanych firm, dobranie sprz\u0119tu AGD pod meble, darmowa wycena, dostawa, monta\u017c i 5-letnia gwarancja &#8211; nasze us\u0142ugi s\u0105 kompleksowe i dostosowane w pe\u0142ni do Twoich potrzeb oraz oczekiwa\u0144! S\u0142u\u017cymy zar\u00f3wno wieloletnim do\u015bwiadczeniem w bran\u017cy stolarskiej, jak i projektowej, a tak\u017ce znajomo\u015bci\u0105 bran\u017cy &#8211; z nami z pewno\u015bci\u0105 zrealizujesz wi\u0119c ka\u017cd\u0105 aran\u017cacyjn\u0105 koncepcj\u0119, a tak\u017ce bezproblemowo urz\u0105dzisz dom czy mieszkanie! Masz pomys\u0142, a mo\u017ce wola\u0142by\u015b doradzi\u0107 si\u0119 naszych specjalist\u00f3w? Zapraszamy do wsp\u00f3\u0142pracy! Pomagamy zar\u00f3wno urzeczywistni\u0107 gotowe koncepcje i pomys\u0142y, jak r\u00f3wnie\u017c stworzy\u0107 wizualizacje oparte na naszych autorskich projektach &#8211; skorzystaj wi\u0119c z mo\u017cliwo\u015bci zakupu sprz\u0119tu AGD pod zabudow\u0119 oraz mebli na wymiar na raty i nie odk\u0142adaj marze\u0144 na p\u00f3\u017aniej! Uzyskaj przestrze\u0144, kt\u00f3ra faktycznie b\u0119dzie funkcjonalna i dobrze zagospodarowana &#8211; tak aby u\u0142atwi\u0107 Ci codzienne czynno\u015bci, zapewni\u0107 przytulno\u015b\u0107 i wygod\u0119, a tak\u017ce poczucie czysto\u015bci i porz\u0105dku! Trwa\u0142o\u015b\u0107, solidne oraz idealnie dopasowane rozwi\u0105zanie w parze ze sprawnym wykonaniem, pe\u0142nym monta\u017cem i atrakcyjn\u0105 cen\u0105 &#8211; skorzystaj z naszych kompleksowych us\u0142ug jak najszybciej!<\/p>\n<h3>\n\t\tNowoczesne meble na wymiar na raty &#8211; serdecznie zapraszamy do kontaktu!\n\t<\/h3>\n\t<p>Masz pytania odno\u015bnie mebli na raty Szczecin, a mo\u017ce samego kredytu, harmonogramu rat czy sp\u0142at\u0105 przed terminem? Chcia\u0142by\u015b doradzi\u0107 si\u0119 w sprawie doboru mebli na wymiar na raty, a mo\u017ce zleci\u0107 wycen\u0119 dla Twojego mieszkania? Zapraszamy do kontaktu zar\u00f3wno z naszym Dzia\u0142em Obs\u0142ugi Klienta, jak r\u00f3wnie\u017c infolini\u0105 Santander Consumer Bank. Jeste\u015bmy do Pa\u0144stwa dyspozycji zar\u00f3wno poprzez kontakt telefoniczny, mailowy, za pomoc\u0105 formularza kontaktowego na naszej stronie, jak r\u00f3wnie\u017c medi\u00f3w spo\u0142eczno\u015bciowych. Zapraszamy tak\u017ce do naszego sklepu stacjonarnego &#8211; pracujemy od poniedzia\u0142ku do pi\u0105tku w godzinach 9:00-17:00. Meble na raty Szczecin &#8211; ch\u0119tnie doradzimy, a tak\u017ce pomo\u017cemy Ci dopasowa\u0107 odpowiednie rozwi\u0105zania i produkty! Meble na raty Szczecin to kompleksowa us\u0142uga &#8211; od wys\u0142uchania potrzeb klienta, projektu, por\u00f3wnania dost\u0119pnych rozwi\u0105za\u0144 oraz produkt\u00f3w po dow\u00f3z i monta\u017c zam\u00f3wionego sprz\u0119tu AGD oraz mebli na raty Szczecin! Profesjonalizm, najwy\u017csza dba\u0142o\u015b\u0107 o wysok\u0105 jako\u015b\u0107 us\u0142ug, dogodny kontakt, innowacyjne i nowoczesne rozwi\u0105zania, a tak\u017ce atrakcyjne ceny &#8211; zapoznaj si\u0119 szczeg\u00f3\u0142owo z nasz\u0105 ofert\u0105 jeszcze dzi\u015b!<\/p>\n\t\t\t<a href=\"https:\/\/expertmeble.com\/en\/realizacje\/\" target=\"_self\">\n\t\t\t\t\t\t\tNasze Realizacje &#8211; Zainspiruj si\u0119 i zaplanuj!\n\t\t\t\t\t<\/a>\n<h3>\n\t\tWhy is it worth ordering furniture with 0% installments from us?\n\t<\/h3>\n<h4>\n\t\tThe Annual Percentage Rate (APR) is 0%.\n\t<\/h4>\n<h4>\n\t\tRaty na dow\u00f3d osobisty &#8211; bez por\u0119czycieli i formalno\u015bci\n\t<\/h4>\n<h4>\n\t\tBezpieczne raty &#8211; wsp\u00f3\u0142pracujemy z Santander Consumer Bank\n\t<\/h4>\n<h3>\n\t\tWe\u2019ll provide advice and answer all your questions!\n\t<\/h3>\n\t\t\t<a href=\"https:\/\/expertmeble.com\/en\/#kontakt\" target=\"_self\">\n\t\t\t\t\t\t\tContact Us\n\t\t\t\t\t<\/a>","protected":false},"excerpt":{"rendered":"<p>Meble na wymiar na raty 0% ZOBACZ NASZE RELIZACJE Meble na raty 0% Wychodz\u0105c naprzeciw potrzebom naszych klient\u00f3w, przygotowali\u015bmy specjaln\u0105 ofert\u0119. Chcieliby\u015bcie urz\u0105dzi\u0107 dom lub mieszkanie, ale nie chcecie wydawa\u0107 jednorazowo wi\u0119kszej sumy pieni\u0119dzy? Nic straconego. Teraz mo\u017cecie zakupi\u0107 u nas wasze nowe meble na wymiar w wygodnym systemie ratalnym. Dzi\u0119ki takiemu rozwi\u0105zaniu zachowujecie pieni\u0105dze&hellip;<\/p>","protected":false},"author":1,"featured_media":0,"parent":0,"menu_order":0,"comment_status":"closed","ping_status":"closed","template":"","meta":{"footnotes":""},"class_list":["post-1708","page","type-page","status-publish","hentry"],"yoast_head":"<!-- This site is optimized with the Yoast SEO Premium plugin v23.3 (Yoast SEO v26.8) - https:\/\/yoast.com\/product\/yoast-seo-premium-wordpress\/ -->\n<title>Meble na wymiar na raty 0% | expertmeble.com<\/title>\n<meta name=\"description\" content=\"Chcesz kupi\u0107 meble na wymiar na raty 0%? Oferujemy zakupy na raty naszych mebli na zam\u00f3wienie. Szczeg\u00f3\u0142y znajdziesz na: expertmeble.com\" \/>\n<meta name=\"robots\" content=\"index, follow, max-snippet:-1, max-image-preview:large, max-video-preview:-1\" \/>\n<link rel=\"canonical\" href=\"https:\/\/expertmeble.com\/en\/installments\/\" \/>\n<meta property=\"og:locale\" content=\"en_US\" \/>\n<meta property=\"og:type\" content=\"article\" \/>\n<meta property=\"og:title\" content=\"Raty 0%\" \/>\n<meta property=\"og:description\" content=\"Chcesz kupi\u0107 meble na wymiar na raty 0%? Oferujemy zakupy na raty naszych mebli na zam\u00f3wienie. Szczeg\u00f3\u0142y znajdziesz na: expertmeble.com\" \/>\n<meta property=\"og:url\" content=\"https:\/\/expertmeble.com\/en\/installments\/\" \/>\n<meta property=\"og:site_name\" content=\"Expert Meble - Meble Na Wymiar Szczecin: Kuchnie, \u0141azienki, Szafy\" \/>\n<meta property=\"article:publisher\" content=\"https:\/\/www.facebook.com\/expertmeble24\/\" \/>\n<meta property=\"article:modified_time\" content=\"2026-03-29T14:20:38+00:00\" \/>\n<meta property=\"og:image\" content=\"https:\/\/expertmeble.com\/wp-content\/uploads\/2021\/04\/SCB_RATY_logo-1.png\" \/>\n<meta name=\"twitter:card\" content=\"summary_large_image\" \/>\n<meta name=\"twitter:label1\" content=\"Est. reading time\" \/>\n\t<meta name=\"twitter:data1\" content=\"6 minutes\" \/>\n<script type=\"application\/ld+json\" class=\"yoast-schema-graph\">{\"@context\":\"https:\/\/schema.org\",\"@graph\":[{\"@type\":\"WebPage\",\"@id\":\"https:\/\/expertmeble.com\/raty\/\",\"url\":\"https:\/\/expertmeble.com\/raty\/\",\"name\":\"Meble na wymiar na raty 0% | expertmeble.com\",\"isPartOf\":{\"@id\":\"https:\/\/expertmeble.com\/#website\"},\"primaryImageOfPage\":{\"@id\":\"https:\/\/expertmeble.com\/raty\/#primaryimage\"},\"image\":{\"@id\":\"https:\/\/expertmeble.com\/raty\/#primaryimage\"},\"thumbnailUrl\":\"https:\/\/expertmeble.com\/wp-content\/uploads\/2021\/04\/SCB_RATY_logo-1.png\",\"datePublished\":\"2021-04-08T07:20:48+00:00\",\"dateModified\":\"2026-03-29T14:20:38+00:00\",\"description\":\"Chcesz kupi\u0107 meble na wymiar na raty 0%? Oferujemy zakupy na raty naszych mebli na zam\u00f3wienie. Szczeg\u00f3\u0142y znajdziesz na: expertmeble.com\",\"breadcrumb\":{\"@id\":\"https:\/\/expertmeble.com\/raty\/#breadcrumb\"},\"inLanguage\":\"en-US\",\"potentialAction\":[{\"@type\":\"ReadAction\",\"target\":[\"https:\/\/expertmeble.com\/raty\/\"]}]},{\"@type\":\"ImageObject\",\"inLanguage\":\"en-US\",\"@id\":\"https:\/\/expertmeble.com\/raty\/#primaryimage\",\"url\":\"https:\/\/expertmeble.com\/wp-content\/uploads\/2021\/04\/SCB_RATY_logo-1.png\",\"contentUrl\":\"https:\/\/expertmeble.com\/wp-content\/uploads\/2021\/04\/SCB_RATY_logo-1.png\"},{\"@type\":\"BreadcrumbList\",\"@id\":\"https:\/\/expertmeble.com\/raty\/#breadcrumb\",\"itemListElement\":[{\"@type\":\"ListItem\",\"position\":1,\"name\":\"Strona g\u0142\u00f3wna\",\"item\":\"https:\/\/expertmeble.com\/\"},{\"@type\":\"ListItem\",\"position\":2,\"name\":\"Raty 0%\"}]},{\"@type\":\"WebSite\",\"@id\":\"https:\/\/expertmeble.com\/#website\",\"url\":\"https:\/\/expertmeble.com\/\",\"name\":\"Expert Meble - Meble Na Wymiar Szczecin: Kuchnie, \u0141azienki, Szafy\",\"description\":\"Meble, kuchnie, szafy, \u0142azienki oraz zabudowy na wymiar.\",\"potentialAction\":[{\"@type\":\"SearchAction\",\"target\":{\"@type\":\"EntryPoint\",\"urlTemplate\":\"https:\/\/expertmeble.com\/?s={search_term_string}\"},\"query-input\":{\"@type\":\"PropertyValueSpecification\",\"valueRequired\":true,\"valueName\":\"search_term_string\"}}],\"inLanguage\":\"en-US\"}]}<\/script>\n<!-- \/ Yoast SEO Premium plugin. -->","yoast_head_json":{"title":"Meble na wymiar na raty 0% | expertmeble.com","description":"Chcesz kupi\u0107 meble na wymiar na raty 0%? Oferujemy zakupy na raty naszych mebli na zam\u00f3wienie. Szczeg\u00f3\u0142y znajdziesz na: expertmeble.com","robots":{"index":"index","follow":"follow","max-snippet":"max-snippet:-1","max-image-preview":"max-image-preview:large","max-video-preview":"max-video-preview:-1"},"canonical":"https:\/\/expertmeble.com\/en\/installments\/","og_locale":"en_US","og_type":"article","og_title":"Raty 0%","og_description":"Chcesz kupi\u0107 meble na wymiar na raty 0%? Oferujemy zakupy na raty naszych mebli na zam\u00f3wienie. Szczeg\u00f3\u0142y znajdziesz na: expertmeble.com","og_url":"https:\/\/expertmeble.com\/en\/installments\/","og_site_name":"Expert Meble - Meble Na Wymiar Szczecin: Kuchnie, \u0141azienki, Szafy","article_publisher":"https:\/\/www.facebook.com\/expertmeble24\/","article_modified_time":"2026-03-29T14:20:38+00:00","og_image":[{"url":"https:\/\/expertmeble.com\/wp-content\/uploads\/2021\/04\/SCB_RATY_logo-1.png","type":"","width":"","height":""}],"twitter_card":"summary_large_image","twitter_misc":{"Est. reading time":"6 minutes"},"schema":{"@context":"https:\/\/schema.org","@graph":[{"@type":"WebPage","@id":"https:\/\/expertmeble.com\/raty\/","url":"https:\/\/expertmeble.com\/raty\/","name":"Meble na wymiar na raty 0% | expertmeble.com","isPartOf":{"@id":"https:\/\/expertmeble.com\/#website"},"primaryImageOfPage":{"@id":"https:\/\/expertmeble.com\/raty\/#primaryimage"},"image":{"@id":"https:\/\/expertmeble.com\/raty\/#primaryimage"},"thumbnailUrl":"https:\/\/expertmeble.com\/wp-content\/uploads\/2021\/04\/SCB_RATY_logo-1.png","datePublished":"2021-04-08T07:20:48+00:00","dateModified":"2026-03-29T14:20:38+00:00","description":"Chcesz kupi\u0107 meble na wymiar na raty 0%? Oferujemy zakupy na raty naszych mebli na zam\u00f3wienie. Szczeg\u00f3\u0142y znajdziesz na: expertmeble.com","breadcrumb":{"@id":"https:\/\/expertmeble.com\/raty\/#breadcrumb"},"inLanguage":"en-US","potentialAction":[{"@type":"ReadAction","target":["https:\/\/expertmeble.com\/raty\/"]}]},{"@type":"ImageObject","inLanguage":"en-US","@id":"https:\/\/expertmeble.com\/raty\/#primaryimage","url":"https:\/\/expertmeble.com\/wp-content\/uploads\/2021\/04\/SCB_RATY_logo-1.png","contentUrl":"https:\/\/expertmeble.com\/wp-content\/uploads\/2021\/04\/SCB_RATY_logo-1.png"},{"@type":"BreadcrumbList","@id":"https:\/\/expertmeble.com\/raty\/#breadcrumb","itemListElement":[{"@type":"ListItem","position":1,"name":"Strona g\u0142\u00f3wna","item":"https:\/\/expertmeble.com\/"},{"@type":"ListItem","position":2,"name":"Raty 0%"}]},{"@type":"WebSite","@id":"https:\/\/expertmeble.com\/#website","url":"https:\/\/expertmeble.com\/","name":"Expert Meble - Meble Na Wymiar Szczecin: Kuchnie, \u0141azienki, Szafy","description":"Meble, kuchnie, szafy, \u0142azienki oraz zabudowy na wymiar.","potentialAction":[{"@type":"SearchAction","target":{"@type":"EntryPoint","urlTemplate":"https:\/\/expertmeble.com\/?s={search_term_string}"},"query-input":{"@type":"PropertyValueSpecification","valueRequired":true,"valueName":"search_term_string"}}],"inLanguage":"en-US"}]}},"_links":{"self":[{"href":"https:\/\/expertmeble.com\/en\/wp-json\/wp\/v2\/pages\/1708","targetHints":{"allow":["GET"]}}],"collection":[{"href":"https:\/\/expertmeble.com\/en\/wp-json\/wp\/v2\/pages"}],"about":[{"href":"https:\/\/expertmeble.com\/en\/wp-json\/wp\/v2\/types\/page"}],"author":[{"embeddable":true,"href":"https:\/\/expertmeble.com\/en\/wp-json\/wp\/v2\/users\/1"}],"replies":[{"embeddable":true,"href":"https:\/\/expertmeble.com\/en\/wp-json\/wp\/v2\/comments?post=1708"}],"version-history":[{"count":63,"href":"https:\/\/expertmeble.com\/en\/wp-json\/wp\/v2\/pages\/1708\/revisions"}],"predecessor-version":[{"id":5456,"href":"https:\/\/expertmeble.com\/en\/wp-json\/wp\/v2\/pages\/1708\/revisions\/5456"}],"wp:attachment":[{"href":"https:\/\/expertmeble.com\/en\/wp-json\/wp\/v2\/media?parent=1708"}],"curies":[{"name":"wp","href":"https:\/\/api.w.org\/{rel}","templated":true}]}}