{"id":1823,"date":"2021-08-03T14:05:43","date_gmt":"2021-08-03T12:05:43","guid":{"rendered":"https:\/\/expertmeble.com\/?page_id=1823"},"modified":"2026-03-22T18:57:21","modified_gmt":"2026-03-22T17:57:21","slug":"projekt-i-wizualizacja","status":"publish","type":"page","link":"https:\/\/expertmeble.com\/en\/design-and-visualization\/","title":{"rendered":"Design and Visualization"},"content":{"rendered":"<h1>\n\t\tCustom Furniture Design and Visualization Szczecin\n\t<\/h1>\n\t\t\t<a href=\"https:\/\/expertmeble.com\/en\/portfolio\/\" target=\"_self\">\n\t\t\t\t\t\t\tZOBACZ NASZE PROJEKTY\n\t\t\t\t\t<\/a>\n\t<p>W Expert Meble Szczecin transformujemy koncepcje i pomys\u0142y w \u017cywe, realistyczne wizualizacje projekt\u00f3w kuchni, szaf, \u0142azienek oraz innych mebli. Nasi projektanci tworz\u0105 je w oparciu o wiele r\u00f3\u017cnych czynnik\u00f3w, dlatego ka\u017cdy projekt jest \u201eszyty na miar\u0119&#8221;. Dzi\u0119ki nam zobaczycie jak b\u0119d\u0105 wygl\u0105da\u0107 wasze nowe meble, zanim jeszcze powstan\u0105.<\/p>\n\t\t\t<img decoding=\"async\" src=\"https:\/\/expertmeble.com\/wp-content\/uploads\/2021\/08\/Sypialnia-2-1-min-1024x576.jpg\" alt=\"wizualizacja sypialni z p\u00f3\u0142kami na \u015bcianie i widokiem na miasto\" data-no-lazy=\"1\" itemprop=\"thumbnail\" width=\"1024\" height=\"576\" \/>\n\t\t\t<!-- Overlay Wrapper -->\n\t\t\t <!-- Overlay Wrapper Closed -->\n\t\t\t\t\t\t\t<meta itemprop=\"width\" content=\"1024\" \/>\n\t\t\t<meta itemprop=\"height\" content=\"576\" \/>\n\t\t\t<img decoding=\"async\" src=\"https:\/\/expertmeble.com\/wp-content\/uploads\/2021\/08\/G\u00f3ra-Sypialnia-1-min-1024x576.jpg\" alt=\"wizualizacja bia\u0142ej szafy z drzwiami lustrzanymi\" data-no-lazy=\"1\" itemprop=\"thumbnail\" width=\"1024\" height=\"576\" \/>\n\t\t\t<!-- Overlay Wrapper -->\n\t\t\t <!-- Overlay Wrapper Closed -->\n\t\t\t\t\t\t\t<meta itemprop=\"width\" content=\"1024\" \/>\n\t\t\t<meta itemprop=\"height\" content=\"576\" \/>\n\t\t\t<img decoding=\"async\" src=\"https:\/\/expertmeble.com\/wp-content\/uploads\/2021\/08\/Kuchnia-22-min-1024x576.jpg\" alt=\"Wizualizacja bia\u0142ej kuchni wraz z szafkami ze szprosami\" data-no-lazy=\"1\" itemprop=\"thumbnail\" width=\"1024\" height=\"576\" \/>\n\t\t\t<!-- Overlay Wrapper -->\n\t\t\t <!-- Overlay Wrapper Closed -->\n\t\t\t\t\t\t\t<meta itemprop=\"width\" content=\"1024\" \/>\n\t\t\t<meta itemprop=\"height\" content=\"576\" \/>\n\t\t\t<img decoding=\"async\" src=\"https:\/\/expertmeble.com\/wp-content\/uploads\/2021\/08\/\u0141azienka-2-min-1024x576.jpg\" alt=\"Projekt lustrzanej szafki w \u0142azience z drewnian\u0105 p\u00f3\u0142k\u0105\" data-no-lazy=\"1\" itemprop=\"thumbnail\" width=\"1024\" height=\"576\" \/>\n\t\t\t<!-- Overlay Wrapper -->\n\t\t\t <!-- Overlay Wrapper Closed -->\n\t\t\t\t\t\t\t<meta itemprop=\"width\" content=\"1024\" \/>\n\t\t\t<meta itemprop=\"height\" content=\"576\" \/>\n\t\t\t<img decoding=\"async\" src=\"https:\/\/expertmeble.com\/wp-content\/uploads\/2021\/08\/Projekt-2-min-1024x576.jpg\" alt=\"Projekt kuchni z wysuni\u0119tym blatem i hokerami oraz panelem ozdobnym 3D\" data-no-lazy=\"1\" itemprop=\"thumbnail\" width=\"1024\" height=\"576\" \/>\n\t\t\t<!-- Overlay Wrapper -->\n\t\t\t <!-- Overlay Wrapper Closed -->\n\t\t\t\t\t\t\t<meta itemprop=\"width\" content=\"1024\" \/>\n\t\t\t<meta itemprop=\"height\" content=\"576\" \/>\n\t\t\t<img decoding=\"async\" src=\"https:\/\/expertmeble.com\/wp-content\/uploads\/2021\/08\/Salon-2-min-1024x576.jpg\" alt=\"Wizualizacja drewnianej kuchni z wysp\u0105 oraz widokiem na miasto\" data-no-lazy=\"1\" itemprop=\"thumbnail\" width=\"1024\" height=\"576\" \/>\n\t\t\t<!-- Overlay Wrapper -->\n\t\t\t <!-- Overlay Wrapper Closed -->\n\t\t\t\t\t\t\t<meta itemprop=\"width\" content=\"1024\" \/>\n\t\t\t<meta itemprop=\"height\" content=\"576\" \/>\n\t<h2>\n\t\tHow do we approach creating furniture project visualizations?\n\t<\/h2>\n<h3>\n\t\tProfessional Software\n\t<\/h3>\n\t<p>Since we take our work seriously, we ensure that the tools we use are of the highest quality. That\u2019s why we use high-end, specialized software for creating kitchen project visualizations. This allows us to present you with ready visual solutions that help bring your dream ideas to life.<\/p>\n<h3>\n\t\tRealism and Scene Details\n\t<\/h3>\n\t<p>Furniture design and execution require a high level of attention to detail and accuracy. When designing kitchens or other spaces, we consider many factors that influence the final appearance. These include materials used, color schemes, textures, scene lighting, arrangement of elements, and more. All of this is done to ensure that the final product is as close to reality as possible.<\/p>\n<h3>\n\t\tVisualization and Space Requirements\n\t<\/h3>\n\t<p>Visualizing kitchen projects or other elements requires careful planning of the entire process. It starts with a visit from one of our designers to take measurements. During this visit, we discuss with the client, precisely measure the space, and determine where each element should be placed. With this information, we can create a design that perfectly utilizes the available space.<\/p>\n<h3>\n\t\tCompetitive Project Pricing\n\t<\/h3>\n\t<p>A furniture design is essential before moving forward with any further actions. Knowing this, Expert Meble Szczecin offers attractive prices for furniture project visualizations to encourage you to work with us throughout the entire process of transforming your home. The cost is determined individually each time, taking into account the number of elements involved and the required work time.<\/p>\n<h2>\n\t\tWhat is Included in the Design Process?\n\t<\/h2>\n\t<ul>\n<li>Visit to the client\u2019s location for measurements (Szczecin and surrounding areas)<\/li>\n<li>Accurate measurement of the space\/areas<\/li>\n<li>Discussion to clarify materials, colors, and other details<\/li>\n<li>Quotation for the visualization work<\/li>\n<li>Creation of a 3D project visualization using our specialized software<\/li>\n<li>Delivery of the visualization to the client in electronic format, along with the overall project quotation<\/li>\n<li>W razie potrzeb &#8211; propozycj\u0119 kompletu sprz\u0119tu AGD<\/li>\n<li>Further adjustments upon the client\u2019s request<\/li>\n<\/ul>\n\t\t\t\t<img decoding=\"async\" src=\"https:\/\/expertmeble.com\/wp-content\/uploads\/2021\/08\/Kuchnia-bia\u0142a-ver-1-2-2-min.jpg\" alt=\"Projekt 3D bia\u0142ej kuchni ze wstawkami drewnianymi w domu jednorodzinnym\" itemprop=\"image\" height=\"1080\" width=\"1920\" title=\"Projekt 3D kuchni w domu\" onerror=\"this.style.display='none'\"  \/>\n\t\t\t\t<img decoding=\"async\" src=\"https:\/\/expertmeble.com\/wp-content\/uploads\/2026\/01\/logo-transparent.png\" alt=\"logo - transparent\" itemprop=\"image\" height=\"4320\" width=\"4321\" title=\"logo - transparent\" onerror=\"this.style.display='none'\"  \/>\n\t\t\t\t01) PROJEKTY I WYKONANIE MEBLI &#8211; SZCZECIN\n\t\t\t\t<p>Obok samego projektowania wn\u0119trz, zajmujemy si\u0119 tak\u017ce praktyczn\u0105 realizacj\u0105 mebli. Oznacza to, i\u017c swoje us\u0142ugi \u015bwiadczymy w spos\u00f3b projektowy. Od spotkania z naszymi specjalistami, przez proces projektowania, po wykonanie i monta\u017c mebli w domu Klienta. Dzi\u0119ki temu macie Pa\u0144stwo pewno\u015b\u0107, i\u017c projekt, kt\u00f3ry przedstawili\u015bmy, zostanie zrealizowany w stu procentach w spos\u00f3b, jaki zaproponowali\u015bmy. Wszystko dzi\u0119ki naszemu do\u015bwiadczeniu, znajomo\u015bci rynku, a tak\u017ce nowoczesnych trend\u00f3w, kt\u00f3re zwi\u0105zane s\u0105 nie tylko z sam\u0105 estetyk\u0105, ale r\u00f3wnie\u017c rozwi\u0105zaniami technologicznymi. Wykonujemy meble na miar\u0119 XXI wieku, kt\u00f3re s\u0105 wytrzyma\u0142e, eleganckie i dopasowane do poszczeg\u00f3lnych przestrzeni w stu procentach. Na naszej stronie dost\u0119pne s\u0105 wykonane przez nas realizacje. Mo\u017cecie Pa\u0144stwo skontaktowa\u0107 si\u0119 z nami za pomoc\u0105 zak\u0142adki \u201eKontakt&#8221; w celu uzyskania bardziej szczeg\u00f3\u0142owych informacji.<\/p>\n\t\t\t\t02) PROJEKTOWANIE MEBLI NA ZAM\u00d3WIENIE SZCZECIN &#8211; STW\u00d3RZ Z NAMI WYMARZON\u0104 PRZESTRZE\u0143\n\t\t\t\t<p>Funkcjonalne mieszkanie b\u0105d\u017a biuro, gustowne wyposa\u017cenie, estetycznie dopasowane poszczeg\u00f3lne elementy, a tak\u017ce troska o najdrobniejsze detale? Stw\u00f3rz z nami przestrze\u0144 marze\u0144, pomieszczenia, kt\u00f3re b\u0119d\u0105 zarazem praktyczne, jak i przytulne, miejsca, w kt\u00f3rych b\u0119dziesz uwielbia\u0142 przebywa\u0107 &#8211; projekt mebli na wymiar Szczecin to rozwi\u0105zanie, kt\u00f3re pozwoli Ci uzyska\u0107 praktyczn\u0105 i eleganck\u0105 przestrze\u0144 na miar\u0119 Twoich potrzeb oraz gustu! Zapoznaj si\u0119 z dost\u0119pnymi na naszej stronie projektami mebli pokojowych Szczecin, gotowymi wizualizacjami r\u00f3\u017cnych pomieszcze\u0144 i postaw na indywidualne projektowanie mebli na zam\u00f3wienie Szczecin! Ch\u0119tnie zrealizujemy r\u00f3wnie\u017c Twoje pomys\u0142y i stworzymy dla Ciebie aran\u017cacj\u0119 marze\u0144!<\/p>\n\t\t\t\t03) PROJEKT MEBLI POKOJOWYCH SZCZECIN &#8211; OD WIZUALIZACJI PO WYKONANIE!\n\t\t\t\t<p>Nasze us\u0142ugi \u015bwiadczymy kompleksowo, oznacza to, \u017ce zajmujemy si\u0119 zar\u00f3wno pomiarem i uzgodnieniami z klientem, sporz\u0105dzeniem wizualizacji 3D, om\u00f3wieniem szczeg\u00f3\u0142\u00f3w projektu, jak r\u00f3wnie\u017c wykonaniem i monta\u017cem. Zlecaj\u0105c nam projektowanie mebli na zam\u00f3wienie Szczecin, masz pewno\u015b\u0107 fachowej i terminowej us\u0142ugi, a tak\u017ce om\u00f3wieniem wszystkich aspekt\u00f3w &#8211; co pozwala uzyska\u0107 efekt idealnie dopasowany do Twoich oczekiwa\u0144! Co wi\u0119cej, nasz zesp\u00f3\u0142 tworz\u0105 do\u015bwiadczeni projektanci, kt\u00f3rzy s\u0105 na bie\u017c\u0105co z wszelkimi trendami w bran\u017cy &#8211; ch\u0119tnie wi\u0119c doradz\u0105 i pomog\u0105 Ci uzyska\u0107 nowoczesne, stylowe, a co najwa\u017cniejsze funkcjonalne wn\u0119trza! Kuchnia, sypialnia, salon, \u0142azienka, jadalnia, biblioteczka, przedpok\u00f3j, a mo\u017ce k\u0105cik kawowy? Projekt mebli na wymiar Szczecin to rozwi\u0105zanie do ka\u017cdego pomieszczenia &#8211; domowego i biurowego! Chcesz pozna\u0107 szczeg\u00f3\u0142y, dopyta\u0107 o kwestie zwi\u0105zane z realizacj\u0105 zam\u00f3wienia, a mo\u017ce um\u00f3wi\u0107 wizyt\u0119, na kt\u00f3rej om\u00f3wimy projekt i wykonamy pomiary? Skontaktuj si\u0119 z nami telefonicznie b\u0105d\u017a mailowo!<\/p>\n\t\t\t\t04) PROJEKT MEBLI NA WYMIAR SZCZECIN &#8211; INDYWIDUALNE PODEJ\u015aCIE I KONKURENCYJNE CENY!\n\t\t\t\t<p>Jeste\u015b posiadaczem ma\u0142ego mieszkania, a mo\u017ce wi\u0119kszego domu, masz przestronne pomieszczenia, a mo\u017ce mniej ustawne wn\u0119trza? Niezale\u017cnie od dost\u0119pnej przestrzeni stworzymy dla Ciebie funkcjonalne, komfortowe i estetyczne pomieszczenie, w kt\u00f3rym b\u0119dziesz si\u0119 dobrze czu\u0142 i por\u0119cznie wykonywa\u0142 codzienne czynno\u015bci. Obecne mo\u017cliwo\u015bci w bran\u017cy meblarskiej pozwalaj\u0105 stworzy\u0107 ustawne oraz wygodne pomieszczenia nawet na bardzo ma\u0142ym metra\u017cu, poznaj wi\u0119c dost\u0119pne mo\u017cliwo\u015bci i postaw na wizualizacj\u0119 projektu mebli Szczecin, kt\u00f3ra uwzgl\u0119dni Twoje potrzeby oraz gust. Nasza kompleksowa oferta skierowana jest wi\u0119c do ka\u017cdego, a ponadto opr\u00f3cz najwy\u017cszej jako\u015bci us\u0142ug, rzetelnej obs\u0142ugi i terminowo\u015bci oferujemy tak\u017ce konkurencyjn\u0105 cen\u0119 oraz pe\u0142n\u0105 satysfakcj\u0119 z uzyskanej aran\u017cacji! Co wi\u0119cej, chcemy, aby efekt ko\u0144cowy spe\u0142ni\u0142 Twoje wymagania, przed wykonaniem i monta\u017cem otrzymujesz wi\u0119c realistyczny projekt w wersji elektronicznej &#8211; przed ko\u0144cowym etapem masz wi\u0119c czas na analiz\u0119 i ewentualne uwagi do projektu. Precyzyjnie dopasowanie projektu mebli pokojowych, kuchennych czy \u0142azienkowych? Zapraszamy do wsp\u00f3\u0142pracy!<\/p>\n\t\t\t\t05) PROJEKTOWANIE MEBLI NA ZAM\u00d3WIENIE SZCZECIN &#8211; WYMIARY TO NIE WSZYSTKO!\n\t\t\t\t<p>Opr\u00f3cz odpowiedniego dobrania wymiar\u00f3w mebli i wyposa\u017cenia pod dost\u0119pn\u0105 przestrze\u0144, kt\u00f3ra znacz\u0105co wp\u0142ywa na funkcjonalno\u015b\u0107 wa\u017cne jest tak\u017ce dopasowanie kolorystyki i materia\u0142\u00f3w pod gust oraz charakter wn\u0119trza. Sp\u00f3jna przestrze\u0144 i spersonalizowany projekt mebli pokojowych Szczecin to klucz to uzyskania wn\u0119trz marze\u0144 &#8211; przestrzeni zar\u00f3wno wygodnej, funkcjonalnej, jak i oryginalnej oraz gustownej! Opr\u00f3cz tego wa\u017cna jest tak\u017ce jako\u015b\u0107 wykonania oraz materia\u0142 mebli, kt\u00f3ry wp\u0142ywa na trwa\u0142o\u015b\u0107 &#8211; zale\u017cy nam, aby meble pos\u0142u\u017cy\u0142y Ci na d\u0142ugie lata, przyk\u0142adamy wi\u0119c szczeg\u00f3ln\u0105 uwag\u0119 do wszystkich tych aspekt\u00f3w, a tak\u017ce najdrobniejszych detali! Projekt mebli na wymiar Szczecin oraz okolice &#8211; zle\u0107 to specjalistom w bran\u017cy i b\u0105d\u017a zachwycony efektem ko\u0144cowym!<\/p>\n<h2>\n\t\tProjektowanie mebli na wymiar &#8211; Szczecin\n\t<\/h2>\n\t<p>Properly finishing a living space involves more than just using furniture with the right dimensions. The materials used, especially the visual aspects, are also very important. This means that subtle elements like handles should match not only the cabinet fronts but also the overall aesthetic of the room. Therefore, during the design process, we pay attention to every detail. We present projects that reflect how the final design will look in reality. This allows our clients to have a complete view of the proposal we have prepared for them. In this way, we can precisely tailor individual solutions to both their taste and the functional needs of the spaces.<\/p>\n<h3>\n\t\tOrder your furniture visualization today!\n\t<\/h3>\n\t\t\t<a href=\"https:\/\/expertmeble.com\/en\/#kontakt\" target=\"_self\">\n\t\t\t\t\t\t\tCall Us\n\t\t\t\t\t<\/a>","protected":false},"excerpt":{"rendered":"<p>Projektowanie mebli na wymiar i wizualizacja Szczecin ZOBACZ NASZE PROJEKTY W Expert Meble Szczecin transformujemy koncepcje i pomys\u0142y w \u017cywe, realistyczne wizualizacje projekt\u00f3w kuchni, szaf, \u0142azienek oraz innych mebli. Nasi projektanci tworz\u0105 je w oparciu o wiele r\u00f3\u017cnych czynnik\u00f3w, dlatego ka\u017cdy projekt jest \u201eszyty na miar\u0119&#8221;. Dzi\u0119ki nam zobaczycie jak b\u0119d\u0105 wygl\u0105da\u0107 wasze nowe meble,&hellip;<\/p>","protected":false},"author":1,"featured_media":0,"parent":0,"menu_order":0,"comment_status":"closed","ping_status":"closed","template":"","meta":{"footnotes":""},"class_list":["post-1823","page","type-page","status-publish","hentry"],"yoast_head":"<!-- This site is optimized with the Yoast SEO Premium plugin v23.3 (Yoast SEO v26.8) - https:\/\/yoast.com\/product\/yoast-seo-premium-wordpress\/ -->\n<title>Projekt wn\u0119trz na wymiar Szczecin | projektowanie na zam\u00f3wienie | expertmeble.com<\/title>\n<meta name=\"description\" content=\"Oferujemy projekt mebli na wymiar. Szczecin miastem naszej firmy i tu realizujemy projektowanie mebli na zam\u00f3wienie | Odwied\u017a nas: expertmeble.com\" \/>\n<meta name=\"robots\" content=\"index, follow, max-snippet:-1, max-image-preview:large, max-video-preview:-1\" \/>\n<link rel=\"canonical\" href=\"https:\/\/expertmeble.com\/en\/design-and-visualization\/\" \/>\n<meta property=\"og:locale\" content=\"en_US\" \/>\n<meta property=\"og:type\" content=\"article\" \/>\n<meta property=\"og:title\" content=\"Projekt i wizualizacja\" \/>\n<meta property=\"og:description\" content=\"Oferujemy projekt mebli na wymiar. Szczecin miastem naszej firmy i tu realizujemy projektowanie mebli na zam\u00f3wienie | Odwied\u017a nas: expertmeble.com\" \/>\n<meta property=\"og:url\" content=\"https:\/\/expertmeble.com\/en\/design-and-visualization\/\" \/>\n<meta property=\"og:site_name\" content=\"Expert Meble - Meble Na Wymiar Szczecin: Kuchnie, \u0141azienki, Szafy\" \/>\n<meta property=\"article:publisher\" content=\"https:\/\/www.facebook.com\/expertmeble24\/\" \/>\n<meta property=\"article:modified_time\" content=\"2026-03-22T17:57:21+00:00\" \/>\n<meta property=\"og:image\" content=\"https:\/\/expertmeble.com\/wp-content\/uploads\/2021\/08\/Sypialnia-2-1-min-1024x576.jpg\" \/>\n<meta name=\"twitter:card\" content=\"summary_large_image\" \/>\n<meta name=\"twitter:label1\" content=\"Est. reading time\" \/>\n\t<meta name=\"twitter:data1\" content=\"7 minutes\" \/>\n<script type=\"application\/ld+json\" class=\"yoast-schema-graph\">{\"@context\":\"https:\/\/schema.org\",\"@graph\":[{\"@type\":\"WebPage\",\"@id\":\"https:\/\/expertmeble.com\/projekt-i-wizualizacja\/\",\"url\":\"https:\/\/expertmeble.com\/projekt-i-wizualizacja\/\",\"name\":\"Projekt wn\u0119trz na wymiar Szczecin | projektowanie na zam\u00f3wienie | expertmeble.com\",\"isPartOf\":{\"@id\":\"https:\/\/expertmeble.com\/#website\"},\"primaryImageOfPage\":{\"@id\":\"https:\/\/expertmeble.com\/projekt-i-wizualizacja\/#primaryimage\"},\"image\":{\"@id\":\"https:\/\/expertmeble.com\/projekt-i-wizualizacja\/#primaryimage\"},\"thumbnailUrl\":\"https:\/\/expertmeble.com\/wp-content\/uploads\/2021\/08\/Sypialnia-2-1-min-1024x576.jpg\",\"datePublished\":\"2021-08-03T12:05:43+00:00\",\"dateModified\":\"2026-03-22T17:57:21+00:00\",\"description\":\"Oferujemy projekt mebli na wymiar. Szczecin miastem naszej firmy i tu realizujemy projektowanie mebli na zam\u00f3wienie | Odwied\u017a nas: expertmeble.com\",\"breadcrumb\":{\"@id\":\"https:\/\/expertmeble.com\/projekt-i-wizualizacja\/#breadcrumb\"},\"inLanguage\":\"en-US\",\"potentialAction\":[{\"@type\":\"ReadAction\",\"target\":[\"https:\/\/expertmeble.com\/projekt-i-wizualizacja\/\"]}]},{\"@type\":\"ImageObject\",\"inLanguage\":\"en-US\",\"@id\":\"https:\/\/expertmeble.com\/projekt-i-wizualizacja\/#primaryimage\",\"url\":\"https:\/\/expertmeble.com\/wp-content\/uploads\/2021\/08\/Sypialnia-2-1-min-1024x576.jpg\",\"contentUrl\":\"https:\/\/expertmeble.com\/wp-content\/uploads\/2021\/08\/Sypialnia-2-1-min-1024x576.jpg\"},{\"@type\":\"BreadcrumbList\",\"@id\":\"https:\/\/expertmeble.com\/projekt-i-wizualizacja\/#breadcrumb\",\"itemListElement\":[{\"@type\":\"ListItem\",\"position\":1,\"name\":\"Strona g\u0142\u00f3wna\",\"item\":\"https:\/\/expertmeble.com\/\"},{\"@type\":\"ListItem\",\"position\":2,\"name\":\"Projekt i wizualizacja\"}]},{\"@type\":\"WebSite\",\"@id\":\"https:\/\/expertmeble.com\/#website\",\"url\":\"https:\/\/expertmeble.com\/\",\"name\":\"Expert Meble - Meble Na Wymiar Szczecin: Kuchnie, \u0141azienki, Szafy\",\"description\":\"Meble, kuchnie, szafy, \u0142azienki oraz zabudowy na wymiar.\",\"potentialAction\":[{\"@type\":\"SearchAction\",\"target\":{\"@type\":\"EntryPoint\",\"urlTemplate\":\"https:\/\/expertmeble.com\/?s={search_term_string}\"},\"query-input\":{\"@type\":\"PropertyValueSpecification\",\"valueRequired\":true,\"valueName\":\"search_term_string\"}}],\"inLanguage\":\"en-US\"}]}<\/script>\n<!-- \/ Yoast SEO Premium plugin. -->","yoast_head_json":{"title":"Projekt wn\u0119trz na wymiar Szczecin | projektowanie na zam\u00f3wienie | expertmeble.com","description":"Oferujemy projekt mebli na wymiar. Szczecin miastem naszej firmy i tu realizujemy projektowanie mebli na zam\u00f3wienie | Odwied\u017a nas: expertmeble.com","robots":{"index":"index","follow":"follow","max-snippet":"max-snippet:-1","max-image-preview":"max-image-preview:large","max-video-preview":"max-video-preview:-1"},"canonical":"https:\/\/expertmeble.com\/en\/design-and-visualization\/","og_locale":"en_US","og_type":"article","og_title":"Projekt i wizualizacja","og_description":"Oferujemy projekt mebli na wymiar. Szczecin miastem naszej firmy i tu realizujemy projektowanie mebli na zam\u00f3wienie | Odwied\u017a nas: expertmeble.com","og_url":"https:\/\/expertmeble.com\/en\/design-and-visualization\/","og_site_name":"Expert Meble - Meble Na Wymiar Szczecin: Kuchnie, \u0141azienki, Szafy","article_publisher":"https:\/\/www.facebook.com\/expertmeble24\/","article_modified_time":"2026-03-22T17:57:21+00:00","og_image":[{"url":"https:\/\/expertmeble.com\/wp-content\/uploads\/2021\/08\/Sypialnia-2-1-min-1024x576.jpg","type":"","width":"","height":""}],"twitter_card":"summary_large_image","twitter_misc":{"Est. reading time":"7 minutes"},"schema":{"@context":"https:\/\/schema.org","@graph":[{"@type":"WebPage","@id":"https:\/\/expertmeble.com\/projekt-i-wizualizacja\/","url":"https:\/\/expertmeble.com\/projekt-i-wizualizacja\/","name":"Projekt wn\u0119trz na wymiar Szczecin | projektowanie na zam\u00f3wienie | expertmeble.com","isPartOf":{"@id":"https:\/\/expertmeble.com\/#website"},"primaryImageOfPage":{"@id":"https:\/\/expertmeble.com\/projekt-i-wizualizacja\/#primaryimage"},"image":{"@id":"https:\/\/expertmeble.com\/projekt-i-wizualizacja\/#primaryimage"},"thumbnailUrl":"https:\/\/expertmeble.com\/wp-content\/uploads\/2021\/08\/Sypialnia-2-1-min-1024x576.jpg","datePublished":"2021-08-03T12:05:43+00:00","dateModified":"2026-03-22T17:57:21+00:00","description":"Oferujemy projekt mebli na wymiar. Szczecin miastem naszej firmy i tu realizujemy projektowanie mebli na zam\u00f3wienie | Odwied\u017a nas: expertmeble.com","breadcrumb":{"@id":"https:\/\/expertmeble.com\/projekt-i-wizualizacja\/#breadcrumb"},"inLanguage":"en-US","potentialAction":[{"@type":"ReadAction","target":["https:\/\/expertmeble.com\/projekt-i-wizualizacja\/"]}]},{"@type":"ImageObject","inLanguage":"en-US","@id":"https:\/\/expertmeble.com\/projekt-i-wizualizacja\/#primaryimage","url":"https:\/\/expertmeble.com\/wp-content\/uploads\/2021\/08\/Sypialnia-2-1-min-1024x576.jpg","contentUrl":"https:\/\/expertmeble.com\/wp-content\/uploads\/2021\/08\/Sypialnia-2-1-min-1024x576.jpg"},{"@type":"BreadcrumbList","@id":"https:\/\/expertmeble.com\/projekt-i-wizualizacja\/#breadcrumb","itemListElement":[{"@type":"ListItem","position":1,"name":"Strona g\u0142\u00f3wna","item":"https:\/\/expertmeble.com\/"},{"@type":"ListItem","position":2,"name":"Projekt i wizualizacja"}]},{"@type":"WebSite","@id":"https:\/\/expertmeble.com\/#website","url":"https:\/\/expertmeble.com\/","name":"Expert Meble - Meble Na Wymiar Szczecin: Kuchnie, \u0141azienki, Szafy","description":"Meble, kuchnie, szafy, \u0142azienki oraz zabudowy na wymiar.","potentialAction":[{"@type":"SearchAction","target":{"@type":"EntryPoint","urlTemplate":"https:\/\/expertmeble.com\/?s={search_term_string}"},"query-input":{"@type":"PropertyValueSpecification","valueRequired":true,"valueName":"search_term_string"}}],"inLanguage":"en-US"}]}},"_links":{"self":[{"href":"https:\/\/expertmeble.com\/en\/wp-json\/wp\/v2\/pages\/1823","targetHints":{"allow":["GET"]}}],"collection":[{"href":"https:\/\/expertmeble.com\/en\/wp-json\/wp\/v2\/pages"}],"about":[{"href":"https:\/\/expertmeble.com\/en\/wp-json\/wp\/v2\/types\/page"}],"author":[{"embeddable":true,"href":"https:\/\/expertmeble.com\/en\/wp-json\/wp\/v2\/users\/1"}],"replies":[{"embeddable":true,"href":"https:\/\/expertmeble.com\/en\/wp-json\/wp\/v2\/comments?post=1823"}],"version-history":[{"count":119,"href":"https:\/\/expertmeble.com\/en\/wp-json\/wp\/v2\/pages\/1823\/revisions"}],"predecessor-version":[{"id":5235,"href":"https:\/\/expertmeble.com\/en\/wp-json\/wp\/v2\/pages\/1823\/revisions\/5235"}],"wp:attachment":[{"href":"https:\/\/expertmeble.com\/en\/wp-json\/wp\/v2\/media?parent=1823"}],"curies":[{"name":"wp","href":"https:\/\/api.w.org\/{rel}","templated":true}]}}