{"id":19,"date":"2019-11-18T21:30:35","date_gmt":"2019-11-18T20:30:35","guid":{"rendered":"https:\/\/expertmeble.com\/?page_id=19"},"modified":"2026-03-27T16:49:06","modified_gmt":"2026-03-27T15:49:06","slug":"szafy-na-wymiar","status":"publish","type":"page","link":"https:\/\/expertmeble.com\/en\/custom-wardrobes\/","title":{"rendered":"Custom Wardrobes"},"content":{"rendered":"<h1>\n\t\tCustom wardrobes Szczecin\n\t<\/h1>\n\t\t\t<a href=\"https:\/\/expertmeble.com\/en\/gallery\/\" target=\"_self\">\n\t\t\t\t\t\t\tZOBACZ NASZE RELIZACJE\n\t\t\t\t\t<\/a>\n<h2>\n\t\tCustom wardrobes: modern elegance or classic charm?\n\t<\/h2>\n\t<p>Szafy na wymiar mog\u0105 przybra\u0107 wiele r\u00f3\u017cnych postaci &#8211; wcale nie musi to by\u0107 zwyk\u0142y i nudny mebel. W Expert Meble Szczecin zaprojektujemy wam \u00a0szaf\u0119 na wymiar w nowoczesnym, eleganckim wydaniu, lub bardziej klasycznie, je\u015bli tak wolicie. Wszystko b\u0119dzie zale\u017ce\u0107 od waszych preferencji oraz wystroju wn\u0119trza. Zawsze dok\u0142adamy stara\u0144, aby efekt ko\u0144cowy by\u0142 jak najlepiej wkomponowany w otoczenie, oraz spe\u0142nia\u0142 swoje zamierzone zadanie. Wsp\u00f3lnie z naszymi projektantami dobierzecie r\u00f3wnie\u017c odpowiedni dla was typ: szafy przesuwne, szafy pod zabudow\u0119, szafy otwierane na docisk lub szafy otwierane klasycznie.<\/p>\n<h2>\n\t\tCapacity and Functionality\n\t<\/h2>\n\tOur custom-made wardrobes make full use of their dimensions and the space they occupy. With a suitable system of shelves and compartments of various sizes, you\u2019ll be able to store everything you need, and even more. If your new wardrobe is to be placed in a small room, we will consider the method of opening to ensure easy access to the interior without obstructing the space.<br \/>\nDodatkowo, wszystkie nasze szafy wyposa\u017camy w sprz\u0119t, kt\u00f3ry jeszcze bardziej u\u0142atwi wam jej u\u017cytkowanie. Mo\u017cemy uwzgl\u0119dni\u0107 takie przydatne udogodnienia jak: wysuwany wieszak na ubrania, organizer na bi\u017cuteri\u0119, wieszak na krawaty, uchwyt na rur\u0119 od odkurzacza, kosz na ubrania, szuflad\u0119 na buty oraz wiele wi\u0119cej&#8230;\n\t\t\t\t<img decoding=\"async\" src=\"https:\/\/expertmeble.com\/wp-content\/uploads\/2026\/03\/ai-generated-modern-styled-entryway-1-1.jpg\" alt=\"ai-generated-modern-styled-entryway (1) (1)\" itemprop=\"image\" height=\"1920\" width=\"1082\" title=\"ai-generated-modern-styled-entryway (1) (1)\" onerror=\"this.style.display='none'\"  \/>\n\t\t\t\t<img decoding=\"async\" src=\"https:\/\/expertmeble.com\/wp-content\/uploads\/2026\/03\/IMG_20200717_200401-min-1-1.jpg\" alt=\"IMG_20200717_200401-min (1) (1)\" itemprop=\"image\" height=\"1920\" width=\"1087\" title=\"IMG_20200717_200401-min (1) (1)\" onerror=\"this.style.display='none'\"  \/>\n<h2>\n\t\tNie tylko szafy, ale r\u00f3wnie\u017c&#8230;\n\t<\/h2>\n\tCan custom wardrobes be more than just storage? Absolutely. We design with both functionality and appearance in mind. See how your home gains shine and elegance with a custom wardrobe perfectly integrated into your interior decor, harmonizing with your other furniture. From now on, your bedroom, hallway, or living room will look like they belong on the cover of a furniture store magazine. We design custom wardrobes, sliding wardrobes, and built-in wardrobes in Szczecin and the surrounding areas.<br \/>\nWszystkie nasze szafy na wymiar mog\u0105 by\u0107 wykonane z dowolnego materia\u0142u, w dowolnym finiszu i stylu. Po prezentacj\u0119 czy szczeg\u00f3\u0142y zapraszamy do kontaktu, oraz do odwiedzenia nas w naszym biurze w Szczecinie. Istnieje r\u00f3wnie\u017c mo\u017cliwo\u015b\u0107 zakupu u nas szaf na <a href=\"https:\/\/expertmeble.com\/en\/installments\/\">0% Installments<\/a>.\n<h2>\n\t\tElegant furniture for the hallway and bedroom\n\t<\/h2>\n\t<p>Meble takie, jak szafy na wymiar najcz\u0119\u015bciej sprawdzaj\u0105 si\u0119 w pomieszczeniach takich, jak sypialnie, czy przedpokoje, r\u00f3wnie\u017c garderoby. To w\u0142a\u015bnie tam przechowuje si\u0119 du\u017c\u0105 ilo\u015b\u0107 rzeczy. Od garderoby wierzchniej, przez koszule, czy sukienki, po bielizn\u0119. Dlatego tak wa\u017cny jest odpowiedni podzia\u0142 szafy. Musi zawiera\u0107 zar\u00f3wno szuflady, p\u00f3\u0142ki, jak r\u00f3wnie\u017c dr\u0105\u017cek, na kt\u00f3rym mo\u017cna przechowywa\u0107 ubrania na wieszakach. Samo zastosowanie drzwi przesuwnych pozwala na ograniczenie przestrzeni, kt\u00f3r\u0105 mebel zajmuje w trakcie u\u017cytkowania. \u015awietnym rozwi\u0105zaniem jest tak\u017ce pe\u0142na zabudowa. Zdajemy sobie spraw\u0119, jak we wsp\u00f3\u0142czesnym mieszkaniach wa\u017cne s\u0105 szafy przesuwne na wymiar. Szczecin jest g\u0142\u00f3wnym obszarem, w kt\u00f3rym nasza firma realizuje zlecenia, jednak ch\u0119tnie podejmie si\u0119 tak\u017ce realizacji z innych miast. Oferujemy kompleksow\u0105 obs\u0142ug\u0119. Od wykonania projektu, kt\u00f3ry dedykowany jest konkretnemu pomieszczeniu, przez profesjonalne wykonanie mebla, a\u017c po jego monta\u017c.<\/p>\n\t\t\t\t<img decoding=\"async\" src=\"https:\/\/expertmeble.com\/wp-content\/uploads\/2026\/01\/logo-transparent.png\" alt=\"logo - transparent\" itemprop=\"image\" height=\"4320\" width=\"4321\" title=\"logo - transparent\" onerror=\"this.style.display='none'\"  \/>\n\t\t\t<a href=\"https:\/\/expertmeble.com\/en\/realizacje\/\" target=\"_self\">\n\t\t\t\t\t\t\tNasze Realizacje &#8211; Szafy na wymiar\n\t\t\t\t\t<\/a>\n<h2>\n\t\tSzafy na wymiar &#8211; Szczecin\n\t<\/h2>\n\t<p>Our company has been operating in the furniture industry for many years. During this time, we have continuously tracked the latest trends, including technological innovations, not only in materials but also in components such as wardrobe rails. Szczecin is an excellent place for implementing modern furniture. Easy access to high-quality materials allows us to offer clients top-level solutions. We offer the possibility of creating various types of wardrobes, not only sliding but also open, push-to-open, or those with standard hinged fronts. The choice of a specific solution can be consulted with a designer who considers both the overall style of the apartment and the client's preferences. The result is elegant, durable, and functional wardrobes, as well as other furniture intended for homes and offices.<\/p>\n<h2>\n\t\tComprehensive approach to interior design\n\t<\/h2>\n\t<p>Contemporary interior design primarily focuses on comprehensive solutions. It is crucial to maximize the use of available space while maintaining a sense of lightness. Therefore, it is important to use each area effectively so that the furniture is functional but does not overwhelm the space. This approach prevents the room from feeling cramped.<\/p>\n\t\t\t<a href=\"https:\/\/expertmeble.com\/en\/wardrobe-design\/\" target=\"_self\">\n\t\t\t\t\t\t\tSee our approach to interior design\n\t\t\t\t\t<\/a>\n<h3>\n\t\tDesigning\n\t<\/h3>\n\tCall Expert Meble today and ask about a 3D design of your new custom wardrobe. With it, you\u2019ll see the entire internal arrangement of the wardrobe (shelves, drawers, hangers, and more), and then you can adjust everything according to your preferences.<br \/>\n\n<h3>\n\t\tCalculations\n\t<\/h3>\n\tWe offer a wide range of material and finish options for your new furniture. We take into account your budget and the complexity of the entire project to ensure that everything is perfectly tailored to your individual needs.<br \/>\n\n<h3>\n\t\tMeasuring\n\t<\/h3>\n\t<p>Our specialists will take precise measurements for your new furniture, while discussing all technical details such as the placement of shelves, locations of electrical outlets, height and width of drawers, and the placement of connections.<\/p>\n<h3>\n\t\tContact our experts. We're happy to help!\n\t<\/h3>\n\t\t\t<a href=\"https:\/\/expertmeble.com\/en\/#kontakt\" target=\"_self\">\n\t\t\t\t\t\t\tCall Us\n\t\t\t\t\t<\/a>","protected":false},"excerpt":{"rendered":"<p>Szafy na wymiar Szczecin ZOBACZ NASZE RELIZACJE Szafy na wymiar: nowoczesny finisz czy klasyczny wdzi\u0119k? Szafy na wymiar mog\u0105 przybra\u0107 wiele r\u00f3\u017cnych postaci &#8211; wcale nie musi to by\u0107 zwyk\u0142y i nudny mebel. W Expert Meble Szczecin zaprojektujemy wam \u00a0szaf\u0119 na wymiar w nowoczesnym, eleganckim wydaniu, lub bardziej klasycznie, je\u015bli tak wolicie. Wszystko b\u0119dzie zale\u017ce\u0107&hellip;<\/p>","protected":false},"author":1,"featured_media":0,"parent":0,"menu_order":0,"comment_status":"closed","ping_status":"closed","template":"","meta":{"footnotes":""},"class_list":["post-19","page","type-page","status-publish","hentry"],"yoast_head":"<!-- This site is optimized with the Yoast SEO Premium plugin v23.3 (Yoast SEO v26.8) - https:\/\/yoast.com\/product\/yoast-seo-premium-wordpress\/ -->\n<title>Szafy na wymiar Szczecin | szafa na zam\u00f3wienie | expertmeble.com<\/title>\n<meta name=\"description\" content=\"W naszej ofercie znajdziesz szafy na wymiar. Szczecin jest miejscem, w kt\u00f3rym powstanie Twoja szafa na zam\u00f3wienie Twoich marze\u0144 | expertmeble.com\" \/>\n<meta name=\"robots\" content=\"index, follow, max-snippet:-1, max-image-preview:large, max-video-preview:-1\" \/>\n<link rel=\"canonical\" href=\"https:\/\/expertmeble.com\/en\/custom-wardrobes\/\" \/>\n<meta property=\"og:locale\" content=\"en_US\" \/>\n<meta property=\"og:type\" content=\"article\" \/>\n<meta property=\"og:title\" content=\"Szafy na wymiar\" \/>\n<meta property=\"og:description\" content=\"W naszej ofercie znajdziesz szafy na wymiar. Szczecin jest miejscem, w kt\u00f3rym powstanie Twoja szafa na zam\u00f3wienie Twoich marze\u0144 | expertmeble.com\" \/>\n<meta property=\"og:url\" content=\"https:\/\/expertmeble.com\/en\/custom-wardrobes\/\" \/>\n<meta property=\"og:site_name\" content=\"Expert Meble - Meble Na Wymiar Szczecin: Kuchnie, \u0141azienki, Szafy\" \/>\n<meta property=\"article:publisher\" content=\"https:\/\/www.facebook.com\/expertmeble24\/\" \/>\n<meta property=\"article:modified_time\" content=\"2026-03-27T15:49:06+00:00\" \/>\n<meta property=\"og:image\" content=\"https:\/\/expertmeble.com\/wp-content\/uploads\/2026\/03\/ai-generated-modern-styled-entryway-1-1.jpg\" \/>\n<meta name=\"twitter:card\" content=\"summary_large_image\" \/>\n<meta name=\"twitter:label1\" content=\"Est. reading time\" \/>\n\t<meta name=\"twitter:data1\" content=\"5 minutes\" \/>\n<script type=\"application\/ld+json\" class=\"yoast-schema-graph\">{\"@context\":\"https:\/\/schema.org\",\"@graph\":[{\"@type\":\"WebPage\",\"@id\":\"https:\/\/expertmeble.com\/szafy-na-wymiar\/\",\"url\":\"https:\/\/expertmeble.com\/szafy-na-wymiar\/\",\"name\":\"Szafy na wymiar Szczecin | szafa na zam\u00f3wienie | expertmeble.com\",\"isPartOf\":{\"@id\":\"https:\/\/expertmeble.com\/#website\"},\"primaryImageOfPage\":{\"@id\":\"https:\/\/expertmeble.com\/szafy-na-wymiar\/#primaryimage\"},\"image\":{\"@id\":\"https:\/\/expertmeble.com\/szafy-na-wymiar\/#primaryimage\"},\"thumbnailUrl\":\"https:\/\/expertmeble.com\/wp-content\/uploads\/2026\/03\/ai-generated-modern-styled-entryway-1-1.jpg\",\"datePublished\":\"2019-11-18T20:30:35+00:00\",\"dateModified\":\"2026-03-27T15:49:06+00:00\",\"description\":\"W naszej ofercie znajdziesz szafy na wymiar. Szczecin jest miejscem, w kt\u00f3rym powstanie Twoja szafa na zam\u00f3wienie Twoich marze\u0144 | expertmeble.com\",\"breadcrumb\":{\"@id\":\"https:\/\/expertmeble.com\/szafy-na-wymiar\/#breadcrumb\"},\"inLanguage\":\"en-US\",\"potentialAction\":[{\"@type\":\"ReadAction\",\"target\":[\"https:\/\/expertmeble.com\/szafy-na-wymiar\/\"]}]},{\"@type\":\"ImageObject\",\"inLanguage\":\"en-US\",\"@id\":\"https:\/\/expertmeble.com\/szafy-na-wymiar\/#primaryimage\",\"url\":\"https:\/\/expertmeble.com\/wp-content\/uploads\/2026\/03\/ai-generated-modern-styled-entryway-1-1.jpg\",\"contentUrl\":\"https:\/\/expertmeble.com\/wp-content\/uploads\/2026\/03\/ai-generated-modern-styled-entryway-1-1.jpg\"},{\"@type\":\"BreadcrumbList\",\"@id\":\"https:\/\/expertmeble.com\/szafy-na-wymiar\/#breadcrumb\",\"itemListElement\":[{\"@type\":\"ListItem\",\"position\":1,\"name\":\"Strona g\u0142\u00f3wna\",\"item\":\"https:\/\/expertmeble.com\/\"},{\"@type\":\"ListItem\",\"position\":2,\"name\":\"Szafy na wymiar\"}]},{\"@type\":\"WebSite\",\"@id\":\"https:\/\/expertmeble.com\/#website\",\"url\":\"https:\/\/expertmeble.com\/\",\"name\":\"Expert Meble - Meble Na Wymiar Szczecin: Kuchnie, \u0141azienki, Szafy\",\"description\":\"Meble, kuchnie, szafy, \u0142azienki oraz zabudowy na wymiar.\",\"potentialAction\":[{\"@type\":\"SearchAction\",\"target\":{\"@type\":\"EntryPoint\",\"urlTemplate\":\"https:\/\/expertmeble.com\/?s={search_term_string}\"},\"query-input\":{\"@type\":\"PropertyValueSpecification\",\"valueRequired\":true,\"valueName\":\"search_term_string\"}}],\"inLanguage\":\"en-US\"}]}<\/script>\n<!-- \/ Yoast SEO Premium plugin. -->","yoast_head_json":{"title":"Szafy na wymiar Szczecin | szafa na zam\u00f3wienie | expertmeble.com","description":"W naszej ofercie znajdziesz szafy na wymiar. Szczecin jest miejscem, w kt\u00f3rym powstanie Twoja szafa na zam\u00f3wienie Twoich marze\u0144 | expertmeble.com","robots":{"index":"index","follow":"follow","max-snippet":"max-snippet:-1","max-image-preview":"max-image-preview:large","max-video-preview":"max-video-preview:-1"},"canonical":"https:\/\/expertmeble.com\/en\/custom-wardrobes\/","og_locale":"en_US","og_type":"article","og_title":"Szafy na wymiar","og_description":"W naszej ofercie znajdziesz szafy na wymiar. Szczecin jest miejscem, w kt\u00f3rym powstanie Twoja szafa na zam\u00f3wienie Twoich marze\u0144 | expertmeble.com","og_url":"https:\/\/expertmeble.com\/en\/custom-wardrobes\/","og_site_name":"Expert Meble - Meble Na Wymiar Szczecin: Kuchnie, \u0141azienki, Szafy","article_publisher":"https:\/\/www.facebook.com\/expertmeble24\/","article_modified_time":"2026-03-27T15:49:06+00:00","og_image":[{"url":"https:\/\/expertmeble.com\/wp-content\/uploads\/2026\/03\/ai-generated-modern-styled-entryway-1-1.jpg","type":"","width":"","height":""}],"twitter_card":"summary_large_image","twitter_misc":{"Est. reading time":"5 minutes"},"schema":{"@context":"https:\/\/schema.org","@graph":[{"@type":"WebPage","@id":"https:\/\/expertmeble.com\/szafy-na-wymiar\/","url":"https:\/\/expertmeble.com\/szafy-na-wymiar\/","name":"Szafy na wymiar Szczecin | szafa na zam\u00f3wienie | expertmeble.com","isPartOf":{"@id":"https:\/\/expertmeble.com\/#website"},"primaryImageOfPage":{"@id":"https:\/\/expertmeble.com\/szafy-na-wymiar\/#primaryimage"},"image":{"@id":"https:\/\/expertmeble.com\/szafy-na-wymiar\/#primaryimage"},"thumbnailUrl":"https:\/\/expertmeble.com\/wp-content\/uploads\/2026\/03\/ai-generated-modern-styled-entryway-1-1.jpg","datePublished":"2019-11-18T20:30:35+00:00","dateModified":"2026-03-27T15:49:06+00:00","description":"W naszej ofercie znajdziesz szafy na wymiar. Szczecin jest miejscem, w kt\u00f3rym powstanie Twoja szafa na zam\u00f3wienie Twoich marze\u0144 | expertmeble.com","breadcrumb":{"@id":"https:\/\/expertmeble.com\/szafy-na-wymiar\/#breadcrumb"},"inLanguage":"en-US","potentialAction":[{"@type":"ReadAction","target":["https:\/\/expertmeble.com\/szafy-na-wymiar\/"]}]},{"@type":"ImageObject","inLanguage":"en-US","@id":"https:\/\/expertmeble.com\/szafy-na-wymiar\/#primaryimage","url":"https:\/\/expertmeble.com\/wp-content\/uploads\/2026\/03\/ai-generated-modern-styled-entryway-1-1.jpg","contentUrl":"https:\/\/expertmeble.com\/wp-content\/uploads\/2026\/03\/ai-generated-modern-styled-entryway-1-1.jpg"},{"@type":"BreadcrumbList","@id":"https:\/\/expertmeble.com\/szafy-na-wymiar\/#breadcrumb","itemListElement":[{"@type":"ListItem","position":1,"name":"Strona g\u0142\u00f3wna","item":"https:\/\/expertmeble.com\/"},{"@type":"ListItem","position":2,"name":"Szafy na wymiar"}]},{"@type":"WebSite","@id":"https:\/\/expertmeble.com\/#website","url":"https:\/\/expertmeble.com\/","name":"Expert Meble - Meble Na Wymiar Szczecin: Kuchnie, \u0141azienki, Szafy","description":"Meble, kuchnie, szafy, \u0142azienki oraz zabudowy na wymiar.","potentialAction":[{"@type":"SearchAction","target":{"@type":"EntryPoint","urlTemplate":"https:\/\/expertmeble.com\/?s={search_term_string}"},"query-input":{"@type":"PropertyValueSpecification","valueRequired":true,"valueName":"search_term_string"}}],"inLanguage":"en-US"}]}},"_links":{"self":[{"href":"https:\/\/expertmeble.com\/en\/wp-json\/wp\/v2\/pages\/19","targetHints":{"allow":["GET"]}}],"collection":[{"href":"https:\/\/expertmeble.com\/en\/wp-json\/wp\/v2\/pages"}],"about":[{"href":"https:\/\/expertmeble.com\/en\/wp-json\/wp\/v2\/types\/page"}],"author":[{"embeddable":true,"href":"https:\/\/expertmeble.com\/en\/wp-json\/wp\/v2\/users\/1"}],"replies":[{"embeddable":true,"href":"https:\/\/expertmeble.com\/en\/wp-json\/wp\/v2\/comments?post=19"}],"version-history":[{"count":68,"href":"https:\/\/expertmeble.com\/en\/wp-json\/wp\/v2\/pages\/19\/revisions"}],"predecessor-version":[{"id":5413,"href":"https:\/\/expertmeble.com\/en\/wp-json\/wp\/v2\/pages\/19\/revisions\/5413"}],"wp:attachment":[{"href":"https:\/\/expertmeble.com\/en\/wp-json\/wp\/v2\/media?parent=19"}],"curies":[{"name":"wp","href":"https:\/\/api.w.org\/{rel}","templated":true}]}}