{"id":21,"date":"2019-11-18T21:30:50","date_gmt":"2019-11-18T20:30:50","guid":{"rendered":"https:\/\/expertmeble.com\/?page_id=21"},"modified":"2026-03-27T16:47:40","modified_gmt":"2026-03-27T15:47:40","slug":"garderoby-na-wymiar","status":"publish","type":"page","link":"https:\/\/expertmeble.com\/en\/custom-closets\/","title":{"rendered":"Custom Walk-In Closets"},"content":{"rendered":"<h1>\n\t\tCustom Closets in Szczecin\n\t<\/h1>\n\t\t\t<a href=\"https:\/\/expertmeble.com\/en\/gallery\/\" target=\"_self\">\n\t\t\t\t\t\t\tZOBACZ NASZE RELIZACJE\n\t\t\t\t\t<\/a>\n<h2>\n\t\tYour idea, our execution\n\t<\/h2>\n\t<p>Would you like a custom wardrobe but can't find anything that meets your requirements? With us, you can watch your ideas take shape and become a reality. Come to us even if you're not exactly sure what you need. Our experts will advise you and help you find the perfect solution. We'll discuss the details (such as internal layout, wardrobe lighting, and more), and then present you with a preliminary design for approval. Our custom wardrobes will make your home even more functional and aesthetically pleasing. We operate in the city of Szczecin and surrounding areas.<\/p>\n<h2>\n\t\tHighest quality materials\n\t<\/h2>\n\t<p>When we create our custom wardrobes, we use only hand-selected, top-quality materials. We ensure that the interior of your home looks its best and creates a cohesive impression. We offer a wide range of choices for wood, finishes, and colors. We have a professional showroom with sample furniture and testers from leading brands in the industry. Feel free to contact us or visit for more information about custom wardrobes and attractive offers, like <a href=\"https:\/\/expertmeble.com\/en\/installments\/\">0% Installments<\/a>. Expert Meble Szczecin.<\/p>\n<h2>\n\t\tGarderoby na wymiar &#8211; Komfort u\u017cytkowania\n\t<\/h2>\n\tOur custom wardrobes are designed primarily with user comfort and aesthetics in mind. They must fulfill their intended function in your home, and we strive to ensure they do. This is influenced by the many years of experience of our designers, our attention to detail, and our meticulous approach.<br \/>\nWe create a wardrobe design on which we include all necessary elements, such as wardrobe lighting, shelf placement, and type of fronts. This is all to ensure that each wardrobe we build maintains a consistently high level of craftsmanship.\n\t\t\t\t<img decoding=\"async\" src=\"https:\/\/expertmeble.com\/wp-content\/uploads\/2026\/01\/logo-transparent.png\" alt=\"logo - transparent\" itemprop=\"image\" height=\"4320\" width=\"4321\" title=\"logo - transparent\" onerror=\"this.style.display='none'\"  \/>\n\t\t\t<a href=\"https:\/\/expertmeble.com\/en\/realizacje\/\" target=\"_self\">\n\t\t\t\t\t\t\tNasze Realizacje &#8211; Szafy i Garderoby na wymiar\n\t\t\t\t\t<\/a>\n<h2>\n\t\tNowoczesne garderoby &#8211; Szczecin\n\t<\/h2>\n\t<p>With years of experience and a focus on following trends in the furniture industry, we offer clients modern, high-quality furniture. All of our pieces are made from carefully selected materials. They feature versatile color options and various textures. As a result, alongside classic designs, you can find solutions that mimic natural materials like wood. This approach aligns with current decorating trends and achieves a wonderful aesthetic effect. Although we spend most of our evenings in the bedroom, its appearance significantly influences our mood upon waking. Therefore, during the production of our furniture, we make every effort to ensure that its design is both elegant and functional.<\/p>\n<h2>\n\t\tGarderoby na zam\u00f3wienie &#8211; Szczecin\n\t<\/h2>\n\t<p>The projects we carry out for clients are very detailed and meticulously designed. Alongside the wardrobe's form, the design includes shelf placement, the space between them, as well as clothing rods and drawers. Additionally, we feature elements such as internal lighting, which can be integrated into the furniture, including various types of LED lighting. We understand the importance of sliding doors for custom wardrobes, not just for their durability but also for the option to mount mirrors on the door panels. This significantly enhances the wardrobe\u2019s functionality. The combination of built-in cabinetry and mirrors on the doors, along with spot lighting, makes it easier to assemble outfits daily. Fully built-in wardrobes are currently an excellent way to maximize the use of available space without worrying that the furniture will impede movement within the bedroom. Additionally, this approach can increase the wardrobe's capacity.<\/p>\n<h2>\n\t\tCustom Walk-In Closets: Functionality and Elegance in Your Bedroom\n\t<\/h2>\n\t<p>Wardrobes are an excellent addition to a home bedroom. Spacious, functional, and highly elegant, they allow for optimal use of available space.<\/p>\n<p>One of the most important pieces of furniture in an apartment is the wardrobe. Built-in wardrobes can be successfully installed in the bedroom. This solution is currently very popular. Apartments often have limited space and rooms, and a separate wardrobe as additional storage for clothes is rare. Therefore, this function has been taken over by the bedroom. Custom wardrobes allow for optimal use of available space while maintaining its aesthetics and enhancing the functionality of the space.<\/p>\n\t\t\t<a href=\"https:\/\/expertmeble.com\/en\/closet-design\/\" target=\"_self\">\n\t\t\t\t\t\t\tDiscover the Possibilities of Custom Wardrobes\n\t\t\t\t\t<\/a>\n<h3>\n\t\t3D Design\n\t<\/h3>\n\t<p>We offer our clients the service of creating a modern 3D visualization of your new custom wardrobe. This will help you choose the right colors and layout of elements. Commission us to design your wardrobe and watch your vision take shape.<\/p>\n<h3>\n\t\tOur Services\n\t<\/h3>\n\t<p>Come to us and see for yourself hundreds of different materials, accessories, and finishes that we offer. With such a wide range, you can match the project to your budget and needs without compromising on aesthetics. We invite you to visit our office.<\/p>\n<p>&nbsp;<\/p>\n<h3>\n\t\tMeasurement\n\t<\/h3>\n\t<p>You don't need to worry about providing us with the exact measurements of the room for your new custom wardrobe. After signing the contract with us, one of our experts will visit you to take the measurements. You will discuss all the technical details of your project with them.<\/p>\n<h3>\n\t\tWe advise, assist, and design. Get in touch with us \ud83d\ude42\n\t<\/h3>\n\t\t\t<a href=\"https:\/\/expertmeble.com\/en\/#kontakt\" target=\"_self\">\n\t\t\t\t\t\t\tGet in touch\n\t\t\t\t\t<\/a>","protected":false},"excerpt":{"rendered":"<p>Garderoby na wymiar Szczecin ZOBACZ NASZE RELIZACJE Wasz pomys\u0142, nasze wykonanie Chcieliby\u015bcie mie\u0107 now\u0105 garderob\u0119 na wymiar, ale nie mo\u017cecie znale\u017a\u0107 nic spe\u0142niaj\u0105cego wasze wymagania? U nas mo\u017cecie obserwowa\u0107, jak wasze pomys\u0142y nabieraj\u0105 kszta\u0142t\u00f3w i staj\u0105 si\u0119 rzeczywisto\u015bci\u0105. Przyjd\u017a do nas, nawet je\u015bli nie do ko\u0144ca wiesz, czego dok\u0142adnie potrzebujesz. Nasi eksperci doradz\u0105 i pomog\u0105&hellip;<\/p>","protected":false},"author":1,"featured_media":0,"parent":0,"menu_order":0,"comment_status":"closed","ping_status":"closed","template":"","meta":{"footnotes":""},"class_list":["post-21","page","type-page","status-publish","hentry"],"yoast_head":"<!-- This site is optimized with the Yoast SEO Premium plugin v23.3 (Yoast SEO v26.8) - https:\/\/yoast.com\/product\/yoast-seo-premium-wordpress\/ -->\n<title>Garderoby na wymiar Szczecin | garderoba na zam\u00f3wienie | expertmeble.com<\/title>\n<meta name=\"description\" content=\"Szukasz dla siebie garderoby na wymiar? Szczecin to miejsce naszej firmy - tu powstanie dla Ciebie garderoba na zam\u00f3wienie | expertmeble.com!\" \/>\n<meta name=\"robots\" content=\"index, follow, max-snippet:-1, max-image-preview:large, max-video-preview:-1\" \/>\n<link rel=\"canonical\" href=\"https:\/\/expertmeble.com\/en\/custom-closets\/\" \/>\n<meta property=\"og:locale\" content=\"en_US\" \/>\n<meta property=\"og:type\" content=\"article\" \/>\n<meta property=\"og:title\" content=\"Garderoby na wymiar\" \/>\n<meta property=\"og:description\" content=\"Szukasz dla siebie garderoby na wymiar? Szczecin to miejsce naszej firmy - tu powstanie dla Ciebie garderoba na zam\u00f3wienie | expertmeble.com!\" \/>\n<meta property=\"og:url\" content=\"https:\/\/expertmeble.com\/en\/custom-closets\/\" \/>\n<meta property=\"og:site_name\" content=\"Expert Meble - Meble Na Wymiar Szczecin: Kuchnie, \u0141azienki, Szafy\" \/>\n<meta property=\"article:publisher\" content=\"https:\/\/www.facebook.com\/expertmeble24\/\" \/>\n<meta property=\"article:modified_time\" content=\"2026-03-27T15:47:40+00:00\" \/>\n<meta property=\"og:image\" content=\"https:\/\/expertmeble.com\/wp-content\/uploads\/2026\/01\/logo-transparent.png\" \/>\n<meta name=\"twitter:card\" content=\"summary_large_image\" \/>\n<meta name=\"twitter:label1\" content=\"Est. reading time\" \/>\n\t<meta name=\"twitter:data1\" content=\"4 minutes\" \/>\n<script type=\"application\/ld+json\" class=\"yoast-schema-graph\">{\"@context\":\"https:\/\/schema.org\",\"@graph\":[{\"@type\":\"WebPage\",\"@id\":\"https:\/\/expertmeble.com\/garderoby-na-wymiar\/\",\"url\":\"https:\/\/expertmeble.com\/garderoby-na-wymiar\/\",\"name\":\"Garderoby na wymiar Szczecin | garderoba na zam\u00f3wienie | expertmeble.com\",\"isPartOf\":{\"@id\":\"https:\/\/expertmeble.com\/#website\"},\"primaryImageOfPage\":{\"@id\":\"https:\/\/expertmeble.com\/garderoby-na-wymiar\/#primaryimage\"},\"image\":{\"@id\":\"https:\/\/expertmeble.com\/garderoby-na-wymiar\/#primaryimage\"},\"thumbnailUrl\":\"https:\/\/expertmeble.com\/wp-content\/uploads\/2026\/01\/logo-transparent.png\",\"datePublished\":\"2019-11-18T20:30:50+00:00\",\"dateModified\":\"2026-03-27T15:47:40+00:00\",\"description\":\"Szukasz dla siebie garderoby na wymiar? Szczecin to miejsce naszej firmy - tu powstanie dla Ciebie garderoba na zam\u00f3wienie | expertmeble.com!\",\"breadcrumb\":{\"@id\":\"https:\/\/expertmeble.com\/garderoby-na-wymiar\/#breadcrumb\"},\"inLanguage\":\"en-US\",\"potentialAction\":[{\"@type\":\"ReadAction\",\"target\":[\"https:\/\/expertmeble.com\/garderoby-na-wymiar\/\"]}]},{\"@type\":\"ImageObject\",\"inLanguage\":\"en-US\",\"@id\":\"https:\/\/expertmeble.com\/garderoby-na-wymiar\/#primaryimage\",\"url\":\"https:\/\/expertmeble.com\/wp-content\/uploads\/2026\/01\/logo-transparent.png\",\"contentUrl\":\"https:\/\/expertmeble.com\/wp-content\/uploads\/2026\/01\/logo-transparent.png\"},{\"@type\":\"BreadcrumbList\",\"@id\":\"https:\/\/expertmeble.com\/garderoby-na-wymiar\/#breadcrumb\",\"itemListElement\":[{\"@type\":\"ListItem\",\"position\":1,\"name\":\"Strona g\u0142\u00f3wna\",\"item\":\"https:\/\/expertmeble.com\/\"},{\"@type\":\"ListItem\",\"position\":2,\"name\":\"Garderoby na wymiar\"}]},{\"@type\":\"WebSite\",\"@id\":\"https:\/\/expertmeble.com\/#website\",\"url\":\"https:\/\/expertmeble.com\/\",\"name\":\"Expert Meble - Meble Na Wymiar Szczecin: Kuchnie, \u0141azienki, Szafy\",\"description\":\"Meble, kuchnie, szafy, \u0142azienki oraz zabudowy na wymiar.\",\"potentialAction\":[{\"@type\":\"SearchAction\",\"target\":{\"@type\":\"EntryPoint\",\"urlTemplate\":\"https:\/\/expertmeble.com\/?s={search_term_string}\"},\"query-input\":{\"@type\":\"PropertyValueSpecification\",\"valueRequired\":true,\"valueName\":\"search_term_string\"}}],\"inLanguage\":\"en-US\"}]}<\/script>\n<!-- \/ Yoast SEO Premium plugin. -->","yoast_head_json":{"title":"Garderoby na wymiar Szczecin | garderoba na zam\u00f3wienie | expertmeble.com","description":"Szukasz dla siebie garderoby na wymiar? Szczecin to miejsce naszej firmy - tu powstanie dla Ciebie garderoba na zam\u00f3wienie | expertmeble.com!","robots":{"index":"index","follow":"follow","max-snippet":"max-snippet:-1","max-image-preview":"max-image-preview:large","max-video-preview":"max-video-preview:-1"},"canonical":"https:\/\/expertmeble.com\/en\/custom-closets\/","og_locale":"en_US","og_type":"article","og_title":"Garderoby na wymiar","og_description":"Szukasz dla siebie garderoby na wymiar? Szczecin to miejsce naszej firmy - tu powstanie dla Ciebie garderoba na zam\u00f3wienie | expertmeble.com!","og_url":"https:\/\/expertmeble.com\/en\/custom-closets\/","og_site_name":"Expert Meble - Meble Na Wymiar Szczecin: Kuchnie, \u0141azienki, Szafy","article_publisher":"https:\/\/www.facebook.com\/expertmeble24\/","article_modified_time":"2026-03-27T15:47:40+00:00","og_image":[{"url":"https:\/\/expertmeble.com\/wp-content\/uploads\/2026\/01\/logo-transparent.png","type":"","width":"","height":""}],"twitter_card":"summary_large_image","twitter_misc":{"Est. reading time":"4 minutes"},"schema":{"@context":"https:\/\/schema.org","@graph":[{"@type":"WebPage","@id":"https:\/\/expertmeble.com\/garderoby-na-wymiar\/","url":"https:\/\/expertmeble.com\/garderoby-na-wymiar\/","name":"Garderoby na wymiar Szczecin | garderoba na zam\u00f3wienie | expertmeble.com","isPartOf":{"@id":"https:\/\/expertmeble.com\/#website"},"primaryImageOfPage":{"@id":"https:\/\/expertmeble.com\/garderoby-na-wymiar\/#primaryimage"},"image":{"@id":"https:\/\/expertmeble.com\/garderoby-na-wymiar\/#primaryimage"},"thumbnailUrl":"https:\/\/expertmeble.com\/wp-content\/uploads\/2026\/01\/logo-transparent.png","datePublished":"2019-11-18T20:30:50+00:00","dateModified":"2026-03-27T15:47:40+00:00","description":"Szukasz dla siebie garderoby na wymiar? Szczecin to miejsce naszej firmy - tu powstanie dla Ciebie garderoba na zam\u00f3wienie | expertmeble.com!","breadcrumb":{"@id":"https:\/\/expertmeble.com\/garderoby-na-wymiar\/#breadcrumb"},"inLanguage":"en-US","potentialAction":[{"@type":"ReadAction","target":["https:\/\/expertmeble.com\/garderoby-na-wymiar\/"]}]},{"@type":"ImageObject","inLanguage":"en-US","@id":"https:\/\/expertmeble.com\/garderoby-na-wymiar\/#primaryimage","url":"https:\/\/expertmeble.com\/wp-content\/uploads\/2026\/01\/logo-transparent.png","contentUrl":"https:\/\/expertmeble.com\/wp-content\/uploads\/2026\/01\/logo-transparent.png"},{"@type":"BreadcrumbList","@id":"https:\/\/expertmeble.com\/garderoby-na-wymiar\/#breadcrumb","itemListElement":[{"@type":"ListItem","position":1,"name":"Strona g\u0142\u00f3wna","item":"https:\/\/expertmeble.com\/"},{"@type":"ListItem","position":2,"name":"Garderoby na wymiar"}]},{"@type":"WebSite","@id":"https:\/\/expertmeble.com\/#website","url":"https:\/\/expertmeble.com\/","name":"Expert Meble - Meble Na Wymiar Szczecin: Kuchnie, \u0141azienki, Szafy","description":"Meble, kuchnie, szafy, \u0142azienki oraz zabudowy na wymiar.","potentialAction":[{"@type":"SearchAction","target":{"@type":"EntryPoint","urlTemplate":"https:\/\/expertmeble.com\/?s={search_term_string}"},"query-input":{"@type":"PropertyValueSpecification","valueRequired":true,"valueName":"search_term_string"}}],"inLanguage":"en-US"}]}},"_links":{"self":[{"href":"https:\/\/expertmeble.com\/en\/wp-json\/wp\/v2\/pages\/21","targetHints":{"allow":["GET"]}}],"collection":[{"href":"https:\/\/expertmeble.com\/en\/wp-json\/wp\/v2\/pages"}],"about":[{"href":"https:\/\/expertmeble.com\/en\/wp-json\/wp\/v2\/types\/page"}],"author":[{"embeddable":true,"href":"https:\/\/expertmeble.com\/en\/wp-json\/wp\/v2\/users\/1"}],"replies":[{"embeddable":true,"href":"https:\/\/expertmeble.com\/en\/wp-json\/wp\/v2\/comments?post=21"}],"version-history":[{"count":45,"href":"https:\/\/expertmeble.com\/en\/wp-json\/wp\/v2\/pages\/21\/revisions"}],"predecessor-version":[{"id":5410,"href":"https:\/\/expertmeble.com\/en\/wp-json\/wp\/v2\/pages\/21\/revisions\/5410"}],"wp:attachment":[{"href":"https:\/\/expertmeble.com\/en\/wp-json\/wp\/v2\/media?parent=21"}],"curies":[{"name":"wp","href":"https:\/\/api.w.org\/{rel}","templated":true}]}}