{"id":2129,"date":"2022-02-07T16:49:35","date_gmt":"2022-02-07T15:49:35","guid":{"rendered":"https:\/\/expertmeble.com\/?page_id=2129"},"modified":"2026-03-29T17:49:09","modified_gmt":"2026-03-29T15:49:09","slug":"zabudowa-kuchenna","status":"publish","type":"page","link":"https:\/\/expertmeble.com\/en\/kuchnie-na-wymiar\/zabudowa-kuchenna\/","title":{"rendered":"Zabudowa kuchenna"},"content":{"rendered":"<h1>\n\t\tZabudowy kuchenne na wymiar Szczecin\n\t<\/h1>\n\t\t\t<a href=\"https:\/\/expertmeble.com\/en\/gallery\/\" target=\"_self\">\n\t\t\t\t\t\t\tZOBACZ NASZE RELIZACJE\n\t\t\t\t\t<\/a>\n\t<h2>Zabudowa kuchenna Szczecin &#8211; stw\u00f3rz z nami kuchni\u0119 marze\u0144!<\/h2>\n<p>Ma\u0142a b\u0105d\u017a du\u017ca przestrze\u0144, styl klasyczny, a mo\u017ce nowoczesny, remont czy te\u017c urz\u0105dzanie od zera &#8211; niezale\u017cnie od dost\u0119pnej przestrzeni czy te\u017c preferencji oraz gustu wybierz opcj\u0119 kuchni pod zabudow\u0119 Szczecin i stw\u00f3rz z nami kuchni\u0119 marze\u0144! W przypadku tego pomieszczenia wa\u017cny jest zar\u00f3wno wizualny efekt i przytulno\u015b\u0107, jaki i funkcjonalno\u015b\u0107 oraz wygoda. Doskona\u0142e urz\u0105dzenie gwarantuje por\u0119czne i komfortowe u\u017cytkowanie kuchennego wyposa\u017cenia ka\u017cdego dnia, a tak\u017ce sprawia, \u017ce pomieszczenie jest przytulne i wyj\u0105tkowe! Decyduj\u0105c si\u0119 na zabudow\u0119 kuchni Szczecin, zyskujesz wi\u0119c idealnie dopasowany projekt pod dost\u0119pn\u0105 przestrze\u0144 i Twoje indywidualne preferencje, wykorzystanie w pe\u0142ni potencja\u0142u pomieszczenia, jak r\u00f3wnie\u017c dopasowanie aran\u017cacji pod obecne mo\u017cliwo\u015bci i trend w bran\u017cy meblarskiej. Sp\u00f3jna przestrze\u0144, idealnie dopasowane rozwi\u0105zania, wyj\u0105tkowy charakter pomieszczenia, a tak\u017ce atrakcyjne ceny &#8211; ch\u0119tnie pomo\u017cemy Ci stworzy\u0107 magiczn\u0105 przestrze\u0144, kt\u00f3ra b\u0119dzie dostosowana do Twoich wymaga\u0144 i preferencji, zapoznaj si\u0119 wi\u0119c z ofert\u0105 kuchni pod zabudow\u0119 Szczecin jak najszybciej!<\/p>\n<h2>Zabudowa kuchni Szczecin &#8211; zwr\u00f3\u0107 uwag\u0119 na detale!<\/h2>\n<p>Wyb\u00f3r mebli i wyposa\u017cenia do kuchni zale\u017cy zar\u00f3wno od metra\u017cu i mo\u017cliwo\u015bci aran\u017cacyjnych pomieszczenia, jak r\u00f3wnie\u017c od dost\u0119pnego bud\u017cetu. Szeroki prostok\u0105t b\u0105d\u017a kwadrat to najbardziej ustawne opcje, co jednak zrobi\u0107 w sytuacji mniej funkcjonalnego rozwi\u0105zania czy te\u017c niewielkiego metra\u017cu? Bez obaw! Dobieraj\u0105c odpowiedni projekt oraz rodzaj kuchni pod zabudow\u0119 konkretnego pomieszczenia, zyskujesz pewno\u015b\u0107, \u017ce kuchenna przestrze\u0144 b\u0119dzie dok\u0142adnie taka, jak\u0105 sobie wymarzy\u0142e\u015b! Zabudowa kuchenna Szczecin w linii prostej, dwurz\u0119dowa, w kszta\u0142cie litery L, na planie litery U, z wysp\u0105, otwartym salonem b\u0105d\u017a jadalni\u0105 czy te\u017c na planie litery G &#8211; zg\u0142o\u015b si\u0119 do nas, a z pewno\u015bci\u0105 pomo\u017cemy CI dobra\u0107 odpowiednie ustawienie pod dost\u0119pn\u0105 przestrze\u0144 i Twoje potrzeby. Kuchnie do zabudowy Szczecin to rozwi\u0105zanie pod indywidualne pomys\u0142y i preferencje, bez problemu urz\u0105dzisz wi\u0119c zar\u00f3wno mniejsz\u0105, jak i wi\u0119ksz\u0105 przestrze\u0144 kuchenn\u0105, a tak\u017ce b\u0119dziesz mia\u0142 wygodny dost\u0119p do kuchennego sprz\u0119tu i wyposa\u017cenia.<\/p>\n<h2>Kuchnie pod zabudow\u0119 Szczecin &#8211; indywidualne oraz rzetelne podej\u015bcie!<\/h2>\n<p>Masz w\u0142asne pomys\u0142y zabudowy kuchennej Szczecin, a mo\u017ce potrzebujesz inspiracji oraz porad do\u015bwiadczonych projektant\u00f3w dzia\u0142aj\u0105cych w bran\u017cy? Niezale\u017cnie od tego, czy zlecisz nam wykonanie ca\u0142ego projektu zabudowy kuchennej Szczecin, czy te\u017c oczekujesz wizualizacji w\u0142asnych pomys\u0142\u00f3w, zg\u0142o\u015b si\u0119 do nas &#8211; oferujemy zar\u00f3wno indywidualne podej\u015bcie do ka\u017cdego klienta, jak i rzetelne porady i wskaz\u00f3wki, specjalistyczne oprogramowanie, szczeg\u00f3\u0142ow\u0105 wizualizacj\u0119 z najdrobniejszymi detalami sceny, a tak\u017ce atrakcyjne ceny. Stawiamy na najwy\u017csz\u0105 jako\u015b\u0107 projektu, us\u0142ug i wykonania, przed ostatecznym wykonaniem zabudowy kuchennej Szczecin otrzymujesz wi\u0119c szczeg\u00f3\u0142owy projekt z uwzgl\u0119dnieniem kolorystyki, materia\u0142\u00f3w, tekstury, o\u015bwietlenia i innych najdrobniejszych detali &#8211; przed monta\u017cem mo\u017cesz wi\u0119c oceni\u0107 czy dana wizualizacja spe\u0142nia Twoje oczekiwania i potrzeby.<\/p>\n<h2>Kuchnie pod zabudow\u0119 Szczecin &#8211; poznaj poszczeg\u00f3lne etapy<\/h2>\n<p>Nasze us\u0142ugi \u015bwiadczymy kompleksowo &#8211; oferujemy wi\u0119c zar\u00f3wno spotkanie z klientem, pomiar i om\u00f3wienie szczeg\u00f3\u0142\u00f3w, <a href=\"https:\/\/expertmeble.com\/en\/design-and-visualization\/\">projektowanie, wizualizacj\u0119<\/a>, wykonanie, jak r\u00f3wnie\u017c monta\u017c mebli w domu b\u0105d\u017a biurze klienta. Pierwszym etapem kuchni pod zabudow\u0119 Szczecin jest spotkanie w um\u00f3wionym z klientem miejscu &#8211; w Szczecinie b\u0105d\u017a okolicy, wykonanie dok\u0142adnych pomiar\u00f3w pomieszczenia, rozmowa i om\u00f3wienie kolorystyki, materia\u0142\u00f3w, element\u00f3w dodatkowych czy te\u017c rodzaju wyposa\u017cenia. Kolejnym krokiem jest wycena wizualizacji i akceptacja jej przez klienta. Nast\u0119pnie tworzony jest <a href=\"https:\/\/expertmeble.com\/en\/design-and-visualization\/\">3D project<\/a> zabudowy kuchennej Szczecin w specjalistycznym oprogramowaniu, kt\u00f3re pozwala na uzyskanie realizmu oraz najdrobniejszych detali. Nast\u0119pnie projekt zabudowy kuchennej Szczecin w formie elektronicznej trafia do klienta. Po naniesieniu ewentualnych poprawek i ostatecznej akceptacji projektu zabudowy kuchennej Szczecin nast\u0119puje wykonanie, a tak\u017ce monta\u017c. Je\u017celi masz jakiekolwiek pytania zwi\u0105zane z poszczeg\u00f3lnymi etapami b\u0105d\u017a te\u017c jeste\u015b zainteresowany projektem kuchni pod zabudow\u0119 Szczecin, skontaktuj si\u0119 z nami telefonicznie lub mailowo!<\/p>\n\t\t\t\t<img decoding=\"async\" src=\"https:\/\/expertmeble.com\/wp-content\/uploads\/2026\/01\/logo-transparent.png\" alt=\"logo - transparent\" itemprop=\"image\" height=\"4320\" width=\"4321\" title=\"logo - transparent\" onerror=\"this.style.display='none'\"  \/>\n\t\t\t<a href=\"https:\/\/expertmeble.com\/en\/gallery\/\" target=\"_self\">\n\t\t\t\t\t\t\tNasze Realizacje &#8211; Kuchnie na wymiar\n\t\t\t\t\t<\/a>\n<h2>\n\t\tZabudowa kuchni Szczecin &#8211; zapoznaj si\u0119 z naszymi pomys\u0142ami!\n\t<\/h2>\n\t<p>Solidne, niezawodne, modne, stylowe, eleganckie, estetyczne, praktyczne, dopasowane do potrzeb i gustu, a tak\u017ce w atrakcyjnej cenie? Postaw na meble wykonane na miar\u0119 XXI wieku &#8211; zapoznaj si\u0119 z udost\u0119pnionymi na naszej stronie realizacjami, zainspiruj si\u0119 wykonanymi aran\u017cacjami i zg\u0142o\u015b si\u0119 do nas po swoj\u0105 wymarzon\u0105 zabudow\u0119 kuchenn\u0105 Szczecin! Sp\u00f3jne aran\u017cacyjne wn\u0119trze, funkcjonalne ustawienie i wyposa\u017cenie to klucz do uzyskania kuchni, w kt\u00f3rej zar\u00f3wno ty, domownicy, jak i odwiedzaj\u0105cy go\u015bcie b\u0119dziecie uwielbia\u0107 sp\u0119dza\u0107 czas.<\/p>\n\t\t\t<a href=\"https:\/\/expertmeble.com\/en\/#kontakt\" target=\"_self\">\n\t\t\t\t\t\t\tSkontaktuj si\u0119 z nami ju\u017c teraz!\n\t\t\t\t\t<\/a>\n<h3>\n\t\tProject\n\t<\/h3>\n\t<p>Marzysz o funkcjonalnej i estetycznej kuchni, kt\u00f3ra doskonale spe\u0142ni wszystkie Twoje potrzeby? Nasze meble na wymiar do zabudowy kuchennej s\u0105 rozwi\u0105zaniem idealnym! Dzi\u0119ki naszemu do\u015bwiadczonemu zespo\u0142owi projektant\u00f3w mo\u017cemy zaprojektowa\u0107 meble, kt\u00f3re doskonale wykorzystaj\u0105 przestrze\u0144 i dopasuj\u0105 si\u0119 do Twojego stylu \u017cycia. Skontaktuj si\u0119 z nami, aby rozpocz\u0105\u0107 projektowanie Twojej wymarzonej kuchni!<\/p>\n<h3>\n\t\tQuote\n\t<\/h3>\n\t<p>Interesuje Ci\u0119 cena stworzenia mebli na wymiar do Twojej zabudowy kuchennej? Nie martw si\u0119, jeste\u015bmy tutaj, aby Ci pom\u00f3c! Skontaktuj si\u0119 z nami, a przygotujemy dla Ciebie indywidualn\u0105 wycen\u0119, uwzgl\u0119dniaj\u0105c\u0105 Twoje potrzeby i bud\u017cet. Nasze uczciwe i konkurencyjne ceny pozwol\u0105 Ci cieszy\u0107 si\u0119 funkcjonaln\u0105 i pi\u0119kn\u0105 kuchni\u0105 bez nadmiernych wydatk\u00f3w. Skontaktuj si\u0119 ju\u017c dzi\u015b!<\/p>\n<h3>\n\t\tMeasurement\n\t<\/h3>\n\t<p>Precyzyjne pomiary s\u0105 kluczowe dla stworzenia mebli na wymiar do Twojej zabudowy kuchennej. Nasz do\u015bwiadczony zesp\u00f3\u0142 specjalist\u00f3w podejmie si\u0119 dok\u0142adnych pomiar\u00f3w, aby meble by\u0142y idealnie dopasowane do przestrzeni i spe\u0142nia\u0142y Twoje oczekiwania. Skontaktuj si\u0119 z nami, a um\u00f3wimy si\u0119 na dogodny termin pomiaru, aby rozpocz\u0105\u0107 proces tworzenia Twojej idealnej kuchni na wymiar!<\/p>\n<h3>\n\t\tContact our experts. We're happy to help!\n\t<\/h3>\n\t\t\t<a href=\"https:\/\/expertmeble.com\/en\/#kontakt\" target=\"_self\">\n\t\t\t\t\t\t\tCall Us\n\t\t\t\t\t<\/a>","protected":false},"excerpt":{"rendered":"<p>Zabudowy kuchenne na wymiar Szczecin ZOBACZ NASZE RELIZACJE Zabudowa kuchenna Szczecin &#8211; stw\u00f3rz z nami kuchni\u0119 marze\u0144! Ma\u0142a b\u0105d\u017a du\u017ca przestrze\u0144, styl klasyczny, a mo\u017ce nowoczesny, remont czy te\u017c urz\u0105dzanie od zera &#8211; niezale\u017cnie od dost\u0119pnej przestrzeni czy te\u017c preferencji oraz gustu wybierz opcj\u0119 kuchni pod zabudow\u0119 Szczecin i stw\u00f3rz z nami kuchni\u0119 marze\u0144! W&hellip;<\/p>","protected":false},"author":1,"featured_media":0,"parent":17,"menu_order":1,"comment_status":"closed","ping_status":"closed","template":"","meta":{"footnotes":""},"class_list":["post-2129","page","type-page","status-publish","hentry"],"yoast_head":"<!-- This site is optimized with the Yoast SEO Premium plugin v27.4 (Yoast SEO v27.4) - https:\/\/yoast.com\/product\/yoast-seo-premium-wordpress\/ -->\n<title>Zabudowa kuchenna na wymiar Szczecin | zabudowa kuchenna na zam\u00f3wienie | expertmeble.com<\/title>\n<meta name=\"description\" content=\"Marzy Ci si\u0119 stylowa zabudowa kuchenna na wymiar w mie\u015bcie Szczecin ? Specjalnie dla Ciebie przygotujemy zabudowy kuchenne na zam\u00f3wienie ! | expertmeble.com\" \/>\n<meta name=\"robots\" content=\"index, follow, max-snippet:-1, max-image-preview:large, max-video-preview:-1\" \/>\n<link rel=\"canonical\" href=\"https:\/\/expertmeble.com\/en\/custom-kitchens\/kitchen-fittings\/\" \/>\n<meta property=\"og:locale\" content=\"en_US\" \/>\n<meta property=\"og:type\" content=\"article\" \/>\n<meta property=\"og:title\" content=\"Zabudowa kuchenna\" \/>\n<meta property=\"og:description\" content=\"Marzy Ci si\u0119 stylowa zabudowa kuchenna na wymiar w mie\u015bcie Szczecin ? Specjalnie dla Ciebie przygotujemy zabudowy kuchenne na zam\u00f3wienie ! | expertmeble.com\" \/>\n<meta property=\"og:url\" content=\"https:\/\/expertmeble.com\/en\/custom-kitchens\/kitchen-fittings\/\" \/>\n<meta property=\"og:site_name\" content=\"Expert Meble - Meble Na Wymiar Szczecin: Kuchnie, \u0141azienki, Szafy\" \/>\n<meta property=\"article:publisher\" content=\"https:\/\/www.facebook.com\/expertmeble24\/\" \/>\n<meta property=\"article:modified_time\" content=\"2026-03-29T15:49:09+00:00\" \/>\n<meta property=\"og:image\" content=\"https:\/\/expertmeble.com\/wp-content\/uploads\/2026\/01\/logo-transparent.png\" \/>\n<meta name=\"twitter:card\" content=\"summary_large_image\" \/>\n<meta name=\"twitter:label1\" content=\"Est. reading time\" \/>\n\t<meta name=\"twitter:data1\" content=\"5 minutes\" \/>\n<script type=\"application\/ld+json\" class=\"yoast-schema-graph\">{\"@context\":\"https:\\\/\\\/schema.org\",\"@graph\":[{\"@type\":\"WebPage\",\"@id\":\"https:\\\/\\\/expertmeble.com\\\/kuchnie-na-wymiar\\\/zabudowa-kuchenna\\\/\",\"url\":\"https:\\\/\\\/expertmeble.com\\\/kuchnie-na-wymiar\\\/zabudowa-kuchenna\\\/\",\"name\":\"Zabudowa kuchenna na wymiar Szczecin | zabudowa kuchenna na zam\u00f3wienie | expertmeble.com\",\"isPartOf\":{\"@id\":\"https:\\\/\\\/expertmeble.com\\\/#website\"},\"primaryImageOfPage\":{\"@id\":\"https:\\\/\\\/expertmeble.com\\\/kuchnie-na-wymiar\\\/zabudowa-kuchenna\\\/#primaryimage\"},\"image\":{\"@id\":\"https:\\\/\\\/expertmeble.com\\\/kuchnie-na-wymiar\\\/zabudowa-kuchenna\\\/#primaryimage\"},\"thumbnailUrl\":\"https:\\\/\\\/expertmeble.com\\\/wp-content\\\/uploads\\\/2026\\\/01\\\/logo-transparent.png\",\"datePublished\":\"2022-02-07T15:49:35+00:00\",\"dateModified\":\"2026-03-29T15:49:09+00:00\",\"description\":\"Marzy Ci si\u0119 stylowa zabudowa kuchenna na wymiar w mie\u015bcie Szczecin ? Specjalnie dla Ciebie przygotujemy zabudowy kuchenne na zam\u00f3wienie ! | expertmeble.com\",\"breadcrumb\":{\"@id\":\"https:\\\/\\\/expertmeble.com\\\/kuchnie-na-wymiar\\\/zabudowa-kuchenna\\\/#breadcrumb\"},\"inLanguage\":\"en-US\",\"potentialAction\":[{\"@type\":\"ReadAction\",\"target\":[\"https:\\\/\\\/expertmeble.com\\\/kuchnie-na-wymiar\\\/zabudowa-kuchenna\\\/\"]}]},{\"@type\":\"ImageObject\",\"inLanguage\":\"en-US\",\"@id\":\"https:\\\/\\\/expertmeble.com\\\/kuchnie-na-wymiar\\\/zabudowa-kuchenna\\\/#primaryimage\",\"url\":\"https:\\\/\\\/expertmeble.com\\\/wp-content\\\/uploads\\\/2026\\\/01\\\/logo-transparent.png\",\"contentUrl\":\"https:\\\/\\\/expertmeble.com\\\/wp-content\\\/uploads\\\/2026\\\/01\\\/logo-transparent.png\"},{\"@type\":\"BreadcrumbList\",\"@id\":\"https:\\\/\\\/expertmeble.com\\\/kuchnie-na-wymiar\\\/zabudowa-kuchenna\\\/#breadcrumb\",\"itemListElement\":[{\"@type\":\"ListItem\",\"position\":1,\"name\":\"Strona g\u0142\u00f3wna\",\"item\":\"https:\\\/\\\/expertmeble.com\\\/\"},{\"@type\":\"ListItem\",\"position\":2,\"name\":\"Kuchnie na wymiar\",\"item\":\"https:\\\/\\\/expertmeble.com\\\/kuchnie-na-wymiar\\\/\"},{\"@type\":\"ListItem\",\"position\":3,\"name\":\"Zabudowa kuchenna\"}]},{\"@type\":\"WebSite\",\"@id\":\"https:\\\/\\\/expertmeble.com\\\/#website\",\"url\":\"https:\\\/\\\/expertmeble.com\\\/\",\"name\":\"Expert Meble - Meble Na Wymiar Szczecin: Kuchnie, \u0141azienki, Szafy\",\"description\":\"Meble, kuchnie, szafy, \u0142azienki oraz zabudowy na wymiar.\",\"potentialAction\":[{\"@type\":\"SearchAction\",\"target\":{\"@type\":\"EntryPoint\",\"urlTemplate\":\"https:\\\/\\\/expertmeble.com\\\/?s={search_term_string}\"},\"query-input\":{\"@type\":\"PropertyValueSpecification\",\"valueRequired\":true,\"valueName\":\"search_term_string\"}}],\"inLanguage\":\"en-US\"}]}<\/script>\n<!-- \/ Yoast SEO Premium plugin. -->","yoast_head_json":{"title":"Zabudowa kuchenna na wymiar Szczecin | zabudowa kuchenna na zam\u00f3wienie | expertmeble.com","description":"Marzy Ci si\u0119 stylowa zabudowa kuchenna na wymiar w mie\u015bcie Szczecin ? Specjalnie dla Ciebie przygotujemy zabudowy kuchenne na zam\u00f3wienie ! | expertmeble.com","robots":{"index":"index","follow":"follow","max-snippet":"max-snippet:-1","max-image-preview":"max-image-preview:large","max-video-preview":"max-video-preview:-1"},"canonical":"https:\/\/expertmeble.com\/en\/custom-kitchens\/kitchen-fittings\/","og_locale":"en_US","og_type":"article","og_title":"Zabudowa kuchenna","og_description":"Marzy Ci si\u0119 stylowa zabudowa kuchenna na wymiar w mie\u015bcie Szczecin ? Specjalnie dla Ciebie przygotujemy zabudowy kuchenne na zam\u00f3wienie ! | expertmeble.com","og_url":"https:\/\/expertmeble.com\/en\/custom-kitchens\/kitchen-fittings\/","og_site_name":"Expert Meble - Meble Na Wymiar Szczecin: Kuchnie, \u0141azienki, Szafy","article_publisher":"https:\/\/www.facebook.com\/expertmeble24\/","article_modified_time":"2026-03-29T15:49:09+00:00","og_image":[{"url":"https:\/\/expertmeble.com\/wp-content\/uploads\/2026\/01\/logo-transparent.png","type":"","width":"","height":""}],"twitter_card":"summary_large_image","twitter_misc":{"Est. reading time":"5 minutes"},"schema":{"@context":"https:\/\/schema.org","@graph":[{"@type":"WebPage","@id":"https:\/\/expertmeble.com\/kuchnie-na-wymiar\/zabudowa-kuchenna\/","url":"https:\/\/expertmeble.com\/kuchnie-na-wymiar\/zabudowa-kuchenna\/","name":"Zabudowa kuchenna na wymiar Szczecin | zabudowa kuchenna na zam\u00f3wienie | expertmeble.com","isPartOf":{"@id":"https:\/\/expertmeble.com\/#website"},"primaryImageOfPage":{"@id":"https:\/\/expertmeble.com\/kuchnie-na-wymiar\/zabudowa-kuchenna\/#primaryimage"},"image":{"@id":"https:\/\/expertmeble.com\/kuchnie-na-wymiar\/zabudowa-kuchenna\/#primaryimage"},"thumbnailUrl":"https:\/\/expertmeble.com\/wp-content\/uploads\/2026\/01\/logo-transparent.png","datePublished":"2022-02-07T15:49:35+00:00","dateModified":"2026-03-29T15:49:09+00:00","description":"Marzy Ci si\u0119 stylowa zabudowa kuchenna na wymiar w mie\u015bcie Szczecin ? Specjalnie dla Ciebie przygotujemy zabudowy kuchenne na zam\u00f3wienie ! | expertmeble.com","breadcrumb":{"@id":"https:\/\/expertmeble.com\/kuchnie-na-wymiar\/zabudowa-kuchenna\/#breadcrumb"},"inLanguage":"en-US","potentialAction":[{"@type":"ReadAction","target":["https:\/\/expertmeble.com\/kuchnie-na-wymiar\/zabudowa-kuchenna\/"]}]},{"@type":"ImageObject","inLanguage":"en-US","@id":"https:\/\/expertmeble.com\/kuchnie-na-wymiar\/zabudowa-kuchenna\/#primaryimage","url":"https:\/\/expertmeble.com\/wp-content\/uploads\/2026\/01\/logo-transparent.png","contentUrl":"https:\/\/expertmeble.com\/wp-content\/uploads\/2026\/01\/logo-transparent.png"},{"@type":"BreadcrumbList","@id":"https:\/\/expertmeble.com\/kuchnie-na-wymiar\/zabudowa-kuchenna\/#breadcrumb","itemListElement":[{"@type":"ListItem","position":1,"name":"Strona g\u0142\u00f3wna","item":"https:\/\/expertmeble.com\/"},{"@type":"ListItem","position":2,"name":"Kuchnie na wymiar","item":"https:\/\/expertmeble.com\/kuchnie-na-wymiar\/"},{"@type":"ListItem","position":3,"name":"Zabudowa kuchenna"}]},{"@type":"WebSite","@id":"https:\/\/expertmeble.com\/#website","url":"https:\/\/expertmeble.com\/","name":"Expert Meble - Meble Na Wymiar Szczecin: Kuchnie, \u0141azienki, Szafy","description":"Meble, kuchnie, szafy, \u0142azienki oraz zabudowy na wymiar.","potentialAction":[{"@type":"SearchAction","target":{"@type":"EntryPoint","urlTemplate":"https:\/\/expertmeble.com\/?s={search_term_string}"},"query-input":{"@type":"PropertyValueSpecification","valueRequired":true,"valueName":"search_term_string"}}],"inLanguage":"en-US"}]}},"_links":{"self":[{"href":"https:\/\/expertmeble.com\/en\/wp-json\/wp\/v2\/pages\/2129","targetHints":{"allow":["GET"]}}],"collection":[{"href":"https:\/\/expertmeble.com\/en\/wp-json\/wp\/v2\/pages"}],"about":[{"href":"https:\/\/expertmeble.com\/en\/wp-json\/wp\/v2\/types\/page"}],"author":[{"embeddable":true,"href":"https:\/\/expertmeble.com\/en\/wp-json\/wp\/v2\/users\/1"}],"replies":[{"embeddable":true,"href":"https:\/\/expertmeble.com\/en\/wp-json\/wp\/v2\/comments?post=2129"}],"version-history":[{"count":17,"href":"https:\/\/expertmeble.com\/en\/wp-json\/wp\/v2\/pages\/2129\/revisions"}],"predecessor-version":[{"id":5465,"href":"https:\/\/expertmeble.com\/en\/wp-json\/wp\/v2\/pages\/2129\/revisions\/5465"}],"up":[{"embeddable":true,"href":"https:\/\/expertmeble.com\/en\/wp-json\/wp\/v2\/pages\/17"}],"wp:attachment":[{"href":"https:\/\/expertmeble.com\/en\/wp-json\/wp\/v2\/media?parent=2129"}],"curies":[{"name":"wp","href":"https:\/\/api.w.org\/{rel}","templated":true}]}}