{"id":2176,"date":"2022-06-06T09:00:19","date_gmt":"2022-06-06T07:00:19","guid":{"rendered":"https:\/\/expertmeble.com\/?page_id=2176"},"modified":"2026-03-29T16:22:31","modified_gmt":"2026-03-29T14:22:31","slug":"meble-do-przedpokoju-na-wymiar","status":"publish","type":"page","link":"https:\/\/expertmeble.com\/en\/custom-furniture-for-hallway\/","title":{"rendered":"Custom Hallway Furniture"},"content":{"rendered":"<h1>\n\t\tCustom Hallway Furniture\n\t<\/h1>\n\t\t\t<a href=\"https:\/\/expertmeble.com\/en\/gallery\/\" target=\"_self\">\n\t\t\t\t\t\t\tZOBACZ NASZE RELIZACJE\n\t\t\t\t\t<\/a>\n<h2>\n\t\tSzafy do przedpokoju na zam\u00f3wienie &#8211; na co warto zwr\u00f3ci\u0107 uwag\u0119?\n\t<\/h2>\n\t<p>A major advantage of custom-built wardrobes is the ability to configure practically every element according to your preferences. The same applies to the type of door opening mechanism. When designing your wardrobe, you can choose between hinged doors or sliding doors. The final decision is always up to you, but it's worth considering a few factors when planning the best solution. In addition to your personal preferences, the wardrobe's location and the layout of the room where it will be placed also play a role. Hinged doors require more free space in front of the wardrobe. With sliding doors, this is not an issue as the panels slide to the sides, so even large doors do not take up extra space. This is particularly important in small spaces where it\u2019s necessary to place another piece of furniture next to the wardrobe.<\/p>\n<p>Each solution has its pros and cons. For sliding door wardrobes, it's important to note that the tracks on which the doors slide are wider than those for hinged doors. This means that in shallow recesses, they may take up too much space. This situation is quite common in traditional, narrow hallways.<\/p>\n<p>The size of the space where the wardrobe will be placed directly affects the number of doors it should have. It is also important to match the doors to the interior layout. This way, when you open one panel, you gain easy access to shelves or hanging rods.<\/p>\n<h2>\n\t\tHallway furniture Szczecin\n\t<\/h2>\n\t<p>The location of custom furniture usually determines its function. A wardrobe installed in a specific room, for example, serves as storage for clothes and bedding in a bedroom. Custom hallway furniture can function as a coat closet or be used as a storage area or cupboard for various household items. Installed in the kitchen, it can serve as a pantry, while in a child\u2019s room, it can provide space for both clothes and toys. Defining the function of a piece of furniture during the design phase is crucial because it allows for optimal use of internal space and planning an ergonomic layout that ensures easy access to items within the wardrobe. For instance, a wardrobe in a hallway meant for storing outerwear should include a convenient rod for hanging coats. The exact placement depends on user preferences, and proper planning will allow it to be installed at the optimal height.<\/p>\n\t\t\t\t<img decoding=\"async\" src=\"https:\/\/expertmeble.com\/wp-content\/uploads\/2026\/01\/logo-transparent.png\" alt=\"logo - transparent\" itemprop=\"image\" height=\"4320\" width=\"4321\" title=\"logo - transparent\" onerror=\"this.style.display='none'\"  \/>\n\t\t\t<a href=\"https:\/\/expertmeble.com\/en\/realizacje\/\" target=\"_self\">\n\t\t\t\t\t\t\tNasze Realizacje &#8211; Meble Do Przedpokoju Na Wymiar\n\t\t\t\t\t<\/a>\n<h2>\n\t\tCustom Hallway Furniture Szczecin\n\t<\/h2>\n\t<p>The final cost of custom hallway furniture is influenced not only by the type of door opening mechanism and their size but also by the type of material used for the fronts and the interior.<\/p>\n<p>Najcz\u0119\u015bciej wykorzystywanym materia\u0142em jest MDF, czyli popularna p\u0142yta meblowa wykonana z w\u0142\u00f3kien drzewnych oraz utwardzaczy. P\u0142yta MDF daje tak\u017ce mo\u017cliwo\u015b\u0107 wyboru r\u00f3\u017cnorodnego wyko\u0144czenia, gdy\u017c pokrywana jest ona specjalnymi pow\u0142okami. Jako wyko\u0144czenia najcz\u0119\u015bciej u\u017cywa si\u0119 lakieru, laminatu lub folii PCV. Ka\u017cdy z tych materia\u0142\u00f3w posiada wiele wzor\u00f3w i kolor\u00f3w. Mo\u017cna wybra\u0107 nawet spos\u00f3b wyko\u0144czenia &#8211; mat, p\u00f3\u0142mat lub po\u0142ysk. Dzi\u0119ki temu szafa pod zabudow\u0119 mo\u017ce sta\u0107 si\u0119 sp\u00f3jnym elementem w ka\u017cdym wn\u0119trzu.<\/p>\n<h2>\n\t\tPrzedpok\u00f3j &#8211; meble na wymiar\n\t<\/h2>\n\t<p>The ability to customize not only the dimensions but also the shapes of a built-in wardrobe is a significant advantage. It allows for efficient use of space and enables the creation of features such as sloped areas or under-stair recesses. When planning a built-in wardrobe, you can create a piece that is both practical and aesthetically pleasing, meeting all your needs. An interesting practical feature for wardrobes is finishing one of the panels with a mirror. This is a great solution often used in hallways, especially small ones. A mirror helps with outfit coordination before leaving and also visually enlarges and brightens a small space.<\/p>\n<p>The ability to custom <a href=\"https:\/\/expertmeble.com\/en\/custom-wardrobes\/\">design a wardrobe<\/a> and tailor it to your own expectations and the preferences of other household members is undoubtedly one of the greatest advantages of built-in wardrobes.<\/p>\n<h3>\n\t\tHow to Choose the Perfect Custom Wardrobe for Your Hallway?\n\t<\/h3>\n\t<p>When searching for the perfect custom wardrobe for your hallway, it's best to start with the location where it will be installed. Measure the size of the recess or space where you plan to place the furniture. This will determine not only the number of doors but also the type of door opening mechanism and the internal layout. With these measurements, you can determine the initial size of the wardrobe. The installation site will also help define the final design of the furniture, including both the exterior materials and the interior fittings.<\/p>\n\t\t\t<a href=\"https:\/\/expertmeble.com\/en\/hallway-design\/\" target=\"_self\">\n\t\t\t\t\t\t\tZobacz nasze podej\u015bcie do projektowania przedpokoj\u00f3w\n\t\t\t\t\t<\/a>\n<h3>\n\t\tProject\n\t<\/h3>\n\t<p>Do you dream of a functional and stylish hallway? Our custom furniture is the perfect solution! Contact us, and our team of designers will help you create a piece tailored to your needs.<\/p>\n<h3>\n\t\tQuote\n\t<\/h3>\n\t<p>Are you interested in the cost of creating your dream hallway? Contact us, and we will provide you with a personalized quote with no hidden fees.<\/p>\n<h3>\n\t\tMeasurement\n\t<\/h3>\n\t<p>Not sure how to measure the space accurately? Contact us, and our specialists will take precise measurements and discuss the project details with you.<\/p>\n<h3>\n\t\tContact our experts. We're happy to help!\n\t<\/h3>\n\t\t\t<a href=\"https:\/\/expertmeble.com\/en\/#kontakt\" target=\"_self\">\n\t\t\t\t\t\t\tCall Us\n\t\t\t\t\t<\/a>","protected":false},"excerpt":{"rendered":"<p>Meble do przedpokoju na wymiar ZOBACZ NASZE RELIZACJE Szafy do przedpokoju na zam\u00f3wienie &#8211; na co warto zwr\u00f3ci\u0107 uwag\u0119? Ogromn\u0105 zalet\u0105 szaf do zabudowy robionych na zam\u00f3wienie jest mo\u017cliwo\u015b\u0107 dowolnej konfiguracji praktycznie ka\u017cdego elementu. Podobnie sytuacja wygl\u0105da ze sposobem otwierania. Projektuj\u0105c szaf\u0119, mo\u017cesz zdecydowa\u0107 si\u0119 na drzwi uchylne lub drzwi przesuwne. Ostateczny wyb\u00f3r zawsze nale\u017cy&hellip;<\/p>","protected":false},"author":1,"featured_media":0,"parent":0,"menu_order":0,"comment_status":"closed","ping_status":"closed","template":"","meta":{"footnotes":""},"class_list":["post-2176","page","type-page","status-publish","hentry"],"yoast_head":"<!-- This site is optimized with the Yoast SEO Premium plugin v23.3 (Yoast SEO v26.8) - https:\/\/yoast.com\/product\/yoast-seo-premium-wordpress\/ -->\n<title>Meble do przedpokoju na wymiar Szczecin | na zam\u00f3wienie | producent expertmeble.com<\/title>\n<meta name=\"description\" content=\"Meble do przedpokoju na wymiar s\u0105 ciekawym elementem wyposa\u017cenia ka\u017cdego domu i mieszkania. Sprawd\u017a ofert\u0119 na expertmeble.com (Szczecin)\" \/>\n<meta name=\"robots\" content=\"index, follow, max-snippet:-1, max-image-preview:large, max-video-preview:-1\" \/>\n<link rel=\"canonical\" href=\"https:\/\/expertmeble.com\/en\/custom-furniture-for-hallway\/\" \/>\n<meta property=\"og:locale\" content=\"en_US\" \/>\n<meta property=\"og:type\" content=\"article\" \/>\n<meta property=\"og:title\" content=\"Meble do przedpokoju na wymiar\" \/>\n<meta property=\"og:description\" content=\"Meble do przedpokoju na wymiar s\u0105 ciekawym elementem wyposa\u017cenia ka\u017cdego domu i mieszkania. Sprawd\u017a ofert\u0119 na expertmeble.com (Szczecin)\" \/>\n<meta property=\"og:url\" content=\"https:\/\/expertmeble.com\/en\/custom-furniture-for-hallway\/\" \/>\n<meta property=\"og:site_name\" content=\"Expert Meble - Meble Na Wymiar Szczecin: Kuchnie, \u0141azienki, Szafy\" \/>\n<meta property=\"article:publisher\" content=\"https:\/\/www.facebook.com\/expertmeble24\/\" \/>\n<meta property=\"article:modified_time\" content=\"2026-03-29T14:22:31+00:00\" \/>\n<meta property=\"og:image\" content=\"https:\/\/expertmeble.com\/wp-content\/uploads\/2026\/01\/logo-transparent.png\" \/>\n<meta name=\"twitter:card\" content=\"summary_large_image\" \/>\n<meta name=\"twitter:label1\" content=\"Est. reading time\" \/>\n\t<meta name=\"twitter:data1\" content=\"5 minutes\" \/>\n<script type=\"application\/ld+json\" class=\"yoast-schema-graph\">{\"@context\":\"https:\/\/schema.org\",\"@graph\":[{\"@type\":\"WebPage\",\"@id\":\"https:\/\/expertmeble.com\/meble-do-przedpokoju-na-wymiar\/\",\"url\":\"https:\/\/expertmeble.com\/meble-do-przedpokoju-na-wymiar\/\",\"name\":\"Meble do przedpokoju na wymiar Szczecin | na zam\u00f3wienie | producent expertmeble.com\",\"isPartOf\":{\"@id\":\"https:\/\/expertmeble.com\/#website\"},\"primaryImageOfPage\":{\"@id\":\"https:\/\/expertmeble.com\/meble-do-przedpokoju-na-wymiar\/#primaryimage\"},\"image\":{\"@id\":\"https:\/\/expertmeble.com\/meble-do-przedpokoju-na-wymiar\/#primaryimage\"},\"thumbnailUrl\":\"https:\/\/expertmeble.com\/wp-content\/uploads\/2026\/01\/logo-transparent.png\",\"datePublished\":\"2022-06-06T07:00:19+00:00\",\"dateModified\":\"2026-03-29T14:22:31+00:00\",\"description\":\"Meble do przedpokoju na wymiar s\u0105 ciekawym elementem wyposa\u017cenia ka\u017cdego domu i mieszkania. Sprawd\u017a ofert\u0119 na expertmeble.com (Szczecin)\",\"breadcrumb\":{\"@id\":\"https:\/\/expertmeble.com\/meble-do-przedpokoju-na-wymiar\/#breadcrumb\"},\"inLanguage\":\"en-US\",\"potentialAction\":[{\"@type\":\"ReadAction\",\"target\":[\"https:\/\/expertmeble.com\/meble-do-przedpokoju-na-wymiar\/\"]}]},{\"@type\":\"ImageObject\",\"inLanguage\":\"en-US\",\"@id\":\"https:\/\/expertmeble.com\/meble-do-przedpokoju-na-wymiar\/#primaryimage\",\"url\":\"https:\/\/expertmeble.com\/wp-content\/uploads\/2026\/01\/logo-transparent.png\",\"contentUrl\":\"https:\/\/expertmeble.com\/wp-content\/uploads\/2026\/01\/logo-transparent.png\"},{\"@type\":\"BreadcrumbList\",\"@id\":\"https:\/\/expertmeble.com\/meble-do-przedpokoju-na-wymiar\/#breadcrumb\",\"itemListElement\":[{\"@type\":\"ListItem\",\"position\":1,\"name\":\"Strona g\u0142\u00f3wna\",\"item\":\"https:\/\/expertmeble.com\/\"},{\"@type\":\"ListItem\",\"position\":2,\"name\":\"Meble do przedpokoju na wymiar\"}]},{\"@type\":\"WebSite\",\"@id\":\"https:\/\/expertmeble.com\/#website\",\"url\":\"https:\/\/expertmeble.com\/\",\"name\":\"Expert Meble - Meble Na Wymiar Szczecin: Kuchnie, \u0141azienki, Szafy\",\"description\":\"Meble, kuchnie, szafy, \u0142azienki oraz zabudowy na wymiar.\",\"potentialAction\":[{\"@type\":\"SearchAction\",\"target\":{\"@type\":\"EntryPoint\",\"urlTemplate\":\"https:\/\/expertmeble.com\/?s={search_term_string}\"},\"query-input\":{\"@type\":\"PropertyValueSpecification\",\"valueRequired\":true,\"valueName\":\"search_term_string\"}}],\"inLanguage\":\"en-US\"}]}<\/script>\n<!-- \/ Yoast SEO Premium plugin. -->","yoast_head_json":{"title":"Meble do przedpokoju na wymiar Szczecin | na zam\u00f3wienie | producent expertmeble.com","description":"Meble do przedpokoju na wymiar s\u0105 ciekawym elementem wyposa\u017cenia ka\u017cdego domu i mieszkania. Sprawd\u017a ofert\u0119 na expertmeble.com (Szczecin)","robots":{"index":"index","follow":"follow","max-snippet":"max-snippet:-1","max-image-preview":"max-image-preview:large","max-video-preview":"max-video-preview:-1"},"canonical":"https:\/\/expertmeble.com\/en\/custom-furniture-for-hallway\/","og_locale":"en_US","og_type":"article","og_title":"Meble do przedpokoju na wymiar","og_description":"Meble do przedpokoju na wymiar s\u0105 ciekawym elementem wyposa\u017cenia ka\u017cdego domu i mieszkania. Sprawd\u017a ofert\u0119 na expertmeble.com (Szczecin)","og_url":"https:\/\/expertmeble.com\/en\/custom-furniture-for-hallway\/","og_site_name":"Expert Meble - Meble Na Wymiar Szczecin: Kuchnie, \u0141azienki, Szafy","article_publisher":"https:\/\/www.facebook.com\/expertmeble24\/","article_modified_time":"2026-03-29T14:22:31+00:00","og_image":[{"url":"https:\/\/expertmeble.com\/wp-content\/uploads\/2026\/01\/logo-transparent.png","type":"","width":"","height":""}],"twitter_card":"summary_large_image","twitter_misc":{"Est. reading time":"5 minutes"},"schema":{"@context":"https:\/\/schema.org","@graph":[{"@type":"WebPage","@id":"https:\/\/expertmeble.com\/meble-do-przedpokoju-na-wymiar\/","url":"https:\/\/expertmeble.com\/meble-do-przedpokoju-na-wymiar\/","name":"Meble do przedpokoju na wymiar Szczecin | na zam\u00f3wienie | producent expertmeble.com","isPartOf":{"@id":"https:\/\/expertmeble.com\/#website"},"primaryImageOfPage":{"@id":"https:\/\/expertmeble.com\/meble-do-przedpokoju-na-wymiar\/#primaryimage"},"image":{"@id":"https:\/\/expertmeble.com\/meble-do-przedpokoju-na-wymiar\/#primaryimage"},"thumbnailUrl":"https:\/\/expertmeble.com\/wp-content\/uploads\/2026\/01\/logo-transparent.png","datePublished":"2022-06-06T07:00:19+00:00","dateModified":"2026-03-29T14:22:31+00:00","description":"Meble do przedpokoju na wymiar s\u0105 ciekawym elementem wyposa\u017cenia ka\u017cdego domu i mieszkania. Sprawd\u017a ofert\u0119 na expertmeble.com (Szczecin)","breadcrumb":{"@id":"https:\/\/expertmeble.com\/meble-do-przedpokoju-na-wymiar\/#breadcrumb"},"inLanguage":"en-US","potentialAction":[{"@type":"ReadAction","target":["https:\/\/expertmeble.com\/meble-do-przedpokoju-na-wymiar\/"]}]},{"@type":"ImageObject","inLanguage":"en-US","@id":"https:\/\/expertmeble.com\/meble-do-przedpokoju-na-wymiar\/#primaryimage","url":"https:\/\/expertmeble.com\/wp-content\/uploads\/2026\/01\/logo-transparent.png","contentUrl":"https:\/\/expertmeble.com\/wp-content\/uploads\/2026\/01\/logo-transparent.png"},{"@type":"BreadcrumbList","@id":"https:\/\/expertmeble.com\/meble-do-przedpokoju-na-wymiar\/#breadcrumb","itemListElement":[{"@type":"ListItem","position":1,"name":"Strona g\u0142\u00f3wna","item":"https:\/\/expertmeble.com\/"},{"@type":"ListItem","position":2,"name":"Meble do przedpokoju na wymiar"}]},{"@type":"WebSite","@id":"https:\/\/expertmeble.com\/#website","url":"https:\/\/expertmeble.com\/","name":"Expert Meble - Meble Na Wymiar Szczecin: Kuchnie, \u0141azienki, Szafy","description":"Meble, kuchnie, szafy, \u0142azienki oraz zabudowy na wymiar.","potentialAction":[{"@type":"SearchAction","target":{"@type":"EntryPoint","urlTemplate":"https:\/\/expertmeble.com\/?s={search_term_string}"},"query-input":{"@type":"PropertyValueSpecification","valueRequired":true,"valueName":"search_term_string"}}],"inLanguage":"en-US"}]}},"_links":{"self":[{"href":"https:\/\/expertmeble.com\/en\/wp-json\/wp\/v2\/pages\/2176","targetHints":{"allow":["GET"]}}],"collection":[{"href":"https:\/\/expertmeble.com\/en\/wp-json\/wp\/v2\/pages"}],"about":[{"href":"https:\/\/expertmeble.com\/en\/wp-json\/wp\/v2\/types\/page"}],"author":[{"embeddable":true,"href":"https:\/\/expertmeble.com\/en\/wp-json\/wp\/v2\/users\/1"}],"replies":[{"embeddable":true,"href":"https:\/\/expertmeble.com\/en\/wp-json\/wp\/v2\/comments?post=2176"}],"version-history":[{"count":20,"href":"https:\/\/expertmeble.com\/en\/wp-json\/wp\/v2\/pages\/2176\/revisions"}],"predecessor-version":[{"id":5457,"href":"https:\/\/expertmeble.com\/en\/wp-json\/wp\/v2\/pages\/2176\/revisions\/5457"}],"wp:attachment":[{"href":"https:\/\/expertmeble.com\/en\/wp-json\/wp\/v2\/media?parent=2176"}],"curies":[{"name":"wp","href":"https:\/\/api.w.org\/{rel}","templated":true}]}}