{"id":2236,"date":"2022-09-29T10:27:59","date_gmt":"2022-09-29T08:27:59","guid":{"rendered":"https:\/\/expertmeble.com\/?page_id=2236"},"modified":"2026-03-27T19:41:28","modified_gmt":"2026-03-27T18:41:28","slug":"meble-do-pokoju-dzieciecego-na-wymiar","status":"publish","type":"page","link":"https:\/\/expertmeble.com\/en\/meble-do-pokoju-dzieciecego-na-wymiar\/","title":{"rendered":"Custom Children's Room Furniture"},"content":{"rendered":"<h1>\n\t\tCustom Children's Room Furniture Szczecin\n\t<\/h1>\n\t\t\t<a href=\"https:\/\/expertmeble.com\/en\/gallery\/\" target=\"_self\">\n\t\t\t\t\t\t\tZOBACZ NASZE RELIZACJE\n\t\t\t\t\t<\/a>\n\t<h2>How to Choose the Right Custom Furniture for a Children's Room?<\/h2>\n<p>We want to give our children the best start in life, so we strive to ensure their environment is safe and supportive of their development. Our experts at EXPERT MEBLE understand this well. That's why everything we create is tailored to our clients' needs. What specific needs should we consider when designing a children's room?<\/p>\n<p>Let's analyze the key features that will ensure the custom furniture for a children's room meets our expectations:<\/p>\n<ul>\n<li><strong>Bezpiecze\u0144stwo:<\/strong> Nasze pociechy potrzebuj\u0105 \u015brodowiska, w kt\u00f3rym nie wyrz\u0105dz\u0105 sobie krzywdy, nawet przypadkiem. Projektowane na wymiar meble powinny wi\u0119c by\u0107 wykonane z takich materia\u0142\u00f3w, kt\u00f3re nie wywo\u0142uj\u0105 reakcji alergicznych. Przeciwdzia\u0142amy temu poprzez zastosowanie np. ekologicznych farb. Istotne jest r\u00f3wnie\u017c solidne zamocowanie p\u00f3\u0142ek do \u015bcian, a szafki mo\u017cemy wyposa\u017cy\u0107 w system bezpiecznego otwierania i zamykania. Je\u015bli chcemy unikn\u0105\u0107 przypadkowych otar\u0107 czy st\u0142ucze\u0144, warto tak\u017ce pomy\u015ble\u0107 o zaokr\u0105gleniu wszelkich kraw\u0119dzi. W tym wypadku nie mo\u017cna oszcz\u0119dza\u0107 na materia\u0142ach &#8211; wszystkie elementy powinny by\u0107 wyprodukowane z wysokogatunkowych rodzaj\u00f3w drewna czy metalu;<\/li>\n<li><strong>Funkcjonalno\u015b\u0107:<\/strong> \u017beby meble dobrze spe\u0142nia\u0142y swoje zadanie, musz\u0105 by\u0107 dostosowane do specyfiki naszego mieszkania i etapu rozwoju dziecka. Zabudowa pokoju dzieci\u0119cego na wymiar pozwala unikn\u0105\u0107 niewykorzystanych przestrzeni lub niepotrzebnego zagracenia. Dobrym rozwi\u0105zaniem s\u0105 meble, kt\u00f3re \u201erosn\u0105 razem z dzieckiem&#8221;, czyli takie, kt\u00f3re mo\u017cemy rozbudowa\u0107, zmieni\u0107 ich przeznaczenie lub dostosowa\u0107 do zmieniaj\u0105cego si\u0119 wzrostu naszej pociechy;<\/li>\n<li><strong>Styl:<\/strong> W tej kwestii mo\u017ce dochodzi\u0107 do najwi\u0119kszych dylemat\u00f3w. Wybra\u0107 stylistyk\u0119 nowoczesn\u0105, minimalistyczn\u0105 czy klasyczn\u0105? Ka\u017cde rozwi\u0105zanie ma swoje zalety i rodzina musi wsp\u00f3lnie zdecydowa\u0107, co sprawdzi si\u0119 w ich przypadku. Obecnie meble dzieci\u0119ce na wymiar cz\u0119sto zamawiane s\u0105 w jasnych kolorach, kt\u00f3re sprzyjaj\u0105 wyciszeniu oraz pozwalaj\u0105 zaakcentowa\u0107 dodatki zwi\u0105zane z zainteresowaniami najm\u0142odszych. Dla niekt\u00f3rych najbardziej atrakcyjn\u0105 opcj\u0105 jest po\u0142\u0105czenie wielu mebli np. biurka, \u0142\u00f3\u017cka i szafy w jeden, tworz\u0105c dodatkowo np. motyw statku. Fachowcy z firmy EXPERT MEBLE, ch\u0119tnie pomog\u0105 dostosowa\u0107 zabudow\u0119 w pokoju dzieci\u0119cym na wymiar do pomys\u0142\u00f3w klienta;<\/li>\n<li><strong>Detale:<\/strong> Decyduj\u0105c si\u0119 na zabudow\u0119 pokoju dzieci\u0119cego na wymiar, bierzemy pod uwag\u0119 fakt, \u017ce musz\u0105 si\u0119 tam znale\u017a\u0107 pewne sta\u0142e elementy, tj. biurko czy \u0142\u00f3\u017cko. Jak sprawi\u0107, by u\u017cytkowanie ich sprawia\u0142o dziecku przyjemno\u015b\u0107? Projektanci z naszej firmy zadbaj\u0105 o to, aby biurko by\u0142o dostosowane do wzrostu i pomaga\u0142o zachowa\u0107 w\u0142a\u015bciw\u0105 postaw\u0119 cia\u0142a podczas nauki. W niekt\u00f3rych wypadkach sprawdza si\u0119 lekko pochylony blat. Nie nale\u017cy r\u00f3wnie\u017c zapomina\u0107 o wa\u017cnej roli szuflad, kt\u00f3re pomieszcz\u0105 niezb\u0119dne przybory i akcesoria. Je\u015bli chodzi o \u0142\u00f3\u017cko, mo\u017cna rozwa\u017cy\u0107 wyb\u00f3r modelu, kt\u00f3ry b\u0119dzie podnoszony i rozsuwany w zale\u017cno\u015bci od zmieniaj\u0105cych si\u0119 szybko potrzeb najm\u0142odszych. Powinien zapewni\u0107 maksymalny komfort podczas snu, a jednocze\u015bnie dba\u0107 o bezpiecze\u0144stwo ma\u0142ego u\u017cytkownika.<\/li>\n<\/ul>\n\t<h2>Meble dzieci\u0119ce na wymiar &#8211; dlaczego warto wybra\u0107 te, kt\u00f3re oferuje firma EXPERT MEBLE<\/h2>\n<p>So, why should you consider EXPERT MEBLE when planning custom furniture for a children's room? Let\u2019s delve into the details of our offerings and find the answers!<\/p>\n<p>From the initial idea to its execution, the journey can be quite extensive. You might wonder: will all the necessary furniture fit in the available space? Will the overall design overwhelm the room? Will there be space left for play, and will the cabinets interfere with each other? Is there enough storage space?<\/p>\n<p>Fortunately, the responsibility for the outcome shifts to our designers. They ensure that the custom furniture for the children\u2019s room works harmoniously together. By understanding the users' needs, they can also recommend practical solutions.<\/p>\n<p>An invaluable tool is the professional 3D project. Creating a full visualization allows you to foresee potential issues in advance and fine-tune all the details.<\/p>\n<p>Our comprehensive approach to all orders means that clients are only responsible for conveying their expectations. They should consider the style of the custom furniture, how many people will use the room, and their needs in the coming years. Meanwhile, our designers will ensure that atypical dimensions, slants, niches, and other elements that might otherwise pose a challenge become functional and friendly parts of the space.<\/p>\n\t\t\t<a href=\"https:\/\/expertmeble.com\/en\/realizacje\/\" target=\"_self\">\n\t\t\t\t\t\t\tNasze Realizacje &#8211; Meble do Pokoju Dzieci\u0119cego na wymiar\n\t\t\t\t\t<\/a>\n<h3>\n\t\tProject\n\t<\/h3>\n\t<p>Do you dream of creating a magical world for your child in their room? Our custom furniture for children's rooms is the perfect solution! With our experienced design team, we can create furniture that not only accommodates all the toys and clothes but also creates a friendly and creative space for your child. Contact us to start designing the room of your child's dreams!<\/p>\n<h3>\n\t\tQuote\n\t<\/h3>\n\t<p>Are you interested in the cost of creating custom furniture for a children's room? Don't worry, we are here to help! Contact us, and we will provide you with a personalized quote that takes into account your needs and budget. Our fair and competitive prices will allow you to create the dream space for your child without financial strain. Get in touch today!<\/p>\n<p>&nbsp;<\/p>\n<h3>\n\t\tMeasurement\n\t<\/h3>\n\t<p>Accurate measurements are crucial for creating custom furniture for a children's room. Our experienced team of specialists will take precise measurements to ensure the furniture fits perfectly in the space and meets your child's expectations. Contact us to schedule a convenient measurement appointment and start the process of creating a magical room for your little one!<\/p>\n<h3>\n\t\tContact our experts. We're happy to help!\n\t<\/h3>\n\t\t\t<a href=\"https:\/\/expertmeble.com\/en\/#kontakt\" target=\"_self\">\n\t\t\t\t\t\t\tCall Us\n\t\t\t\t\t<\/a>","protected":false},"excerpt":{"rendered":"<p>Meble do pokoju dzieci\u0119cego na wymiar Szczecin ZOBACZ NASZE RELIZACJE Jak wybra\u0107 odpowiednie meble do pokoju dzieci\u0119cego na wymiar? Chcemy swoim pociechom zapewni\u0107 jak najlepszy start w doros\u0142o\u015b\u0107, dlatego staramy si\u0119, by ich otoczenie by\u0142o dla nich bezpieczne i pomaga\u0142o si\u0119 rozwija\u0107. Wiedz\u0105 o tym doskonale nasi eksperci z firmy EXPERT MEBLE. Dlatego w\u0142a\u015bnie wszystko,&hellip;<\/p>","protected":false},"author":1,"featured_media":0,"parent":0,"menu_order":0,"comment_status":"closed","ping_status":"closed","template":"","meta":{"footnotes":""},"class_list":["post-2236","page","type-page","status-publish","hentry"],"yoast_head":"<!-- This site is optimized with the Yoast SEO Premium plugin v27.4 (Yoast SEO v27.4) - https:\/\/yoast.com\/product\/yoast-seo-premium-wordpress\/ -->\n<title>Meble do pokoju dzieci\u0119cego na wymiar Szczecin | expertmeble.com<\/title>\n<meta name=\"description\" content=\"Chcesz urz\u0105dzi\u0107 pok\u00f3j dzieci\u0119cy w niepowtarzalny i funkcjonalny spos\u00f3b? W naszym sklepie expertmeble.com oferujemy meble do pokoju dzieci\u0119cego na wymiar!\" \/>\n<meta name=\"robots\" content=\"index, follow, max-snippet:-1, max-image-preview:large, max-video-preview:-1\" \/>\n<link rel=\"canonical\" href=\"https:\/\/expertmeble.com\/en\/custom-furniture-for-childrens-room\/\" \/>\n<meta property=\"og:locale\" content=\"en_US\" \/>\n<meta property=\"og:type\" content=\"article\" \/>\n<meta property=\"og:title\" content=\"Meble do pokoju dzieci\u0119cego na wymiar\" \/>\n<meta property=\"og:description\" content=\"Chcesz urz\u0105dzi\u0107 pok\u00f3j dzieci\u0119cy w niepowtarzalny i funkcjonalny spos\u00f3b? W naszym sklepie expertmeble.com oferujemy meble do pokoju dzieci\u0119cego na wymiar!\" \/>\n<meta property=\"og:url\" content=\"https:\/\/expertmeble.com\/en\/custom-furniture-for-childrens-room\/\" \/>\n<meta property=\"og:site_name\" content=\"Expert Meble - Meble Na Wymiar Szczecin: Kuchnie, \u0141azienki, Szafy\" \/>\n<meta property=\"article:publisher\" content=\"https:\/\/www.facebook.com\/expertmeble24\/\" \/>\n<meta property=\"article:modified_time\" content=\"2026-03-27T18:41:28+00:00\" \/>\n<meta name=\"twitter:card\" content=\"summary_large_image\" \/>\n<meta name=\"twitter:label1\" content=\"Est. reading time\" \/>\n\t<meta name=\"twitter:data1\" content=\"5 minutes\" \/>\n<script type=\"application\/ld+json\" class=\"yoast-schema-graph\">{\"@context\":\"https:\\\/\\\/schema.org\",\"@graph\":[{\"@type\":\"WebPage\",\"@id\":\"https:\\\/\\\/expertmeble.com\\\/meble-do-pokoju-dzieciecego-na-wymiar\\\/\",\"url\":\"https:\\\/\\\/expertmeble.com\\\/meble-do-pokoju-dzieciecego-na-wymiar\\\/\",\"name\":\"Meble do pokoju dzieci\u0119cego na wymiar Szczecin | expertmeble.com\",\"isPartOf\":{\"@id\":\"https:\\\/\\\/expertmeble.com\\\/#website\"},\"datePublished\":\"2022-09-29T08:27:59+00:00\",\"dateModified\":\"2026-03-27T18:41:28+00:00\",\"description\":\"Chcesz urz\u0105dzi\u0107 pok\u00f3j dzieci\u0119cy w niepowtarzalny i funkcjonalny spos\u00f3b? W naszym sklepie expertmeble.com oferujemy meble do pokoju dzieci\u0119cego na wymiar!\",\"breadcrumb\":{\"@id\":\"https:\\\/\\\/expertmeble.com\\\/meble-do-pokoju-dzieciecego-na-wymiar\\\/#breadcrumb\"},\"inLanguage\":\"en-US\",\"potentialAction\":[{\"@type\":\"ReadAction\",\"target\":[\"https:\\\/\\\/expertmeble.com\\\/meble-do-pokoju-dzieciecego-na-wymiar\\\/\"]}]},{\"@type\":\"BreadcrumbList\",\"@id\":\"https:\\\/\\\/expertmeble.com\\\/meble-do-pokoju-dzieciecego-na-wymiar\\\/#breadcrumb\",\"itemListElement\":[{\"@type\":\"ListItem\",\"position\":1,\"name\":\"Strona g\u0142\u00f3wna\",\"item\":\"https:\\\/\\\/expertmeble.com\\\/\"},{\"@type\":\"ListItem\",\"position\":2,\"name\":\"Meble do pokoju dzieci\u0119cego na wymiar\"}]},{\"@type\":\"WebSite\",\"@id\":\"https:\\\/\\\/expertmeble.com\\\/#website\",\"url\":\"https:\\\/\\\/expertmeble.com\\\/\",\"name\":\"Expert Meble - Meble Na Wymiar Szczecin: Kuchnie, \u0141azienki, Szafy\",\"description\":\"Meble, kuchnie, szafy, \u0142azienki oraz zabudowy na wymiar.\",\"potentialAction\":[{\"@type\":\"SearchAction\",\"target\":{\"@type\":\"EntryPoint\",\"urlTemplate\":\"https:\\\/\\\/expertmeble.com\\\/?s={search_term_string}\"},\"query-input\":{\"@type\":\"PropertyValueSpecification\",\"valueRequired\":true,\"valueName\":\"search_term_string\"}}],\"inLanguage\":\"en-US\"}]}<\/script>\n<!-- \/ Yoast SEO Premium plugin. -->","yoast_head_json":{"title":"Meble do pokoju dzieci\u0119cego na wymiar Szczecin | expertmeble.com","description":"Chcesz urz\u0105dzi\u0107 pok\u00f3j dzieci\u0119cy w niepowtarzalny i funkcjonalny spos\u00f3b? W naszym sklepie expertmeble.com oferujemy meble do pokoju dzieci\u0119cego na wymiar!","robots":{"index":"index","follow":"follow","max-snippet":"max-snippet:-1","max-image-preview":"max-image-preview:large","max-video-preview":"max-video-preview:-1"},"canonical":"https:\/\/expertmeble.com\/en\/custom-furniture-for-childrens-room\/","og_locale":"en_US","og_type":"article","og_title":"Meble do pokoju dzieci\u0119cego na wymiar","og_description":"Chcesz urz\u0105dzi\u0107 pok\u00f3j dzieci\u0119cy w niepowtarzalny i funkcjonalny spos\u00f3b? W naszym sklepie expertmeble.com oferujemy meble do pokoju dzieci\u0119cego na wymiar!","og_url":"https:\/\/expertmeble.com\/en\/custom-furniture-for-childrens-room\/","og_site_name":"Expert Meble - Meble Na Wymiar Szczecin: Kuchnie, \u0141azienki, Szafy","article_publisher":"https:\/\/www.facebook.com\/expertmeble24\/","article_modified_time":"2026-03-27T18:41:28+00:00","twitter_card":"summary_large_image","twitter_misc":{"Est. reading time":"5 minutes"},"schema":{"@context":"https:\/\/schema.org","@graph":[{"@type":"WebPage","@id":"https:\/\/expertmeble.com\/meble-do-pokoju-dzieciecego-na-wymiar\/","url":"https:\/\/expertmeble.com\/meble-do-pokoju-dzieciecego-na-wymiar\/","name":"Meble do pokoju dzieci\u0119cego na wymiar Szczecin | expertmeble.com","isPartOf":{"@id":"https:\/\/expertmeble.com\/#website"},"datePublished":"2022-09-29T08:27:59+00:00","dateModified":"2026-03-27T18:41:28+00:00","description":"Chcesz urz\u0105dzi\u0107 pok\u00f3j dzieci\u0119cy w niepowtarzalny i funkcjonalny spos\u00f3b? W naszym sklepie expertmeble.com oferujemy meble do pokoju dzieci\u0119cego na wymiar!","breadcrumb":{"@id":"https:\/\/expertmeble.com\/meble-do-pokoju-dzieciecego-na-wymiar\/#breadcrumb"},"inLanguage":"en-US","potentialAction":[{"@type":"ReadAction","target":["https:\/\/expertmeble.com\/meble-do-pokoju-dzieciecego-na-wymiar\/"]}]},{"@type":"BreadcrumbList","@id":"https:\/\/expertmeble.com\/meble-do-pokoju-dzieciecego-na-wymiar\/#breadcrumb","itemListElement":[{"@type":"ListItem","position":1,"name":"Strona g\u0142\u00f3wna","item":"https:\/\/expertmeble.com\/"},{"@type":"ListItem","position":2,"name":"Meble do pokoju dzieci\u0119cego na wymiar"}]},{"@type":"WebSite","@id":"https:\/\/expertmeble.com\/#website","url":"https:\/\/expertmeble.com\/","name":"Expert Meble - Meble Na Wymiar Szczecin: Kuchnie, \u0141azienki, Szafy","description":"Meble, kuchnie, szafy, \u0142azienki oraz zabudowy na wymiar.","potentialAction":[{"@type":"SearchAction","target":{"@type":"EntryPoint","urlTemplate":"https:\/\/expertmeble.com\/?s={search_term_string}"},"query-input":{"@type":"PropertyValueSpecification","valueRequired":true,"valueName":"search_term_string"}}],"inLanguage":"en-US"}]}},"_links":{"self":[{"href":"https:\/\/expertmeble.com\/en\/wp-json\/wp\/v2\/pages\/2236","targetHints":{"allow":["GET"]}}],"collection":[{"href":"https:\/\/expertmeble.com\/en\/wp-json\/wp\/v2\/pages"}],"about":[{"href":"https:\/\/expertmeble.com\/en\/wp-json\/wp\/v2\/types\/page"}],"author":[{"embeddable":true,"href":"https:\/\/expertmeble.com\/en\/wp-json\/wp\/v2\/users\/1"}],"replies":[{"embeddable":true,"href":"https:\/\/expertmeble.com\/en\/wp-json\/wp\/v2\/comments?post=2236"}],"version-history":[{"count":14,"href":"https:\/\/expertmeble.com\/en\/wp-json\/wp\/v2\/pages\/2236\/revisions"}],"predecessor-version":[{"id":5442,"href":"https:\/\/expertmeble.com\/en\/wp-json\/wp\/v2\/pages\/2236\/revisions\/5442"}],"wp:attachment":[{"href":"https:\/\/expertmeble.com\/en\/wp-json\/wp\/v2\/media?parent=2236"}],"curies":[{"name":"wp","href":"https:\/\/api.w.org\/{rel}","templated":true}]}}