{"id":2240,"date":"2022-09-29T10:41:36","date_gmt":"2022-09-29T08:41:36","guid":{"rendered":"https:\/\/expertmeble.com\/?page_id=2240"},"modified":"2026-03-27T19:23:23","modified_gmt":"2026-03-27T18:23:23","slug":"meble-do-sypialni-na-wymiar","status":"publish","type":"page","link":"https:\/\/expertmeble.com\/en\/custom-bedroom-furniture\/","title":{"rendered":"Custom Bedroom Furniture"},"content":{"rendered":"<h1>\n\t\tCustom Bedroom Furniture Szczecin\n\t<\/h1>\n\t\t\t<a href=\"https:\/\/expertmeble.com\/en\/gallery\/\" target=\"_self\">\n\t\t\t\t\t\t\tZOBACZ NASZE RELIZACJE\n\t\t\t\t\t<\/a>\n<h2>\n\t\tSypialnia na wymiar &#8211; co warto rozwa\u017cy\u0107 wcze\u015bniej?\n\t<\/h2>\n\t<p>Przy urz\u0105dzaniu swojej idealnej sypialni, czeka nas podj\u0119cie szeregu decyzji. Na pocz\u0105tek warto si\u0119 zastanowi\u0107, ile funkcji b\u0119dzie ona spe\u0142nia\u0107 &#8211; czy ma s\u0142u\u017cy\u0107 wy\u0142\u0105cznie do spania? Czy chcemy, by zmie\u015bci\u0142a si\u0119 tam r\u00f3wnie\u017c garderoba lub du\u017ca szafa? W jakim stylu urz\u0105dzi\u0107 wn\u0119trze? Jak ustawi\u0107 meble, \u017ceby nie tylko do siebie pasowa\u0142y, ale te\u017c by\u0142y funkcjonalne?<\/p>\n<p>Our company's experts are eager to help you find answers to these questions and tailor the available space to your expectations and needs. With thoughtful designs and 3D visualizations, you can see the result before moving to the actual implementation. Clients, with the help of specialists, can ensure there is adequate storage space, choose the optimal bed placement, and focus on its comfort.<\/p>\n<p>Additionally, choosing a custom bedroom ensures that everything will harmonize perfectly. Designers will prevent any issues caused by unusual room dimensions or angles from negatively affecting the overall look.<\/p>\n<h2>\n\t\tWhat style are bedrooms currently being designed in? Custom furniture offers the opportunity to arrange the space in a unique way!\n\t<\/h2>\n\t<p>Cho\u0107 przy urz\u0105dzaniu mieszkania mo\u017cemy inspirowa\u0107 si\u0119 wieloma interesuj\u0105cymi stylami, obecnie kr\u00f3luje jeszcze jeden przewodni trend &#8211; sypialnie na wymiar oraz inne pokoje powinny by\u0107 spersonalizowane! Co to znaczy?<\/p>\n<p>Although sticking to a single style can make interior design simpler and more convenient for most of us, it often results in a space that doesn\u2019t fully reflect our personality or interests. Designers aim to address not only basic needs like restful spaces and convenient storage systems but also to leave room for unique touches and decorations.<\/p>\n<p>When planning, it's helpful to mention the items you enjoy surrounding yourself with. Whether it's family and friends' photos, hand-painted artwork, plants, or interesting posters, incorporating these details will make your bedroom truly special and uniquely yours!<\/p>\n\t\t\t\t<img decoding=\"async\" src=\"https:\/\/expertmeble.com\/wp-content\/uploads\/2026\/01\/logo-transparent.png\" alt=\"logo - transparent\" itemprop=\"image\" height=\"4320\" width=\"4321\" title=\"logo - transparent\" onerror=\"this.style.display='none'\"  \/>\n\t\t\t<a href=\"https:\/\/expertmeble.com\/en\/realizacje\/\" target=\"_self\">\n\t\t\t\t\t\t\tNasze Realizacje &#8211; Meble do Sypialni na wymiar\n\t\t\t\t\t<\/a>\n\t\t\t\t<img decoding=\"async\" src=\"https:\/\/expertmeble.com\/wp-content\/uploads\/2024\/03\/pexels-catherine-augustin-3049121.jpg\" alt=\"stylowe i nowoczesne wn\u0119trze zaaran\u017cowane przez naszego eksperta\" itemprop=\"image\" height=\"1919\" width=\"1085\" title=\"stylowe i nowoczesne wn\u0119trze zaaran\u017cowane przez naszego eksperta\" onerror=\"this.style.display='none'\"  \/>\n<h2>\n\t\tMeble sypialniane na wymiar &#8211; co znajdziesz w naszym sklepie?\n\t<\/h2>\n\t<p>At EXPERT MEBLE, our experienced professionals are ready to meet even the most unique customer demands and are committed to effective collaboration.<\/p>\n<p>However, regardless of the homeowner\u2019s ideas, certain elements remain constant. All custom bedrooms must include a bed, storage space, a nightstand, and possibly additional features. Let\u2019s take a closer look at each of these categories.<\/p>\n<h3>Beds<\/h3>\n<p>When it comes to beds, we offer several options, including:<\/p>\n<ul>\n<li>Upholstered beds with decorative headboards<\/li>\n<li>Wooden framed beds, which may include a storage compartment for bedding<\/li>\n<li>Beds integrated into the surrounding cabinetry<\/li>\n<\/ul>\n<p>The first option is ideal for those who enjoy spending their evenings and mornings reading or watching TV in bed. Upholstering the furniture with a pleasant fabric in an interesting color will add character to the room and make it cozier.<\/p>\n<p>If space is limited in your home, custom furniture from EXPERT MEBLE can address this challenge as well. For example, wall-mounted cabinets can be added near the bed to increase storage space.<\/p>\n<h3>Nightstands<\/h3>\n<p>Though small in size, nightstands significantly impact bedroom comfort. They can be closed, open, or simply a single shelf for items you need in the evening and morning.<\/p>\n<h3>Wardrobes<\/h3>\n<p>In a bedroom, a spacious wardrobe is usually desired. With custom bedroom furniture, there\u2019s no need to worry about adjusting shelves or rods to fit your height and the type of clothing you wear most often. Our professionals ensure that the wardrobe space is maximally utilized.<\/p>\n<p>For smaller rooms, consider ceiling-height cabinetry and sliding doors. The wardrobe will include not only the right number of shelves, baskets, and drawers but also space for items you prefer to keep out of sight, such as a sewing machine, desk, or TV.<\/p>\n<h3>Other<\/h3>\n<p>Custom bedroom furniture offers more possibilities than traditional, pre-made sets, which are tailored to standard room sizes and come with a fixed number of elements.<\/p>\n<p>In our store, you can order everything you need to feel comfortable! This might include vanities, book shelves, or desks for remote work and study.<\/p>\n\t\t\t<a href=\"https:\/\/expertmeble.com\/en\/bedroom-design\/\" target=\"_self\">\n\t\t\t\t\t\t\tSee our approach to interior design\n\t\t\t\t\t<\/a>\n<h3>\n\t\tProject\n\t<\/h3>\n\t<p>Do you dream of a bedroom that is both functional and elegant? Our custom bedroom furniture is the perfect solution! With our personalized design approach, we can create furniture that fits your space perfectly and meets all your needs. Contact us, and our design team will help you create the bedroom of your dreams!<\/p>\n<h3>\n\t\tQuote\n\t<\/h3>\n\t<p>Interested in the cost of custom furniture for your bedroom? Don\u2019t worry, we\u2019re here to help! Contact us, and we\u2019ll provide a personalized quote tailored to your needs and budget. We offer fair and competitive prices so you can enjoy your dream bedroom without breaking the bank. Get in touch today!<\/p>\n<h3>\n\t\tMeasurement\n\t<\/h3>\n\t<p>Accurate measurements are crucial for creating custom furniture for your bedroom. Our experienced team of specialists will take precise measurements to ensure the furniture fits perfectly in your space and meets your expectations. Contact us to schedule a convenient measurement appointment and start the process of designing your ideal custom bedroom!<\/p>\n<h3>\n\t\tContact our experts. We're happy to help!\n\t<\/h3>\n\t\t\t<a href=\"https:\/\/expertmeble.com\/en\/#kontakt\" target=\"_self\">\n\t\t\t\t\t\t\tCall Us\n\t\t\t\t\t<\/a>","protected":false},"excerpt":{"rendered":"<p>Meble do sypialni na wymiar Szczecin ZOBACZ NASZE RELIZACJE Sypialnia na wymiar &#8211; co warto rozwa\u017cy\u0107 wcze\u015bniej? Przy urz\u0105dzaniu swojej idealnej sypialni, czeka nas podj\u0119cie szeregu decyzji. Na pocz\u0105tek warto si\u0119 zastanowi\u0107, ile funkcji b\u0119dzie ona spe\u0142nia\u0107 &#8211; czy ma s\u0142u\u017cy\u0107 wy\u0142\u0105cznie do spania? Czy chcemy, by zmie\u015bci\u0142a si\u0119 tam r\u00f3wnie\u017c garderoba lub du\u017ca szafa?&hellip;<\/p>","protected":false},"author":1,"featured_media":0,"parent":0,"menu_order":0,"comment_status":"closed","ping_status":"closed","template":"","meta":{"footnotes":""},"class_list":["post-2240","page","type-page","status-publish","hentry"],"yoast_head":"<!-- This site is optimized with the Yoast SEO Premium plugin v23.3 (Yoast SEO v26.8) - https:\/\/yoast.com\/product\/yoast-seo-premium-wordpress\/ -->\n<title>Meble do sypialni na wymiar Szczecin | expertmeble.com<\/title>\n<meta name=\"description\" content=\"Dlaczego warto zam\u00f3wi\u0107 meble do sypialni na wymiar? Jakie czynniki nale\u017cy wzi\u0105\u0107 pod uwag\u0119 przy ich wyborze? Sprawd\u017a, co do zaoferowania ma firma EXPERT MEBLE!\" \/>\n<meta name=\"robots\" content=\"index, follow, max-snippet:-1, max-image-preview:large, max-video-preview:-1\" \/>\n<link rel=\"canonical\" href=\"https:\/\/expertmeble.com\/en\/custom-bedroom-furniture\/\" \/>\n<meta property=\"og:locale\" content=\"en_US\" \/>\n<meta property=\"og:type\" content=\"article\" \/>\n<meta property=\"og:title\" content=\"Meble do sypialni na wymiar\" \/>\n<meta property=\"og:description\" content=\"Dlaczego warto zam\u00f3wi\u0107 meble do sypialni na wymiar? Jakie czynniki nale\u017cy wzi\u0105\u0107 pod uwag\u0119 przy ich wyborze? Sprawd\u017a, co do zaoferowania ma firma EXPERT MEBLE!\" \/>\n<meta property=\"og:url\" content=\"https:\/\/expertmeble.com\/en\/custom-bedroom-furniture\/\" \/>\n<meta property=\"og:site_name\" content=\"Expert Meble - Meble Na Wymiar Szczecin: Kuchnie, \u0141azienki, Szafy\" \/>\n<meta property=\"article:publisher\" content=\"https:\/\/www.facebook.com\/expertmeble24\/\" \/>\n<meta property=\"article:modified_time\" content=\"2026-03-27T18:23:23+00:00\" \/>\n<meta property=\"og:image\" content=\"https:\/\/expertmeble.com\/wp-content\/uploads\/2026\/01\/logo-transparent.png\" \/>\n<meta name=\"twitter:card\" content=\"summary_large_image\" \/>\n<meta name=\"twitter:label1\" content=\"Est. reading time\" \/>\n\t<meta name=\"twitter:data1\" content=\"5 minutes\" \/>\n<script type=\"application\/ld+json\" class=\"yoast-schema-graph\">{\"@context\":\"https:\/\/schema.org\",\"@graph\":[{\"@type\":\"WebPage\",\"@id\":\"https:\/\/expertmeble.com\/meble-do-sypialni-na-wymiar\/\",\"url\":\"https:\/\/expertmeble.com\/meble-do-sypialni-na-wymiar\/\",\"name\":\"Meble do sypialni na wymiar Szczecin | expertmeble.com\",\"isPartOf\":{\"@id\":\"https:\/\/expertmeble.com\/#website\"},\"primaryImageOfPage\":{\"@id\":\"https:\/\/expertmeble.com\/meble-do-sypialni-na-wymiar\/#primaryimage\"},\"image\":{\"@id\":\"https:\/\/expertmeble.com\/meble-do-sypialni-na-wymiar\/#primaryimage\"},\"thumbnailUrl\":\"https:\/\/expertmeble.com\/wp-content\/uploads\/2026\/01\/logo-transparent.png\",\"datePublished\":\"2022-09-29T08:41:36+00:00\",\"dateModified\":\"2026-03-27T18:23:23+00:00\",\"description\":\"Dlaczego warto zam\u00f3wi\u0107 meble do sypialni na wymiar? Jakie czynniki nale\u017cy wzi\u0105\u0107 pod uwag\u0119 przy ich wyborze? Sprawd\u017a, co do zaoferowania ma firma EXPERT MEBLE!\",\"breadcrumb\":{\"@id\":\"https:\/\/expertmeble.com\/meble-do-sypialni-na-wymiar\/#breadcrumb\"},\"inLanguage\":\"en-US\",\"potentialAction\":[{\"@type\":\"ReadAction\",\"target\":[\"https:\/\/expertmeble.com\/meble-do-sypialni-na-wymiar\/\"]}]},{\"@type\":\"ImageObject\",\"inLanguage\":\"en-US\",\"@id\":\"https:\/\/expertmeble.com\/meble-do-sypialni-na-wymiar\/#primaryimage\",\"url\":\"https:\/\/expertmeble.com\/wp-content\/uploads\/2026\/01\/logo-transparent.png\",\"contentUrl\":\"https:\/\/expertmeble.com\/wp-content\/uploads\/2026\/01\/logo-transparent.png\"},{\"@type\":\"BreadcrumbList\",\"@id\":\"https:\/\/expertmeble.com\/meble-do-sypialni-na-wymiar\/#breadcrumb\",\"itemListElement\":[{\"@type\":\"ListItem\",\"position\":1,\"name\":\"Strona g\u0142\u00f3wna\",\"item\":\"https:\/\/expertmeble.com\/\"},{\"@type\":\"ListItem\",\"position\":2,\"name\":\"Meble do sypialni na wymiar\"}]},{\"@type\":\"WebSite\",\"@id\":\"https:\/\/expertmeble.com\/#website\",\"url\":\"https:\/\/expertmeble.com\/\",\"name\":\"Expert Meble - Meble Na Wymiar Szczecin: Kuchnie, \u0141azienki, Szafy\",\"description\":\"Meble, kuchnie, szafy, \u0142azienki oraz zabudowy na wymiar.\",\"potentialAction\":[{\"@type\":\"SearchAction\",\"target\":{\"@type\":\"EntryPoint\",\"urlTemplate\":\"https:\/\/expertmeble.com\/?s={search_term_string}\"},\"query-input\":{\"@type\":\"PropertyValueSpecification\",\"valueRequired\":true,\"valueName\":\"search_term_string\"}}],\"inLanguage\":\"en-US\"}]}<\/script>\n<!-- \/ Yoast SEO Premium plugin. -->","yoast_head_json":{"title":"Meble do sypialni na wymiar Szczecin | expertmeble.com","description":"Dlaczego warto zam\u00f3wi\u0107 meble do sypialni na wymiar? Jakie czynniki nale\u017cy wzi\u0105\u0107 pod uwag\u0119 przy ich wyborze? Sprawd\u017a, co do zaoferowania ma firma EXPERT MEBLE!","robots":{"index":"index","follow":"follow","max-snippet":"max-snippet:-1","max-image-preview":"max-image-preview:large","max-video-preview":"max-video-preview:-1"},"canonical":"https:\/\/expertmeble.com\/en\/custom-bedroom-furniture\/","og_locale":"en_US","og_type":"article","og_title":"Meble do sypialni na wymiar","og_description":"Dlaczego warto zam\u00f3wi\u0107 meble do sypialni na wymiar? Jakie czynniki nale\u017cy wzi\u0105\u0107 pod uwag\u0119 przy ich wyborze? Sprawd\u017a, co do zaoferowania ma firma EXPERT MEBLE!","og_url":"https:\/\/expertmeble.com\/en\/custom-bedroom-furniture\/","og_site_name":"Expert Meble - Meble Na Wymiar Szczecin: Kuchnie, \u0141azienki, Szafy","article_publisher":"https:\/\/www.facebook.com\/expertmeble24\/","article_modified_time":"2026-03-27T18:23:23+00:00","og_image":[{"url":"https:\/\/expertmeble.com\/wp-content\/uploads\/2026\/01\/logo-transparent.png","type":"","width":"","height":""}],"twitter_card":"summary_large_image","twitter_misc":{"Est. reading time":"5 minutes"},"schema":{"@context":"https:\/\/schema.org","@graph":[{"@type":"WebPage","@id":"https:\/\/expertmeble.com\/meble-do-sypialni-na-wymiar\/","url":"https:\/\/expertmeble.com\/meble-do-sypialni-na-wymiar\/","name":"Meble do sypialni na wymiar Szczecin | expertmeble.com","isPartOf":{"@id":"https:\/\/expertmeble.com\/#website"},"primaryImageOfPage":{"@id":"https:\/\/expertmeble.com\/meble-do-sypialni-na-wymiar\/#primaryimage"},"image":{"@id":"https:\/\/expertmeble.com\/meble-do-sypialni-na-wymiar\/#primaryimage"},"thumbnailUrl":"https:\/\/expertmeble.com\/wp-content\/uploads\/2026\/01\/logo-transparent.png","datePublished":"2022-09-29T08:41:36+00:00","dateModified":"2026-03-27T18:23:23+00:00","description":"Dlaczego warto zam\u00f3wi\u0107 meble do sypialni na wymiar? Jakie czynniki nale\u017cy wzi\u0105\u0107 pod uwag\u0119 przy ich wyborze? Sprawd\u017a, co do zaoferowania ma firma EXPERT MEBLE!","breadcrumb":{"@id":"https:\/\/expertmeble.com\/meble-do-sypialni-na-wymiar\/#breadcrumb"},"inLanguage":"en-US","potentialAction":[{"@type":"ReadAction","target":["https:\/\/expertmeble.com\/meble-do-sypialni-na-wymiar\/"]}]},{"@type":"ImageObject","inLanguage":"en-US","@id":"https:\/\/expertmeble.com\/meble-do-sypialni-na-wymiar\/#primaryimage","url":"https:\/\/expertmeble.com\/wp-content\/uploads\/2026\/01\/logo-transparent.png","contentUrl":"https:\/\/expertmeble.com\/wp-content\/uploads\/2026\/01\/logo-transparent.png"},{"@type":"BreadcrumbList","@id":"https:\/\/expertmeble.com\/meble-do-sypialni-na-wymiar\/#breadcrumb","itemListElement":[{"@type":"ListItem","position":1,"name":"Strona g\u0142\u00f3wna","item":"https:\/\/expertmeble.com\/"},{"@type":"ListItem","position":2,"name":"Meble do sypialni na wymiar"}]},{"@type":"WebSite","@id":"https:\/\/expertmeble.com\/#website","url":"https:\/\/expertmeble.com\/","name":"Expert Meble - Meble Na Wymiar Szczecin: Kuchnie, \u0141azienki, Szafy","description":"Meble, kuchnie, szafy, \u0142azienki oraz zabudowy na wymiar.","potentialAction":[{"@type":"SearchAction","target":{"@type":"EntryPoint","urlTemplate":"https:\/\/expertmeble.com\/?s={search_term_string}"},"query-input":{"@type":"PropertyValueSpecification","valueRequired":true,"valueName":"search_term_string"}}],"inLanguage":"en-US"}]}},"_links":{"self":[{"href":"https:\/\/expertmeble.com\/en\/wp-json\/wp\/v2\/pages\/2240","targetHints":{"allow":["GET"]}}],"collection":[{"href":"https:\/\/expertmeble.com\/en\/wp-json\/wp\/v2\/pages"}],"about":[{"href":"https:\/\/expertmeble.com\/en\/wp-json\/wp\/v2\/types\/page"}],"author":[{"embeddable":true,"href":"https:\/\/expertmeble.com\/en\/wp-json\/wp\/v2\/users\/1"}],"replies":[{"embeddable":true,"href":"https:\/\/expertmeble.com\/en\/wp-json\/wp\/v2\/comments?post=2240"}],"version-history":[{"count":14,"href":"https:\/\/expertmeble.com\/en\/wp-json\/wp\/v2\/pages\/2240\/revisions"}],"predecessor-version":[{"id":5435,"href":"https:\/\/expertmeble.com\/en\/wp-json\/wp\/v2\/pages\/2240\/revisions\/5435"}],"wp:attachment":[{"href":"https:\/\/expertmeble.com\/en\/wp-json\/wp\/v2\/media?parent=2240"}],"curies":[{"name":"wp","href":"https:\/\/api.w.org\/{rel}","templated":true}]}}