{"id":2244,"date":"2022-09-29T10:59:12","date_gmt":"2022-09-29T08:59:12","guid":{"rendered":"https:\/\/expertmeble.com\/?page_id=2244"},"modified":"2026-03-24T21:53:11","modified_gmt":"2026-03-24T20:53:11","slug":"projekt-kuchni-na-wymiar","status":"publish","type":"page","link":"https:\/\/expertmeble.com\/en\/projekt-kuchni-na-wymiar\/","title":{"rendered":"Custom Kitchen Design"},"content":{"rendered":"<h1>\n\t\tCUSTOM KITCHEN DESIGN SZCZECIN\n\t<\/h1>\n\t\t\t<a href=\"https:\/\/expertmeble.com\/en\/gallery\/\" target=\"_self\">\n\t\t\t\t\t\t\tZOBACZ NASZE PROJEKTY\n\t\t\t\t\t<\/a>\n<h2>\n\t\tProjekt kuchni na wymiar &#8211; poznaj g\u0142\u00f3wne atuty tego rozwi\u0105zania!\n\t<\/h2>\n\t<p>Custom kitchen design is one of the main services provided by our experts at Expert Meble. This may be because it is often the most challenging space for clients to design without professional help, while it is crucial that the room looks good and functions well. The kitchen often becomes a place for gatherings, relationship building, and enjoyable moments. It should be tailored to our needs and be both welcoming and impressive for guests.<\/p>\n<p>What sets custom kitchen designs apart from ready-made furniture sets from popular chain stores? Let\u2019s take a look at some of their biggest advantages.<\/p>\n<h2>\n\t\tTwoja wymarzona kuchnia. Projekt na wymiar &#8211; czy uwzgl\u0119dnia r\u00f3wnie\u017c monta\u017c?\n\t<\/h2>\n\t<p>Let's move on to the project execution stage. The design has been selected, the space is ready for professionals, and we are eagerly anticipating the result. How does working with Expert Meble proceed at this stage?<\/p>\n<p>Experienced professionals remain responsible for everything. They will handle the installation of all the furniture efficiently and swiftly. But that's not all! They are also qualified to connect all the kitchen appliances, such as the oven, sink, microwave, and dishwasher. This means that we need just one team for all tasks. Once they finish, we can immediately enjoy a cup of coffee in our dream kitchen.<\/p>\n<h2>\n\t\tProjektowanie kuchni na wymiar &#8211; czy warto?\n\t<\/h2>\n\t<p>To briefly answer the question above, a custom kitchen design is the solution for anyone who wants to turn their kitchen into a functional yet beautiful space. Using the best materials and tailoring the style to the user ensures that you will enjoy the results for many years!<\/p>\n\t\t\t\t<img decoding=\"async\" src=\"https:\/\/expertmeble.com\/wp-content\/uploads\/2024\/03\/pexels-katrin-bolovtsova-4049869.jpg\" alt=\"profesjonalna projektant wn\u0119trz projektuje projekt kuchni\" itemprop=\"image\" height=\"2560\" width=\"1920\" title=\"profesjonalna projektant wn\u0119trz projektuje projekt kuchni\" onerror=\"this.style.display='none'\"  \/>\n\t\t\t\t<img decoding=\"async\" src=\"https:\/\/expertmeble.com\/wp-content\/uploads\/2026\/01\/logo-transparent.png\" alt=\"logo - transparent\" itemprop=\"image\" height=\"4320\" width=\"4321\" title=\"logo - transparent\" onerror=\"this.style.display='none'\"  \/>\n\t\t\t\t01) ERGONOMICS\n\t\t\t\t<p>Bardzo rzadko mamy do czynienia z czym\u015b, co mo\u017cna by nazwa\u0107 \u201etypow\u0105 kuchni\u0105&#8221;. Najcz\u0119\u015bciej pomieszczenie to ma swoje cechy charakterystyczne, kt\u00f3re sprawiaj\u0105, \u017ce jedynie projekt kuchni na wymiar umo\u017cliwia dopasowanie wszystkich sprz\u0119t\u00f3w i mebli do powierzchni \u015bcian i pod\u0142\u00f3g. Projekt wykonany przez profesjonalist\u00f3w uwzgl\u0119dnia wszystkie skosy, zakamarki i wn\u0119ki tak, by \u017cadne miejsce nie zosta\u0142o niezagospodarowane. W przeciwnym razie zacz\u0105\u0142by si\u0119 tam gromadzi\u0107 kurz i brud, kt\u00f3rych trudno si\u0119 pozby\u0107.<\/p>\n\t\t\t\t02) USER CUSTOMIZATION\n\t\t\t\t<p>Custom kitchen design not only allows you to fully utilize the available space but also adapts it to the needs of the household members. For example, tall people might prefer higher countertops and can easily reach even the highest shelves, which might not be comfortable for shorter individuals or teenagers. Some people like to have more items visible, while others value minimalism. For some clients, drawers are the most convenient option, while others cannot imagine a kitchen without traditionally hinged cabinets. In reality, there are as many needs as there are people on earth. Our specialists will consider all of these needs when designing your dream custom kitchen.<\/p>\n\t\t\t\t03) HIGH QUALITY OF MATERIALS\n\t\t\t\t<p>Mass-produced furniture cannot guarantee this crucial factor. How long should our kitchen bring us joy? A custom design is intended for years of intense use, which is why all materials used for the furniture are of the highest quality. Clients have the ability to choose the type of wood for their furniture. The experts at EXPERT MEBLE ensure that every detail matches the rest and performs its intended function. It is precisely elements like hinges, guides, and connections that often cause issues, so their role cannot be underestimated.<\/p>\n\t\t\t\t04) UNLIMITED POSSIBILITIES\n\t\t\t\t<p>Custom kitchen designs have another important advantage: they can meet even the boldest expectations of their users. If we dream of a countertop extending into a wide windowsill or are fans of cargo systems, our experts are eager to take on such challenges! Our kitchen can become a truly unique and original space that caters to our needs and reflects our character. We can let our imagination run a bit and work with designers to create the kitchen of our dreams.<\/p>\n\t\t\t\t05) UNIQUE STYLE\n\t\t\t\t<p>Finally, it's worth mentioning the style options we can choose when opting for a custom kitchen. Stores often feature universal sets that fit the tastes of most customers, and we have nothing against that. Many of the people we work with also choose classic or neutral color combinations. However, if we want to make this part of our home stand out in any way, this can only be achieved through a custom design. We can differentiate with details like handles or decorations, lighting, or shape and color. In this respect, we also have many arrangement possibilities. It all depends on what will make us feel comfortable for the years to come.<\/p>\n<h3>\n\t\tContact our experts. We're happy to help!\n\t<\/h3>\n\t\t\t<a href=\"https:\/\/expertmeble.com\/en\/#kontakt\" target=\"_self\">\n\t\t\t\t\t\t\tCall Us\n\t\t\t\t\t<\/a>","protected":false},"excerpt":{"rendered":"<p>PROJEKT KUCHNI NA WYMIAR SZCZECIN ZOBACZ NASZE PROJEKTY Projekt kuchni na wymiar &#8211; poznaj g\u0142\u00f3wne atuty tego rozwi\u0105zania! Projektowanie kuchni na wymiar jest jedn\u0105 z g\u0142\u00f3wnych us\u0142ug, jak\u0105 zajmuj\u0105 si\u0119 nasi fachowcy z firmy Expert Meble. Dzieje si\u0119 tak by\u0107 mo\u017ce dlatego, \u017ce klientom najtrudniej urz\u0105dzi\u0107 to miejsce bez pomocy specjalist\u00f3w, a jednocze\u015bnie bardzo zale\u017cy&hellip;<\/p>","protected":false},"author":1,"featured_media":0,"parent":0,"menu_order":0,"comment_status":"closed","ping_status":"closed","template":"","meta":{"footnotes":""},"class_list":["post-2244","page","type-page","status-publish","hentry"],"yoast_head":"<!-- This site is optimized with the Yoast SEO Premium plugin v27.4 (Yoast SEO v27.4) - https:\/\/yoast.com\/product\/yoast-seo-premium-wordpress\/ -->\n<title>Projekt kuchni na wymiar | projektowanie kuchni | expertmeble.com<\/title>\n<meta name=\"description\" content=\"Jak sprawi\u0107, by najwa\u017cniejszym miejscem w domu zn\u00f3w sta\u0142a si\u0119 kuchnia? Projekt na wymiar kuchni wykonany w firmie EXPERT MEBLE pomo\u017ce spe\u0142ni\u0107 marzenia swoich klient\u00f3w!\" \/>\n<meta name=\"robots\" content=\"index, follow, max-snippet:-1, max-image-preview:large, max-video-preview:-1\" \/>\n<link rel=\"canonical\" href=\"https:\/\/expertmeble.com\/en\/custom-kitchen-design\/\" \/>\n<meta property=\"og:locale\" content=\"en_US\" \/>\n<meta property=\"og:type\" content=\"article\" \/>\n<meta property=\"og:title\" content=\"Projekt kuchni na wymiar\" \/>\n<meta property=\"og:description\" content=\"Jak sprawi\u0107, by najwa\u017cniejszym miejscem w domu zn\u00f3w sta\u0142a si\u0119 kuchnia? Projekt na wymiar kuchni wykonany w firmie EXPERT MEBLE pomo\u017ce spe\u0142ni\u0107 marzenia swoich klient\u00f3w!\" \/>\n<meta property=\"og:url\" content=\"https:\/\/expertmeble.com\/en\/custom-kitchen-design\/\" \/>\n<meta property=\"og:site_name\" content=\"Expert Meble - Meble Na Wymiar Szczecin: Kuchnie, \u0141azienki, Szafy\" \/>\n<meta property=\"article:publisher\" content=\"https:\/\/www.facebook.com\/expertmeble24\/\" \/>\n<meta property=\"article:modified_time\" content=\"2026-03-24T20:53:11+00:00\" \/>\n<meta property=\"og:image\" content=\"https:\/\/expertmeble.com\/wp-content\/uploads\/2024\/03\/pexels-katrin-bolovtsova-4049869.jpg\" \/>\n<meta name=\"twitter:card\" content=\"summary_large_image\" \/>\n<meta name=\"twitter:label1\" content=\"Est. reading time\" \/>\n\t<meta name=\"twitter:data1\" content=\"4 minutes\" \/>\n<script type=\"application\/ld+json\" class=\"yoast-schema-graph\">{\"@context\":\"https:\\\/\\\/schema.org\",\"@graph\":[{\"@type\":\"WebPage\",\"@id\":\"https:\\\/\\\/expertmeble.com\\\/projekt-kuchni-na-wymiar\\\/\",\"url\":\"https:\\\/\\\/expertmeble.com\\\/projekt-kuchni-na-wymiar\\\/\",\"name\":\"Projekt kuchni na wymiar | projektowanie kuchni | expertmeble.com\",\"isPartOf\":{\"@id\":\"https:\\\/\\\/expertmeble.com\\\/#website\"},\"primaryImageOfPage\":{\"@id\":\"https:\\\/\\\/expertmeble.com\\\/projekt-kuchni-na-wymiar\\\/#primaryimage\"},\"image\":{\"@id\":\"https:\\\/\\\/expertmeble.com\\\/projekt-kuchni-na-wymiar\\\/#primaryimage\"},\"thumbnailUrl\":\"https:\\\/\\\/expertmeble.com\\\/wp-content\\\/uploads\\\/2024\\\/03\\\/pexels-katrin-bolovtsova-4049869.jpg\",\"datePublished\":\"2022-09-29T08:59:12+00:00\",\"dateModified\":\"2026-03-24T20:53:11+00:00\",\"description\":\"Jak sprawi\u0107, by najwa\u017cniejszym miejscem w domu zn\u00f3w sta\u0142a si\u0119 kuchnia? Projekt na wymiar kuchni wykonany w firmie EXPERT MEBLE pomo\u017ce spe\u0142ni\u0107 marzenia swoich klient\u00f3w!\",\"breadcrumb\":{\"@id\":\"https:\\\/\\\/expertmeble.com\\\/projekt-kuchni-na-wymiar\\\/#breadcrumb\"},\"inLanguage\":\"en-US\",\"potentialAction\":[{\"@type\":\"ReadAction\",\"target\":[\"https:\\\/\\\/expertmeble.com\\\/projekt-kuchni-na-wymiar\\\/\"]}]},{\"@type\":\"ImageObject\",\"inLanguage\":\"en-US\",\"@id\":\"https:\\\/\\\/expertmeble.com\\\/projekt-kuchni-na-wymiar\\\/#primaryimage\",\"url\":\"https:\\\/\\\/expertmeble.com\\\/wp-content\\\/uploads\\\/2024\\\/03\\\/pexels-katrin-bolovtsova-4049869.jpg\",\"contentUrl\":\"https:\\\/\\\/expertmeble.com\\\/wp-content\\\/uploads\\\/2024\\\/03\\\/pexels-katrin-bolovtsova-4049869.jpg\"},{\"@type\":\"BreadcrumbList\",\"@id\":\"https:\\\/\\\/expertmeble.com\\\/projekt-kuchni-na-wymiar\\\/#breadcrumb\",\"itemListElement\":[{\"@type\":\"ListItem\",\"position\":1,\"name\":\"Strona g\u0142\u00f3wna\",\"item\":\"https:\\\/\\\/expertmeble.com\\\/\"},{\"@type\":\"ListItem\",\"position\":2,\"name\":\"Projekt kuchni na wymiar\"}]},{\"@type\":\"WebSite\",\"@id\":\"https:\\\/\\\/expertmeble.com\\\/#website\",\"url\":\"https:\\\/\\\/expertmeble.com\\\/\",\"name\":\"Expert Meble - Meble Na Wymiar Szczecin: Kuchnie, \u0141azienki, Szafy\",\"description\":\"Meble, kuchnie, szafy, \u0142azienki oraz zabudowy na wymiar.\",\"potentialAction\":[{\"@type\":\"SearchAction\",\"target\":{\"@type\":\"EntryPoint\",\"urlTemplate\":\"https:\\\/\\\/expertmeble.com\\\/?s={search_term_string}\"},\"query-input\":{\"@type\":\"PropertyValueSpecification\",\"valueRequired\":true,\"valueName\":\"search_term_string\"}}],\"inLanguage\":\"en-US\"}]}<\/script>\n<!-- \/ Yoast SEO Premium plugin. -->","yoast_head_json":{"title":"Projekt kuchni na wymiar | projektowanie kuchni | expertmeble.com","description":"Jak sprawi\u0107, by najwa\u017cniejszym miejscem w domu zn\u00f3w sta\u0142a si\u0119 kuchnia? Projekt na wymiar kuchni wykonany w firmie EXPERT MEBLE pomo\u017ce spe\u0142ni\u0107 marzenia swoich klient\u00f3w!","robots":{"index":"index","follow":"follow","max-snippet":"max-snippet:-1","max-image-preview":"max-image-preview:large","max-video-preview":"max-video-preview:-1"},"canonical":"https:\/\/expertmeble.com\/en\/custom-kitchen-design\/","og_locale":"en_US","og_type":"article","og_title":"Projekt kuchni na wymiar","og_description":"Jak sprawi\u0107, by najwa\u017cniejszym miejscem w domu zn\u00f3w sta\u0142a si\u0119 kuchnia? Projekt na wymiar kuchni wykonany w firmie EXPERT MEBLE pomo\u017ce spe\u0142ni\u0107 marzenia swoich klient\u00f3w!","og_url":"https:\/\/expertmeble.com\/en\/custom-kitchen-design\/","og_site_name":"Expert Meble - Meble Na Wymiar Szczecin: Kuchnie, \u0141azienki, Szafy","article_publisher":"https:\/\/www.facebook.com\/expertmeble24\/","article_modified_time":"2026-03-24T20:53:11+00:00","og_image":[{"url":"https:\/\/expertmeble.com\/wp-content\/uploads\/2024\/03\/pexels-katrin-bolovtsova-4049869.jpg","type":"","width":"","height":""}],"twitter_card":"summary_large_image","twitter_misc":{"Est. reading time":"4 minutes"},"schema":{"@context":"https:\/\/schema.org","@graph":[{"@type":"WebPage","@id":"https:\/\/expertmeble.com\/projekt-kuchni-na-wymiar\/","url":"https:\/\/expertmeble.com\/projekt-kuchni-na-wymiar\/","name":"Projekt kuchni na wymiar | projektowanie kuchni | expertmeble.com","isPartOf":{"@id":"https:\/\/expertmeble.com\/#website"},"primaryImageOfPage":{"@id":"https:\/\/expertmeble.com\/projekt-kuchni-na-wymiar\/#primaryimage"},"image":{"@id":"https:\/\/expertmeble.com\/projekt-kuchni-na-wymiar\/#primaryimage"},"thumbnailUrl":"https:\/\/expertmeble.com\/wp-content\/uploads\/2024\/03\/pexels-katrin-bolovtsova-4049869.jpg","datePublished":"2022-09-29T08:59:12+00:00","dateModified":"2026-03-24T20:53:11+00:00","description":"Jak sprawi\u0107, by najwa\u017cniejszym miejscem w domu zn\u00f3w sta\u0142a si\u0119 kuchnia? Projekt na wymiar kuchni wykonany w firmie EXPERT MEBLE pomo\u017ce spe\u0142ni\u0107 marzenia swoich klient\u00f3w!","breadcrumb":{"@id":"https:\/\/expertmeble.com\/projekt-kuchni-na-wymiar\/#breadcrumb"},"inLanguage":"en-US","potentialAction":[{"@type":"ReadAction","target":["https:\/\/expertmeble.com\/projekt-kuchni-na-wymiar\/"]}]},{"@type":"ImageObject","inLanguage":"en-US","@id":"https:\/\/expertmeble.com\/projekt-kuchni-na-wymiar\/#primaryimage","url":"https:\/\/expertmeble.com\/wp-content\/uploads\/2024\/03\/pexels-katrin-bolovtsova-4049869.jpg","contentUrl":"https:\/\/expertmeble.com\/wp-content\/uploads\/2024\/03\/pexels-katrin-bolovtsova-4049869.jpg"},{"@type":"BreadcrumbList","@id":"https:\/\/expertmeble.com\/projekt-kuchni-na-wymiar\/#breadcrumb","itemListElement":[{"@type":"ListItem","position":1,"name":"Strona g\u0142\u00f3wna","item":"https:\/\/expertmeble.com\/"},{"@type":"ListItem","position":2,"name":"Projekt kuchni na wymiar"}]},{"@type":"WebSite","@id":"https:\/\/expertmeble.com\/#website","url":"https:\/\/expertmeble.com\/","name":"Expert Meble - Meble Na Wymiar Szczecin: Kuchnie, \u0141azienki, Szafy","description":"Meble, kuchnie, szafy, \u0142azienki oraz zabudowy na wymiar.","potentialAction":[{"@type":"SearchAction","target":{"@type":"EntryPoint","urlTemplate":"https:\/\/expertmeble.com\/?s={search_term_string}"},"query-input":{"@type":"PropertyValueSpecification","valueRequired":true,"valueName":"search_term_string"}}],"inLanguage":"en-US"}]}},"_links":{"self":[{"href":"https:\/\/expertmeble.com\/en\/wp-json\/wp\/v2\/pages\/2244","targetHints":{"allow":["GET"]}}],"collection":[{"href":"https:\/\/expertmeble.com\/en\/wp-json\/wp\/v2\/pages"}],"about":[{"href":"https:\/\/expertmeble.com\/en\/wp-json\/wp\/v2\/types\/page"}],"author":[{"embeddable":true,"href":"https:\/\/expertmeble.com\/en\/wp-json\/wp\/v2\/users\/1"}],"replies":[{"embeddable":true,"href":"https:\/\/expertmeble.com\/en\/wp-json\/wp\/v2\/comments?post=2244"}],"version-history":[{"count":25,"href":"https:\/\/expertmeble.com\/en\/wp-json\/wp\/v2\/pages\/2244\/revisions"}],"predecessor-version":[{"id":5306,"href":"https:\/\/expertmeble.com\/en\/wp-json\/wp\/v2\/pages\/2244\/revisions\/5306"}],"wp:attachment":[{"href":"https:\/\/expertmeble.com\/en\/wp-json\/wp\/v2\/media?parent=2244"}],"curies":[{"name":"wp","href":"https:\/\/api.w.org\/{rel}","templated":true}]}}