{"id":2250,"date":"2022-09-29T11:07:39","date_gmt":"2022-09-29T09:07:39","guid":{"rendered":"https:\/\/expertmeble.com\/?page_id=2250"},"modified":"2026-03-24T22:00:40","modified_gmt":"2026-03-24T21:00:40","slug":"projekt-malej-lazienki","status":"publish","type":"page","link":"https:\/\/expertmeble.com\/en\/projekt-malej-lazienki\/","title":{"rendered":"Custom Design for Small Bathrooms"},"content":{"rendered":"<h1>\n\t\tCUSTOM SMALL BATHROOM DESIGN SZCZECIN\n\t<\/h1>\n\t\t\t<a href=\"https:\/\/expertmeble.com\/en\/gallery\/\" target=\"_self\">\n\t\t\t\t\t\t\tSEE MORE\n\t\t\t\t\t<\/a>\n<h2>\n\t\tYour Ideal Bathroom? A Custom Design by Our Specialists Will Make That Dream Come True!\n\t<\/h2>\n\t<p>Warto podkre\u015bli\u0107 jedn\u0105 istotn\u0105 zalet\u0119 aran\u017cacji \u0142azienki na wymiar. Meble, kt\u00f3re wybierzemy, b\u0119d\u0105 oczywi\u015bcie funkcjonalne i perfekcyjnie zagospodaruj\u0105 dost\u0119pn\u0105 nam przestrze\u0144. Jednak jest co\u015b jeszcze &#8211; klienci mog\u0105 w jaki\u015b spos\u00f3b spersonalizowa\u0107 nawet to pomieszczenie!<\/p>\n<p>An original effect can be achieved, for example, through the use of unusual colors in accents or larger d\u00e9cor elements. Sometimes opting for an unconventional shape or size of furniture can make a difference, and often, adding interesting handles and lighting is enough to achieve a stunning result.<\/p>\n<p>In summary, custom bathroom designs not only address our needs but also ensure that spending time in this space brings true pleasure.<\/p>\n<h2>\n\t\t\u0141azienki na wymiar &#8211; dlaczego warto zainwestowa\u0107?\n\t<\/h2>\n\t<p>A bathroom is a space where, contrary to appearances, we spend quite a bit of time. It should be well-organized to facilitate quick mornings, daily grooming routines, and evening relaxation and preparation for sleep.<\/p>\n<p>Cho\u0107 oczywi\u015bcie mo\u017cna skorzysta\u0107 z gotowych i dost\u0119pnych na rynku \u201euniwersalnych&#8221; mebli, trudno b\u0119dzie nam za ich pomoc\u0105 osi\u0105gn\u0105\u0107 efekt, na jaki liczymy. Jedynie decyduj\u0105c si\u0119 na projekt oraz wykonanie \u0142azienki na wymiar, zyskujemy pewno\u015b\u0107, \u017ce sprosta ona naszym oczekiwaniom.<\/p>\n<p>Since each person has slightly different needs, this will be reflected in the choice of shelves, cabinets, drawers, and other storage solutions. Some people like to have everything within reach, others want to fit not only cosmetics but also towels and linens into the bathroom, while some prefer a stark minimalist approach. Custom bathroom designs are the only way to achieve all these goals.<\/p>\n<p>What are the other benefits of this solution? Here are some of them:<\/p>\n<ul>\n<li>Durability of Materials: Our specialists help choose durable materials. Thus, when selecting a bathroom furniture design, we can be sure it will last for many years.<\/li>\n<li>No Hidden Nooks: Custom bathroom designs are created to ensure every space is functional and usable, avoiding inaccessible corners that collect moisture and dust. This ensures cleanliness and order.<\/li>\n<li>Cohesive Design: More and more often, kitchen, living room, and bathroom furniture is made from the same type of wood or follows a central design theme in terms of construction or color. In such a space, not only does our body rest, but our mind also finds peace.<\/li>\n<\/ul>\n\t\t\t\t<img decoding=\"async\" src=\"https:\/\/expertmeble.com\/wp-content\/uploads\/2024\/03\/front-view-eco-cosmetics-concept.jpg\" alt=\"Ekskluzywna \u0142azienka z blatem kamiennym i bia\u0142ym zlewem\" itemprop=\"image\" height=\"1920\" width=\"1126\" title=\"Ekskluzywna \u0142azienka z blatem kamiennym i bia\u0142ym zlewem\" onerror=\"this.style.display='none'\"  \/>\n\t\t\t\t<img decoding=\"async\" src=\"https:\/\/expertmeble.com\/wp-content\/uploads\/2024\/03\/high-angle-eco-cosmetics-concept.jpg\" alt=\"ma\u0142a \u0142\u0105zienka na wymiar po projekcie\" itemprop=\"image\" height=\"1919\" width=\"1145\" title=\"ma\u0142a \u0142\u0105zienka na wymiar po projekcie\" onerror=\"this.style.display='none'\"  \/>\n<h2>\n\t\tCustom Bathroom Designs for Small Spaces\n\t<\/h2>\n\t<p>For many of us living in apartments where the bathroom space is limited, it may seem challenging to bring our vision to life. Can our designers handle such a challenge?<\/p>\n<p>Absolutely! A bathroom doesn't have to be a space we dread using, even if it's small or contains unusual alcoves. In such situations, professional help is precisely what we need. Our designers have extensive experience dealing with these challenges and are not afraid of innovative solutions.<\/p>\n<p>Mo\u017cemy by\u0107 pewni, \u017ce zadbaj\u0105 o to, by potencja\u0142 pomieszczenia zosta\u0142 maksymalnie wykorzystany. Jak zatem powinna wygl\u0105da\u0107 taka \u0142azienka? Projekt skrojony na wymiar pozwoli na zachowanie ergonomii i funkcjonalno\u015bci. Na przyk\u0142ad cz\u0119\u015b\u0107 szafek mo\u017ce zosta\u0107 wkomponowana w \u015bciany, pozostaj\u0105c niewidoczn\u0105, a jednocze\u015bnie zapewniaj\u0105c dodatkowe miejsce na przechowywanie. Odpowiednio dobrane meble pozwol\u0105 r\u00f3wnie\u017c ukry\u0107 to, czego nie chcemy pokazywa\u0107 &#8211; np. pralk\u0119, rurki czy przy\u0142\u0105cza.<\/p>\n<p>Importantly, choosing light-colored, reflective surfaces can make the bathroom appear larger than it actually is!<\/p>\n\t\t\t\t<img decoding=\"async\" src=\"https:\/\/expertmeble.com\/wp-content\/uploads\/2026\/01\/logo-transparent.png\" alt=\"logo - transparent\" itemprop=\"image\" height=\"4320\" width=\"4321\" title=\"logo - transparent\" onerror=\"this.style.display='none'\"  \/>\n<h2>\n\t\tARAN\u017bACJE DU\u017bYCH \u0141AZIENEK\n\t<\/h2>\n\t<p>A co, je\u015bli mieszkamy w domu i mamy do dyspozycji wiele metr\u00f3w kwadratowych? Czy wtedy te\u017c musimy korzysta\u0107 z pomocy projektanta? Tak i to z kilku powod\u00f3w.<\/p>\n<p>Popularne sklepy z gotowym wyposa\u017ceniem \u0142azienek nie trudz\u0105 si\u0119 w przygotowaniu wi\u0119kszej ilo\u015bci mebli do tego pomieszczenia. Zwykle ograniczaj\u0105 si\u0119 do tych podstawowych element\u00f3w, tj. szafka pod umywalk\u0119, witryna i p\u00f3\u0142ka z lustrem. W du\u017cej przestrzeni jest to nie tylko niewystarczaj\u0105ce, ale te\u017c tworzy ubogi, niedoko\u0144czony efekt.<\/p>\n<p>Zamawiaj\u0105c projekt \u0142azienki na wymiar, mo\u017cemy pu\u015bci\u0107 wodz\u0119 wyobra\u017ani i zadba\u0107, by ka\u017cdy domownik znalaz\u0142 tu przestrze\u0144 dla siebie. Czy zdecydujemy si\u0119 na podw\u00f3jn\u0105 umywalk\u0119? A mo\u017ce chcemy stworzy\u0107 prawdziwy pok\u00f3j k\u0105pielowy z miejscem do relaksu i spa? Wszystko to jest mo\u017cliwe, dzi\u0119ki pomocy naszych projektant\u00f3w.<\/p>\n<h3>\n\t\tZapraszamy do rozmowy z naszym zespo\u0142em!\n\t<\/h3>\n\t\t\t<a href=\"https:\/\/expertmeble.com\/en\/#kontakt\" target=\"_self\">\n\t\t\t\t\t\t\tCall Us\n\t\t\t\t\t<\/a>","protected":false},"excerpt":{"rendered":"<p>PROJEKT MA\u0141EJ \u0141AZIENKI NA WYMIAR SZCZECIN ZOBACZ WI\u0118CEJ Twoja idealna \u0142azienka? Projekt na wymiar wykonany przez naszych specjalist\u00f3w pozwoli ci spe\u0142ni\u0107 to marzenie! Warto podkre\u015bli\u0107 jedn\u0105 istotn\u0105 zalet\u0119 aran\u017cacji \u0142azienki na wymiar. Meble, kt\u00f3re wybierzemy, b\u0119d\u0105 oczywi\u015bcie funkcjonalne i perfekcyjnie zagospodaruj\u0105 dost\u0119pn\u0105 nam przestrze\u0144. Jednak jest co\u015b jeszcze &#8211; klienci mog\u0105 w jaki\u015b spos\u00f3b spersonalizowa\u0107&hellip;<\/p>","protected":false},"author":1,"featured_media":0,"parent":0,"menu_order":0,"comment_status":"closed","ping_status":"closed","template":"","meta":{"footnotes":""},"class_list":["post-2250","page","type-page","status-publish","hentry"],"yoast_head":"<!-- This site is optimized with the Yoast SEO Premium plugin v27.4 (Yoast SEO v27.4) - https:\/\/yoast.com\/product\/yoast-seo-premium-wordpress\/ -->\n<title>Projekt ma\u0142ej \u0142azienki na wymiar | projektowanie \u0142azienek | expertmeble.com<\/title>\n<meta name=\"description\" content=\"Chcesz, \u017ceby twoim ulubionym miejscem w domu sta\u0142a si\u0119 \u0142azienka? Projekt na wymiar \u0142azienki wykonany przez firm\u0119 EXPERT MEBLE gwarantuje spe\u0142nienie tych marze\u0144!\" \/>\n<meta name=\"robots\" content=\"index, follow, max-snippet:-1, max-image-preview:large, max-video-preview:-1\" \/>\n<link rel=\"canonical\" href=\"https:\/\/expertmeble.com\/en\/small-bathroom-design\/\" \/>\n<meta property=\"og:locale\" content=\"en_US\" \/>\n<meta property=\"og:type\" content=\"article\" \/>\n<meta property=\"og:title\" content=\"Projekt malej \u0142azienki na wymiar\" \/>\n<meta property=\"og:description\" content=\"Chcesz, \u017ceby twoim ulubionym miejscem w domu sta\u0142a si\u0119 \u0142azienka? Projekt na wymiar \u0142azienki wykonany przez firm\u0119 EXPERT MEBLE gwarantuje spe\u0142nienie tych marze\u0144!\" \/>\n<meta property=\"og:url\" content=\"https:\/\/expertmeble.com\/en\/small-bathroom-design\/\" \/>\n<meta property=\"og:site_name\" content=\"Expert Meble - Meble Na Wymiar Szczecin: Kuchnie, \u0141azienki, Szafy\" \/>\n<meta property=\"article:publisher\" content=\"https:\/\/www.facebook.com\/expertmeble24\/\" \/>\n<meta property=\"article:modified_time\" content=\"2026-03-24T21:00:40+00:00\" \/>\n<meta property=\"og:image\" content=\"https:\/\/expertmeble.com\/wp-content\/uploads\/2024\/03\/front-view-eco-cosmetics-concept.jpg\" \/>\n<meta name=\"twitter:card\" content=\"summary_large_image\" \/>\n<meta name=\"twitter:label1\" content=\"Est. reading time\" \/>\n\t<meta name=\"twitter:data1\" content=\"4 minutes\" \/>\n<script type=\"application\/ld+json\" class=\"yoast-schema-graph\">{\"@context\":\"https:\\\/\\\/schema.org\",\"@graph\":[{\"@type\":\"WebPage\",\"@id\":\"https:\\\/\\\/expertmeble.com\\\/projekt-malej-lazienki\\\/\",\"url\":\"https:\\\/\\\/expertmeble.com\\\/projekt-malej-lazienki\\\/\",\"name\":\"Projekt ma\u0142ej \u0142azienki na wymiar | projektowanie \u0142azienek | expertmeble.com\",\"isPartOf\":{\"@id\":\"https:\\\/\\\/expertmeble.com\\\/#website\"},\"primaryImageOfPage\":{\"@id\":\"https:\\\/\\\/expertmeble.com\\\/projekt-malej-lazienki\\\/#primaryimage\"},\"image\":{\"@id\":\"https:\\\/\\\/expertmeble.com\\\/projekt-malej-lazienki\\\/#primaryimage\"},\"thumbnailUrl\":\"https:\\\/\\\/expertmeble.com\\\/wp-content\\\/uploads\\\/2024\\\/03\\\/front-view-eco-cosmetics-concept.jpg\",\"datePublished\":\"2022-09-29T09:07:39+00:00\",\"dateModified\":\"2026-03-24T21:00:40+00:00\",\"description\":\"Chcesz, \u017ceby twoim ulubionym miejscem w domu sta\u0142a si\u0119 \u0142azienka? Projekt na wymiar \u0142azienki wykonany przez firm\u0119 EXPERT MEBLE gwarantuje spe\u0142nienie tych marze\u0144!\",\"breadcrumb\":{\"@id\":\"https:\\\/\\\/expertmeble.com\\\/projekt-malej-lazienki\\\/#breadcrumb\"},\"inLanguage\":\"en-US\",\"potentialAction\":[{\"@type\":\"ReadAction\",\"target\":[\"https:\\\/\\\/expertmeble.com\\\/projekt-malej-lazienki\\\/\"]}]},{\"@type\":\"ImageObject\",\"inLanguage\":\"en-US\",\"@id\":\"https:\\\/\\\/expertmeble.com\\\/projekt-malej-lazienki\\\/#primaryimage\",\"url\":\"https:\\\/\\\/expertmeble.com\\\/wp-content\\\/uploads\\\/2024\\\/03\\\/front-view-eco-cosmetics-concept.jpg\",\"contentUrl\":\"https:\\\/\\\/expertmeble.com\\\/wp-content\\\/uploads\\\/2024\\\/03\\\/front-view-eco-cosmetics-concept.jpg\"},{\"@type\":\"BreadcrumbList\",\"@id\":\"https:\\\/\\\/expertmeble.com\\\/projekt-malej-lazienki\\\/#breadcrumb\",\"itemListElement\":[{\"@type\":\"ListItem\",\"position\":1,\"name\":\"Strona g\u0142\u00f3wna\",\"item\":\"https:\\\/\\\/expertmeble.com\\\/\"},{\"@type\":\"ListItem\",\"position\":2,\"name\":\"Projekt malej \u0142azienki na wymiar\"}]},{\"@type\":\"WebSite\",\"@id\":\"https:\\\/\\\/expertmeble.com\\\/#website\",\"url\":\"https:\\\/\\\/expertmeble.com\\\/\",\"name\":\"Expert Meble - Meble Na Wymiar Szczecin: Kuchnie, \u0141azienki, Szafy\",\"description\":\"Meble, kuchnie, szafy, \u0142azienki oraz zabudowy na wymiar.\",\"potentialAction\":[{\"@type\":\"SearchAction\",\"target\":{\"@type\":\"EntryPoint\",\"urlTemplate\":\"https:\\\/\\\/expertmeble.com\\\/?s={search_term_string}\"},\"query-input\":{\"@type\":\"PropertyValueSpecification\",\"valueRequired\":true,\"valueName\":\"search_term_string\"}}],\"inLanguage\":\"en-US\"}]}<\/script>\n<!-- \/ Yoast SEO Premium plugin. -->","yoast_head_json":{"title":"Projekt ma\u0142ej \u0142azienki na wymiar | projektowanie \u0142azienek | expertmeble.com","description":"Chcesz, \u017ceby twoim ulubionym miejscem w domu sta\u0142a si\u0119 \u0142azienka? Projekt na wymiar \u0142azienki wykonany przez firm\u0119 EXPERT MEBLE gwarantuje spe\u0142nienie tych marze\u0144!","robots":{"index":"index","follow":"follow","max-snippet":"max-snippet:-1","max-image-preview":"max-image-preview:large","max-video-preview":"max-video-preview:-1"},"canonical":"https:\/\/expertmeble.com\/en\/small-bathroom-design\/","og_locale":"en_US","og_type":"article","og_title":"Projekt malej \u0142azienki na wymiar","og_description":"Chcesz, \u017ceby twoim ulubionym miejscem w domu sta\u0142a si\u0119 \u0142azienka? Projekt na wymiar \u0142azienki wykonany przez firm\u0119 EXPERT MEBLE gwarantuje spe\u0142nienie tych marze\u0144!","og_url":"https:\/\/expertmeble.com\/en\/small-bathroom-design\/","og_site_name":"Expert Meble - Meble Na Wymiar Szczecin: Kuchnie, \u0141azienki, Szafy","article_publisher":"https:\/\/www.facebook.com\/expertmeble24\/","article_modified_time":"2026-03-24T21:00:40+00:00","og_image":[{"url":"https:\/\/expertmeble.com\/wp-content\/uploads\/2024\/03\/front-view-eco-cosmetics-concept.jpg","type":"","width":"","height":""}],"twitter_card":"summary_large_image","twitter_misc":{"Est. reading time":"4 minutes"},"schema":{"@context":"https:\/\/schema.org","@graph":[{"@type":"WebPage","@id":"https:\/\/expertmeble.com\/projekt-malej-lazienki\/","url":"https:\/\/expertmeble.com\/projekt-malej-lazienki\/","name":"Projekt ma\u0142ej \u0142azienki na wymiar | projektowanie \u0142azienek | expertmeble.com","isPartOf":{"@id":"https:\/\/expertmeble.com\/#website"},"primaryImageOfPage":{"@id":"https:\/\/expertmeble.com\/projekt-malej-lazienki\/#primaryimage"},"image":{"@id":"https:\/\/expertmeble.com\/projekt-malej-lazienki\/#primaryimage"},"thumbnailUrl":"https:\/\/expertmeble.com\/wp-content\/uploads\/2024\/03\/front-view-eco-cosmetics-concept.jpg","datePublished":"2022-09-29T09:07:39+00:00","dateModified":"2026-03-24T21:00:40+00:00","description":"Chcesz, \u017ceby twoim ulubionym miejscem w domu sta\u0142a si\u0119 \u0142azienka? Projekt na wymiar \u0142azienki wykonany przez firm\u0119 EXPERT MEBLE gwarantuje spe\u0142nienie tych marze\u0144!","breadcrumb":{"@id":"https:\/\/expertmeble.com\/projekt-malej-lazienki\/#breadcrumb"},"inLanguage":"en-US","potentialAction":[{"@type":"ReadAction","target":["https:\/\/expertmeble.com\/projekt-malej-lazienki\/"]}]},{"@type":"ImageObject","inLanguage":"en-US","@id":"https:\/\/expertmeble.com\/projekt-malej-lazienki\/#primaryimage","url":"https:\/\/expertmeble.com\/wp-content\/uploads\/2024\/03\/front-view-eco-cosmetics-concept.jpg","contentUrl":"https:\/\/expertmeble.com\/wp-content\/uploads\/2024\/03\/front-view-eco-cosmetics-concept.jpg"},{"@type":"BreadcrumbList","@id":"https:\/\/expertmeble.com\/projekt-malej-lazienki\/#breadcrumb","itemListElement":[{"@type":"ListItem","position":1,"name":"Strona g\u0142\u00f3wna","item":"https:\/\/expertmeble.com\/"},{"@type":"ListItem","position":2,"name":"Projekt malej \u0142azienki na wymiar"}]},{"@type":"WebSite","@id":"https:\/\/expertmeble.com\/#website","url":"https:\/\/expertmeble.com\/","name":"Expert Meble - Meble Na Wymiar Szczecin: Kuchnie, \u0141azienki, Szafy","description":"Meble, kuchnie, szafy, \u0142azienki oraz zabudowy na wymiar.","potentialAction":[{"@type":"SearchAction","target":{"@type":"EntryPoint","urlTemplate":"https:\/\/expertmeble.com\/?s={search_term_string}"},"query-input":{"@type":"PropertyValueSpecification","valueRequired":true,"valueName":"search_term_string"}}],"inLanguage":"en-US"}]}},"_links":{"self":[{"href":"https:\/\/expertmeble.com\/en\/wp-json\/wp\/v2\/pages\/2250","targetHints":{"allow":["GET"]}}],"collection":[{"href":"https:\/\/expertmeble.com\/en\/wp-json\/wp\/v2\/pages"}],"about":[{"href":"https:\/\/expertmeble.com\/en\/wp-json\/wp\/v2\/types\/page"}],"author":[{"embeddable":true,"href":"https:\/\/expertmeble.com\/en\/wp-json\/wp\/v2\/users\/1"}],"replies":[{"embeddable":true,"href":"https:\/\/expertmeble.com\/en\/wp-json\/wp\/v2\/comments?post=2250"}],"version-history":[{"count":13,"href":"https:\/\/expertmeble.com\/en\/wp-json\/wp\/v2\/pages\/2250\/revisions"}],"predecessor-version":[{"id":5313,"href":"https:\/\/expertmeble.com\/en\/wp-json\/wp\/v2\/pages\/2250\/revisions\/5313"}],"wp:attachment":[{"href":"https:\/\/expertmeble.com\/en\/wp-json\/wp\/v2\/media?parent=2250"}],"curies":[{"name":"wp","href":"https:\/\/api.w.org\/{rel}","templated":true}]}}