{"id":2294,"date":"2022-12-28T10:08:42","date_gmt":"2022-12-28T09:08:42","guid":{"rendered":"https:\/\/expertmeble.com\/?page_id=2294"},"modified":"2026-03-24T21:58:08","modified_gmt":"2026-03-24T20:58:08","slug":"projektowanie-sypialni","status":"publish","type":"page","link":"https:\/\/expertmeble.com\/en\/bedroom-design\/","title":{"rendered":"Projektowanie sypialni na wymiar Szczecin"},"content":{"rendered":"<h1>\n\t\tCUSTOM BEDROOM DESIGN - SZCZECIN\n\t<\/h1>\n\t\t\t<a href=\"https:\/\/expertmeble.com\/en\/gallery\/\" target=\"_self\">\n\t\t\t\t\t\t\tSEE MORE\n\t\t\t\t\t<\/a>\n<h2>\n\t\tDesigning the Perfect Bedroom\n\t<\/h2>\n\t<p>The bedroom is a place where creating the right atmosphere is especially important. With careful planning and design, it can become a sanctuary where you eagerly return after a long day\u2014a space that allows you to rest and recharge for the challenges of the next day.<\/p>\n<p>We understand that beyond furniture and interior decor, the ambiance is crucial. By harmonizing various elements, we can create the interior of your dreams. As specialists in interior design, our knowledge and tools allow us to transform your vision into a tangible project that, in the hands of experts, becomes a reality.<\/p>\n<h2>\n\t\tTailored Bedroom Design for Your Space\n\t<\/h2>\n\t<p>Many people who approach a designer already have a vision for their dream interior or at least certain elements or a color scheme they want to include. Your vision can become a reality with our help. Imagine your ideal space, complete with perfectly chosen accessories and furniture that together create a cozy bedroom. The room exudes a serene atmosphere, perfect for relaxation and family moments.<\/p>\n<p>An experienced designer can help you create a well-thought-out interior. Even a small room can be transformed into a cozy bedroom. This is achieved through a deep understanding of design principles and the ability to tailor the project to the space, maximizing its potential.<\/p>\n<p>While we stay current with market trends, we prioritize listening to our clients. We understand that everyone has unique needs and styles. Each person relaxes in different conditions, and therefore, each of our projects is individual. We don\u2019t rely on standard templates adjusted only with details to fit a room\u2019s dimensions. Each bedroom project begins as a blank slate, developed in collaboration with the property owner. This ensures that when you step into your dream space, it will truly feel like home.<\/p>\n<p>We know that accessories play a significant role in creating the atmosphere of an interior. However, not everyone likes to have decorative knick-knacks or long curtains in their room, and some may not be able to accommodate them for practical reasons. In such cases, lighting can serve as an exceptional decorative element. The mere appearance of a lamp can be a focal point, and the real magic happens after dark, when the light transforms the entire room into a uniquely atmospheric space.<\/p>\n\t\t\t\t<img decoding=\"async\" src=\"https:\/\/expertmeble.com\/wp-content\/uploads\/2024\/03\/pexels-leeloo-the-first-8210494.jpg\" alt=\"projekt sypialni z ro\u015blinami na wymiar\" itemprop=\"image\" height=\"1920\" width=\"1116\" title=\"projekt sypialni z ro\u015blinami na wymiar\" onerror=\"this.style.display='none'\"  \/>\n\t\t\t\t<img decoding=\"async\" src=\"https:\/\/expertmeble.com\/wp-content\/uploads\/2024\/03\/pexels-max-vakhtbovycn-6636252.jpg\" alt=\"szafka i zabudowa \u0142\u00f3\u017cka w projekcie na wymiar\" itemprop=\"image\" height=\"1920\" width=\"1080\" title=\"szafka i zabudowa \u0142\u00f3\u017cka w projekcie na wymiar\" onerror=\"this.style.display='none'\"  \/>\n<h2>\n\t\tProjektowanie sypialni &#8211; dodatki s\u0105 wa\u017cne\n\t<\/h2>\n\t<p>Many people consider seeking professional help for interior design, especially given the vast array of free inspiration available today. While it's true that inspiration is abundant, an experienced designer can tailor your ideas to the specific requirements of your space, ensuring that it is not only beautiful but also functional. A beautifully designed and functional space allows you to enjoy the aesthetics of your bedroom while fully benefiting from its practical features.\n\nEven a small room can be transformed into a functional and spacious area with the right design magic. A skilled designer can make a space feel much larger than it actually is, incorporating all necessary furniture and clever storage solutions without overwhelming the room. The goal is to create a space where you feel immediately at home and impressed by the efficient use of space.<\/p>\n<p>Design is a collaborative process where your involvement is crucial. With your engagement, we can create a space that positively impacts your mood and makes you feel comfortable. The entire design process is focused on crafting a space that is tailored to you, making it the perfect retreat. Therefore, collaboration is key. A conversation with you can reveal a lot about your preferences, but providing examples of spaces you like\u2014whether it's a complete room, a favorite color palette, a specific material, or a piece of art you plan to feature\u2014can significantly enhance our understanding of your style.\n\nThe more details you provide, the easier it will be for us to bring your vision to life. Your role in the process is vital. By sharing your inspirations and preferences, you enable us to create a bedroom that truly reflects your dreams and desires.<\/p>\n\t\t\t\t<img decoding=\"async\" src=\"https:\/\/expertmeble.com\/wp-content\/uploads\/2026\/01\/logo-transparent.png\" alt=\"logo - transparent\" itemprop=\"image\" height=\"4320\" width=\"4321\" title=\"logo - transparent\" onerror=\"this.style.display='none'\"  \/>","protected":false},"excerpt":{"rendered":"<p>PROJEKT SYPIALNI NA WYMIAR SZCZECIN ZOBACZ WI\u0118CEJ Projektowanie Idealnej Sypialni Sypialnia to miejsce, w kt\u00f3rym wyj\u0105tkowo warto zadba\u0107 o odpowiedni\u0105 atmosfer\u0119. Je\u015bli j\u0105 odpowiednio zaplanujesz i urz\u0105dzisz, to z pewno\u015bci\u0105 stanie si\u0119 miejscem, do kt\u00f3rego z rado\u015bci\u0105 b\u0119dziesz wraca\u0107 po ci\u0119\u017ckim dniu. Miejscem, kt\u00f3re pozwoli Ci na odpoczynek i nabranie si\u0142 na wyzwania kolejnego dnia.&hellip;<\/p>","protected":false},"author":1,"featured_media":2296,"parent":0,"menu_order":0,"comment_status":"closed","ping_status":"closed","template":"","meta":{"footnotes":""},"class_list":["post-2294","page","type-page","status-publish","has-post-thumbnail","hentry"],"yoast_head":"<!-- This site is optimized with the Yoast SEO Premium plugin v23.3 (Yoast SEO v26.8) - https:\/\/yoast.com\/product\/yoast-seo-premium-wordpress\/ -->\n<title>Projektowanie sypialni na wymiar | projekt sypialni | expertmeble.com<\/title>\n<meta name=\"description\" content=\"Projekt sypialni pomo\u017ce Ci stworzy\u0107 z wn\u0119trza oaz\u0119 spokoju. Opowiedz nam o swoich potrzebach, a my wyczarujemy wn\u0119trze Twoich marze\u0144.\" \/>\n<meta name=\"robots\" content=\"index, follow, max-snippet:-1, max-image-preview:large, max-video-preview:-1\" \/>\n<link rel=\"canonical\" href=\"https:\/\/expertmeble.com\/en\/bedroom-design\/\" \/>\n<meta property=\"og:locale\" content=\"en_US\" \/>\n<meta property=\"og:type\" content=\"article\" \/>\n<meta property=\"og:title\" content=\"Projektowanie sypialni na wymiar Szczecin\" \/>\n<meta property=\"og:description\" content=\"Projekt sypialni pomo\u017ce Ci stworzy\u0107 z wn\u0119trza oaz\u0119 spokoju. Opowiedz nam o swoich potrzebach, a my wyczarujemy wn\u0119trze Twoich marze\u0144.\" \/>\n<meta property=\"og:url\" content=\"https:\/\/expertmeble.com\/en\/bedroom-design\/\" \/>\n<meta property=\"og:site_name\" content=\"Expert Meble - Meble Na Wymiar Szczecin: Kuchnie, \u0141azienki, Szafy\" \/>\n<meta property=\"article:publisher\" content=\"https:\/\/www.facebook.com\/expertmeble24\/\" \/>\n<meta property=\"article:modified_time\" content=\"2026-03-24T20:58:08+00:00\" \/>\n<meta property=\"og:image\" content=\"https:\/\/expertmeble.com\/wp-content\/uploads\/2022\/12\/projektowanie-sypialni-na-wymiar.jpg\" \/>\n\t<meta property=\"og:image:width\" content=\"900\" \/>\n\t<meta property=\"og:image:height\" content=\"630\" \/>\n\t<meta property=\"og:image:type\" content=\"image\/jpeg\" \/>\n<meta name=\"twitter:card\" content=\"summary_large_image\" \/>\n<meta name=\"twitter:label1\" content=\"Est. reading time\" \/>\n\t<meta name=\"twitter:data1\" content=\"4 minutes\" \/>\n<script type=\"application\/ld+json\" class=\"yoast-schema-graph\">{\"@context\":\"https:\/\/schema.org\",\"@graph\":[{\"@type\":\"WebPage\",\"@id\":\"https:\/\/expertmeble.com\/projektowanie-sypialni\/\",\"url\":\"https:\/\/expertmeble.com\/projektowanie-sypialni\/\",\"name\":\"Projektowanie sypialni na wymiar | projekt sypialni | expertmeble.com\",\"isPartOf\":{\"@id\":\"https:\/\/expertmeble.com\/#website\"},\"primaryImageOfPage\":{\"@id\":\"https:\/\/expertmeble.com\/projektowanie-sypialni\/#primaryimage\"},\"image\":{\"@id\":\"https:\/\/expertmeble.com\/projektowanie-sypialni\/#primaryimage\"},\"thumbnailUrl\":\"https:\/\/expertmeble.com\/wp-content\/uploads\/2022\/12\/projektowanie-sypialni-na-wymiar.jpg\",\"datePublished\":\"2022-12-28T09:08:42+00:00\",\"dateModified\":\"2026-03-24T20:58:08+00:00\",\"description\":\"Projekt sypialni pomo\u017ce Ci stworzy\u0107 z wn\u0119trza oaz\u0119 spokoju. Opowiedz nam o swoich potrzebach, a my wyczarujemy wn\u0119trze Twoich marze\u0144.\",\"breadcrumb\":{\"@id\":\"https:\/\/expertmeble.com\/projektowanie-sypialni\/#breadcrumb\"},\"inLanguage\":\"en-US\",\"potentialAction\":[{\"@type\":\"ReadAction\",\"target\":[\"https:\/\/expertmeble.com\/projektowanie-sypialni\/\"]}]},{\"@type\":\"ImageObject\",\"inLanguage\":\"en-US\",\"@id\":\"https:\/\/expertmeble.com\/projektowanie-sypialni\/#primaryimage\",\"url\":\"https:\/\/expertmeble.com\/wp-content\/uploads\/2022\/12\/projektowanie-sypialni-na-wymiar.jpg\",\"contentUrl\":\"https:\/\/expertmeble.com\/wp-content\/uploads\/2022\/12\/projektowanie-sypialni-na-wymiar.jpg\",\"width\":900,\"height\":630,\"caption\":\"projektowanie sypialni na wymiar w Szczecinie\"},{\"@type\":\"BreadcrumbList\",\"@id\":\"https:\/\/expertmeble.com\/projektowanie-sypialni\/#breadcrumb\",\"itemListElement\":[{\"@type\":\"ListItem\",\"position\":1,\"name\":\"Strona g\u0142\u00f3wna\",\"item\":\"https:\/\/expertmeble.com\/\"},{\"@type\":\"ListItem\",\"position\":2,\"name\":\"Projektowanie sypialni na wymiar Szczecin\"}]},{\"@type\":\"WebSite\",\"@id\":\"https:\/\/expertmeble.com\/#website\",\"url\":\"https:\/\/expertmeble.com\/\",\"name\":\"Expert Meble - Meble Na Wymiar Szczecin: Kuchnie, \u0141azienki, Szafy\",\"description\":\"Meble, kuchnie, szafy, \u0142azienki oraz zabudowy na wymiar.\",\"potentialAction\":[{\"@type\":\"SearchAction\",\"target\":{\"@type\":\"EntryPoint\",\"urlTemplate\":\"https:\/\/expertmeble.com\/?s={search_term_string}\"},\"query-input\":{\"@type\":\"PropertyValueSpecification\",\"valueRequired\":true,\"valueName\":\"search_term_string\"}}],\"inLanguage\":\"en-US\"}]}<\/script>\n<!-- \/ Yoast SEO Premium plugin. -->","yoast_head_json":{"title":"Projektowanie sypialni na wymiar | projekt sypialni | expertmeble.com","description":"Projekt sypialni pomo\u017ce Ci stworzy\u0107 z wn\u0119trza oaz\u0119 spokoju. Opowiedz nam o swoich potrzebach, a my wyczarujemy wn\u0119trze Twoich marze\u0144.","robots":{"index":"index","follow":"follow","max-snippet":"max-snippet:-1","max-image-preview":"max-image-preview:large","max-video-preview":"max-video-preview:-1"},"canonical":"https:\/\/expertmeble.com\/en\/bedroom-design\/","og_locale":"en_US","og_type":"article","og_title":"Projektowanie sypialni na wymiar Szczecin","og_description":"Projekt sypialni pomo\u017ce Ci stworzy\u0107 z wn\u0119trza oaz\u0119 spokoju. Opowiedz nam o swoich potrzebach, a my wyczarujemy wn\u0119trze Twoich marze\u0144.","og_url":"https:\/\/expertmeble.com\/en\/bedroom-design\/","og_site_name":"Expert Meble - Meble Na Wymiar Szczecin: Kuchnie, \u0141azienki, Szafy","article_publisher":"https:\/\/www.facebook.com\/expertmeble24\/","article_modified_time":"2026-03-24T20:58:08+00:00","og_image":[{"width":900,"height":630,"url":"https:\/\/expertmeble.com\/wp-content\/uploads\/2022\/12\/projektowanie-sypialni-na-wymiar.jpg","type":"image\/jpeg"}],"twitter_card":"summary_large_image","twitter_misc":{"Est. reading time":"4 minutes"},"schema":{"@context":"https:\/\/schema.org","@graph":[{"@type":"WebPage","@id":"https:\/\/expertmeble.com\/projektowanie-sypialni\/","url":"https:\/\/expertmeble.com\/projektowanie-sypialni\/","name":"Projektowanie sypialni na wymiar | projekt sypialni | expertmeble.com","isPartOf":{"@id":"https:\/\/expertmeble.com\/#website"},"primaryImageOfPage":{"@id":"https:\/\/expertmeble.com\/projektowanie-sypialni\/#primaryimage"},"image":{"@id":"https:\/\/expertmeble.com\/projektowanie-sypialni\/#primaryimage"},"thumbnailUrl":"https:\/\/expertmeble.com\/wp-content\/uploads\/2022\/12\/projektowanie-sypialni-na-wymiar.jpg","datePublished":"2022-12-28T09:08:42+00:00","dateModified":"2026-03-24T20:58:08+00:00","description":"Projekt sypialni pomo\u017ce Ci stworzy\u0107 z wn\u0119trza oaz\u0119 spokoju. Opowiedz nam o swoich potrzebach, a my wyczarujemy wn\u0119trze Twoich marze\u0144.","breadcrumb":{"@id":"https:\/\/expertmeble.com\/projektowanie-sypialni\/#breadcrumb"},"inLanguage":"en-US","potentialAction":[{"@type":"ReadAction","target":["https:\/\/expertmeble.com\/projektowanie-sypialni\/"]}]},{"@type":"ImageObject","inLanguage":"en-US","@id":"https:\/\/expertmeble.com\/projektowanie-sypialni\/#primaryimage","url":"https:\/\/expertmeble.com\/wp-content\/uploads\/2022\/12\/projektowanie-sypialni-na-wymiar.jpg","contentUrl":"https:\/\/expertmeble.com\/wp-content\/uploads\/2022\/12\/projektowanie-sypialni-na-wymiar.jpg","width":900,"height":630,"caption":"projektowanie sypialni na wymiar w Szczecinie"},{"@type":"BreadcrumbList","@id":"https:\/\/expertmeble.com\/projektowanie-sypialni\/#breadcrumb","itemListElement":[{"@type":"ListItem","position":1,"name":"Strona g\u0142\u00f3wna","item":"https:\/\/expertmeble.com\/"},{"@type":"ListItem","position":2,"name":"Projektowanie sypialni na wymiar Szczecin"}]},{"@type":"WebSite","@id":"https:\/\/expertmeble.com\/#website","url":"https:\/\/expertmeble.com\/","name":"Expert Meble - Meble Na Wymiar Szczecin: Kuchnie, \u0141azienki, Szafy","description":"Meble, kuchnie, szafy, \u0142azienki oraz zabudowy na wymiar.","potentialAction":[{"@type":"SearchAction","target":{"@type":"EntryPoint","urlTemplate":"https:\/\/expertmeble.com\/?s={search_term_string}"},"query-input":{"@type":"PropertyValueSpecification","valueRequired":true,"valueName":"search_term_string"}}],"inLanguage":"en-US"}]}},"_links":{"self":[{"href":"https:\/\/expertmeble.com\/en\/wp-json\/wp\/v2\/pages\/2294","targetHints":{"allow":["GET"]}}],"collection":[{"href":"https:\/\/expertmeble.com\/en\/wp-json\/wp\/v2\/pages"}],"about":[{"href":"https:\/\/expertmeble.com\/en\/wp-json\/wp\/v2\/types\/page"}],"author":[{"embeddable":true,"href":"https:\/\/expertmeble.com\/en\/wp-json\/wp\/v2\/users\/1"}],"replies":[{"embeddable":true,"href":"https:\/\/expertmeble.com\/en\/wp-json\/wp\/v2\/comments?post=2294"}],"version-history":[{"count":10,"href":"https:\/\/expertmeble.com\/en\/wp-json\/wp\/v2\/pages\/2294\/revisions"}],"predecessor-version":[{"id":5309,"href":"https:\/\/expertmeble.com\/en\/wp-json\/wp\/v2\/pages\/2294\/revisions\/5309"}],"wp:featuredmedia":[{"embeddable":true,"href":"https:\/\/expertmeble.com\/en\/wp-json\/wp\/v2\/media\/2296"}],"wp:attachment":[{"href":"https:\/\/expertmeble.com\/en\/wp-json\/wp\/v2\/media?parent=2294"}],"curies":[{"name":"wp","href":"https:\/\/api.w.org\/{rel}","templated":true}]}}