{"id":2298,"date":"2022-12-28T10:19:04","date_gmt":"2022-12-28T09:19:04","guid":{"rendered":"https:\/\/expertmeble.com\/?page_id=2298"},"modified":"2026-03-24T21:52:20","modified_gmt":"2026-03-24T20:52:20","slug":"projekt-salonu","status":"publish","type":"page","link":"https:\/\/expertmeble.com\/en\/living-room-design\/","title":{"rendered":"Projekt salonu na wymiar Szczecin"},"content":{"rendered":"<h1>\n\t\tCUSTOM LIVING ROOM DESIGN SZCZECIN\n\t<\/h1>\n\t\t\t<a href=\"https:\/\/expertmeble.com\/en\/gallery\/\" target=\"_self\">\n\t\t\t\t\t\t\tSEE MORE\n\t\t\t\t\t<\/a>\n<h2>\n\t\tLiving Room Design: The Heart of the Home\n\t<\/h2>\n\t<p>A living room should be cozy yet stylish and comfortable. Combining all these elements and fitting them into one space can be a challenging task, especially for someone without experience. Many clients have a vision of what their dream interior should look like\u2014often multiple visions. The hardest part is deciding which specific look to choose from all these inspirations. That's where the role of the designer comes in.<\/p>\n<p>Having multiple inspirations isn't a problem as long as you have someone who can transform these ideas into an ideal design. We will match your visions and inspirations to the room's requirements. We will extract the best elements and integrate them into a cohesive whole that meets your needs. We ensure that the space is not only beautiful but also functional. We strive to make both the room layout and furniture arrangement practical for everyday life.<\/p>\n<p>We understand that every client is different and has unique needs. Therefore, you will not find two identical designs with us. We don\u2019t use standard templates with only minor changes for new interiors. Each arrangement is a separate story, family, and space. We always start the same way: with a blank page.<\/p>\n<p>The client plays a key role in the entire process. In addition to design skills and creating functional interiors, our team has another crucial quality: the ability to listen. From your descriptions, inspirations, and stories, we can extract your needs, passions, and interests. We translate this into colors, furnishings, and textures. This is how custom interiors are created. Just tell us about your dream living room, show your inspirations, or present your vision. We will strive to capture this in the design, adding practical elements to make your daily life in the space easier.<\/p>\n\t\t\t\t<img decoding=\"async\" src=\"https:\/\/expertmeble.com\/wp-content\/uploads\/2024\/03\/pexels-ilya-shakir-2440471.jpg\" alt=\"zabudowa kominka i projekt salonu na wymiar\" itemprop=\"image\" height=\"1920\" width=\"1084\" title=\"zabudowa kominka i projekt salonu na wymiar\" onerror=\"this.style.display='none'\"  \/>\n\t\t\t\t<img decoding=\"async\" src=\"https:\/\/expertmeble.com\/wp-content\/uploads\/2024\/03\/pexels-chait-goli-1918291.jpg\" alt=\"wykonanie i projekt salonu\" itemprop=\"image\" height=\"1920\" width=\"1149\" title=\"wykonanie i projekt salonu\" onerror=\"this.style.display='none'\"  \/>\n<h2>\n\t\tLiving Room Designs You'll Fall in Love With\n\t<\/h2>\n\t<p>Let's start with the fact that interior design is our true passion, and it shows at every step. Years of experience combined with love and knowledge make each new project a great success. The best proof of this is our satisfied clients who, after years of changing their vision or place of residence, come back to us. We strive to stay up-to-date with trends, continuously train, and acquire new knowledge to tailor our designs to your needs as best as we can.<\/p>\n<p>The environment and the space where you spend your daily life have a significant impact on your well-being. The living room is the heart of the home, where everything important happens. It\u2019s where we host loved ones, spend family time, and relax after a tough week. This is the space where we spend the most time, and it represents our entire home. That\u2019s why it\u2019s worth ensuring it is harmoniously designed and has its own unique style\u2014one that immediately reflects who you are.<\/p>\n<p>Interiors aren\u2019t just about aesthetics; it\u2019s a fact. But a space tailored to you will not only represent you but also make you feel good. Since it\u2019s designed to meet your needs, it can\u2019t be otherwise.<\/p>\n<p>We will take care not only of choosing the right colors but also of finding unique accessories that will delight you every day. These will add character to the space and harmonize with it, creating a cohesive environment. Why is harmony so important in an interior? It has a relaxing and soothing effect on us. When everything around us aligns and we feel good in the space, our mind rests. Even the most beautiful paintings or sculptures, if they lack proper context within the space, can create chaos in the room.<\/p>\n<p>Projektant posiada odpowiedni\u0105 wiedz\u0119 o tym, jak \u0142\u0105czy\u0107 poszczeg\u00f3lne elementy, aby wn\u0119trze by\u0142o zgrane i nieprzesadzone. Bardzo wa\u017cne jest, aby nie przesadzi\u0107 w \u017cadn\u0105 stron\u0119. Wn\u0119trz nie mo\u017ce by\u0107 zbyt nudne, ale nie mo\u017ce tak\u017ce sprawia\u0107 wra\u017cenia przestymulowania i wprawia\u0107 w oczopl\u0105s. Je\u015bli masz pomys\u0142 na sw\u00f3j salon, ale nie do ko\u0144ca wiesz, jak go zrealizowa\u0107 &#8211; zapraszamy do kontaktu. Pomo\u017cemy Ci urz\u0105dzi\u0107 wn\u0119trze Twoich marze\u0144. Takie, w kt\u00f3rym wszystko b\u0119dzie na swoim miejscu, a Ty poczujesz si\u0119 w nim idealnie.<\/p>","protected":false},"excerpt":{"rendered":"<p>PROJEKT SALONU NA WYMIAR SZCZECIN ZOBACZ WI\u0118CEJ Projekt salonu, czyli serca domu Salon powinien by\u0107 przytulny, ale jednocze\u015bnie stylowy i komfortowy. Po\u0142\u0105czenie tych wszystkich element\u00f3w i zestawienie ich ze sob\u0105 w jednym miejscu bywa trudnym zadaniem. Szczeg\u00f3lnie dla kogo\u015b, kto nie ma w tej kwestii do\u015bwiadczenia. Wielu klient\u00f3w ma pewn\u0105 wizj\u0119 na temat tego, jak&hellip;<\/p>","protected":false},"author":1,"featured_media":2299,"parent":0,"menu_order":0,"comment_status":"closed","ping_status":"closed","template":"","meta":{"footnotes":""},"class_list":["post-2298","page","type-page","status-publish","has-post-thumbnail","hentry"],"yoast_head":"<!-- This site is optimized with the Yoast SEO Premium plugin v23.3 (Yoast SEO v26.8) - https:\/\/yoast.com\/product\/yoast-seo-premium-wordpress\/ -->\n<title>Projekt salonu na wymiar | projektowanie salonu na zam\u00f3wienie | expertmeble.com<\/title>\n<meta name=\"description\" content=\"Salon to serce domu, kt\u00f3re powinno mie\u0107 sw\u00f3j charakter. Opowiedz nam o swoim pomy\u015ble, a my zamienimy go w idealny projekt. Pi\u0119kny i funkcjonalny\" \/>\n<meta name=\"robots\" content=\"index, follow, max-snippet:-1, max-image-preview:large, max-video-preview:-1\" \/>\n<link rel=\"canonical\" href=\"https:\/\/expertmeble.com\/en\/living-room-design\/\" \/>\n<meta property=\"og:locale\" content=\"en_US\" \/>\n<meta property=\"og:type\" content=\"article\" \/>\n<meta property=\"og:title\" content=\"Projekt salonu na wymiar Szczecin\" \/>\n<meta property=\"og:description\" content=\"Salon to serce domu, kt\u00f3re powinno mie\u0107 sw\u00f3j charakter. Opowiedz nam o swoim pomy\u015ble, a my zamienimy go w idealny projekt. Pi\u0119kny i funkcjonalny\" \/>\n<meta property=\"og:url\" content=\"https:\/\/expertmeble.com\/en\/living-room-design\/\" \/>\n<meta property=\"og:site_name\" content=\"Expert Meble - Meble Na Wymiar Szczecin: Kuchnie, \u0141azienki, Szafy\" \/>\n<meta property=\"article:publisher\" content=\"https:\/\/www.facebook.com\/expertmeble24\/\" \/>\n<meta property=\"article:modified_time\" content=\"2026-03-24T20:52:20+00:00\" \/>\n<meta property=\"og:image\" content=\"https:\/\/expertmeble.com\/wp-content\/uploads\/2022\/12\/projekt-salonu-na-wymiar.jpg\" \/>\n\t<meta property=\"og:image:width\" content=\"900\" \/>\n\t<meta property=\"og:image:height\" content=\"600\" \/>\n\t<meta property=\"og:image:type\" content=\"image\/jpeg\" \/>\n<meta name=\"twitter:card\" content=\"summary_large_image\" \/>\n<meta name=\"twitter:label1\" content=\"Est. reading time\" \/>\n\t<meta name=\"twitter:data1\" content=\"4 minutes\" \/>\n<script type=\"application\/ld+json\" class=\"yoast-schema-graph\">{\"@context\":\"https:\/\/schema.org\",\"@graph\":[{\"@type\":\"WebPage\",\"@id\":\"https:\/\/expertmeble.com\/projekt-salonu\/\",\"url\":\"https:\/\/expertmeble.com\/projekt-salonu\/\",\"name\":\"Projekt salonu na wymiar | projektowanie salonu na zam\u00f3wienie | expertmeble.com\",\"isPartOf\":{\"@id\":\"https:\/\/expertmeble.com\/#website\"},\"primaryImageOfPage\":{\"@id\":\"https:\/\/expertmeble.com\/projekt-salonu\/#primaryimage\"},\"image\":{\"@id\":\"https:\/\/expertmeble.com\/projekt-salonu\/#primaryimage\"},\"thumbnailUrl\":\"https:\/\/expertmeble.com\/wp-content\/uploads\/2022\/12\/projekt-salonu-na-wymiar.jpg\",\"datePublished\":\"2022-12-28T09:19:04+00:00\",\"dateModified\":\"2026-03-24T20:52:20+00:00\",\"description\":\"Salon to serce domu, kt\u00f3re powinno mie\u0107 sw\u00f3j charakter. Opowiedz nam o swoim pomy\u015ble, a my zamienimy go w idealny projekt. Pi\u0119kny i funkcjonalny\",\"breadcrumb\":{\"@id\":\"https:\/\/expertmeble.com\/projekt-salonu\/#breadcrumb\"},\"inLanguage\":\"en-US\",\"potentialAction\":[{\"@type\":\"ReadAction\",\"target\":[\"https:\/\/expertmeble.com\/projekt-salonu\/\"]}]},{\"@type\":\"ImageObject\",\"inLanguage\":\"en-US\",\"@id\":\"https:\/\/expertmeble.com\/projekt-salonu\/#primaryimage\",\"url\":\"https:\/\/expertmeble.com\/wp-content\/uploads\/2022\/12\/projekt-salonu-na-wymiar.jpg\",\"contentUrl\":\"https:\/\/expertmeble.com\/wp-content\/uploads\/2022\/12\/projekt-salonu-na-wymiar.jpg\",\"width\":900,\"height\":600,\"caption\":\"Projektowanie salonu na wymiar Szczecin\"},{\"@type\":\"BreadcrumbList\",\"@id\":\"https:\/\/expertmeble.com\/projekt-salonu\/#breadcrumb\",\"itemListElement\":[{\"@type\":\"ListItem\",\"position\":1,\"name\":\"Strona g\u0142\u00f3wna\",\"item\":\"https:\/\/expertmeble.com\/\"},{\"@type\":\"ListItem\",\"position\":2,\"name\":\"Projekt salonu na wymiar Szczecin\"}]},{\"@type\":\"WebSite\",\"@id\":\"https:\/\/expertmeble.com\/#website\",\"url\":\"https:\/\/expertmeble.com\/\",\"name\":\"Expert Meble - Meble Na Wymiar Szczecin: Kuchnie, \u0141azienki, Szafy\",\"description\":\"Meble, kuchnie, szafy, \u0142azienki oraz zabudowy na wymiar.\",\"potentialAction\":[{\"@type\":\"SearchAction\",\"target\":{\"@type\":\"EntryPoint\",\"urlTemplate\":\"https:\/\/expertmeble.com\/?s={search_term_string}\"},\"query-input\":{\"@type\":\"PropertyValueSpecification\",\"valueRequired\":true,\"valueName\":\"search_term_string\"}}],\"inLanguage\":\"en-US\"}]}<\/script>\n<!-- \/ Yoast SEO Premium plugin. -->","yoast_head_json":{"title":"Projekt salonu na wymiar | projektowanie salonu na zam\u00f3wienie | expertmeble.com","description":"Salon to serce domu, kt\u00f3re powinno mie\u0107 sw\u00f3j charakter. Opowiedz nam o swoim pomy\u015ble, a my zamienimy go w idealny projekt. Pi\u0119kny i funkcjonalny","robots":{"index":"index","follow":"follow","max-snippet":"max-snippet:-1","max-image-preview":"max-image-preview:large","max-video-preview":"max-video-preview:-1"},"canonical":"https:\/\/expertmeble.com\/en\/living-room-design\/","og_locale":"en_US","og_type":"article","og_title":"Projekt salonu na wymiar Szczecin","og_description":"Salon to serce domu, kt\u00f3re powinno mie\u0107 sw\u00f3j charakter. Opowiedz nam o swoim pomy\u015ble, a my zamienimy go w idealny projekt. Pi\u0119kny i funkcjonalny","og_url":"https:\/\/expertmeble.com\/en\/living-room-design\/","og_site_name":"Expert Meble - Meble Na Wymiar Szczecin: Kuchnie, \u0141azienki, Szafy","article_publisher":"https:\/\/www.facebook.com\/expertmeble24\/","article_modified_time":"2026-03-24T20:52:20+00:00","og_image":[{"width":900,"height":600,"url":"https:\/\/expertmeble.com\/wp-content\/uploads\/2022\/12\/projekt-salonu-na-wymiar.jpg","type":"image\/jpeg"}],"twitter_card":"summary_large_image","twitter_misc":{"Est. reading time":"4 minutes"},"schema":{"@context":"https:\/\/schema.org","@graph":[{"@type":"WebPage","@id":"https:\/\/expertmeble.com\/projekt-salonu\/","url":"https:\/\/expertmeble.com\/projekt-salonu\/","name":"Projekt salonu na wymiar | projektowanie salonu na zam\u00f3wienie | expertmeble.com","isPartOf":{"@id":"https:\/\/expertmeble.com\/#website"},"primaryImageOfPage":{"@id":"https:\/\/expertmeble.com\/projekt-salonu\/#primaryimage"},"image":{"@id":"https:\/\/expertmeble.com\/projekt-salonu\/#primaryimage"},"thumbnailUrl":"https:\/\/expertmeble.com\/wp-content\/uploads\/2022\/12\/projekt-salonu-na-wymiar.jpg","datePublished":"2022-12-28T09:19:04+00:00","dateModified":"2026-03-24T20:52:20+00:00","description":"Salon to serce domu, kt\u00f3re powinno mie\u0107 sw\u00f3j charakter. Opowiedz nam o swoim pomy\u015ble, a my zamienimy go w idealny projekt. Pi\u0119kny i funkcjonalny","breadcrumb":{"@id":"https:\/\/expertmeble.com\/projekt-salonu\/#breadcrumb"},"inLanguage":"en-US","potentialAction":[{"@type":"ReadAction","target":["https:\/\/expertmeble.com\/projekt-salonu\/"]}]},{"@type":"ImageObject","inLanguage":"en-US","@id":"https:\/\/expertmeble.com\/projekt-salonu\/#primaryimage","url":"https:\/\/expertmeble.com\/wp-content\/uploads\/2022\/12\/projekt-salonu-na-wymiar.jpg","contentUrl":"https:\/\/expertmeble.com\/wp-content\/uploads\/2022\/12\/projekt-salonu-na-wymiar.jpg","width":900,"height":600,"caption":"Projektowanie salonu na wymiar Szczecin"},{"@type":"BreadcrumbList","@id":"https:\/\/expertmeble.com\/projekt-salonu\/#breadcrumb","itemListElement":[{"@type":"ListItem","position":1,"name":"Strona g\u0142\u00f3wna","item":"https:\/\/expertmeble.com\/"},{"@type":"ListItem","position":2,"name":"Projekt salonu na wymiar Szczecin"}]},{"@type":"WebSite","@id":"https:\/\/expertmeble.com\/#website","url":"https:\/\/expertmeble.com\/","name":"Expert Meble - Meble Na Wymiar Szczecin: Kuchnie, \u0141azienki, Szafy","description":"Meble, kuchnie, szafy, \u0142azienki oraz zabudowy na wymiar.","potentialAction":[{"@type":"SearchAction","target":{"@type":"EntryPoint","urlTemplate":"https:\/\/expertmeble.com\/?s={search_term_string}"},"query-input":{"@type":"PropertyValueSpecification","valueRequired":true,"valueName":"search_term_string"}}],"inLanguage":"en-US"}]}},"_links":{"self":[{"href":"https:\/\/expertmeble.com\/en\/wp-json\/wp\/v2\/pages\/2298","targetHints":{"allow":["GET"]}}],"collection":[{"href":"https:\/\/expertmeble.com\/en\/wp-json\/wp\/v2\/pages"}],"about":[{"href":"https:\/\/expertmeble.com\/en\/wp-json\/wp\/v2\/types\/page"}],"author":[{"embeddable":true,"href":"https:\/\/expertmeble.com\/en\/wp-json\/wp\/v2\/users\/1"}],"replies":[{"embeddable":true,"href":"https:\/\/expertmeble.com\/en\/wp-json\/wp\/v2\/comments?post=2298"}],"version-history":[{"count":10,"href":"https:\/\/expertmeble.com\/en\/wp-json\/wp\/v2\/pages\/2298\/revisions"}],"predecessor-version":[{"id":5305,"href":"https:\/\/expertmeble.com\/en\/wp-json\/wp\/v2\/pages\/2298\/revisions\/5305"}],"wp:featuredmedia":[{"embeddable":true,"href":"https:\/\/expertmeble.com\/en\/wp-json\/wp\/v2\/media\/2299"}],"wp:attachment":[{"href":"https:\/\/expertmeble.com\/en\/wp-json\/wp\/v2\/media?parent=2298"}],"curies":[{"name":"wp","href":"https:\/\/api.w.org\/{rel}","templated":true}]}}