{"id":2302,"date":"2022-12-28T10:29:50","date_gmt":"2022-12-28T09:29:50","guid":{"rendered":"https:\/\/expertmeble.com\/?page_id=2302"},"modified":"2026-03-24T21:59:53","modified_gmt":"2026-03-24T20:59:53","slug":"projekt-lazienki","status":"publish","type":"page","link":"https:\/\/expertmeble.com\/en\/bathroom-design\/","title":{"rendered":"Projekt \u0142azienki na wymiar Szczecin"},"content":{"rendered":"<h1>\n\t\tCUSTOM BATHROOM PROJECT SZCZECIN\n\t<\/h1>\n\t\t\t<a href=\"https:\/\/expertmeble.com\/en\/gallery\/\" target=\"_self\">\n\t\t\t\t\t\t\tSEE MORE\n\t\t\t\t\t<\/a>\n<h2>\n\t\tProjekt \u0142azienki &#8211; pomieszczenie o wyj\u0105tkowych potrzebach\n\t<\/h2>\n\t<p>We all live in a constant rush. Each day, we struggle to find time for essential tasks, let alone relaxation or spending moments with family. How can we find time in our schedule to design the perfect space?<\/p>\n<p>When you are juggling not only moving and finishing different rooms but also daily life, there often isn't enough time to think through every detail. Unfortunately, sooner or later, these details will reveal themselves during everyday use of the space.<\/p>\n<h2>\n\t\tBathroom Projects from A to Z\n\t<\/h2>\n\t<p>Je\u015bli nie chcesz bra\u0107 udzia\u0142u w ca\u0142ym remoncie i marzysz, aby na ten czas wyjecha\u0107 na urlop&#8230; prosz\u0119 bardzo! Kto dopilnuje spraw na budowie? Projektant!<\/p>\n<p>Marzysz o tym, aby wej\u015b\u0107 do gotowego domu i powiesi\u0107 swoje zdj\u0119cia czy ubrania w szafie. Nie chcesz si\u0119 denerwowa\u0107 na wykonawc\u00f3w i przygl\u0105da\u0107 si\u0119 im podczas pracy czy aby na pewno wszystko idzie zgodnie z planem? Zatrudnienie projektanta, kt\u00f3ry dopilnuje wszystkiego za Ciebie to idealne rozwi\u0105zanie. To my nadzorujemy ca\u0142y remont, ustalamy sporne kwestie z wykonawcami i na bie\u017c\u0105co korygujemy b\u0142\u0119dy. Przejmujemy na siebie ca\u0142\u0105 odpowiedzialno\u015b\u0107 za nadz\u00f3r i pilnujemy, aby nasza wizja zosta\u0142a zrealizowana. Mamy do\u015bwiadczenie we wsp\u00f3\u0142pracy z wykonawcami, dlatego wiemy, jak z nimi rozmawia\u0107. To tak\u017ce idealne rozwi\u0105zanie dla os\u00f3b, kt\u00f3re dopiero planuj\u0105 przeprowadzk\u0119 do danego miasta, a na co dzie\u0144 mieszkaj\u0105 gdzie\u015b indziej. Nadzorowanie wszystkiego na odleg\u0142o\u015b\u0107 jest niemo\u017cliwe, natomiast ci\u0105g\u0142e podr\u00f3\u017cowanie z miejsca na miejsce &#8211; m\u0119cz\u0105ce. Zatrudnienie projektanta, kt\u00f3ry si\u0119 wszystkim zajmie to najlepsze co mo\u017cesz zrobi\u0107. My zajmiemy si\u0119 ca\u0142ym etapem przygotowawczym, aby\u015b Ty m\u00f3g\u0142 si\u0119 cieszy\u0107 efektem ko\u0144cowym czyli wymarzonym wn\u0119trzem.<\/p>\n<p>Dla niekt\u00f3rych etap doboru poszczeg\u00f3lnych element\u00f3w kafelek czy o\u015bwietlenia to najpi\u0119kniejszy czas i zwie\u0144czenie ca\u0142ego remontu. Jednak nie dla wszystkich. Ca\u0142e grono os\u00f3b wr\u0119cz nienawidzi tego etapu, a przegl\u0105danie kolejnej strony z takimi samymi marmurowymi p\u0142ytkami wprawia ich w nerwowy nastr\u00f3j. A do tego ca\u0142a masa element\u00f3w, kt\u00f3re trzeba zapami\u0119ta\u0107. Jak\u0105 grubo\u015b\u0107 mog\u0105 mie\u0107 p\u0142ytki, jaka powinna by\u0107 wielko\u015b\u0107 kabiny, jaki otw\u00f3r ma kran, a jaki deszczownica&#8230; Na to potrzebny jest czas. Czas, kt\u00f3ry nie wszyscy maj\u0105.<\/p>\n<p>By hiring a designer, you are essentially buying time. You receive ready-made proposals tailored to your space. Ultimately, the decision is yours. The designer dedicates their time to searching through catalogs and websites to ensure that each item meets technical specifications and aesthetic requirements for your space. You only receive the best solutions from which you can choose the ones you like the most. It\u2019s a tremendous help and a significant time saver.<\/p>\n\t\t\t\t<img decoding=\"async\" src=\"https:\/\/expertmeble.com\/wp-content\/uploads\/2024\/03\/pexels-ksenia-chernaya-4450337.jpg\" alt=\"ekskluzywna i tania \u0142azienka na wymiar\" itemprop=\"image\" height=\"1920\" width=\"1094\" title=\"ekskluzywna i tania \u0142azienka na wymiar\" onerror=\"this.style.display='none'\"  \/>\n\t\t\t\t<img decoding=\"async\" src=\"https:\/\/expertmeble.com\/wp-content\/uploads\/2024\/03\/pexels-karolina-grabowska-4202325.jpg\" alt=\"dekoracje w projekcie \u0142\u0105zienki\" itemprop=\"image\" height=\"1920\" width=\"1115\" title=\"dekoracje w projekcie \u0142\u0105zienki\" onerror=\"this.style.display='none'\"  \/>\n<h2>\n\t\tSmall Bathroom Design\n\t<\/h2>\n\t<p>Have you ever felt that a room seems much larger than it actually is? Spacious and equipped with all the essential elements? That\u2019s our goal. Even in a small space, with the right principles, you can create your dream bathroom. It just takes the right idea. To design a space that fits your needs, we start the process with an interview with you. Not everyone can precisely define their needs for a space, but we know how to ask the right questions to get the information we need. Your current space, especially its flaws, will also tell us a lot about your ideal interior. We\u2019ll learn what mistakes you want to avoid and suggest alternative solutions.<\/p>\n<p>How involved you are in the project is entirely up to you. We can provide inspiration or recommend places to visit, or we can handle the entire task for you. We will search for and select all the elements or provide you with catalogs from our recommended stores. We also have samples of various materials, so you can see how tiles look in your space. Lighting plays a crucial role in the project, and a floor that looked beautiful in the store might turn out too dark in our small bathroom.<\/p>\n\t\t\t\t<img decoding=\"async\" src=\"https:\/\/expertmeble.com\/wp-content\/uploads\/2026\/01\/logo-transparent.png\" alt=\"logo - transparent\" itemprop=\"image\" height=\"4320\" width=\"4321\" title=\"logo - transparent\" onerror=\"this.style.display='none'\"  \/>","protected":false},"excerpt":{"rendered":"<p>PROJEKT \u0141AZIENKI NA WYMIAR SZCZECIN ZOBACZ WI\u0118CEJ Projekt \u0142azienki &#8211; pomieszczenie o wyj\u0105tkowych potrzebach Ka\u017cdy z nas na co dzie\u0144 \u017cyje w p\u0119dzie. Codziennie brakuje nam czasu na za\u0142atwienie najwa\u017cniejszych spraw, nie m\u00f3wi\u0105c ju\u017c o relaksie czy sp\u0119dzeniu chwil z rodzin\u0105. Gdzie w tym wszystkim znale\u017a\u0107 miejsce w terminarzu na zaprojektowanie idealnego wn\u0119trza? Kiedy na&hellip;<\/p>","protected":false},"author":1,"featured_media":2303,"parent":0,"menu_order":0,"comment_status":"closed","ping_status":"closed","template":"","meta":{"footnotes":""},"class_list":["post-2302","page","type-page","status-publish","has-post-thumbnail","hentry"],"yoast_head":"<!-- This site is optimized with the Yoast SEO Premium plugin v23.3 (Yoast SEO v26.8) - https:\/\/yoast.com\/product\/yoast-seo-premium-wordpress\/ -->\n<title>Projekt \u0142azienki na wymiar | projektowanie \u0142azienki | expertmeble.com<\/title>\n<meta name=\"description\" content=\"\u0141azienka to miejsce, w kt\u00f3rym liczy si\u0119 funkcjonalno\u015b\u0107, ale te\u017c wygl\u0105d. Powierz nam projekt swojej \u0142azienki, a my wyczarujemy dla Ciebie pi\u0119kne wn\u0119trze.\" \/>\n<meta name=\"robots\" content=\"index, follow, max-snippet:-1, max-image-preview:large, max-video-preview:-1\" \/>\n<link rel=\"canonical\" href=\"https:\/\/expertmeble.com\/en\/bathroom-design\/\" \/>\n<meta property=\"og:locale\" content=\"en_US\" \/>\n<meta property=\"og:type\" content=\"article\" \/>\n<meta property=\"og:title\" content=\"Projekt \u0142azienki na wymiar Szczecin\" \/>\n<meta property=\"og:description\" content=\"\u0141azienka to miejsce, w kt\u00f3rym liczy si\u0119 funkcjonalno\u015b\u0107, ale te\u017c wygl\u0105d. Powierz nam projekt swojej \u0142azienki, a my wyczarujemy dla Ciebie pi\u0119kne wn\u0119trze.\" \/>\n<meta property=\"og:url\" content=\"https:\/\/expertmeble.com\/en\/bathroom-design\/\" \/>\n<meta property=\"og:site_name\" content=\"Expert Meble - Meble Na Wymiar Szczecin: Kuchnie, \u0141azienki, Szafy\" \/>\n<meta property=\"article:publisher\" content=\"https:\/\/www.facebook.com\/expertmeble24\/\" \/>\n<meta property=\"article:modified_time\" content=\"2026-03-24T20:59:53+00:00\" \/>\n<meta property=\"og:image\" content=\"https:\/\/expertmeble.com\/wp-content\/uploads\/2022\/12\/projektowanie-lazienki-na-wymiar.jpg\" \/>\n\t<meta property=\"og:image:width\" content=\"900\" \/>\n\t<meta property=\"og:image:height\" content=\"600\" \/>\n\t<meta property=\"og:image:type\" content=\"image\/jpeg\" \/>\n<meta name=\"twitter:card\" content=\"summary_large_image\" \/>\n<meta name=\"twitter:label1\" content=\"Est. reading time\" \/>\n\t<meta name=\"twitter:data1\" content=\"4 minutes\" \/>\n<script type=\"application\/ld+json\" class=\"yoast-schema-graph\">{\"@context\":\"https:\/\/schema.org\",\"@graph\":[{\"@type\":\"WebPage\",\"@id\":\"https:\/\/expertmeble.com\/projekt-lazienki\/\",\"url\":\"https:\/\/expertmeble.com\/projekt-lazienki\/\",\"name\":\"Projekt \u0142azienki na wymiar | projektowanie \u0142azienki | expertmeble.com\",\"isPartOf\":{\"@id\":\"https:\/\/expertmeble.com\/#website\"},\"primaryImageOfPage\":{\"@id\":\"https:\/\/expertmeble.com\/projekt-lazienki\/#primaryimage\"},\"image\":{\"@id\":\"https:\/\/expertmeble.com\/projekt-lazienki\/#primaryimage\"},\"thumbnailUrl\":\"https:\/\/expertmeble.com\/wp-content\/uploads\/2022\/12\/projektowanie-lazienki-na-wymiar.jpg\",\"datePublished\":\"2022-12-28T09:29:50+00:00\",\"dateModified\":\"2026-03-24T20:59:53+00:00\",\"description\":\"\u0141azienka to miejsce, w kt\u00f3rym liczy si\u0119 funkcjonalno\u015b\u0107, ale te\u017c wygl\u0105d. Powierz nam projekt swojej \u0142azienki, a my wyczarujemy dla Ciebie pi\u0119kne wn\u0119trze.\",\"breadcrumb\":{\"@id\":\"https:\/\/expertmeble.com\/projekt-lazienki\/#breadcrumb\"},\"inLanguage\":\"en-US\",\"potentialAction\":[{\"@type\":\"ReadAction\",\"target\":[\"https:\/\/expertmeble.com\/projekt-lazienki\/\"]}]},{\"@type\":\"ImageObject\",\"inLanguage\":\"en-US\",\"@id\":\"https:\/\/expertmeble.com\/projekt-lazienki\/#primaryimage\",\"url\":\"https:\/\/expertmeble.com\/wp-content\/uploads\/2022\/12\/projektowanie-lazienki-na-wymiar.jpg\",\"contentUrl\":\"https:\/\/expertmeble.com\/wp-content\/uploads\/2022\/12\/projektowanie-lazienki-na-wymiar.jpg\",\"width\":900,\"height\":600,\"caption\":\"projekt \u0142azienki na wymiar szczecin\"},{\"@type\":\"BreadcrumbList\",\"@id\":\"https:\/\/expertmeble.com\/projekt-lazienki\/#breadcrumb\",\"itemListElement\":[{\"@type\":\"ListItem\",\"position\":1,\"name\":\"Strona g\u0142\u00f3wna\",\"item\":\"https:\/\/expertmeble.com\/\"},{\"@type\":\"ListItem\",\"position\":2,\"name\":\"Projekt \u0142azienki na wymiar Szczecin\"}]},{\"@type\":\"WebSite\",\"@id\":\"https:\/\/expertmeble.com\/#website\",\"url\":\"https:\/\/expertmeble.com\/\",\"name\":\"Expert Meble - Meble Na Wymiar Szczecin: Kuchnie, \u0141azienki, Szafy\",\"description\":\"Meble, kuchnie, szafy, \u0142azienki oraz zabudowy na wymiar.\",\"potentialAction\":[{\"@type\":\"SearchAction\",\"target\":{\"@type\":\"EntryPoint\",\"urlTemplate\":\"https:\/\/expertmeble.com\/?s={search_term_string}\"},\"query-input\":{\"@type\":\"PropertyValueSpecification\",\"valueRequired\":true,\"valueName\":\"search_term_string\"}}],\"inLanguage\":\"en-US\"}]}<\/script>\n<!-- \/ Yoast SEO Premium plugin. -->","yoast_head_json":{"title":"Projekt \u0142azienki na wymiar | projektowanie \u0142azienki | expertmeble.com","description":"\u0141azienka to miejsce, w kt\u00f3rym liczy si\u0119 funkcjonalno\u015b\u0107, ale te\u017c wygl\u0105d. Powierz nam projekt swojej \u0142azienki, a my wyczarujemy dla Ciebie pi\u0119kne wn\u0119trze.","robots":{"index":"index","follow":"follow","max-snippet":"max-snippet:-1","max-image-preview":"max-image-preview:large","max-video-preview":"max-video-preview:-1"},"canonical":"https:\/\/expertmeble.com\/en\/bathroom-design\/","og_locale":"en_US","og_type":"article","og_title":"Projekt \u0142azienki na wymiar Szczecin","og_description":"\u0141azienka to miejsce, w kt\u00f3rym liczy si\u0119 funkcjonalno\u015b\u0107, ale te\u017c wygl\u0105d. Powierz nam projekt swojej \u0142azienki, a my wyczarujemy dla Ciebie pi\u0119kne wn\u0119trze.","og_url":"https:\/\/expertmeble.com\/en\/bathroom-design\/","og_site_name":"Expert Meble - Meble Na Wymiar Szczecin: Kuchnie, \u0141azienki, Szafy","article_publisher":"https:\/\/www.facebook.com\/expertmeble24\/","article_modified_time":"2026-03-24T20:59:53+00:00","og_image":[{"width":900,"height":600,"url":"https:\/\/expertmeble.com\/wp-content\/uploads\/2022\/12\/projektowanie-lazienki-na-wymiar.jpg","type":"image\/jpeg"}],"twitter_card":"summary_large_image","twitter_misc":{"Est. reading time":"4 minutes"},"schema":{"@context":"https:\/\/schema.org","@graph":[{"@type":"WebPage","@id":"https:\/\/expertmeble.com\/projekt-lazienki\/","url":"https:\/\/expertmeble.com\/projekt-lazienki\/","name":"Projekt \u0142azienki na wymiar | projektowanie \u0142azienki | expertmeble.com","isPartOf":{"@id":"https:\/\/expertmeble.com\/#website"},"primaryImageOfPage":{"@id":"https:\/\/expertmeble.com\/projekt-lazienki\/#primaryimage"},"image":{"@id":"https:\/\/expertmeble.com\/projekt-lazienki\/#primaryimage"},"thumbnailUrl":"https:\/\/expertmeble.com\/wp-content\/uploads\/2022\/12\/projektowanie-lazienki-na-wymiar.jpg","datePublished":"2022-12-28T09:29:50+00:00","dateModified":"2026-03-24T20:59:53+00:00","description":"\u0141azienka to miejsce, w kt\u00f3rym liczy si\u0119 funkcjonalno\u015b\u0107, ale te\u017c wygl\u0105d. Powierz nam projekt swojej \u0142azienki, a my wyczarujemy dla Ciebie pi\u0119kne wn\u0119trze.","breadcrumb":{"@id":"https:\/\/expertmeble.com\/projekt-lazienki\/#breadcrumb"},"inLanguage":"en-US","potentialAction":[{"@type":"ReadAction","target":["https:\/\/expertmeble.com\/projekt-lazienki\/"]}]},{"@type":"ImageObject","inLanguage":"en-US","@id":"https:\/\/expertmeble.com\/projekt-lazienki\/#primaryimage","url":"https:\/\/expertmeble.com\/wp-content\/uploads\/2022\/12\/projektowanie-lazienki-na-wymiar.jpg","contentUrl":"https:\/\/expertmeble.com\/wp-content\/uploads\/2022\/12\/projektowanie-lazienki-na-wymiar.jpg","width":900,"height":600,"caption":"projekt \u0142azienki na wymiar szczecin"},{"@type":"BreadcrumbList","@id":"https:\/\/expertmeble.com\/projekt-lazienki\/#breadcrumb","itemListElement":[{"@type":"ListItem","position":1,"name":"Strona g\u0142\u00f3wna","item":"https:\/\/expertmeble.com\/"},{"@type":"ListItem","position":2,"name":"Projekt \u0142azienki na wymiar Szczecin"}]},{"@type":"WebSite","@id":"https:\/\/expertmeble.com\/#website","url":"https:\/\/expertmeble.com\/","name":"Expert Meble - Meble Na Wymiar Szczecin: Kuchnie, \u0141azienki, Szafy","description":"Meble, kuchnie, szafy, \u0142azienki oraz zabudowy na wymiar.","potentialAction":[{"@type":"SearchAction","target":{"@type":"EntryPoint","urlTemplate":"https:\/\/expertmeble.com\/?s={search_term_string}"},"query-input":{"@type":"PropertyValueSpecification","valueRequired":true,"valueName":"search_term_string"}}],"inLanguage":"en-US"}]}},"_links":{"self":[{"href":"https:\/\/expertmeble.com\/en\/wp-json\/wp\/v2\/pages\/2302","targetHints":{"allow":["GET"]}}],"collection":[{"href":"https:\/\/expertmeble.com\/en\/wp-json\/wp\/v2\/pages"}],"about":[{"href":"https:\/\/expertmeble.com\/en\/wp-json\/wp\/v2\/types\/page"}],"author":[{"embeddable":true,"href":"https:\/\/expertmeble.com\/en\/wp-json\/wp\/v2\/users\/1"}],"replies":[{"embeddable":true,"href":"https:\/\/expertmeble.com\/en\/wp-json\/wp\/v2\/comments?post=2302"}],"version-history":[{"count":7,"href":"https:\/\/expertmeble.com\/en\/wp-json\/wp\/v2\/pages\/2302\/revisions"}],"predecessor-version":[{"id":5312,"href":"https:\/\/expertmeble.com\/en\/wp-json\/wp\/v2\/pages\/2302\/revisions\/5312"}],"wp:featuredmedia":[{"embeddable":true,"href":"https:\/\/expertmeble.com\/en\/wp-json\/wp\/v2\/media\/2303"}],"wp:attachment":[{"href":"https:\/\/expertmeble.com\/en\/wp-json\/wp\/v2\/media?parent=2302"}],"curies":[{"name":"wp","href":"https:\/\/api.w.org\/{rel}","templated":true}]}}