{"id":2305,"date":"2022-12-28T10:45:57","date_gmt":"2022-12-28T09:45:57","guid":{"rendered":"https:\/\/expertmeble.com\/?page_id=2305"},"modified":"2026-03-24T22:01:50","modified_gmt":"2026-03-24T21:01:50","slug":"projekt-pokoju-dzieciecego","status":"publish","type":"page","link":"https:\/\/expertmeble.com\/en\/childrens-room-design\/","title":{"rendered":"Projekt pokoju dzieci\u0119cego na wymiar Szczecin"},"content":{"rendered":"<h1>\n\t\tCUSTOM CHILD'S ROOM DESIGN\n\t<\/h1>\n\t\t\t<a href=\"https:\/\/expertmeble.com\/en\/gallery\/\" target=\"_self\">\n\t\t\t\t\t\t\tSEE MORE\n\t\t\t\t\t<\/a>\n<h2>\n\t\tDesigning a Child's Room\n\t<\/h2>\n\t<p>Many parents wonder how to create a room for their child that will grow with them. A space that meets the needs of both an infant and a school-aged child. Of course, individual pieces of furniture will need to be replaced over time, but the overall design can be planned to serve for years. To create the perfect design for your little one, we first need to know the dimensions of the room. Simply provide us with a floor plan or a drawing with measurements. Be sure to include windows, doors, and other fixed elements like radiators or pipes.\n\nChildren's rooms are often located in attics as well. In such cases, you need to provide detailed measurements of the sloped ceilings. This will allow us to make the most of the available space and tailor the cabinetry perfectly to the room. Photos of the interior will also help us in our work.<\/p>\n<p>During the initial discussion or when scheduling the project, please also provide photos of inspirations\u2014places or designs that you particularly like. These do not need to be complete rooms; individual elements that caught your eye will also be helpful. If there is a specific item you want to include in the room, this is also the time to let us know.<\/p>\n<h2>\n\t\tChildren's Room Projects\n\t<\/h2>\n\t<p>A child\u2019s room is a place where they will spend a lot of time. It\u2019s a space for learning, playing, and resting. It needs to meet many different needs. How can it function as both a peaceful bedroom and a play area? The key is to define specific zones. Organizing the space to separate the daytime and nighttime areas is crucial.<\/p>\n<p>For older children, it\u2019s worth considering their opinions. After all, they will be the ones living in the room, not the parents. Children will appreciate having a say in the final look of their room. They are individuals with their own tastes and needs, and it\u2019s important to take those into account.<\/p>\n<p>Younger children usually follow their parents' suggestions. They rely on their advice but sometimes add their own ideas.<\/p>\n<p>The key to creating a room that lasts for years is versatility. A young child doesn\u2019t need too many accessories. For younger children, the atmosphere can be created with bedding featuring their favorite characters or figurines on a shelf. This allows for basic furniture that works well for both toddlers and older kids\u2014simple Scandinavian furniture in white or natural wood.<\/p>\n<p>When designing a space for your child, we also consider their interests. However, it\u2019s important to leave free space for unrestricted play and physical activity. Proper furniture arrangement can create space even in a small room where they can play on the floor or invite friends over. Open space fosters creativity, which is an essential element of a child\u2019s development.<\/p>\n<p>An essential aspect of our projects is the durability of solutions. We understand that rooms, as they age, don\u2019t always look as we\u2019d like. Therefore, we know that solutions need to meet the child\u2019s needs. Durable materials and solid furniture are ideal. Custom-built furniture made from laminated board will withstand crayon marks, water spills, and other child-related accidents. This is a space where they create and play, and such a wardrobe will likely become a hiding place or a home for their teddy bear, eventually serving as a garage or a place for posters. Investing in good quality elements is crucial, not only for durability but also for cost-effectiveness. Quality furniture is a one-time expense that lasts longer.<\/p>\n\t\t\t\t<img decoding=\"async\" src=\"https:\/\/expertmeble.com\/wp-content\/uploads\/2024\/03\/pexels-tatiana-syrikova-3932937.jpg\" alt=\"elegancki i przytulny pok\u00f3j dzieci\u0119cy po projekcie\" itemprop=\"image\" height=\"1919\" width=\"1116\" title=\"elegancki i przytulny pok\u00f3j dzieci\u0119cy po projekcie\" onerror=\"this.style.display='none'\"  \/>","protected":false},"excerpt":{"rendered":"<p>PROJEKT POKOJU DZIECI\u0118CEGO NA WYMIAR ZOBACZ WI\u0118CEJ Projektowanie Pokoju Dzieci\u0119cego Wielu rodzic\u00f3w zastanawia si\u0119 jak stworzy\u0107 pok\u00f3j dla dziecka, kt\u00f3ry b\u0119dzie r\u00f3s\u0142 razem z nim. Miejsce, kt\u00f3re spe\u0142ni potrzeby niemowlaka i szkolnego dziecka. Oczywi\u015bcie, poszczeg\u00f3lne meble b\u0119dzie trzeba w mi\u0119dzyczasie wymieni\u0107, jednak ca\u0142o\u015b\u0107 mo\u017cna zaprojektowa\u0107 tak, aby s\u0142u\u017cy\u0142a na lata. Aby stworzy\u0107 wymarzony projekt dla&hellip;<\/p>","protected":false},"author":1,"featured_media":2306,"parent":0,"menu_order":0,"comment_status":"closed","ping_status":"closed","template":"","meta":{"footnotes":""},"class_list":["post-2305","page","type-page","status-publish","has-post-thumbnail","hentry"],"yoast_head":"<!-- This site is optimized with the Yoast SEO Premium plugin v23.3 (Yoast SEO v26.8) - https:\/\/yoast.com\/product\/yoast-seo-premium-wordpress\/ -->\n<title>Projekt pokoju dzieci\u0119cego na wymiar | expertmeble.com<\/title>\n<meta name=\"description\" content=\"\u0141azienka to miejsce, w kt\u00f3rym liczy si\u0119 funkcjonalno\u015b\u0107, ale te\u017c wygl\u0105d. Powierz nam projekt swojej \u0142azienki, a my wyczarujemy dla Ciebie pi\u0119kne wn\u0119trze.\" \/>\n<meta name=\"robots\" content=\"index, follow, max-snippet:-1, max-image-preview:large, max-video-preview:-1\" \/>\n<link rel=\"canonical\" href=\"https:\/\/expertmeble.com\/en\/childrens-room-design\/\" \/>\n<meta property=\"og:locale\" content=\"en_US\" \/>\n<meta property=\"og:type\" content=\"article\" \/>\n<meta property=\"og:title\" content=\"Projekt pokoju dzieci\u0119cego na wymiar Szczecin\" \/>\n<meta property=\"og:description\" content=\"\u0141azienka to miejsce, w kt\u00f3rym liczy si\u0119 funkcjonalno\u015b\u0107, ale te\u017c wygl\u0105d. Powierz nam projekt swojej \u0142azienki, a my wyczarujemy dla Ciebie pi\u0119kne wn\u0119trze.\" \/>\n<meta property=\"og:url\" content=\"https:\/\/expertmeble.com\/en\/childrens-room-design\/\" \/>\n<meta property=\"og:site_name\" content=\"Expert Meble - Meble Na Wymiar Szczecin: Kuchnie, \u0141azienki, Szafy\" \/>\n<meta property=\"article:publisher\" content=\"https:\/\/www.facebook.com\/expertmeble24\/\" \/>\n<meta property=\"article:modified_time\" content=\"2026-03-24T21:01:50+00:00\" \/>\n<meta property=\"og:image\" content=\"https:\/\/expertmeble.com\/wp-content\/uploads\/2022\/12\/projektowanie-pokoju-dzieciecego.jpg\" \/>\n\t<meta property=\"og:image:width\" content=\"900\" \/>\n\t<meta property=\"og:image:height\" content=\"622\" \/>\n\t<meta property=\"og:image:type\" content=\"image\/jpeg\" \/>\n<meta name=\"twitter:card\" content=\"summary_large_image\" \/>\n<meta name=\"twitter:label1\" content=\"Est. reading time\" \/>\n\t<meta name=\"twitter:data1\" content=\"3 minutes\" \/>\n<script type=\"application\/ld+json\" class=\"yoast-schema-graph\">{\"@context\":\"https:\/\/schema.org\",\"@graph\":[{\"@type\":\"WebPage\",\"@id\":\"https:\/\/expertmeble.com\/projekt-pokoju-dzieciecego\/\",\"url\":\"https:\/\/expertmeble.com\/projekt-pokoju-dzieciecego\/\",\"name\":\"Projekt pokoju dzieci\u0119cego na wymiar | expertmeble.com\",\"isPartOf\":{\"@id\":\"https:\/\/expertmeble.com\/#website\"},\"primaryImageOfPage\":{\"@id\":\"https:\/\/expertmeble.com\/projekt-pokoju-dzieciecego\/#primaryimage\"},\"image\":{\"@id\":\"https:\/\/expertmeble.com\/projekt-pokoju-dzieciecego\/#primaryimage\"},\"thumbnailUrl\":\"https:\/\/expertmeble.com\/wp-content\/uploads\/2022\/12\/projektowanie-pokoju-dzieciecego.jpg\",\"datePublished\":\"2022-12-28T09:45:57+00:00\",\"dateModified\":\"2026-03-24T21:01:50+00:00\",\"description\":\"\u0141azienka to miejsce, w kt\u00f3rym liczy si\u0119 funkcjonalno\u015b\u0107, ale te\u017c wygl\u0105d. Powierz nam projekt swojej \u0142azienki, a my wyczarujemy dla Ciebie pi\u0119kne wn\u0119trze.\",\"breadcrumb\":{\"@id\":\"https:\/\/expertmeble.com\/projekt-pokoju-dzieciecego\/#breadcrumb\"},\"inLanguage\":\"en-US\",\"potentialAction\":[{\"@type\":\"ReadAction\",\"target\":[\"https:\/\/expertmeble.com\/projekt-pokoju-dzieciecego\/\"]}]},{\"@type\":\"ImageObject\",\"inLanguage\":\"en-US\",\"@id\":\"https:\/\/expertmeble.com\/projekt-pokoju-dzieciecego\/#primaryimage\",\"url\":\"https:\/\/expertmeble.com\/wp-content\/uploads\/2022\/12\/projektowanie-pokoju-dzieciecego.jpg\",\"contentUrl\":\"https:\/\/expertmeble.com\/wp-content\/uploads\/2022\/12\/projektowanie-pokoju-dzieciecego.jpg\",\"width\":900,\"height\":622,\"caption\":\"Projekt pokoju dzieci\u0119cego\"},{\"@type\":\"BreadcrumbList\",\"@id\":\"https:\/\/expertmeble.com\/projekt-pokoju-dzieciecego\/#breadcrumb\",\"itemListElement\":[{\"@type\":\"ListItem\",\"position\":1,\"name\":\"Strona g\u0142\u00f3wna\",\"item\":\"https:\/\/expertmeble.com\/\"},{\"@type\":\"ListItem\",\"position\":2,\"name\":\"Projekt pokoju dzieci\u0119cego na wymiar Szczecin\"}]},{\"@type\":\"WebSite\",\"@id\":\"https:\/\/expertmeble.com\/#website\",\"url\":\"https:\/\/expertmeble.com\/\",\"name\":\"Expert Meble - Meble Na Wymiar Szczecin: Kuchnie, \u0141azienki, Szafy\",\"description\":\"Meble, kuchnie, szafy, \u0142azienki oraz zabudowy na wymiar.\",\"potentialAction\":[{\"@type\":\"SearchAction\",\"target\":{\"@type\":\"EntryPoint\",\"urlTemplate\":\"https:\/\/expertmeble.com\/?s={search_term_string}\"},\"query-input\":{\"@type\":\"PropertyValueSpecification\",\"valueRequired\":true,\"valueName\":\"search_term_string\"}}],\"inLanguage\":\"en-US\"}]}<\/script>\n<!-- \/ Yoast SEO Premium plugin. -->","yoast_head_json":{"title":"Projekt pokoju dzieci\u0119cego na wymiar | expertmeble.com","description":"\u0141azienka to miejsce, w kt\u00f3rym liczy si\u0119 funkcjonalno\u015b\u0107, ale te\u017c wygl\u0105d. Powierz nam projekt swojej \u0142azienki, a my wyczarujemy dla Ciebie pi\u0119kne wn\u0119trze.","robots":{"index":"index","follow":"follow","max-snippet":"max-snippet:-1","max-image-preview":"max-image-preview:large","max-video-preview":"max-video-preview:-1"},"canonical":"https:\/\/expertmeble.com\/en\/childrens-room-design\/","og_locale":"en_US","og_type":"article","og_title":"Projekt pokoju dzieci\u0119cego na wymiar Szczecin","og_description":"\u0141azienka to miejsce, w kt\u00f3rym liczy si\u0119 funkcjonalno\u015b\u0107, ale te\u017c wygl\u0105d. Powierz nam projekt swojej \u0142azienki, a my wyczarujemy dla Ciebie pi\u0119kne wn\u0119trze.","og_url":"https:\/\/expertmeble.com\/en\/childrens-room-design\/","og_site_name":"Expert Meble - Meble Na Wymiar Szczecin: Kuchnie, \u0141azienki, Szafy","article_publisher":"https:\/\/www.facebook.com\/expertmeble24\/","article_modified_time":"2026-03-24T21:01:50+00:00","og_image":[{"width":900,"height":622,"url":"https:\/\/expertmeble.com\/wp-content\/uploads\/2022\/12\/projektowanie-pokoju-dzieciecego.jpg","type":"image\/jpeg"}],"twitter_card":"summary_large_image","twitter_misc":{"Est. reading time":"3 minutes"},"schema":{"@context":"https:\/\/schema.org","@graph":[{"@type":"WebPage","@id":"https:\/\/expertmeble.com\/projekt-pokoju-dzieciecego\/","url":"https:\/\/expertmeble.com\/projekt-pokoju-dzieciecego\/","name":"Projekt pokoju dzieci\u0119cego na wymiar | expertmeble.com","isPartOf":{"@id":"https:\/\/expertmeble.com\/#website"},"primaryImageOfPage":{"@id":"https:\/\/expertmeble.com\/projekt-pokoju-dzieciecego\/#primaryimage"},"image":{"@id":"https:\/\/expertmeble.com\/projekt-pokoju-dzieciecego\/#primaryimage"},"thumbnailUrl":"https:\/\/expertmeble.com\/wp-content\/uploads\/2022\/12\/projektowanie-pokoju-dzieciecego.jpg","datePublished":"2022-12-28T09:45:57+00:00","dateModified":"2026-03-24T21:01:50+00:00","description":"\u0141azienka to miejsce, w kt\u00f3rym liczy si\u0119 funkcjonalno\u015b\u0107, ale te\u017c wygl\u0105d. Powierz nam projekt swojej \u0142azienki, a my wyczarujemy dla Ciebie pi\u0119kne wn\u0119trze.","breadcrumb":{"@id":"https:\/\/expertmeble.com\/projekt-pokoju-dzieciecego\/#breadcrumb"},"inLanguage":"en-US","potentialAction":[{"@type":"ReadAction","target":["https:\/\/expertmeble.com\/projekt-pokoju-dzieciecego\/"]}]},{"@type":"ImageObject","inLanguage":"en-US","@id":"https:\/\/expertmeble.com\/projekt-pokoju-dzieciecego\/#primaryimage","url":"https:\/\/expertmeble.com\/wp-content\/uploads\/2022\/12\/projektowanie-pokoju-dzieciecego.jpg","contentUrl":"https:\/\/expertmeble.com\/wp-content\/uploads\/2022\/12\/projektowanie-pokoju-dzieciecego.jpg","width":900,"height":622,"caption":"Projekt pokoju dzieci\u0119cego"},{"@type":"BreadcrumbList","@id":"https:\/\/expertmeble.com\/projekt-pokoju-dzieciecego\/#breadcrumb","itemListElement":[{"@type":"ListItem","position":1,"name":"Strona g\u0142\u00f3wna","item":"https:\/\/expertmeble.com\/"},{"@type":"ListItem","position":2,"name":"Projekt pokoju dzieci\u0119cego na wymiar Szczecin"}]},{"@type":"WebSite","@id":"https:\/\/expertmeble.com\/#website","url":"https:\/\/expertmeble.com\/","name":"Expert Meble - Meble Na Wymiar Szczecin: Kuchnie, \u0141azienki, Szafy","description":"Meble, kuchnie, szafy, \u0142azienki oraz zabudowy na wymiar.","potentialAction":[{"@type":"SearchAction","target":{"@type":"EntryPoint","urlTemplate":"https:\/\/expertmeble.com\/?s={search_term_string}"},"query-input":{"@type":"PropertyValueSpecification","valueRequired":true,"valueName":"search_term_string"}}],"inLanguage":"en-US"}]}},"_links":{"self":[{"href":"https:\/\/expertmeble.com\/en\/wp-json\/wp\/v2\/pages\/2305","targetHints":{"allow":["GET"]}}],"collection":[{"href":"https:\/\/expertmeble.com\/en\/wp-json\/wp\/v2\/pages"}],"about":[{"href":"https:\/\/expertmeble.com\/en\/wp-json\/wp\/v2\/types\/page"}],"author":[{"embeddable":true,"href":"https:\/\/expertmeble.com\/en\/wp-json\/wp\/v2\/users\/1"}],"replies":[{"embeddable":true,"href":"https:\/\/expertmeble.com\/en\/wp-json\/wp\/v2\/comments?post=2305"}],"version-history":[{"count":6,"href":"https:\/\/expertmeble.com\/en\/wp-json\/wp\/v2\/pages\/2305\/revisions"}],"predecessor-version":[{"id":5315,"href":"https:\/\/expertmeble.com\/en\/wp-json\/wp\/v2\/pages\/2305\/revisions\/5315"}],"wp:featuredmedia":[{"embeddable":true,"href":"https:\/\/expertmeble.com\/en\/wp-json\/wp\/v2\/media\/2306"}],"wp:attachment":[{"href":"https:\/\/expertmeble.com\/en\/wp-json\/wp\/v2\/media?parent=2305"}],"curies":[{"name":"wp","href":"https:\/\/api.w.org\/{rel}","templated":true}]}}