{"id":2379,"date":"2023-01-26T11:49:30","date_gmt":"2023-01-26T10:49:30","guid":{"rendered":"https:\/\/expertmeble.com\/?page_id=2379"},"modified":"2026-03-27T16:50:02","modified_gmt":"2026-03-27T15:50:02","slug":"meble-biurowe-na-wymiar","status":"publish","type":"page","link":"https:\/\/expertmeble.com\/en\/custom-office-furniture\/","title":{"rendered":"Custom Office Furniture"},"content":{"rendered":"<h1>\n\t\tOffice Furniture Szczecin\n\t<\/h1>\n\t\t\t<a href=\"https:\/\/expertmeble.com\/en\/gallery\/\" target=\"_self\">\n\t\t\t\t\t\t\tZOBACZ NASZE RELIZACJE\n\t\t\t\t\t<\/a>\n<h2>\n\t\tMeble biurowe dla Twojego komfortu &#8211; dostarczamy w Szczecinie i okolicach!\n\t<\/h2>\n\t<p>A practical and efficient office is a place where work is done with pleasure and commitment. It also serves as a company's business card. As a respected brand, we fully understand this, which is why when designing custom office furniture, we take into account our clients' expectations and all requirements to ensure comfortable work. Each project begins with a personal consultation, during which we gather information about the client's preferences for the interior furnishings. At the same time, we make precise measurements of the space to ensure it is perfectly utilized. We deliver custom office furniture in Szczecin and its surroundings. We have clients from all over Poland, and our projects impress many customers and build a professional image for companies. Every office space has unique characteristics, so we emphasize a personalized approach in our collaboration. However, nothing is impossible for us; even a small space can be optimally utilized with our ergonomic office furniture solutions in Szczecin and nearby areas. We are familiar with current trends, so the designs we offer are modern and spacious.<\/p>\n<h2>\n\t\tWhy choose our ergonomic custom office furniture?\n\t<\/h2>\n\t<p>Custom office furniture initially appears better than ready-made sets for several reasons. First and foremost, it is tailored to the specific interior, dimensions, and preferences of the client. Our designs also feature high quality, ensuring that the furniture remains in excellent condition for many years. We use certified materials, guaranteeing their reliability. Our furniture offers perfect fit and comfort. Regardless of the layout of the room, we can propose appropriate solutions. The office furniture we produce and deliver in Szczecin and its surroundings allows for customization of the space according to the needs and preferences of both companies and employees. Additionally, since our designs are created in 3D, you can see how the solution will look in the specific interior. This allows you to confirm your chosen design and the overall appearance of the setup. Choosing our custom office furniture includes a free estimate and consultation. Our team of specialists will advise on which designs will work best and create spaces full of class where both employees and visiting clients will feel comfortable.<\/p>\n\t\t\t\t<img decoding=\"async\" src=\"https:\/\/expertmeble.com\/wp-content\/uploads\/2026\/01\/logo-transparent.png\" alt=\"logo - transparent\" itemprop=\"image\" height=\"4320\" width=\"4321\" title=\"logo - transparent\" onerror=\"this.style.display='none'\"  \/>\n\t\t\t<a href=\"https:\/\/expertmeble.com\/en\/realizacje\/\" target=\"_self\">\n\t\t\t\t\t\t\tNasze Realizacje &#8211; Meble Biurowe na wymiar\n\t\t\t\t\t<\/a>\n<h2>\n\t\tCustom Office Furniture: Ergonomics, Aesthetics, and Comfort for Your Company\n\t<\/h2>\n\t<p>Custom office furniture from our range allows you to tailor your company's space to the needs of your employees. A well-organized interior facilitates efficient work, ensuring proper ergonomics and comfort every day. Pre-made furniture sets often do not maximize the use of space. Therefore, when designing custom office furniture, we consider the overall characteristics of the space. Our approach is comprehensive, taking into account both ergonomics and aesthetics. Our designs are created with a modern spirit and can fit into interiors with various design styles. Our furniture guarantees consistency with the space's style and comfort for work. We adjust the height of desks and their sizes to meet the needs of the users, plan space for cables, monitors, and other equipment used in daily tasks. By choosing our office furniture, delivered throughout Szczecin and surrounding areas, you can be sure you are opting for solutions that meet your expectations and provide comfort for your employees. We achieve this through our knowledge, experience, and commitment to the client's vision.<\/p>\n<h2>\n\t\tCustom office furniture in Szczecin: Exceptional Design and Reliable Functionality\n\t<\/h2>\n\t<p>Prezentowane przez nas meble stanowi\u0105 odpowied\u017a na wysokie wymagania klient\u00f3w, kt\u00f3rzy szukaj\u0105 oryginalnie zaprojektowanych i precyzyjnie wykonanych konstrukcji. Meble do biura na wymiar dowo\u017cone na terenie Szczecina i okolic tworzone s\u0105 z wykorzystanie najlepszych narz\u0119dzi, a tak\u017ce materia\u0142\u00f3w. Dzi\u0119ki temu s\u0142u\u017c\u0105 one w idealnym stanie przez d\u0142ugi czas. Kupuj\u0105c je od nas, mo\u017cesz mie\u0107 pewno\u015b\u0107, \u017ce stawiasz na najbardziej wydajne rozwi\u0105zania, kt\u00f3re b\u0119d\u0105 modne i funkcjonalne. Co wa\u017cne, wychodzimy naprzeciw potrzebom naszych odbiorc\u00f3w, oferuj\u0105c r\u00f3wnie\u017c mo\u017cliwo\u015b\u0107 zakupu mebli na raty 0%. Mo\u017cesz zatem cieszy\u0107 si\u0119 idealnym wyposa\u017ceniem ju\u017c dzi\u015b, wybieraj\u0105c dogodn\u0105 metod\u0119 p\u0142atno\u015bci. Projektuj\u0105c swoj\u0105 przestrze\u0144 firmow\u0105, warto skorzysta\u0107 z naszej pomocy &#8211; doradzamy bowiem w kwestii ustawienia poszczeg\u00f3lnych mebli, a tak\u017ce odpowiedniej organizacji wn\u0119trza. Dzi\u0119ki temu zyskujesz biuro dopasowane r\u00f3wnie\u017c pod wzgl\u0119dem wymog\u00f3w BHP. Skorzystaj z naszej oferty ju\u017c dzi\u015b i zdecyduj si\u0119 na bezp\u0142atn\u0105 wizualizacj\u0119!<\/p>\n\t\t\t<a href=\"https:\/\/expertmeble.com\/en\/interior-arrangement\/\" target=\"_self\">\n\t\t\t\t\t\t\tSee our approach to interior design\n\t\t\t\t\t<\/a>\n<h3>\n\t\tProject\n\t<\/h3>\n\t<p>Do you dream of a functional and ergonomic office that perfectly supports your work? Our custom office furniture is designed to meet your needs. Thanks to our designers' individualized approach, we can create desks, cabinets, shelves, and other office elements perfectly tailored to your space and requirements. Contact us to start designing your ideal custom office!<\/p>\n<h3>\n\t\tQuote\n\t<\/h3>\n\t<p>Are you interested in the cost of custom office furniture for your space? Don't worry, we're here to help! Contact us, and our team will prepare a personalized quote based on your needs and budget. With our fair and transparent pricing policy, you can be sure that you'll receive high-quality custom furniture at a competitive price. Call or write to us today!<\/p>\n<h3>\n\t\tMeasurement\n\t<\/h3>\n\t<p>Accurate measurements are crucial for creating custom office furniture for your space. Our experienced team of specialists will take precise measurements to ensure that the furniture fits perfectly and meets your expectations. Contact us, and we'll schedule a convenient time for the measurements to begin the process of designing your ideal custom office!<\/p>\n<h3>\n\t\tContact our experts. We're happy to help!\n\t<\/h3>\n\t\t\t<a href=\"https:\/\/expertmeble.com\/en\/#kontakt\" target=\"_self\">\n\t\t\t\t\t\t\tZADZWO\u0143 DO NAS\n\t\t\t\t\t<\/a>","protected":false},"excerpt":{"rendered":"<p>Meble biurowe Szczecin ZOBACZ NASZE RELIZACJE Meble biurowe dla Twojego komfortu &#8211; dostarczamy w Szczecinie i okolicach! Praktyczne i wydajne biuro to miejsce, w kt\u00f3rym pracuje si\u0119 z przyjemno\u015bci\u0105 i zaanga\u017cowaniem. To r\u00f3wnie\u017c wizyt\u00f3wka przedsi\u0119biorstwa. Jako ceniona marka doskonale zdajemy sobie z tego spraw\u0119, dlatego projektuj\u0105c meble do biura na wymiar, bierzemy pod uwag\u0119 oczekiwania&hellip;<\/p>","protected":false},"author":1,"featured_media":0,"parent":0,"menu_order":0,"comment_status":"closed","ping_status":"closed","template":"","meta":{"footnotes":""},"class_list":["post-2379","page","type-page","status-publish","hentry"],"yoast_head":"<!-- This site is optimized with the Yoast SEO Premium plugin v23.3 (Yoast SEO v26.8) - https:\/\/yoast.com\/product\/yoast-seo-premium-wordpress\/ -->\n<title>Meble biurowe na wymiar Szczecin | expertmeble.com<\/title>\n<meta name=\"description\" content=\"Meble do biura na wymiar powinny by\u0107 ergonomiczne i funkcjonalne. W\u0142a\u015bnie takie otrzymasz w sklepie expertmeble.com! Wejd\u017a i sprawd\u017a wykonane realizacje!\" \/>\n<meta name=\"robots\" content=\"index, follow, max-snippet:-1, max-image-preview:large, max-video-preview:-1\" \/>\n<link rel=\"canonical\" href=\"https:\/\/expertmeble.com\/en\/custom-office-furniture\/\" \/>\n<meta property=\"og:locale\" content=\"en_US\" \/>\n<meta property=\"og:type\" content=\"article\" \/>\n<meta property=\"og:title\" content=\"Meble biurowe na wymiar\" \/>\n<meta property=\"og:description\" content=\"Meble do biura na wymiar powinny by\u0107 ergonomiczne i funkcjonalne. W\u0142a\u015bnie takie otrzymasz w sklepie expertmeble.com! Wejd\u017a i sprawd\u017a wykonane realizacje!\" \/>\n<meta property=\"og:url\" content=\"https:\/\/expertmeble.com\/en\/custom-office-furniture\/\" \/>\n<meta property=\"og:site_name\" content=\"Expert Meble - Meble Na Wymiar Szczecin: Kuchnie, \u0141azienki, Szafy\" \/>\n<meta property=\"article:publisher\" content=\"https:\/\/www.facebook.com\/expertmeble24\/\" \/>\n<meta property=\"article:modified_time\" content=\"2026-03-27T15:50:02+00:00\" \/>\n<meta property=\"og:image\" content=\"https:\/\/expertmeble.com\/wp-content\/uploads\/2026\/01\/logo-transparent.png\" \/>\n<meta name=\"twitter:card\" content=\"summary_large_image\" \/>\n<meta name=\"twitter:label1\" content=\"Est. reading time\" \/>\n\t<meta name=\"twitter:data1\" content=\"5 minutes\" \/>\n<script type=\"application\/ld+json\" class=\"yoast-schema-graph\">{\"@context\":\"https:\/\/schema.org\",\"@graph\":[{\"@type\":\"WebPage\",\"@id\":\"https:\/\/expertmeble.com\/meble-biurowe-na-wymiar\/\",\"url\":\"https:\/\/expertmeble.com\/meble-biurowe-na-wymiar\/\",\"name\":\"Meble biurowe na wymiar Szczecin | expertmeble.com\",\"isPartOf\":{\"@id\":\"https:\/\/expertmeble.com\/#website\"},\"primaryImageOfPage\":{\"@id\":\"https:\/\/expertmeble.com\/meble-biurowe-na-wymiar\/#primaryimage\"},\"image\":{\"@id\":\"https:\/\/expertmeble.com\/meble-biurowe-na-wymiar\/#primaryimage\"},\"thumbnailUrl\":\"https:\/\/expertmeble.com\/wp-content\/uploads\/2026\/01\/logo-transparent.png\",\"datePublished\":\"2023-01-26T10:49:30+00:00\",\"dateModified\":\"2026-03-27T15:50:02+00:00\",\"description\":\"Meble do biura na wymiar powinny by\u0107 ergonomiczne i funkcjonalne. W\u0142a\u015bnie takie otrzymasz w sklepie expertmeble.com! Wejd\u017a i sprawd\u017a wykonane realizacje!\",\"breadcrumb\":{\"@id\":\"https:\/\/expertmeble.com\/meble-biurowe-na-wymiar\/#breadcrumb\"},\"inLanguage\":\"en-US\",\"potentialAction\":[{\"@type\":\"ReadAction\",\"target\":[\"https:\/\/expertmeble.com\/meble-biurowe-na-wymiar\/\"]}]},{\"@type\":\"ImageObject\",\"inLanguage\":\"en-US\",\"@id\":\"https:\/\/expertmeble.com\/meble-biurowe-na-wymiar\/#primaryimage\",\"url\":\"https:\/\/expertmeble.com\/wp-content\/uploads\/2026\/01\/logo-transparent.png\",\"contentUrl\":\"https:\/\/expertmeble.com\/wp-content\/uploads\/2026\/01\/logo-transparent.png\"},{\"@type\":\"BreadcrumbList\",\"@id\":\"https:\/\/expertmeble.com\/meble-biurowe-na-wymiar\/#breadcrumb\",\"itemListElement\":[{\"@type\":\"ListItem\",\"position\":1,\"name\":\"Strona g\u0142\u00f3wna\",\"item\":\"https:\/\/expertmeble.com\/\"},{\"@type\":\"ListItem\",\"position\":2,\"name\":\"Meble biurowe na wymiar\"}]},{\"@type\":\"WebSite\",\"@id\":\"https:\/\/expertmeble.com\/#website\",\"url\":\"https:\/\/expertmeble.com\/\",\"name\":\"Expert Meble - Meble Na Wymiar Szczecin: Kuchnie, \u0141azienki, Szafy\",\"description\":\"Meble, kuchnie, szafy, \u0142azienki oraz zabudowy na wymiar.\",\"potentialAction\":[{\"@type\":\"SearchAction\",\"target\":{\"@type\":\"EntryPoint\",\"urlTemplate\":\"https:\/\/expertmeble.com\/?s={search_term_string}\"},\"query-input\":{\"@type\":\"PropertyValueSpecification\",\"valueRequired\":true,\"valueName\":\"search_term_string\"}}],\"inLanguage\":\"en-US\"}]}<\/script>\n<!-- \/ Yoast SEO Premium plugin. -->","yoast_head_json":{"title":"Meble biurowe na wymiar Szczecin | expertmeble.com","description":"Meble do biura na wymiar powinny by\u0107 ergonomiczne i funkcjonalne. W\u0142a\u015bnie takie otrzymasz w sklepie expertmeble.com! Wejd\u017a i sprawd\u017a wykonane realizacje!","robots":{"index":"index","follow":"follow","max-snippet":"max-snippet:-1","max-image-preview":"max-image-preview:large","max-video-preview":"max-video-preview:-1"},"canonical":"https:\/\/expertmeble.com\/en\/custom-office-furniture\/","og_locale":"en_US","og_type":"article","og_title":"Meble biurowe na wymiar","og_description":"Meble do biura na wymiar powinny by\u0107 ergonomiczne i funkcjonalne. W\u0142a\u015bnie takie otrzymasz w sklepie expertmeble.com! Wejd\u017a i sprawd\u017a wykonane realizacje!","og_url":"https:\/\/expertmeble.com\/en\/custom-office-furniture\/","og_site_name":"Expert Meble - Meble Na Wymiar Szczecin: Kuchnie, \u0141azienki, Szafy","article_publisher":"https:\/\/www.facebook.com\/expertmeble24\/","article_modified_time":"2026-03-27T15:50:02+00:00","og_image":[{"url":"https:\/\/expertmeble.com\/wp-content\/uploads\/2026\/01\/logo-transparent.png","type":"","width":"","height":""}],"twitter_card":"summary_large_image","twitter_misc":{"Est. reading time":"5 minutes"},"schema":{"@context":"https:\/\/schema.org","@graph":[{"@type":"WebPage","@id":"https:\/\/expertmeble.com\/meble-biurowe-na-wymiar\/","url":"https:\/\/expertmeble.com\/meble-biurowe-na-wymiar\/","name":"Meble biurowe na wymiar Szczecin | expertmeble.com","isPartOf":{"@id":"https:\/\/expertmeble.com\/#website"},"primaryImageOfPage":{"@id":"https:\/\/expertmeble.com\/meble-biurowe-na-wymiar\/#primaryimage"},"image":{"@id":"https:\/\/expertmeble.com\/meble-biurowe-na-wymiar\/#primaryimage"},"thumbnailUrl":"https:\/\/expertmeble.com\/wp-content\/uploads\/2026\/01\/logo-transparent.png","datePublished":"2023-01-26T10:49:30+00:00","dateModified":"2026-03-27T15:50:02+00:00","description":"Meble do biura na wymiar powinny by\u0107 ergonomiczne i funkcjonalne. W\u0142a\u015bnie takie otrzymasz w sklepie expertmeble.com! Wejd\u017a i sprawd\u017a wykonane realizacje!","breadcrumb":{"@id":"https:\/\/expertmeble.com\/meble-biurowe-na-wymiar\/#breadcrumb"},"inLanguage":"en-US","potentialAction":[{"@type":"ReadAction","target":["https:\/\/expertmeble.com\/meble-biurowe-na-wymiar\/"]}]},{"@type":"ImageObject","inLanguage":"en-US","@id":"https:\/\/expertmeble.com\/meble-biurowe-na-wymiar\/#primaryimage","url":"https:\/\/expertmeble.com\/wp-content\/uploads\/2026\/01\/logo-transparent.png","contentUrl":"https:\/\/expertmeble.com\/wp-content\/uploads\/2026\/01\/logo-transparent.png"},{"@type":"BreadcrumbList","@id":"https:\/\/expertmeble.com\/meble-biurowe-na-wymiar\/#breadcrumb","itemListElement":[{"@type":"ListItem","position":1,"name":"Strona g\u0142\u00f3wna","item":"https:\/\/expertmeble.com\/"},{"@type":"ListItem","position":2,"name":"Meble biurowe na wymiar"}]},{"@type":"WebSite","@id":"https:\/\/expertmeble.com\/#website","url":"https:\/\/expertmeble.com\/","name":"Expert Meble - Meble Na Wymiar Szczecin: Kuchnie, \u0141azienki, Szafy","description":"Meble, kuchnie, szafy, \u0142azienki oraz zabudowy na wymiar.","potentialAction":[{"@type":"SearchAction","target":{"@type":"EntryPoint","urlTemplate":"https:\/\/expertmeble.com\/?s={search_term_string}"},"query-input":{"@type":"PropertyValueSpecification","valueRequired":true,"valueName":"search_term_string"}}],"inLanguage":"en-US"}]}},"_links":{"self":[{"href":"https:\/\/expertmeble.com\/en\/wp-json\/wp\/v2\/pages\/2379","targetHints":{"allow":["GET"]}}],"collection":[{"href":"https:\/\/expertmeble.com\/en\/wp-json\/wp\/v2\/pages"}],"about":[{"href":"https:\/\/expertmeble.com\/en\/wp-json\/wp\/v2\/types\/page"}],"author":[{"embeddable":true,"href":"https:\/\/expertmeble.com\/en\/wp-json\/wp\/v2\/users\/1"}],"replies":[{"embeddable":true,"href":"https:\/\/expertmeble.com\/en\/wp-json\/wp\/v2\/comments?post=2379"}],"version-history":[{"count":24,"href":"https:\/\/expertmeble.com\/en\/wp-json\/wp\/v2\/pages\/2379\/revisions"}],"predecessor-version":[{"id":5414,"href":"https:\/\/expertmeble.com\/en\/wp-json\/wp\/v2\/pages\/2379\/revisions\/5414"}],"wp:attachment":[{"href":"https:\/\/expertmeble.com\/en\/wp-json\/wp\/v2\/media?parent=2379"}],"curies":[{"name":"wp","href":"https:\/\/api.w.org\/{rel}","templated":true}]}}