{"id":2385,"date":"2023-01-26T11:55:42","date_gmt":"2023-01-26T10:55:42","guid":{"rendered":"https:\/\/expertmeble.com\/?page_id=2385"},"modified":"2026-03-29T17:53:37","modified_gmt":"2026-03-29T15:53:37","slug":"meble-do-malej-kuchni-na-wymiar","status":"publish","type":"page","link":"https:\/\/expertmeble.com\/en\/custom-furniture-for-small-kitchen\/","title":{"rendered":"Meble do ma\u0142ej kuchni na wymiar"},"content":{"rendered":"<h1>\n\t\tMeble do ma\u0142ej kuchni na wymiar\n\t<\/h1>\n\t\t\t<a href=\"https:\/\/expertmeble.com\/en\/gallery\/\" target=\"_self\">\n\t\t\t\t\t\t\tZOBACZ NASZE RELIZACJE\n\t\t\t\t\t<\/a>\n\t<h2>Wyj\u0105tkowe meble do ma\u0142ej kuchni na wymiar &#8211; z nami to mo\u017cliwe!<\/h2>\n<p>Kuchnia to serce domu dla ka\u017cdej osoby, kt\u00f3ra uwielbia gotowa\u0107 zar\u00f3wno dla siebie, jak i swoich bliskich. To miejsce, w kt\u00f3rym zawsze unosz\u0105 si\u0119 pi\u0119kne zapachy, przynosz\u0105ce na my\u015bl ciep\u0142e wspomnienia i buduj\u0105ce niepowtarzaln\u0105 atmosfer\u0119 rodzinnego ciep\u0142a. W takim miejscu nie mo\u017ce zabrakn\u0105\u0107 sto\u0142u z odpowiedni\u0105 liczb\u0105 nakry\u0107, a tak\u017ce&#8230; funkcjonalnych mebli. Jako do\u015bwiadczony wykonawca dzia\u0142aj\u0105cy na terenie Szczecina i okolic oferujemy naszym klientom meble do ma\u0142ej kuchni na wymiar. Nie ma dla nas rzeczy niemo\u017cliwych, dlatego podejmujemy si\u0119 zaaran\u017cowania nawet niewielkiej przestrzeni. Stawiamy na praktyczne pomys\u0142y oraz nowoczesne technologie, kt\u00f3re pozwalaj\u0105 na maksymalne wykorzystanie dost\u0119pnego miejsca. Nasze meble do ma\u0142ej kuchni wyr\u00f3\u017cniaj\u0105 si\u0119 wi\u0119c pomys\u0142owym zagospodarowaniem oraz precyzyjnym wykonawstwem. Zrealizowane przez nas projekty zachwycaj\u0105 domownik\u00f3w i pozwalaj\u0105 czerpa\u0107 rado\u015b\u0107 z gotowania. Co wa\u017cne, ich solidna konstrukcja sprawia, \u017ce wytrzymuj\u0105 na wiele lat w doskona\u0142ym stanie.<\/p>\n<p>Je\u015bli zatem Twoim pragnieniem s\u0105 meble do ma\u0142ej kuchni na wymiar, to \u015bwietnie trafi\u0142e\u015b. Podejmujemy si\u0119 ka\u017cdego, nawet najbardziej szalonego projektu. Dla naszych klient\u00f3w wykonujemy wst\u0119pn\u0105 wizualizacj\u0119 kuchni w formie 3D. Dzi\u0119ki temu mo\u017cesz dowiedzie\u0107 si\u0119, jeszcze przed podj\u0119ciem ostatecznej decyzji o zakupie, jak b\u0119dzie prezentowa\u0107 si\u0119 Twoja przestrze\u0144. Sprawia to, \u017ce nie kupujesz niczego w ciemno, a wr\u0119cz przeciwnie, zyskujesz pewno\u015b\u0107, \u017ce projekt spe\u0142ni Twoje oczekiwania i idealnie b\u0119dzie odpowiada\u0142 Twoim potrzebom. Co wa\u017cne, zanim wykonamy meble do ma\u0142ej kuchni na zam\u00f3wienie, umawiamy si\u0119 na konsultacj\u0119 z klientem, podczas kt\u00f3rej zbieramy szczeg\u00f3\u0142owe informacje na temat preferencji, zdejmujemy wymiary wn\u0119trza, a tak\u017ce dokonujemy og\u00f3lnego rozeznania. W ten spos\u00f3b nasza us\u0142uga jest personalizowana i wykonywana w 100% pod Ciebie.<\/p>\n<p>W trakcie spotkania konsultujemy nie tylko rozmieszczenie poszczeg\u00f3lnych szafek czy wymagania co do ich wn\u0119trza, lecz tak\u017ce kwestie typowo estetyczne. Mamy \u015bwiadomo\u015b\u0107, \u017ce meble kuchenne do ma\u0142ej kuchni w bloku i ka\u017cde inne, musz\u0105 wpisywa\u0107 si\u0119 w gusta u\u017cytkownik\u00f3w, a tak\u017ce stanowi\u0107 sp\u00f3jn\u0105 ca\u0142o\u015b\u0107 aran\u017cacyjn\u0105. Co wa\u017cne, nasze konstrukcje \u015bwietnie wpisz\u0105 si\u0119 zar\u00f3wno w nowoczesne wn\u0119trze, jak i utrzymane w duchu klasycznym lub skandynawskim czy glamour. Je\u015bli zastanawiasz si\u0119, jak efektownie prezentuj\u0105 si\u0119 nasze realizacje, koniecznie przejrzyj wykonane projekty. Na pewno si\u0119 zainspirujesz, a w ostatecznym wyborze pomog\u0105 Ci nasi do\u015bwiadczeni pracownicy.<\/p>\n<h2>Dlaczego warto wybra\u0107 meble do ma\u0142ej kuchni na wymiar? Obs\u0142ugujemy Szczecin i okolice!<\/h2>\n<p>Meble do ma\u0142ej kuchni wykonujemy i dostarczamy w Szczecinie oraz okolicach. Mimo \u017ce mamy siedzib\u0119 we wspomnianym mie\u015bcie, to cieszymy si\u0119 opini\u0105 oraz uznaniem w\u015br\u00f3d klient\u00f3w z ca\u0142ej Polski. Niezale\u017cnie zatem od Twojego miejsca zamieszkania jeste\u015bmy w stanie wykona\u0107 dla Ciebie kuchni\u0119, o jakiej marzysz. Warto postawi\u0107 w\u0142a\u015bnie na nas ze wzgl\u0119du na bogactwo realizacji dokonywanych na niewielkich przestrzeniach, lata praktyki oraz innowacyjne podej\u015bcie. W swoich projektach za priorytet stawiamy funkcjonalno\u015b\u0107 i ergonomiczno\u015b\u0107. Chcemy, by zaprojektowana dla Ciebie kuchnia nie tylko cieszy\u0142a oczy, lecz tak\u017ce by\u0142a maksymalnie praktyczna. Meble do ma\u0142ej kuchni na wymiar pozwol\u0105 Ci na wygodne rozmieszczenie wyposa\u017cenia oraz na swobodne poruszanie si\u0119 w kuchennej przestrzeni podczas gotowania. Staramy si\u0119, by nasze konstrukcje pozwala\u0142y zagospodarowa\u0107 ka\u017cdy fragment wn\u0119trza.<\/p>\n<p>Meble do ma\u0142ej kuchni, kt\u00f3re realizujemy na terenie Szczecina, powstaj\u0105 z wykorzystaniem najlepszych materia\u0142\u00f3w, odznaczaj\u0105cych si\u0119 certyfikatami jako\u015bci. Mam zatem pewno\u015b\u0107, \u017ce dostarczamy naszym klientom takie rozwi\u0105zania, kt\u00f3re s\u0105 wytrzyma\u0142e i niezawodne. To dla nas priorytet by\u015b jak najd\u0142u\u017cej m\u00f3g\u0142 cieszy\u0107 si\u0119 swoja now\u0105 kuchni\u0105. Wychodzimy naprzeciw Twoim oczekiwaniom, proponujemy modne zabudowy, a\u017c do samego sufitu, kt\u00f3re pozwol\u0105 wykorzysta\u0107 wysokie pomieszczenie. Praktyczne wykorzystanie przestrzeni w taki spos\u00f3b sprawi, \u017ce zar\u00f3wno Ty, jak i Twoich go\u015bcie, b\u0119dziecie przebywa\u0107 w niej z ogromn\u0105 przyjemno\u015bci\u0105.<\/p>\n<p>Warto r\u00f3wnie\u017c wybra\u0107 nasze meble do ma\u0142ej kuchni wykonywane w Szczecinie z uwagi na polsk\u0105 produkcj\u0119 oraz profesjonalnych fachowc\u00f3w, kt\u00f3rzy tworz\u0105 nasz zesp\u00f3\u0142. Chcemy oferowa\u0107 klientom kompleksowe us\u0142ugi, dlatego w\u0142a\u015bnie wsp\u00f3\u0142praca z nami obejmuje projektowanie wn\u0119trza 3D, wykonawstwo oraz monta\u017c. Wyb\u00f3r zakresu zale\u017cy od Twoich predyspozycji. W ka\u017cdym zakresie anga\u017cujemy si\u0119 na 100%, a w swoich realizacjach pod\u0105\u017camy za zdaniem oraz oczekiwaniami klient\u00f3w. Mo\u017cesz by\u0107 zatem pewny, \u017ce decyduj\u0105c si\u0119 na nasze us\u0142ugi, otrzymasz zupe\u0142ne wsparcie podczas realizacji projektu oraz po jego zako\u0144czeniu. Co wa\u017cne, u nas mo\u017cesz liczy\u0107 na dogodne formy p\u0142atno\u015bci, oferujemy raty 0%, dzi\u0119ki kt\u00f3rym mo\u017cesz bez zw\u0142oki cieszy\u0107 si\u0119 idealnym wn\u0119trzem.<\/p>\n\t\t\t\t<img decoding=\"async\" src=\"https:\/\/expertmeble.com\/wp-content\/uploads\/2026\/01\/logo-transparent.png\" alt=\"logo - transparent\" itemprop=\"image\" height=\"4320\" width=\"4321\" title=\"logo - transparent\" onerror=\"this.style.display='none'\"  \/>\n\t\t\t<a href=\"https:\/\/expertmeble.com\/en\/gallery\/\" target=\"_self\">\n\t\t\t\t\t\t\tNasze Realizacje &#8211; Meble do Ma\u0142ej Kuchni na wymiar\n\t\t\t\t\t<\/a>\n<h3>\n\t\tProject\n\t<\/h3>\n\t<p>Marzysz o funkcjonalnej i efektywnej przestrzeni w swojej ma\u0142ej kuchni? Nasze meble na wymiar do ma\u0142ych kuchni s\u0105 idealnym rozwi\u0105zaniem! Dzi\u0119ki naszemu do\u015bwiadczonemu zespo\u0142owi projektant\u00f3w mo\u017cemy zaprojektowa\u0107 meble, kt\u00f3re doskonale wykorzystaj\u0105 ka\u017cdy centymetr dost\u0119pnej przestrzeni, zapewniaj\u0105c jednocze\u015bnie maksymaln\u0105 funkcjonalno\u015b\u0107 i estetyk\u0119. Skontaktuj si\u0119 z nami, aby rozpocz\u0105\u0107 projektowanie Twojej wymarzonej ma\u0142ej kuchni!<\/p>\n<h3>\n\t\tQuote\n\t<\/h3>\n\t<p>Interesuje Ci\u0119 cena stworzenia mebli na wymiar do Twojej ma\u0142ej kuchni? Nie martw si\u0119, jeste\u015bmy tutaj, aby Ci pom\u00f3c! Skontaktuj si\u0119 z nami, a przygotujemy dla Ciebie indywidualn\u0105 wycen\u0119, uwzgl\u0119dniaj\u0105c\u0105 Twoje potrzeby i bud\u017cet. Nasze uczciwe i konkurencyjne ceny pozwol\u0105 Ci cieszy\u0107 si\u0119 funkcjonaln\u0105 i pi\u0119kn\u0105 kuchni\u0105 bez nadmiernych wydatk\u00f3w. Skontaktuj si\u0119 ju\u017c dzi\u015b!<\/p>\n<h3>\n\t\tMeasurement\n\t<\/h3>\n\t<p>Precyzyjne pomiary s\u0105 kluczowe dla stworzenia mebli na wymiar do Twojej ma\u0142ej kuchni. Nasz do\u015bwiadczony zesp\u00f3\u0142 specjalist\u00f3w podejmie si\u0119 dok\u0142adnych pomiar\u00f3w, aby meble by\u0142y idealnie dopasowane do przestrzeni i spe\u0142nia\u0142y Twoje oczekiwania. Skontaktuj si\u0119 z nami, a um\u00f3wimy si\u0119 na dogodny termin pomiaru, aby rozpocz\u0105\u0107 proces tworzenia Twojej idealnej ma\u0142ej kuchni na wymiar!<\/p>\n<h3>\n\t\tContact our experts. We're happy to help!\n\t<\/h3>\n\t\t\t<a href=\"https:\/\/expertmeble.com\/en\/#kontakt\" target=\"_self\">\n\t\t\t\t\t\t\tCall Us\n\t\t\t\t\t<\/a>","protected":false},"excerpt":{"rendered":"<p>Meble do ma\u0142ej kuchni na wymiar ZOBACZ NASZE RELIZACJE Wyj\u0105tkowe meble do ma\u0142ej kuchni na wymiar &#8211; z nami to mo\u017cliwe! Kuchnia to serce domu dla ka\u017cdej osoby, kt\u00f3ra uwielbia gotowa\u0107 zar\u00f3wno dla siebie, jak i swoich bliskich. To miejsce, w kt\u00f3rym zawsze unosz\u0105 si\u0119 pi\u0119kne zapachy, przynosz\u0105ce na my\u015bl ciep\u0142e wspomnienia i buduj\u0105ce niepowtarzaln\u0105&hellip;<\/p>","protected":false},"author":1,"featured_media":0,"parent":0,"menu_order":0,"comment_status":"closed","ping_status":"closed","template":"","meta":{"footnotes":""},"class_list":["post-2385","page","type-page","status-publish","hentry"],"yoast_head":"<!-- This site is optimized with the Yoast SEO Premium plugin v23.3 (Yoast SEO v26.8) - https:\/\/yoast.com\/product\/yoast-seo-premium-wordpress\/ -->\n<title>Meble do ma\u0142ej kuchni na wymiar | expertmeble.com<\/title>\n<meta name=\"description\" content=\"Meble do ma\u0142ej kuchni na wymiar musz\u0105 by\u0107 funkcjonalne i estetyczne. W\u0142a\u015bnie takie oferuje nasza marka ExperMeble! Odwied\u017a nasz\u0105 stron\u0119 i sprawd\u017a wykonane realizacje.\" \/>\n<meta name=\"robots\" content=\"index, follow, max-snippet:-1, max-image-preview:large, max-video-preview:-1\" \/>\n<link rel=\"canonical\" href=\"https:\/\/expertmeble.com\/en\/custom-furniture-for-small-kitchen\/\" \/>\n<meta property=\"og:locale\" content=\"en_US\" \/>\n<meta property=\"og:type\" content=\"article\" \/>\n<meta property=\"og:title\" content=\"Meble do ma\u0142ej kuchni na wymiar\" \/>\n<meta property=\"og:description\" content=\"Meble do ma\u0142ej kuchni na wymiar musz\u0105 by\u0107 funkcjonalne i estetyczne. W\u0142a\u015bnie takie oferuje nasza marka ExperMeble! Odwied\u017a nasz\u0105 stron\u0119 i sprawd\u017a wykonane realizacje.\" \/>\n<meta property=\"og:url\" content=\"https:\/\/expertmeble.com\/en\/custom-furniture-for-small-kitchen\/\" \/>\n<meta property=\"og:site_name\" content=\"Expert Meble - Meble Na Wymiar Szczecin: Kuchnie, \u0141azienki, Szafy\" \/>\n<meta property=\"article:publisher\" content=\"https:\/\/www.facebook.com\/expertmeble24\/\" \/>\n<meta property=\"article:modified_time\" content=\"2026-03-29T15:53:37+00:00\" \/>\n<meta property=\"og:image\" content=\"https:\/\/expertmeble.com\/wp-content\/uploads\/2026\/01\/logo-transparent.png\" \/>\n<meta name=\"twitter:card\" content=\"summary_large_image\" \/>\n<meta name=\"twitter:label1\" content=\"Est. reading time\" \/>\n\t<meta name=\"twitter:data1\" content=\"5 minutes\" \/>\n<script type=\"application\/ld+json\" class=\"yoast-schema-graph\">{\"@context\":\"https:\/\/schema.org\",\"@graph\":[{\"@type\":\"WebPage\",\"@id\":\"https:\/\/expertmeble.com\/meble-do-malej-kuchni-na-wymiar\/\",\"url\":\"https:\/\/expertmeble.com\/meble-do-malej-kuchni-na-wymiar\/\",\"name\":\"Meble do ma\u0142ej kuchni na wymiar | expertmeble.com\",\"isPartOf\":{\"@id\":\"https:\/\/expertmeble.com\/#website\"},\"primaryImageOfPage\":{\"@id\":\"https:\/\/expertmeble.com\/meble-do-malej-kuchni-na-wymiar\/#primaryimage\"},\"image\":{\"@id\":\"https:\/\/expertmeble.com\/meble-do-malej-kuchni-na-wymiar\/#primaryimage\"},\"thumbnailUrl\":\"https:\/\/expertmeble.com\/wp-content\/uploads\/2026\/01\/logo-transparent.png\",\"datePublished\":\"2023-01-26T10:55:42+00:00\",\"dateModified\":\"2026-03-29T15:53:37+00:00\",\"description\":\"Meble do ma\u0142ej kuchni na wymiar musz\u0105 by\u0107 funkcjonalne i estetyczne. W\u0142a\u015bnie takie oferuje nasza marka ExperMeble! Odwied\u017a nasz\u0105 stron\u0119 i sprawd\u017a wykonane realizacje.\",\"breadcrumb\":{\"@id\":\"https:\/\/expertmeble.com\/meble-do-malej-kuchni-na-wymiar\/#breadcrumb\"},\"inLanguage\":\"en-US\",\"potentialAction\":[{\"@type\":\"ReadAction\",\"target\":[\"https:\/\/expertmeble.com\/meble-do-malej-kuchni-na-wymiar\/\"]}]},{\"@type\":\"ImageObject\",\"inLanguage\":\"en-US\",\"@id\":\"https:\/\/expertmeble.com\/meble-do-malej-kuchni-na-wymiar\/#primaryimage\",\"url\":\"https:\/\/expertmeble.com\/wp-content\/uploads\/2026\/01\/logo-transparent.png\",\"contentUrl\":\"https:\/\/expertmeble.com\/wp-content\/uploads\/2026\/01\/logo-transparent.png\"},{\"@type\":\"BreadcrumbList\",\"@id\":\"https:\/\/expertmeble.com\/meble-do-malej-kuchni-na-wymiar\/#breadcrumb\",\"itemListElement\":[{\"@type\":\"ListItem\",\"position\":1,\"name\":\"Strona g\u0142\u00f3wna\",\"item\":\"https:\/\/expertmeble.com\/\"},{\"@type\":\"ListItem\",\"position\":2,\"name\":\"Meble do ma\u0142ej kuchni na wymiar\"}]},{\"@type\":\"WebSite\",\"@id\":\"https:\/\/expertmeble.com\/#website\",\"url\":\"https:\/\/expertmeble.com\/\",\"name\":\"Expert Meble - Meble Na Wymiar Szczecin: Kuchnie, \u0141azienki, Szafy\",\"description\":\"Meble, kuchnie, szafy, \u0142azienki oraz zabudowy na wymiar.\",\"potentialAction\":[{\"@type\":\"SearchAction\",\"target\":{\"@type\":\"EntryPoint\",\"urlTemplate\":\"https:\/\/expertmeble.com\/?s={search_term_string}\"},\"query-input\":{\"@type\":\"PropertyValueSpecification\",\"valueRequired\":true,\"valueName\":\"search_term_string\"}}],\"inLanguage\":\"en-US\"}]}<\/script>\n<!-- \/ Yoast SEO Premium plugin. -->","yoast_head_json":{"title":"Meble do ma\u0142ej kuchni na wymiar | expertmeble.com","description":"Meble do ma\u0142ej kuchni na wymiar musz\u0105 by\u0107 funkcjonalne i estetyczne. W\u0142a\u015bnie takie oferuje nasza marka ExperMeble! Odwied\u017a nasz\u0105 stron\u0119 i sprawd\u017a wykonane realizacje.","robots":{"index":"index","follow":"follow","max-snippet":"max-snippet:-1","max-image-preview":"max-image-preview:large","max-video-preview":"max-video-preview:-1"},"canonical":"https:\/\/expertmeble.com\/en\/custom-furniture-for-small-kitchen\/","og_locale":"en_US","og_type":"article","og_title":"Meble do ma\u0142ej kuchni na wymiar","og_description":"Meble do ma\u0142ej kuchni na wymiar musz\u0105 by\u0107 funkcjonalne i estetyczne. W\u0142a\u015bnie takie oferuje nasza marka ExperMeble! Odwied\u017a nasz\u0105 stron\u0119 i sprawd\u017a wykonane realizacje.","og_url":"https:\/\/expertmeble.com\/en\/custom-furniture-for-small-kitchen\/","og_site_name":"Expert Meble - Meble Na Wymiar Szczecin: Kuchnie, \u0141azienki, Szafy","article_publisher":"https:\/\/www.facebook.com\/expertmeble24\/","article_modified_time":"2026-03-29T15:53:37+00:00","og_image":[{"url":"https:\/\/expertmeble.com\/wp-content\/uploads\/2026\/01\/logo-transparent.png","type":"","width":"","height":""}],"twitter_card":"summary_large_image","twitter_misc":{"Est. reading time":"5 minutes"},"schema":{"@context":"https:\/\/schema.org","@graph":[{"@type":"WebPage","@id":"https:\/\/expertmeble.com\/meble-do-malej-kuchni-na-wymiar\/","url":"https:\/\/expertmeble.com\/meble-do-malej-kuchni-na-wymiar\/","name":"Meble do ma\u0142ej kuchni na wymiar | expertmeble.com","isPartOf":{"@id":"https:\/\/expertmeble.com\/#website"},"primaryImageOfPage":{"@id":"https:\/\/expertmeble.com\/meble-do-malej-kuchni-na-wymiar\/#primaryimage"},"image":{"@id":"https:\/\/expertmeble.com\/meble-do-malej-kuchni-na-wymiar\/#primaryimage"},"thumbnailUrl":"https:\/\/expertmeble.com\/wp-content\/uploads\/2026\/01\/logo-transparent.png","datePublished":"2023-01-26T10:55:42+00:00","dateModified":"2026-03-29T15:53:37+00:00","description":"Meble do ma\u0142ej kuchni na wymiar musz\u0105 by\u0107 funkcjonalne i estetyczne. W\u0142a\u015bnie takie oferuje nasza marka ExperMeble! Odwied\u017a nasz\u0105 stron\u0119 i sprawd\u017a wykonane realizacje.","breadcrumb":{"@id":"https:\/\/expertmeble.com\/meble-do-malej-kuchni-na-wymiar\/#breadcrumb"},"inLanguage":"en-US","potentialAction":[{"@type":"ReadAction","target":["https:\/\/expertmeble.com\/meble-do-malej-kuchni-na-wymiar\/"]}]},{"@type":"ImageObject","inLanguage":"en-US","@id":"https:\/\/expertmeble.com\/meble-do-malej-kuchni-na-wymiar\/#primaryimage","url":"https:\/\/expertmeble.com\/wp-content\/uploads\/2026\/01\/logo-transparent.png","contentUrl":"https:\/\/expertmeble.com\/wp-content\/uploads\/2026\/01\/logo-transparent.png"},{"@type":"BreadcrumbList","@id":"https:\/\/expertmeble.com\/meble-do-malej-kuchni-na-wymiar\/#breadcrumb","itemListElement":[{"@type":"ListItem","position":1,"name":"Strona g\u0142\u00f3wna","item":"https:\/\/expertmeble.com\/"},{"@type":"ListItem","position":2,"name":"Meble do ma\u0142ej kuchni na wymiar"}]},{"@type":"WebSite","@id":"https:\/\/expertmeble.com\/#website","url":"https:\/\/expertmeble.com\/","name":"Expert Meble - Meble Na Wymiar Szczecin: Kuchnie, \u0141azienki, Szafy","description":"Meble, kuchnie, szafy, \u0142azienki oraz zabudowy na wymiar.","potentialAction":[{"@type":"SearchAction","target":{"@type":"EntryPoint","urlTemplate":"https:\/\/expertmeble.com\/?s={search_term_string}"},"query-input":{"@type":"PropertyValueSpecification","valueRequired":true,"valueName":"search_term_string"}}],"inLanguage":"en-US"}]}},"_links":{"self":[{"href":"https:\/\/expertmeble.com\/en\/wp-json\/wp\/v2\/pages\/2385","targetHints":{"allow":["GET"]}}],"collection":[{"href":"https:\/\/expertmeble.com\/en\/wp-json\/wp\/v2\/pages"}],"about":[{"href":"https:\/\/expertmeble.com\/en\/wp-json\/wp\/v2\/types\/page"}],"author":[{"embeddable":true,"href":"https:\/\/expertmeble.com\/en\/wp-json\/wp\/v2\/users\/1"}],"replies":[{"embeddable":true,"href":"https:\/\/expertmeble.com\/en\/wp-json\/wp\/v2\/comments?post=2385"}],"version-history":[{"count":4,"href":"https:\/\/expertmeble.com\/en\/wp-json\/wp\/v2\/pages\/2385\/revisions"}],"predecessor-version":[{"id":5471,"href":"https:\/\/expertmeble.com\/en\/wp-json\/wp\/v2\/pages\/2385\/revisions\/5471"}],"wp:attachment":[{"href":"https:\/\/expertmeble.com\/en\/wp-json\/wp\/v2\/media?parent=2385"}],"curies":[{"name":"wp","href":"https:\/\/api.w.org\/{rel}","templated":true}]}}