{"id":2388,"date":"2023-01-26T11:57:39","date_gmt":"2023-01-26T10:57:39","guid":{"rendered":"https:\/\/expertmeble.com\/?page_id=2388"},"modified":"2026-03-27T19:59:48","modified_gmt":"2026-03-27T18:59:48","slug":"meble-do-malej-lazienki-na-wymiar","status":"publish","type":"page","link":"https:\/\/expertmeble.com\/en\/meble-do-malej-lazienki-na-wymiar\/","title":{"rendered":"Custom Furniture for Small Bathrooms"},"content":{"rendered":"<h1>\n\t\tCustom Furniture for Small Bathrooms\n\t<\/h1>\n\t\t\t<a href=\"https:\/\/expertmeble.com\/en\/gallery\/\" target=\"_self\">\n\t\t\t\t\t\t\tZOBACZ NASZE RELIZACJE\n\t\t\t\t\t<\/a>\n<h2>\n\t\tAesthetic and Functional Custom Furniture for Small Bathrooms, Delivered in Szczecin and Surrounding Areas\n\t<\/h2>\n\t<p>Niewielkie wn\u0119trza potrafi\u0105 sprawia\u0107 wiele problem\u00f3w aran\u017cacyjnych. Gotowe zestawy mebli zwykle nie pozwalaj\u0105 na zagospodarowanie przestrzeni w spos\u00f3b ergonomiczny, wr\u0119cz przeciwnie &#8211; sprawiaj\u0105, \u017ce pok\u00f3j jeszcze bardziej staje si\u0119 przyt\u0142oczony, a Tobie trudno pomie\u015bci\u0107 si\u0119 w szafkach. Jako do\u015bwiadczony wykonawca mebli, przychodzimy z pomoc\u0105! Oferujemy meble do ma\u0142ej \u0142azienki na zam\u00f3wienie. Mamy na uwadze to, \u017ce \u0142azienka, tak jak i inne wn\u0119trza ma swoje okre\u015blone cechy. Sprawia to, \u017ce wewn\u0105trz musi si\u0119 znale\u017a\u0107 wyposa\u017cenie, kt\u00f3re pozwoli na swobodne korzystanie z niej zar\u00f3wno domownikom, ja i go\u015bciom. Staramy si\u0119 bra\u0107 pod uwag\u0119 struktur\u0119 pomieszczenia oraz elementy, bez kt\u00f3rych Twoje wn\u0119trze nie b\u0119dzie dobrze si\u0119 prezentowa\u0107. Dlatego nasze meble do ma\u0142ej \u0142azienki to konstrukcje pomys\u0142owe, innowacyjne i efektowne. Rozwi\u0105zuj\u0105 wszelkie problemy z pomieszczeniem niezb\u0119dnych przedmiot\u00f3w, a tak\u017ce ciesz\u0105 oko.<\/p>\n<p>We believe that no space is too small for custom solutions, so we take on the challenge of creating furniture for very compact areas. Working with each client is a unique case that we handle with careful attention and dedication. When you order custom furniture for a small bathroom from us in Szczecin or the surrounding area, expect to engage in collaborative consultations. We meet with our clients to provide advice and prepare a 3D visualization of the space, ensuring you never buy a \"pig in a poke.\" You can see how the design will look and influence the final shape and appearance of your space, tailored to serve you and your family.<\/p>\n\t\t\t\t<img decoding=\"async\" src=\"https:\/\/expertmeble.com\/wp-content\/uploads\/2026\/01\/logo-transparent.png\" alt=\"logo - transparent\" itemprop=\"image\" height=\"4320\" width=\"4321\" title=\"logo - transparent\" onerror=\"this.style.display='none'\"  \/>\n\t\t\t<a href=\"https:\/\/expertmeble.com\/en\/gallery\/\" target=\"_self\">\n\t\t\t\t\t\t\tNasze Realizacje &#8211; Meble do Ma\u0142ej \u0141azienki na wymiar\n\t\t\t\t\t<\/a>\n<h2>\n\t\tMeble do ma\u0142ej \u0142azienki w bloku z naszej oferty &#8211; korzy\u015bci wyboru\n\t<\/h2>\n\t<p>We create custom furniture for small bathrooms in Szczecin but deliver to clients across Poland. As a result, our services are well-known and respected among a broad audience. By partnering with us, you can expect numerous benefits. We understand precisely what custom furniture for small bathrooms should be like and how to organize the space to be both impressive and functional. Unlike kitchens, a small bathroom doesn\u2019t require complete cabinetry. Individual components should be spaced appropriately, allowing for free space around the washing machine and utilizing the space above it. Increasingly popular is the vertical arrangement of the washing machine and dryer, using specialized furniture. We stay updated on current trends, enabling us to offer innovative solutions that make even small spaces functional.<\/p>\n<p>Importantly, our custom furniture for small bathrooms is made from the highest quality certified materials and panels, which undergo durability testing. This ensures that our constructions are stable and reliable, maintaining their excellent condition over the years. We recognize that purchasing custom furniture for a bathroom, kitchen, or other space is a long-term investment, which is why our offerings include options that align with modern trends. However, we also provide solutions for classic, Scandinavian, and other styles. You can easily match them with your existing decor to create a home environment that meets your needs.<\/p>\n<h3>\n\t\tTransform Your Small Bathroom with Our Custom Furniture!\n\t<\/h3>\n\t<p>When you choose our custom furniture for small bathrooms, delivered in Szczecin and the surrounding areas, you can count on us to thoroughly understand your needs and preferences. This way, we tailor our service to be as personalized as possible. After all, buying furniture for your home is a long-term investment. We want you to enjoy a home environment that suits you perfectly, so we listen and strive to meet your expectations while providing practical advice. Importantly, even a very small room can be completely transformed with our furniture. Our team consists of true specialists with extensive experience in practical interior design, ensuring they select stunning furniture for small bathrooms in apartments and beyond!<\/p>\n<p>What other benefits can you expect when choosing custom furniture for a small bathroom? As experienced providers, we offer convenient payment options to meet our clients' needs. We understand that purchasing furniture can be a significant expense, so we offer 0% installment plans to make it easier for you. We will help you realize your dream of a functional space, create a 3D visualization, carry out the project, and handle the installation. Contact us now!<\/p>\n\t\t\t<a href=\"https:\/\/expertmeble.com\/en\/small-bathroom-design\/\" target=\"_self\">\n\t\t\t\t\t\t\tSee our approach to interior design\n\t\t\t\t\t<\/a>\n<h3>\n\t\tProject\n\t<\/h3>\n\t<p>Do you dream of a functional and stylish bathroom despite limited space? Our custom furniture for small bathrooms is the perfect solution for you! We will design practical and elegant furniture that maximizes every inch of available space, creating a harmonious and pleasant atmosphere. Contact us, and our design team will help you create the ideal project for your small bathroom.<\/p>\n<h3>\n\t\tQuote\n\t<\/h3>\n\t<p>Interesuje Ci\u0119 cena stworzenia wymarzonej \u0142azienki na wymiar? Skontaktuj si\u0119 z nami, a przygotujemy dla Ciebie indywidualn\u0105 wycen\u0119, dostosowan\u0105 do Twoich potrzeb i mo\u017cliwo\u015bci finansowych. Zapewniamy uczciwe i konkurencyjne ceny, aby\u015b m\u00f3g\u0142 cieszy\u0107 si\u0119 swoj\u0105 wymarzon\u0105 \u0142azienk\u0105 bez obci\u0105\u017cenia bud\u017cetu. Nie zwlekaj &#8211; skontaktuj si\u0119 ju\u017c dzi\u015b!<\/p>\n<h3>\n\t\tMeasurement\n\t<\/h3>\n\t<p>Before we start your project, we will carefully measure the space in your small bathroom. Our experienced team of specialists will take precise measurements to ensure the furniture fits perfectly and makes the most of every inch of available space. Contact us to schedule a convenient measurement appointment and begin the process of creating your dream custom bathroom!<\/p>\n<h3>\n\t\tContact our experts. We're happy to help!\n\t<\/h3>\n\t\t\t<a href=\"https:\/\/expertmeble.com\/en\/#kontakt\" target=\"_self\">\n\t\t\t\t\t\t\tCall Us\n\t\t\t\t\t<\/a>","protected":false},"excerpt":{"rendered":"<p>Meble do ma\u0142ej \u0142azienki na wymiar ZOBACZ NASZE RELIZACJE Estetyczne i funkcjonalne meble do ma\u0142ej \u0142azienki na wymiar realizowane w Szczecinie i okolicach Niewielkie wn\u0119trza potrafi\u0105 sprawia\u0107 wiele problem\u00f3w aran\u017cacyjnych. Gotowe zestawy mebli zwykle nie pozwalaj\u0105 na zagospodarowanie przestrzeni w spos\u00f3b ergonomiczny, wr\u0119cz przeciwnie &#8211; sprawiaj\u0105, \u017ce pok\u00f3j jeszcze bardziej staje si\u0119 przyt\u0142oczony, a Tobie&hellip;<\/p>","protected":false},"author":1,"featured_media":0,"parent":0,"menu_order":0,"comment_status":"closed","ping_status":"closed","template":"","meta":{"footnotes":""},"class_list":["post-2388","page","type-page","status-publish","hentry"],"yoast_head":"<!-- This site is optimized with the Yoast SEO Premium plugin v27.4 (Yoast SEO v27.4) - https:\/\/yoast.com\/product\/yoast-seo-premium-wordpress\/ -->\n<title>Meble do ma\u0142ej \u0142azienki na wymiar Szczecin | expertmeble.com<\/title>\n<meta name=\"description\" content=\"Masz ma\u0142o miejsca w mieszkaniu? Postaw na meble do ma\u0142ej \u0142azienki na wymiar od ExperMeble i ciesz si\u0119 idealnie zagospodarowanym wn\u0119trzem! U nas kupi na raty 0%!\" \/>\n<meta name=\"robots\" content=\"index, follow, max-snippet:-1, max-image-preview:large, max-video-preview:-1\" \/>\n<link rel=\"canonical\" href=\"https:\/\/expertmeble.com\/en\/custom-furniture-for-small-bathroom\/\" \/>\n<meta property=\"og:locale\" content=\"en_US\" \/>\n<meta property=\"og:type\" content=\"article\" \/>\n<meta property=\"og:title\" content=\"Meble do ma\u0142ej \u0142azienki na wymiar\" \/>\n<meta property=\"og:description\" content=\"Masz ma\u0142o miejsca w mieszkaniu? Postaw na meble do ma\u0142ej \u0142azienki na wymiar od ExperMeble i ciesz si\u0119 idealnie zagospodarowanym wn\u0119trzem! U nas kupi na raty 0%!\" \/>\n<meta property=\"og:url\" content=\"https:\/\/expertmeble.com\/en\/custom-furniture-for-small-bathroom\/\" \/>\n<meta property=\"og:site_name\" content=\"Expert Meble - Meble Na Wymiar Szczecin: Kuchnie, \u0141azienki, Szafy\" \/>\n<meta property=\"article:publisher\" content=\"https:\/\/www.facebook.com\/expertmeble24\/\" \/>\n<meta property=\"article:modified_time\" content=\"2026-03-27T18:59:48+00:00\" \/>\n<meta property=\"og:image\" content=\"https:\/\/expertmeble.com\/wp-content\/uploads\/2026\/01\/logo-transparent.png\" \/>\n<meta name=\"twitter:card\" content=\"summary_large_image\" \/>\n<meta name=\"twitter:label1\" content=\"Est. reading time\" \/>\n\t<meta name=\"twitter:data1\" content=\"5 minutes\" \/>\n<script type=\"application\/ld+json\" class=\"yoast-schema-graph\">{\"@context\":\"https:\\\/\\\/schema.org\",\"@graph\":[{\"@type\":\"WebPage\",\"@id\":\"https:\\\/\\\/expertmeble.com\\\/meble-do-malej-lazienki-na-wymiar\\\/\",\"url\":\"https:\\\/\\\/expertmeble.com\\\/meble-do-malej-lazienki-na-wymiar\\\/\",\"name\":\"Meble do ma\u0142ej \u0142azienki na wymiar Szczecin | expertmeble.com\",\"isPartOf\":{\"@id\":\"https:\\\/\\\/expertmeble.com\\\/#website\"},\"primaryImageOfPage\":{\"@id\":\"https:\\\/\\\/expertmeble.com\\\/meble-do-malej-lazienki-na-wymiar\\\/#primaryimage\"},\"image\":{\"@id\":\"https:\\\/\\\/expertmeble.com\\\/meble-do-malej-lazienki-na-wymiar\\\/#primaryimage\"},\"thumbnailUrl\":\"https:\\\/\\\/expertmeble.com\\\/wp-content\\\/uploads\\\/2026\\\/01\\\/logo-transparent.png\",\"datePublished\":\"2023-01-26T10:57:39+00:00\",\"dateModified\":\"2026-03-27T18:59:48+00:00\",\"description\":\"Masz ma\u0142o miejsca w mieszkaniu? Postaw na meble do ma\u0142ej \u0142azienki na wymiar od ExperMeble i ciesz si\u0119 idealnie zagospodarowanym wn\u0119trzem! U nas kupi na raty 0%!\",\"breadcrumb\":{\"@id\":\"https:\\\/\\\/expertmeble.com\\\/meble-do-malej-lazienki-na-wymiar\\\/#breadcrumb\"},\"inLanguage\":\"en-US\",\"potentialAction\":[{\"@type\":\"ReadAction\",\"target\":[\"https:\\\/\\\/expertmeble.com\\\/meble-do-malej-lazienki-na-wymiar\\\/\"]}]},{\"@type\":\"ImageObject\",\"inLanguage\":\"en-US\",\"@id\":\"https:\\\/\\\/expertmeble.com\\\/meble-do-malej-lazienki-na-wymiar\\\/#primaryimage\",\"url\":\"https:\\\/\\\/expertmeble.com\\\/wp-content\\\/uploads\\\/2026\\\/01\\\/logo-transparent.png\",\"contentUrl\":\"https:\\\/\\\/expertmeble.com\\\/wp-content\\\/uploads\\\/2026\\\/01\\\/logo-transparent.png\"},{\"@type\":\"BreadcrumbList\",\"@id\":\"https:\\\/\\\/expertmeble.com\\\/meble-do-malej-lazienki-na-wymiar\\\/#breadcrumb\",\"itemListElement\":[{\"@type\":\"ListItem\",\"position\":1,\"name\":\"Strona g\u0142\u00f3wna\",\"item\":\"https:\\\/\\\/expertmeble.com\\\/\"},{\"@type\":\"ListItem\",\"position\":2,\"name\":\"Meble do ma\u0142ej \u0142azienki na wymiar\"}]},{\"@type\":\"WebSite\",\"@id\":\"https:\\\/\\\/expertmeble.com\\\/#website\",\"url\":\"https:\\\/\\\/expertmeble.com\\\/\",\"name\":\"Expert Meble - Meble Na Wymiar Szczecin: Kuchnie, \u0141azienki, Szafy\",\"description\":\"Meble, kuchnie, szafy, \u0142azienki oraz zabudowy na wymiar.\",\"potentialAction\":[{\"@type\":\"SearchAction\",\"target\":{\"@type\":\"EntryPoint\",\"urlTemplate\":\"https:\\\/\\\/expertmeble.com\\\/?s={search_term_string}\"},\"query-input\":{\"@type\":\"PropertyValueSpecification\",\"valueRequired\":true,\"valueName\":\"search_term_string\"}}],\"inLanguage\":\"en-US\"}]}<\/script>\n<!-- \/ Yoast SEO Premium plugin. -->","yoast_head_json":{"title":"Meble do ma\u0142ej \u0142azienki na wymiar Szczecin | expertmeble.com","description":"Masz ma\u0142o miejsca w mieszkaniu? Postaw na meble do ma\u0142ej \u0142azienki na wymiar od ExperMeble i ciesz si\u0119 idealnie zagospodarowanym wn\u0119trzem! U nas kupi na raty 0%!","robots":{"index":"index","follow":"follow","max-snippet":"max-snippet:-1","max-image-preview":"max-image-preview:large","max-video-preview":"max-video-preview:-1"},"canonical":"https:\/\/expertmeble.com\/en\/custom-furniture-for-small-bathroom\/","og_locale":"en_US","og_type":"article","og_title":"Meble do ma\u0142ej \u0142azienki na wymiar","og_description":"Masz ma\u0142o miejsca w mieszkaniu? Postaw na meble do ma\u0142ej \u0142azienki na wymiar od ExperMeble i ciesz si\u0119 idealnie zagospodarowanym wn\u0119trzem! U nas kupi na raty 0%!","og_url":"https:\/\/expertmeble.com\/en\/custom-furniture-for-small-bathroom\/","og_site_name":"Expert Meble - Meble Na Wymiar Szczecin: Kuchnie, \u0141azienki, Szafy","article_publisher":"https:\/\/www.facebook.com\/expertmeble24\/","article_modified_time":"2026-03-27T18:59:48+00:00","og_image":[{"url":"https:\/\/expertmeble.com\/wp-content\/uploads\/2026\/01\/logo-transparent.png","type":"","width":"","height":""}],"twitter_card":"summary_large_image","twitter_misc":{"Est. reading time":"5 minutes"},"schema":{"@context":"https:\/\/schema.org","@graph":[{"@type":"WebPage","@id":"https:\/\/expertmeble.com\/meble-do-malej-lazienki-na-wymiar\/","url":"https:\/\/expertmeble.com\/meble-do-malej-lazienki-na-wymiar\/","name":"Meble do ma\u0142ej \u0142azienki na wymiar Szczecin | expertmeble.com","isPartOf":{"@id":"https:\/\/expertmeble.com\/#website"},"primaryImageOfPage":{"@id":"https:\/\/expertmeble.com\/meble-do-malej-lazienki-na-wymiar\/#primaryimage"},"image":{"@id":"https:\/\/expertmeble.com\/meble-do-malej-lazienki-na-wymiar\/#primaryimage"},"thumbnailUrl":"https:\/\/expertmeble.com\/wp-content\/uploads\/2026\/01\/logo-transparent.png","datePublished":"2023-01-26T10:57:39+00:00","dateModified":"2026-03-27T18:59:48+00:00","description":"Masz ma\u0142o miejsca w mieszkaniu? Postaw na meble do ma\u0142ej \u0142azienki na wymiar od ExperMeble i ciesz si\u0119 idealnie zagospodarowanym wn\u0119trzem! U nas kupi na raty 0%!","breadcrumb":{"@id":"https:\/\/expertmeble.com\/meble-do-malej-lazienki-na-wymiar\/#breadcrumb"},"inLanguage":"en-US","potentialAction":[{"@type":"ReadAction","target":["https:\/\/expertmeble.com\/meble-do-malej-lazienki-na-wymiar\/"]}]},{"@type":"ImageObject","inLanguage":"en-US","@id":"https:\/\/expertmeble.com\/meble-do-malej-lazienki-na-wymiar\/#primaryimage","url":"https:\/\/expertmeble.com\/wp-content\/uploads\/2026\/01\/logo-transparent.png","contentUrl":"https:\/\/expertmeble.com\/wp-content\/uploads\/2026\/01\/logo-transparent.png"},{"@type":"BreadcrumbList","@id":"https:\/\/expertmeble.com\/meble-do-malej-lazienki-na-wymiar\/#breadcrumb","itemListElement":[{"@type":"ListItem","position":1,"name":"Strona g\u0142\u00f3wna","item":"https:\/\/expertmeble.com\/"},{"@type":"ListItem","position":2,"name":"Meble do ma\u0142ej \u0142azienki na wymiar"}]},{"@type":"WebSite","@id":"https:\/\/expertmeble.com\/#website","url":"https:\/\/expertmeble.com\/","name":"Expert Meble - Meble Na Wymiar Szczecin: Kuchnie, \u0141azienki, Szafy","description":"Meble, kuchnie, szafy, \u0142azienki oraz zabudowy na wymiar.","potentialAction":[{"@type":"SearchAction","target":{"@type":"EntryPoint","urlTemplate":"https:\/\/expertmeble.com\/?s={search_term_string}"},"query-input":{"@type":"PropertyValueSpecification","valueRequired":true,"valueName":"search_term_string"}}],"inLanguage":"en-US"}]}},"_links":{"self":[{"href":"https:\/\/expertmeble.com\/en\/wp-json\/wp\/v2\/pages\/2388","targetHints":{"allow":["GET"]}}],"collection":[{"href":"https:\/\/expertmeble.com\/en\/wp-json\/wp\/v2\/pages"}],"about":[{"href":"https:\/\/expertmeble.com\/en\/wp-json\/wp\/v2\/types\/page"}],"author":[{"embeddable":true,"href":"https:\/\/expertmeble.com\/en\/wp-json\/wp\/v2\/users\/1"}],"replies":[{"embeddable":true,"href":"https:\/\/expertmeble.com\/en\/wp-json\/wp\/v2\/comments?post=2388"}],"version-history":[{"count":14,"href":"https:\/\/expertmeble.com\/en\/wp-json\/wp\/v2\/pages\/2388\/revisions"}],"predecessor-version":[{"id":5447,"href":"https:\/\/expertmeble.com\/en\/wp-json\/wp\/v2\/pages\/2388\/revisions\/5447"}],"wp:attachment":[{"href":"https:\/\/expertmeble.com\/en\/wp-json\/wp\/v2\/media?parent=2388"}],"curies":[{"name":"wp","href":"https:\/\/api.w.org\/{rel}","templated":true}]}}