{"id":2391,"date":"2023-01-26T11:59:25","date_gmt":"2023-01-26T10:59:25","guid":{"rendered":"https:\/\/expertmeble.com\/?page_id=2391"},"modified":"2026-03-27T19:48:13","modified_gmt":"2026-03-27T18:48:13","slug":"meble-do-salonu-na-wymiar","status":"publish","type":"page","link":"https:\/\/expertmeble.com\/en\/meble-do-salonu-na-wymiar\/","title":{"rendered":"Custom Living Room Furniture"},"content":{"rendered":"<h1>\n\t\tCustom Living Room Furniture\n\t<\/h1>\n\t\t\t<a href=\"https:\/\/expertmeble.com\/en\/gallery\/\" target=\"_self\">\n\t\t\t\t\t\t\tZOBACZ NASZE RELIZACJE\n\t\t\t\t\t<\/a>\n<h2>\n\t\tStunning custom furniture for your living room that will transform your space\n\t<\/h2>\n\t<p>Salon to miejsce odpoczynku i spotka\u0144 rodzinnych. To wn\u0119trze, kt\u00f3re powinno by\u0107 przytulne, a tak\u017ce odpowiednio zagospodarowane, by\u015b czerpa\u0142 z niego jak najwi\u0119cej. Nasz zesp\u00f3\u0142 tworz\u0105 profesjonali\u015bci, kt\u00f3rzy doskonale znaj\u0105 si\u0119 na odpowiedniej aran\u017cacji pomieszcze\u0144 &#8211; w zgodzie z dan\u0105 stylistyk\u0105 oraz warunkami, jakie powinny panowa\u0107 w danym typie przestrzeni. Z tego wzgl\u0119du od lat spe\u0142niamy marzenia naszych klient\u00f3w o wyj\u0105tkowym, efektownym oraz praktycznym salonie, kt\u00f3ry przyci\u0105ga uwag\u0119, pozwala odpocz\u0105\u0107 i zachwyca go\u015bci. Wystarcz\u0105 dobrze skonstruowane meble do salonu na wymiar, by\u015b m\u00f3g\u0142 cieszy\u0107 si\u0119 idealn\u0105 przestrzeni\u0105.<\/p>\n<p>We understand that each room in an apartment or house needs to meet its purpose and be tailored to the residents' expectations, habits, and preferences. Therefore, when offering custom living room furniture, we prioritize communication and partnership with the client. First, we create a 3D visualization during our initial meeting. During this meeting, we conduct a detailed interview and get to know your vision for the space. This ensures that we provide highly personalized services and increase your satisfaction with the result. While creating the design, we consider all your preferences to determine which living room furniture suits you best. The visualization we create reflects the future arrangement, giving you confidence in how your chosen furniture will look. You have the final say in how your interior will be presented.<\/p>\n<h2>\n\t\tWhat furniture is best for a living room and why should you choose it from us?\n\t<\/h2>\n\t<p>We deliver our custom living room furniture throughout Szczecin and the surrounding areas. Our portfolio of projects is extensive, so you might be wondering which furniture to choose and why. It all depends on your preferences and the overall design of your home. If other rooms have a glamorous style, it\u2019s worth ensuring that the living room harmonizes with the rest. Custom living room furniture with a high gloss finish, for example, can add a luxurious touch to the room. In such a setting, bright lighting and large tiles also enhance the effect. Similarly, modern furniture designs will look great in contemporary spaces. On the other hand, matte finishes, such as wooden options, will highlight a classic style. Importantly, our custom living room furniture can be tailored to each client's specific needs. We provide solutions for every taste and meticulously adjust all details to the client\u2019s vision, ensuring their satisfaction.<\/p>\n<p>Choosing our custom living room furniture is beneficial because we use only the best certified materials. We are confident in their quality and durability, assuring our clients that the furniture will last for years and maintain its pristine condition. Additionally, our service includes a free 3D design and expert advice from specialists skilled in space planning. This guarantees a stylish and ergonomic interior.<\/p>\n<h3>\n\t\tDiscover Comfort and Style: Modern Custom Living Room Furniture in Szczecin and Surrounding Areas!\n\t<\/h3>\n\t<p>Dla naszych klient\u00f3w wci\u0105\u017c poszerzamy ofert\u0119 mebli. Pod\u0105\u017camy za aktualnymi trendami i staramy si\u0119 dostosowywa\u0107 dost\u0119pne konstrukcje. Z tego wzgl\u0119du meble do salonu na wymiar, dostarczane na terenie Szczecina i okolic, to nowoczesne rozwi\u0105zania, do kt\u00f3rych produkcji wykorzystujemy innowacyjne technologie oraz kreatywne pomys\u0142y. Co wa\u017cne, nie boimy si\u0119 \u017cadnych wyzwa\u0144, dlatego nasze projekty dostosowujemy zar\u00f3wno pod niewielkie wn\u0119trza, jak i bardzo przestronne. Uwzgl\u0119dniamy przestrze\u0144 do relaksu, jak i rozrywki, a tak\u017ce wszelkich innych zg\u0142aszanych przez Ciebie potrzeb. Niekiedy \u0142\u0105czymy r\u00f3wnie\u017c projekty, proponuj\u0105c po\u0142\u0105czenie salonu z kuchni\u0105, gdy metra\u017c jest naprawd\u0119 niewielki. Ogromn\u0105 przewag\u0105 jest mo\u017cliwo\u015b\u0107 wizualizacji projektu &#8211; zdejmujemy w\u00f3wczas wymiary wn\u0119trz i w dedykowanym programie tworzymy przysz\u0142e aran\u017cacje, kt\u00f3re pozwalaj\u0105 Ci utwierdzi\u0107 si\u0119 w wyborze!<\/p>\n<p>We create our living room furniture at our headquarters in Szczecin, but we deliver across Poland. We offer comprehensive services, so in addition to designing and crafting, you can also choose our assembly service. The solutions we offer come with a warranty, ensuring that you are purchasing solid constructions. Moreover, to meet our clients' expectations, we offer convenient payment methods, including 0% installment plans, so you don\u2019t have to delay your dream of a comfortable space. Contact us to see what we can do for you!<\/p>\n\t\t\t<a href=\"https:\/\/expertmeble.com\/en\/gallery\/\" target=\"_self\">\n\t\t\t\t\t\t\tNasze Realizacje &#8211; Meble do Salonu na wymiar\n\t\t\t\t\t<\/a>\n<h3>\n\t\tProject\n\t<\/h3>\n\t<p>Do you dream of creating a living room that perfectly matches your lifestyle and taste? Our custom living room furniture is the ideal solution! With our experienced design team, we can create furniture that not only makes the most of your space but also fosters a harmonious and elegant atmosphere in your living room. Contact us to start designing your dream living room!<\/p>\n<h3>\n\t\tQuote\n\t<\/h3>\n\t<p>Do you want to know the cost of creating custom furniture for your living room? Don't worry, we're here to help! Contact us, and we'll prepare a personalized quote based on your preferences and budget. Our competitive prices and honest approach will allow you to enjoy a modern and elegant living room without excessive costs. Get in touch today!<\/p>\n<h3>\n\t\tMeasurement\n\t<\/h3>\n\t<p>Accurate measurements are crucial for creating custom furniture for your living room. Our experienced team of specialists will take precise measurements to ensure the furniture fits perfectly in the space and meets your expectations. Contact us to schedule a convenient measurement appointment and start the process of creating your ideal custom living room!<\/p>\n<h3>\n\t\tContact our experts. We're happy to help!\n\t<\/h3>\n\t\t\t<a href=\"https:\/\/expertmeble.com\/en\/#kontakt\" target=\"_self\">\n\t\t\t\t\t\t\tCall Us\n\t\t\t\t\t<\/a>","protected":false},"excerpt":{"rendered":"<p>Meble do salonu na wymiar ZOBACZ NASZE RELIZACJE Zjawiskowe meble do salonu na wymiar, kt\u00f3re odmieni\u0105 Twoj\u0105 przestrze\u0144 Salon to miejsce odpoczynku i spotka\u0144 rodzinnych. To wn\u0119trze, kt\u00f3re powinno by\u0107 przytulne, a tak\u017ce odpowiednio zagospodarowane, by\u015b czerpa\u0142 z niego jak najwi\u0119cej. Nasz zesp\u00f3\u0142 tworz\u0105 profesjonali\u015bci, kt\u00f3rzy doskonale znaj\u0105 si\u0119 na odpowiedniej aran\u017cacji pomieszcze\u0144 &#8211; w&hellip;<\/p>","protected":false},"author":1,"featured_media":0,"parent":0,"menu_order":0,"comment_status":"closed","ping_status":"closed","template":"","meta":{"footnotes":""},"class_list":["post-2391","page","type-page","status-publish","hentry"],"yoast_head":"<!-- This site is optimized with the Yoast SEO Premium plugin v27.4 (Yoast SEO v27.4) - https:\/\/yoast.com\/product\/yoast-seo-premium-wordpress\/ -->\n<title>Meble do salonu na wymiar Szczecin | expertmeble.com<\/title>\n<meta name=\"description\" content=\"W\u0142a\u015bnie aran\u017cujesz sw\u00f3j salon i nie masz pomys\u0142u na praktyczne wyposa\u017cenie wn\u0119trza? Sprawd\u017a meble do salonu na wymiar od ExperMeble i ciesz si\u0119 zjawiskow\u0105 przestrzeni\u0105!\" \/>\n<meta name=\"robots\" content=\"index, follow, max-snippet:-1, max-image-preview:large, max-video-preview:-1\" \/>\n<link rel=\"canonical\" href=\"https:\/\/expertmeble.com\/en\/custom-living-room-furniture\/\" \/>\n<meta property=\"og:locale\" content=\"en_US\" \/>\n<meta property=\"og:type\" content=\"article\" \/>\n<meta property=\"og:title\" content=\"Meble do salonu na wymiar\" \/>\n<meta property=\"og:description\" content=\"W\u0142a\u015bnie aran\u017cujesz sw\u00f3j salon i nie masz pomys\u0142u na praktyczne wyposa\u017cenie wn\u0119trza? Sprawd\u017a meble do salonu na wymiar od ExperMeble i ciesz si\u0119 zjawiskow\u0105 przestrzeni\u0105!\" \/>\n<meta property=\"og:url\" content=\"https:\/\/expertmeble.com\/en\/custom-living-room-furniture\/\" \/>\n<meta property=\"og:site_name\" content=\"Expert Meble - Meble Na Wymiar Szczecin: Kuchnie, \u0141azienki, Szafy\" \/>\n<meta property=\"article:publisher\" content=\"https:\/\/www.facebook.com\/expertmeble24\/\" \/>\n<meta property=\"article:modified_time\" content=\"2026-03-27T18:48:13+00:00\" \/>\n<meta name=\"twitter:card\" content=\"summary_large_image\" \/>\n<meta name=\"twitter:label1\" content=\"Est. reading time\" \/>\n\t<meta name=\"twitter:data1\" content=\"5 minutes\" \/>\n<script type=\"application\/ld+json\" class=\"yoast-schema-graph\">{\"@context\":\"https:\\\/\\\/schema.org\",\"@graph\":[{\"@type\":\"WebPage\",\"@id\":\"https:\\\/\\\/expertmeble.com\\\/meble-do-salonu-na-wymiar\\\/\",\"url\":\"https:\\\/\\\/expertmeble.com\\\/meble-do-salonu-na-wymiar\\\/\",\"name\":\"Meble do salonu na wymiar Szczecin | expertmeble.com\",\"isPartOf\":{\"@id\":\"https:\\\/\\\/expertmeble.com\\\/#website\"},\"datePublished\":\"2023-01-26T10:59:25+00:00\",\"dateModified\":\"2026-03-27T18:48:13+00:00\",\"description\":\"W\u0142a\u015bnie aran\u017cujesz sw\u00f3j salon i nie masz pomys\u0142u na praktyczne wyposa\u017cenie wn\u0119trza? Sprawd\u017a meble do salonu na wymiar od ExperMeble i ciesz si\u0119 zjawiskow\u0105 przestrzeni\u0105!\",\"breadcrumb\":{\"@id\":\"https:\\\/\\\/expertmeble.com\\\/meble-do-salonu-na-wymiar\\\/#breadcrumb\"},\"inLanguage\":\"en-US\",\"potentialAction\":[{\"@type\":\"ReadAction\",\"target\":[\"https:\\\/\\\/expertmeble.com\\\/meble-do-salonu-na-wymiar\\\/\"]}]},{\"@type\":\"BreadcrumbList\",\"@id\":\"https:\\\/\\\/expertmeble.com\\\/meble-do-salonu-na-wymiar\\\/#breadcrumb\",\"itemListElement\":[{\"@type\":\"ListItem\",\"position\":1,\"name\":\"Strona g\u0142\u00f3wna\",\"item\":\"https:\\\/\\\/expertmeble.com\\\/\"},{\"@type\":\"ListItem\",\"position\":2,\"name\":\"Meble do salonu na wymiar\"}]},{\"@type\":\"WebSite\",\"@id\":\"https:\\\/\\\/expertmeble.com\\\/#website\",\"url\":\"https:\\\/\\\/expertmeble.com\\\/\",\"name\":\"Expert Meble - Meble Na Wymiar Szczecin: Kuchnie, \u0141azienki, Szafy\",\"description\":\"Meble, kuchnie, szafy, \u0142azienki oraz zabudowy na wymiar.\",\"potentialAction\":[{\"@type\":\"SearchAction\",\"target\":{\"@type\":\"EntryPoint\",\"urlTemplate\":\"https:\\\/\\\/expertmeble.com\\\/?s={search_term_string}\"},\"query-input\":{\"@type\":\"PropertyValueSpecification\",\"valueRequired\":true,\"valueName\":\"search_term_string\"}}],\"inLanguage\":\"en-US\"}]}<\/script>\n<!-- \/ Yoast SEO Premium plugin. -->","yoast_head_json":{"title":"Meble do salonu na wymiar Szczecin | expertmeble.com","description":"W\u0142a\u015bnie aran\u017cujesz sw\u00f3j salon i nie masz pomys\u0142u na praktyczne wyposa\u017cenie wn\u0119trza? Sprawd\u017a meble do salonu na wymiar od ExperMeble i ciesz si\u0119 zjawiskow\u0105 przestrzeni\u0105!","robots":{"index":"index","follow":"follow","max-snippet":"max-snippet:-1","max-image-preview":"max-image-preview:large","max-video-preview":"max-video-preview:-1"},"canonical":"https:\/\/expertmeble.com\/en\/custom-living-room-furniture\/","og_locale":"en_US","og_type":"article","og_title":"Meble do salonu na wymiar","og_description":"W\u0142a\u015bnie aran\u017cujesz sw\u00f3j salon i nie masz pomys\u0142u na praktyczne wyposa\u017cenie wn\u0119trza? Sprawd\u017a meble do salonu na wymiar od ExperMeble i ciesz si\u0119 zjawiskow\u0105 przestrzeni\u0105!","og_url":"https:\/\/expertmeble.com\/en\/custom-living-room-furniture\/","og_site_name":"Expert Meble - Meble Na Wymiar Szczecin: Kuchnie, \u0141azienki, Szafy","article_publisher":"https:\/\/www.facebook.com\/expertmeble24\/","article_modified_time":"2026-03-27T18:48:13+00:00","twitter_card":"summary_large_image","twitter_misc":{"Est. reading time":"5 minutes"},"schema":{"@context":"https:\/\/schema.org","@graph":[{"@type":"WebPage","@id":"https:\/\/expertmeble.com\/meble-do-salonu-na-wymiar\/","url":"https:\/\/expertmeble.com\/meble-do-salonu-na-wymiar\/","name":"Meble do salonu na wymiar Szczecin | expertmeble.com","isPartOf":{"@id":"https:\/\/expertmeble.com\/#website"},"datePublished":"2023-01-26T10:59:25+00:00","dateModified":"2026-03-27T18:48:13+00:00","description":"W\u0142a\u015bnie aran\u017cujesz sw\u00f3j salon i nie masz pomys\u0142u na praktyczne wyposa\u017cenie wn\u0119trza? Sprawd\u017a meble do salonu na wymiar od ExperMeble i ciesz si\u0119 zjawiskow\u0105 przestrzeni\u0105!","breadcrumb":{"@id":"https:\/\/expertmeble.com\/meble-do-salonu-na-wymiar\/#breadcrumb"},"inLanguage":"en-US","potentialAction":[{"@type":"ReadAction","target":["https:\/\/expertmeble.com\/meble-do-salonu-na-wymiar\/"]}]},{"@type":"BreadcrumbList","@id":"https:\/\/expertmeble.com\/meble-do-salonu-na-wymiar\/#breadcrumb","itemListElement":[{"@type":"ListItem","position":1,"name":"Strona g\u0142\u00f3wna","item":"https:\/\/expertmeble.com\/"},{"@type":"ListItem","position":2,"name":"Meble do salonu na wymiar"}]},{"@type":"WebSite","@id":"https:\/\/expertmeble.com\/#website","url":"https:\/\/expertmeble.com\/","name":"Expert Meble - Meble Na Wymiar Szczecin: Kuchnie, \u0141azienki, Szafy","description":"Meble, kuchnie, szafy, \u0142azienki oraz zabudowy na wymiar.","potentialAction":[{"@type":"SearchAction","target":{"@type":"EntryPoint","urlTemplate":"https:\/\/expertmeble.com\/?s={search_term_string}"},"query-input":{"@type":"PropertyValueSpecification","valueRequired":true,"valueName":"search_term_string"}}],"inLanguage":"en-US"}]}},"_links":{"self":[{"href":"https:\/\/expertmeble.com\/en\/wp-json\/wp\/v2\/pages\/2391","targetHints":{"allow":["GET"]}}],"collection":[{"href":"https:\/\/expertmeble.com\/en\/wp-json\/wp\/v2\/pages"}],"about":[{"href":"https:\/\/expertmeble.com\/en\/wp-json\/wp\/v2\/types\/page"}],"author":[{"embeddable":true,"href":"https:\/\/expertmeble.com\/en\/wp-json\/wp\/v2\/users\/1"}],"replies":[{"embeddable":true,"href":"https:\/\/expertmeble.com\/en\/wp-json\/wp\/v2\/comments?post=2391"}],"version-history":[{"count":9,"href":"https:\/\/expertmeble.com\/en\/wp-json\/wp\/v2\/pages\/2391\/revisions"}],"predecessor-version":[{"id":5444,"href":"https:\/\/expertmeble.com\/en\/wp-json\/wp\/v2\/pages\/2391\/revisions\/5444"}],"wp:attachment":[{"href":"https:\/\/expertmeble.com\/en\/wp-json\/wp\/v2\/media?parent=2391"}],"curies":[{"name":"wp","href":"https:\/\/api.w.org\/{rel}","templated":true}]}}