{"id":2405,"date":"2023-02-21T14:30:38","date_gmt":"2023-02-21T13:30:38","guid":{"rendered":"https:\/\/expertmeble.com\/?page_id=2405"},"modified":"2026-03-24T21:58:43","modified_gmt":"2026-03-24T20:58:43","slug":"projektowanie-szafy","status":"publish","type":"page","link":"https:\/\/expertmeble.com\/en\/wardrobe-design\/","title":{"rendered":"Custom Wardrobe Design"},"content":{"rendered":"<h1>\n\t\tCUSTOM WARDROBE PROJECT SZCZECIN\n\t<\/h1>\n\t\t\t<a href=\"https:\/\/expertmeble.com\/en\/gallery\/\" target=\"_self\">\n\t\t\t\t\t\t\tSEE MORE\n\t\t\t\t\t<\/a>\n<h2>\n\t\tProjekt szafy na wymiar &#8211; poznaj g\u0142\u00f3wne atuty tego rozwi\u0105zania!\n\t<\/h2>\n\t<p>Kiedy urz\u0105dzamy mieszkanie, mamy do dyspozycji wiele zestaw\u00f3w gotowych mebli, ale czasami dopasowanie ich do wybranego wn\u0119trza mo\u017ce okaza\u0107 si\u0119 niemo\u017cliwe. Wielu z nas potrzebuje mebli na zam\u00f3wienie do niezwyk\u0142ych przestrzeni w naszych domach, takich jak zak\u0105tki czy pomieszczenia z niskimi sufitami. Cz\u0119sto zale\u017cy to od budynku albo wr\u0119cz od architektury i historii naszego miasta &#8211; na przyk\u0142ad w poniemieckim Szczecinie wiele jest dom\u00f3w innych od typowych dla reszty kraju.<\/p>\n<p>Custom wardrobes and tailored wardrobe projects are the best choice for these types of rooms. For example, in standard rooms like bedrooms or living rooms, we can afford wardrobes that reach from floor to ceiling. However, unusual spaces, such as basements and laundry rooms, require lower fittings. When creating custom wardrobes, it is important to consider how they will function, how easy they will be to use, and how the entire arrangement will look.<\/p>\n<h2>\n\t\tSzafy na wymiar &#8211; projekty i mo\u017cliwo\u015bci\n\t<\/h2>\n\t<p>Je\u015bli planujesz urz\u0105dzenie lub przebudow\u0119 mieszkania, warto si\u0119gn\u0105\u0107 po sprawdzone rozwi\u0105zanie, kt\u00f3rym s\u0105 szafy na wymiar &#8211; projekty takich mebli oferuj\u0105 Ci nowe, fantastyczne mo\u017cliwo\u015bci. Najlepiej zacz\u0105\u0107 od przygotowywania miejsca pod szaf\u0119, kt\u00f3re w innym przypadku by\u0142oby trudne do wykorzystania &#8211; zastan\u00f3w si\u0119, jakie projekty szaf b\u0119d\u0105 przydatne w danej sytuacji<\/p>\n<p>You can optimally use the available space in an apartment by incorporating the wardrobe into alcoves and various nooks of the walls, so that the whole creates a cohesive structure from floor to ceiling. A well-designed custom wardrobe is essential for owners of rooms with unusual shapes, such as attic storage areas or rooms with slanted walls or sharp angles. Such a custom wardrobe frees up space, allows guests and residents to breathe freely, and completely transforms the interior.<\/p>\n<p>A well-designed custom wardrobe will give you more storage space and will not require giving up valuable living space. It\u2019s also a good idea to utilize hard-to-reach or rarely used nooks in the room. For example, you might build around the area around the TV, consider adding a small cupboard behind the balcony doors, or even integrate the wardrobe with the bed or sofa.<\/p>\n<p>Built-in wardrobes that do not visually overwhelm you are also very common, especially in hallways of Szczecin apartments. A well-fitted custom wardrobe project not only translates to additional storage space but also complements the overall interior design.<\/p>\n<p>That\u2019s why at Expertmeble, we specialize in the challenging task of designing wardrobes in Szczecin! Sometimes, it\u2019s enough to plan the hallway layout well to make room for a tall and narrow built-in wardrobe. Another good example of custom wardrobe projects are cabinets and shelves that divide large rooms: such a piece of furniture can serve as a partition, turning a large room into two smaller, comfortable spaces.<\/p>\n\t\t\t\t<img decoding=\"async\" src=\"https:\/\/expertmeble.com\/wp-content\/uploads\/2024\/03\/pexels-vika-glitter-3315286.jpg\" alt=\"szafa na wymiar z szufladami\" itemprop=\"image\" height=\"1920\" width=\"1093\" title=\"szafa na wymiar z szufladami\" onerror=\"this.style.display='none'\"  \/>\n\t\t\t\t<img decoding=\"async\" src=\"https:\/\/expertmeble.com\/wp-content\/uploads\/2026\/01\/logo-transparent.png\" alt=\"logo - transparent\" itemprop=\"image\" height=\"4320\" width=\"4321\" title=\"logo - transparent\" onerror=\"this.style.display='none'\"  \/>\n\t\t\t\t01) PLANNING AND PREPARATION\n\t\t\t\t<p>Je\u015bli chcesz dobrze zaplanowa\u0107 i przygotowa\u0107 projekt szafy na wymiar, powiniene\u015b wzi\u0105\u0107 pod uwag\u0119 jej rozmiary. Oczywi\u015bcie, niestandardowe pomieszczenia mog\u0105 si\u0119 r\u00f3\u017cni\u0107 w zale\u017cno\u015bci od potrzeb klienta. Nasze do\u015bwiadczenie, je\u015bli chodzi o projektowanie szafy w Szczecinie, przek\u0142ada si\u0119 na znajomo\u015b\u0107 tych potrzeb. Dzi\u0119ki temu wiemy na przyk\u0142ad, \u017ce popularne obecnie s\u0105 zabudowy sufitowe, sufitu, dzi\u0119ki kt\u00f3rym mo\u017cna przechowywa\u0107 rzeczy sezonowe lub rzadziej u\u017cywane. Oczywi\u015bcie, ciekaw\u0105 opcj\u0105 s\u0105 te\u017c ma\u0142e szafki na wymiar pod parapetami &#8211; mo\u017cesz w nich przechowywa\u0107 kurtki lub buty.<\/p>\n\t\t\t\t02) CONSIDERING THE NEEDS OF THE HOUSEHOLD\n\t\t\t\t<p>Before we help you develop a wardrobe project online with our consultants, you need to consider the needs of the household members. For example, if parents with children live on one floor and grandparents live on the ground floor, the latter may simply need a separate custom wardrobe. Projects can also depend on gender, age, or experiences, as different people may require different spaces: typically, younger people want more shelf space, while older individuals and women may prefer to hang coats in the wardrobe. These factors are crucial in determining the exact custom wardrobe design.<\/p>\n\t\t\t\t03) CHOOSING THE TYPES OF DOORS\n\t\t\t\t<p>Gdy projektujesz szafy na wymiar, czy to w Szczecinie, czy w innym polskim mie\u015bcie, musisz odpowiednio dobra\u0107 rodzaje drzwi do tych mebli. Mo\u017cesz dysponowa\u0107 odpowiednim miejscem na szaf\u0119 &#8211; ale po otwarciu drzwi mo\u017ce si\u0119 okaza\u0107, \u017ce nie b\u0119dziesz m\u00f3g\u0142 z niej skorzysta\u0107!<\/p>\n\t\t\t\t04) TYPES OF DOORS\n\t\t\t\t<p>Tradycyjny i u\u017cyteczny spos\u00f3b otwierania szafy to drzwi rozwierne &#8211; ze skrzyd\u0142ami i zawiasami, otwieraj\u0105ce si\u0119 na o\u015bcie\u017c. Tego typu szafy mog\u0105 by\u0107 dwuskrzyd\u0142owe lub jednoskrzyd\u0142owe jak lod\u00f3wka. Cho\u0107 s\u0105 proste w konstrukcji, wymagaj\u0105 jednak do\u015b\u0107 du\u017co miejsca, poniewa\u017c skrzyd\u0142a otwieraj\u0105 si\u0119 na boki. Dlatego, je\u015bli interesuje ci\u0119 projektowanie szafy na wymiar online, warto opr\u00f3cz wymiar\u00f3w wn\u0119ki zna\u0107 te\u017c wymiary \u015bcian i przej\u015b\u0107 wok\u00f3\u0142 niej.<\/p>\n<p>Drzwi przesuwne to dzi\u015b jeden z najcz\u0119\u015bciej spotykanych rodzaj\u00f3w drzwi do szaf na wymiar. Drzwi przesuwne maj\u0105 dwa skrzyd\u0142a, kt\u00f3re mo\u017cna odsun\u0105\u0107, zamocowane na prowadnicach &#8211; gdy s\u0105 otwarte, jedno skrzyd\u0142o zas\u0142ania drugie. Takie drzwi s\u0105 \u0142atwe do wstawienia i utrzymania, daj\u0105c dobry dost\u0119p do wn\u0119trza szafy. Mo\u017cna je wyko\u0144czy\u0107 lekk\u0105 zwierciadlan\u0105 powierzchni\u0105, mog\u0105 by\u0107 te\u017c wykonane z laminatu, drewna, szk\u0142a lub innych materia\u0142\u00f3w.<\/p>\n<p>Drzwi sk\u0142adano-obrotowe to coraz popularniejszy rodzaj drzwi do szaf na wymiar. Projekt szafy z wymiarami tego typu zak\u0142ada, \u017ce oba skrzyd\u0142a rozsuwane s\u0105 na boki i wsuwane w \u015bcianki szafy. Takie drzwi dodadz\u0105 uroku twojemu wn\u0119trzu.<\/p>\n<h2>\n\t\tMODERN PROJECTS\n\t<\/h2>\n\t<p>When preparing custom wardrobes at Expert Meble in Szczecin, our clients' projects allow us to flexibly adjust sizes and shapes: we can fit the space under sloped ceilings or stairs. Often, we can use shelves and custom wardrobes to utilize parts of the walls, such as in a long, narrow room along a wall without windows. A well-chosen wardrobe in the hallway can make the space appear larger. Elements like shelves and doors, or light and contrasting colors, can ensure that a large wardrobe does not visually dominate the room.<\/p>\n<h3>\n\t\tFeel free to contact our team of specialists!\n\t<\/h3>\n\t\t\t<a href=\"https:\/\/expertmeble.com\/en\/#kontakt\" target=\"_self\">\n\t\t\t\t\t\t\tCall Us\n\t\t\t\t\t<\/a>","protected":false},"excerpt":{"rendered":"<p>PROJEKT SZAFY NA WYMIAR SZCZECIN ZOBACZ WI\u0118CEJ Projekt szafy na wymiar &#8211; poznaj g\u0142\u00f3wne atuty tego rozwi\u0105zania! Kiedy urz\u0105dzamy mieszkanie, mamy do dyspozycji wiele zestaw\u00f3w gotowych mebli, ale czasami dopasowanie ich do wybranego wn\u0119trza mo\u017ce okaza\u0107 si\u0119 niemo\u017cliwe. Wielu z nas potrzebuje mebli na zam\u00f3wienie do niezwyk\u0142ych przestrzeni w naszych domach, takich jak zak\u0105tki czy&hellip;<\/p>","protected":false},"author":1,"featured_media":0,"parent":0,"menu_order":0,"comment_status":"closed","ping_status":"closed","template":"","meta":{"footnotes":""},"class_list":["post-2405","page","type-page","status-publish","hentry"],"yoast_head":"<!-- This site is optimized with the Yoast SEO Premium plugin v23.3 (Yoast SEO v26.8) - https:\/\/yoast.com\/product\/yoast-seo-premium-wordpress\/ -->\n<title>Projektowanie szafy na wymiar | projekt szaf na zam\u00f3wienie | expertmeble.com<\/title>\n<meta name=\"robots\" content=\"index, follow, max-snippet:-1, max-image-preview:large, max-video-preview:-1\" \/>\n<link rel=\"canonical\" href=\"https:\/\/expertmeble.com\/en\/wardrobe-design\/\" \/>\n<meta property=\"og:locale\" content=\"en_US\" \/>\n<meta property=\"og:type\" content=\"article\" \/>\n<meta property=\"og:title\" content=\"Projektowanie szafy na wymiar\" \/>\n<meta property=\"og:description\" content=\"PROJEKT SZAFY NA WYMIAR SZCZECIN ZOBACZ WI\u0118CEJ Projekt szafy na wymiar &#8211; poznaj g\u0142\u00f3wne atuty tego rozwi\u0105zania! Kiedy urz\u0105dzamy mieszkanie, mamy do dyspozycji wiele zestaw\u00f3w gotowych mebli, ale czasami dopasowanie ich do wybranego wn\u0119trza mo\u017ce okaza\u0107 si\u0119 niemo\u017cliwe. Wielu z nas potrzebuje mebli na zam\u00f3wienie do niezwyk\u0142ych przestrzeni w naszych domach, takich jak zak\u0105tki czy&hellip;\" \/>\n<meta property=\"og:url\" content=\"https:\/\/expertmeble.com\/en\/wardrobe-design\/\" \/>\n<meta property=\"og:site_name\" content=\"Expert Meble - Meble Na Wymiar Szczecin: Kuchnie, \u0141azienki, Szafy\" \/>\n<meta property=\"article:publisher\" content=\"https:\/\/www.facebook.com\/expertmeble24\/\" \/>\n<meta property=\"article:modified_time\" content=\"2026-03-24T20:58:43+00:00\" \/>\n<meta property=\"og:image\" content=\"https:\/\/expertmeble.com\/wp-content\/uploads\/2024\/03\/pexels-vika-glitter-3315286.jpg\" \/>\n<meta name=\"twitter:card\" content=\"summary_large_image\" \/>\n<meta name=\"twitter:label1\" content=\"Est. reading time\" \/>\n\t<meta name=\"twitter:data1\" content=\"6 minutes\" \/>\n<script type=\"application\/ld+json\" class=\"yoast-schema-graph\">{\"@context\":\"https:\/\/schema.org\",\"@graph\":[{\"@type\":\"WebPage\",\"@id\":\"https:\/\/expertmeble.com\/projektowanie-szafy\/\",\"url\":\"https:\/\/expertmeble.com\/projektowanie-szafy\/\",\"name\":\"Projektowanie szafy na wymiar | projekt szaf na zam\u00f3wienie | expertmeble.com\",\"isPartOf\":{\"@id\":\"https:\/\/expertmeble.com\/#website\"},\"primaryImageOfPage\":{\"@id\":\"https:\/\/expertmeble.com\/projektowanie-szafy\/#primaryimage\"},\"image\":{\"@id\":\"https:\/\/expertmeble.com\/projektowanie-szafy\/#primaryimage\"},\"thumbnailUrl\":\"https:\/\/expertmeble.com\/wp-content\/uploads\/2024\/03\/pexels-vika-glitter-3315286.jpg\",\"datePublished\":\"2023-02-21T13:30:38+00:00\",\"dateModified\":\"2026-03-24T20:58:43+00:00\",\"breadcrumb\":{\"@id\":\"https:\/\/expertmeble.com\/projektowanie-szafy\/#breadcrumb\"},\"inLanguage\":\"en-US\",\"potentialAction\":[{\"@type\":\"ReadAction\",\"target\":[\"https:\/\/expertmeble.com\/projektowanie-szafy\/\"]}]},{\"@type\":\"ImageObject\",\"inLanguage\":\"en-US\",\"@id\":\"https:\/\/expertmeble.com\/projektowanie-szafy\/#primaryimage\",\"url\":\"https:\/\/expertmeble.com\/wp-content\/uploads\/2024\/03\/pexels-vika-glitter-3315286.jpg\",\"contentUrl\":\"https:\/\/expertmeble.com\/wp-content\/uploads\/2024\/03\/pexels-vika-glitter-3315286.jpg\"},{\"@type\":\"BreadcrumbList\",\"@id\":\"https:\/\/expertmeble.com\/projektowanie-szafy\/#breadcrumb\",\"itemListElement\":[{\"@type\":\"ListItem\",\"position\":1,\"name\":\"Strona g\u0142\u00f3wna\",\"item\":\"https:\/\/expertmeble.com\/\"},{\"@type\":\"ListItem\",\"position\":2,\"name\":\"Projektowanie szafy na wymiar\"}]},{\"@type\":\"WebSite\",\"@id\":\"https:\/\/expertmeble.com\/#website\",\"url\":\"https:\/\/expertmeble.com\/\",\"name\":\"Expert Meble - Meble Na Wymiar Szczecin: Kuchnie, \u0141azienki, Szafy\",\"description\":\"Meble, kuchnie, szafy, \u0142azienki oraz zabudowy na wymiar.\",\"potentialAction\":[{\"@type\":\"SearchAction\",\"target\":{\"@type\":\"EntryPoint\",\"urlTemplate\":\"https:\/\/expertmeble.com\/?s={search_term_string}\"},\"query-input\":{\"@type\":\"PropertyValueSpecification\",\"valueRequired\":true,\"valueName\":\"search_term_string\"}}],\"inLanguage\":\"en-US\"}]}<\/script>\n<!-- \/ Yoast SEO Premium plugin. -->","yoast_head_json":{"title":"Projektowanie szafy na wymiar | projekt szaf na zam\u00f3wienie | expertmeble.com","robots":{"index":"index","follow":"follow","max-snippet":"max-snippet:-1","max-image-preview":"max-image-preview:large","max-video-preview":"max-video-preview:-1"},"canonical":"https:\/\/expertmeble.com\/en\/wardrobe-design\/","og_locale":"en_US","og_type":"article","og_title":"Projektowanie szafy na wymiar","og_description":"PROJEKT SZAFY NA WYMIAR SZCZECIN ZOBACZ WI\u0118CEJ Projekt szafy na wymiar &#8211; poznaj g\u0142\u00f3wne atuty tego rozwi\u0105zania! Kiedy urz\u0105dzamy mieszkanie, mamy do dyspozycji wiele zestaw\u00f3w gotowych mebli, ale czasami dopasowanie ich do wybranego wn\u0119trza mo\u017ce okaza\u0107 si\u0119 niemo\u017cliwe. Wielu z nas potrzebuje mebli na zam\u00f3wienie do niezwyk\u0142ych przestrzeni w naszych domach, takich jak zak\u0105tki czy&hellip;","og_url":"https:\/\/expertmeble.com\/en\/wardrobe-design\/","og_site_name":"Expert Meble - Meble Na Wymiar Szczecin: Kuchnie, \u0141azienki, Szafy","article_publisher":"https:\/\/www.facebook.com\/expertmeble24\/","article_modified_time":"2026-03-24T20:58:43+00:00","og_image":[{"url":"https:\/\/expertmeble.com\/wp-content\/uploads\/2024\/03\/pexels-vika-glitter-3315286.jpg","type":"","width":"","height":""}],"twitter_card":"summary_large_image","twitter_misc":{"Est. reading time":"6 minutes"},"schema":{"@context":"https:\/\/schema.org","@graph":[{"@type":"WebPage","@id":"https:\/\/expertmeble.com\/projektowanie-szafy\/","url":"https:\/\/expertmeble.com\/projektowanie-szafy\/","name":"Projektowanie szafy na wymiar | projekt szaf na zam\u00f3wienie | expertmeble.com","isPartOf":{"@id":"https:\/\/expertmeble.com\/#website"},"primaryImageOfPage":{"@id":"https:\/\/expertmeble.com\/projektowanie-szafy\/#primaryimage"},"image":{"@id":"https:\/\/expertmeble.com\/projektowanie-szafy\/#primaryimage"},"thumbnailUrl":"https:\/\/expertmeble.com\/wp-content\/uploads\/2024\/03\/pexels-vika-glitter-3315286.jpg","datePublished":"2023-02-21T13:30:38+00:00","dateModified":"2026-03-24T20:58:43+00:00","breadcrumb":{"@id":"https:\/\/expertmeble.com\/projektowanie-szafy\/#breadcrumb"},"inLanguage":"en-US","potentialAction":[{"@type":"ReadAction","target":["https:\/\/expertmeble.com\/projektowanie-szafy\/"]}]},{"@type":"ImageObject","inLanguage":"en-US","@id":"https:\/\/expertmeble.com\/projektowanie-szafy\/#primaryimage","url":"https:\/\/expertmeble.com\/wp-content\/uploads\/2024\/03\/pexels-vika-glitter-3315286.jpg","contentUrl":"https:\/\/expertmeble.com\/wp-content\/uploads\/2024\/03\/pexels-vika-glitter-3315286.jpg"},{"@type":"BreadcrumbList","@id":"https:\/\/expertmeble.com\/projektowanie-szafy\/#breadcrumb","itemListElement":[{"@type":"ListItem","position":1,"name":"Strona g\u0142\u00f3wna","item":"https:\/\/expertmeble.com\/"},{"@type":"ListItem","position":2,"name":"Projektowanie szafy na wymiar"}]},{"@type":"WebSite","@id":"https:\/\/expertmeble.com\/#website","url":"https:\/\/expertmeble.com\/","name":"Expert Meble - Meble Na Wymiar Szczecin: Kuchnie, \u0141azienki, Szafy","description":"Meble, kuchnie, szafy, \u0142azienki oraz zabudowy na wymiar.","potentialAction":[{"@type":"SearchAction","target":{"@type":"EntryPoint","urlTemplate":"https:\/\/expertmeble.com\/?s={search_term_string}"},"query-input":{"@type":"PropertyValueSpecification","valueRequired":true,"valueName":"search_term_string"}}],"inLanguage":"en-US"}]}},"_links":{"self":[{"href":"https:\/\/expertmeble.com\/en\/wp-json\/wp\/v2\/pages\/2405","targetHints":{"allow":["GET"]}}],"collection":[{"href":"https:\/\/expertmeble.com\/en\/wp-json\/wp\/v2\/pages"}],"about":[{"href":"https:\/\/expertmeble.com\/en\/wp-json\/wp\/v2\/types\/page"}],"author":[{"embeddable":true,"href":"https:\/\/expertmeble.com\/en\/wp-json\/wp\/v2\/users\/1"}],"replies":[{"embeddable":true,"href":"https:\/\/expertmeble.com\/en\/wp-json\/wp\/v2\/comments?post=2405"}],"version-history":[{"count":9,"href":"https:\/\/expertmeble.com\/en\/wp-json\/wp\/v2\/pages\/2405\/revisions"}],"predecessor-version":[{"id":5310,"href":"https:\/\/expertmeble.com\/en\/wp-json\/wp\/v2\/pages\/2405\/revisions\/5310"}],"wp:attachment":[{"href":"https:\/\/expertmeble.com\/en\/wp-json\/wp\/v2\/media?parent=2405"}],"curies":[{"name":"wp","href":"https:\/\/api.w.org\/{rel}","templated":true}]}}