{"id":2408,"date":"2023-02-21T14:31:58","date_gmt":"2023-02-21T13:31:58","guid":{"rendered":"https:\/\/expertmeble.com\/?page_id=2408"},"modified":"2026-03-24T22:01:13","modified_gmt":"2026-03-24T21:01:13","slug":"projekt-przedpokoju","status":"publish","type":"page","link":"https:\/\/expertmeble.com\/en\/hallway-design\/","title":{"rendered":"Custom Entryway Design"},"content":{"rendered":"<h1>\n\t\tCUSTOM ENTRYWAY PROJECT SZCZECIN\n\t<\/h1>\n\t\t\t<a href=\"https:\/\/expertmeble.com\/en\/gallery\/\" target=\"_self\">\n\t\t\t\t\t\t\tSEE MORE\n\t\t\t\t\t<\/a>\n<h2>\n\t\tEntryway Design: Creating a First Impression\n\t<\/h2>\n\t<p>Przedpok\u00f3j jest pierwszym pomieszczeniem, kt\u00f3re widz\u0105 go\u015bcie po wej\u015bciu do domu. To wizyt\u00f3wka Twojego mieszkania, stanowi\u0105ca pierwsze wra\u017cenie, dlatego projekt przedpokoju, w Szczecinie i w ka\u017cdym innym mie\u015bcie, musi by\u0107 przygotowany ze smakiem i dba\u0142o\u015bci\u0105 o szczeg\u00f3\u0142y. W ten spos\u00f3b hol b\u0119dzie zachwyca\u0142 swoim porz\u0105dkiem i elegancko wprowadza\u0142 go\u015bci i domownik\u00f3w do innych pomieszcze\u0144. W\u0142a\u015bnie dlatego, gdy ustalasz, jak b\u0119dzie wygl\u0105da\u0142 przedpok\u00f3j, projekt korytarza jest tak wa\u017cny &#8211; to dzi\u0119ki niemu ca\u0142y dom b\u0119dzie doskonale si\u0119 prezentowa\u0142.<\/p>\n<p>To design stylish entryways, projects must follow a few basic design principles. First and foremost, maintain order and avoid overwhelming the design; the entryway should only include essential items such as a mirror, hooks, or a doormat.<\/p>\n<p>Aby unikn\u0105\u0107 wra\u017cenia nieporz\u0105dku i prze\u0142adowania dost\u0119pnej przestrzeni, warto ukry\u0107 jak najwi\u0119cej przedmiot\u00f3w w odpowiednich szafach i szafkach. Projekty przedpokoju musz\u0105 przede wszystkim wprowadzi\u0107 go\u015bci w odpowiedni nastr\u00f3j, dlatego urz\u0105dzaj\u0105c hol, tak wa\u017cne jest trzymanie si\u0119 jednolitego koloru i stylu &#8211; w czym mo\u017ce pom\u00f3c ci firma Expertmeble. Od lat zajmujemy si\u0119 stylistyk\u0105 wn\u0119trz w wojew\u00f3dztwie zachodnio-pomorskim i bez problemu mo\u017cemy przygotowa\u0107 projekt korytarza w Szczecinie.<\/p>\n<h2>\n\t\tEntryways: Projects for You\n\t<\/h2>\n\t<p>The most popular entryway furniture that forms a constant element in many designs includes sliding wardrobes, mirror wardrobes, dressers, and shoe cabinets. Attractive options also include dressers and comfortable benches or chairs for putting on shoes. Additionally, various decorations, from moldings to artwork, can be useful.<\/p>\n<p>One of the most popular types of furniture chosen by our clients are entryway wardrobes. A built-in wardrobe is an ideal solution for the foyer: it's worth considering when creating corridor designs for your home. Not only does it allow for effective storage of clothes and personal items, but a light, glass-fronted wardrobe visually enlarges and brightens the room.<\/p>\n<p>A built-in wardrobe with sliding doors is especially good, particularly in entryways with limited space, as it does not waste space when the doors open. That\u2019s why such solutions are recommended in our apartment entryway projects, where every centimeter of space counts. If there is enough space in the entryway, it\u2019s worth considering adding a shoe cabinet to the overall arrangement. You can store everyday or off-season shoes in it, not only freeing up space but also hiding everyday and seasonal footwear.<\/p>\n<p>Innym \u015bwietnym rozwi\u0105zaniem do przedpokoju s\u0105 meble wielofunkcyjne, w\u0142a\u015bnie takie jak szafka na buty z funkcj\u0105 \u0142awki. Popularne w Polsce p\u00f3\u0142nocno-zachodniej s\u0105 r\u00f3wnie\u017c inne wielofunkcyjne meble, takie jak \u0142awka na buty z lustrem i wieszakiem. Buty, akcesoria osobiste oraz schowki na sprz\u0119t AGD &#8211; to wszystko mo\u017cna przechowywa\u0107 w zabudowanej szafie z szufladami i skrytkami.<\/p>\n<p>In addition to built-in wardrobes and multifunctional furniture, there are other types of furniture that every entryway should include. The hallway design might also incorporate wooden or metal coat racks, umbrella stands, or hat racks. You can match them to the custom furniture style, available space, or desired aesthetic of the apartment.<\/p>\n<p>W przedpokoju, gdzie jest mniej miejsca, zawsze dobrym wyborem jest wieszak \u015bcienny z kilkoma haczykami i miejscem na p\u00f3\u0142k\u0119 na akcesoria: kapelusze, czapki zimowe czy szaliki. Takie rozwi\u0105zanie jest funkcjonalne i nie zajmuje du\u017co miejsca, dlatego wi\u0119kszo\u015b\u0107 polskich gospodarstw domowych decyduje si\u0119 na t\u0119 opcj\u0119. Innym ciekawym pomys\u0142em na meble do przedpokoju s\u0105 szafki na k\u00f3\u0142kach. Mo\u017cna je \u0142atwo przemieszcza\u0107 w zale\u017cno\u015bci od potrzeb. Nie musisz ich przetrzymywa\u0107 w holu &#8211; nie ma nic gorszego ni\u017c zagracony przedpok\u00f3j. Projekty korytarzy uwzgl\u0119dniaj\u0105ce takie szafki pozwol\u0105 ci szybko przygotowa\u0107 dowoln\u0105 sekcj\u0119 na niespodziewane wizyty go\u015bci.<\/p>\n\t\t\t\t<img decoding=\"async\" src=\"https:\/\/expertmeble.com\/wp-content\/uploads\/2024\/03\/pexels-jean-van-der-meulen-1457844.jpg\" alt=\"ekskluzywny przedpok\u00f3j na wymiar po projekcie\" itemprop=\"image\" height=\"1920\" width=\"1104\" title=\"ekskluzywny przedpok\u00f3j na wymiar po projekcie\" onerror=\"this.style.display='none'\"  \/>\n\t\t\t\t<img decoding=\"async\" src=\"https:\/\/expertmeble.com\/wp-content\/uploads\/2024\/03\/close-up-wooden-door-hallway-style-minimalism.jpg\" alt=\"szafa w nowoczesnym projekcie przedpokoju na wymiar\" itemprop=\"image\" height=\"1920\" width=\"1080\" title=\"szafa w nowoczesnym projekcie przedpokoju na wymiar\" onerror=\"this.style.display='none'\"  \/>\n<h2>\n\t\tEntryway Design in an Apartment: Small Spaces and You!\n\t<\/h2>\n\t<p>Tak zwanych mieszka\u0144 pogomu\u0142kowskich jest wiele, zw\u0142aszcza w Szczecinie &#8211; cz\u0119sto bywaj\u0105 do\u015b\u0107 ma\u0142e, ale ich mieszka\u0144cy r\u00f3wnie\u017c zas\u0142uguj\u0105 na pi\u0119knie dobrane meble do przedpokoju. Jak zatem dostosowa\u0107 projekt korytarza w Szczecinie, je\u015bli masz do dyspozycji ograniczon\u0105 przestrze\u0144?<\/p>\n<p>Frankly, small corridors in narrow apartments can be very challenging to arrange. On a small area, we need to fit everything that's necessary, but we can't overdo the amount of furniture, and the space shouldn\u2019t feel too overwhelming. In such cases, when designing the entryway, we can use optical tricks to make the foyer appear larger and brighter.<\/p>\n<p>The simplest solution for an apartment entryway design is to use mirrors. They can be mounted on wardrobe doors, walls, or even on the floor. Light colors will also help to visually expand and brighten the space. Light pastel and cool shades, such as pale pink, blue, and mint, are appropriate options.<\/p>\n<p>Innym ciekawym sposobem na powi\u0119kszenie optyczne ma\u0142ego przedpokoju jest lekka fototapeta, kt\u00f3ra na\u015bladuje woln\u0105 przestrze\u0144: las, niebo, pla\u017c\u0119&#8230; Bior\u0105c pod uwag\u0119 estetyk\u0119 i funkcjonalno\u015b\u0107, wa\u017cne jest, aby wybra\u0107 meble i dodatki, kt\u00f3re odpowiadaj\u0105 naszym gustom i zainteresowaniom. W przedpokoju w mieszkaniu m\u0142odych ludzi mo\u017cna tak\u017ce wyeksponowa\u0107 plakaty, naklejki albo te\u017c zdj\u0119cia i reprodukcje w antyramach. Mo\u017cna te\u017c wykorzysta\u0107 pionowe pasy na \u015bcianie, kt\u00f3re optycznie skr\u00f3c\u0105 przedpok\u00f3j i dodadz\u0105 mu wysoko\u015bci.<\/p>\n<p>If you want the entryway to be the focal point of your home or apartment in Szczecin, it\u2019s worth carefully considering its design from both a practical and aesthetic perspective. One of the best ways to design an entryway is to add personal touches that make your home stand out. Personal touches can include a fun doormat, unique colors, or the display of favorite artwork.<\/p>\n<p>The appearance and functionality of the room are influenced by its shades and materials. Walls attract attention and should be carefully selected. To create the illusion of a larger space, it's worth using light colors. Short and narrow walls can be painted in bright, intense colors to draw attention, while long walls should provide a soft, passive background. Such an unusual entryway design in Szczecin will ensure that the space doesn\u2019t appear too long.<\/p>\n\t\t\t\t<img decoding=\"async\" src=\"https:\/\/expertmeble.com\/wp-content\/uploads\/2026\/01\/logo-transparent.png\" alt=\"logo - transparent\" itemprop=\"image\" height=\"4320\" width=\"4321\" title=\"logo - transparent\" onerror=\"this.style.display='none'\"  \/>\n<h2>\n\t\tTHE ENTRYWAY OF YOUR DREAMS\n\t<\/h2>\n\t<p>Once you have your entryway project ready in Szczecin, you can bring it to life with the help of Expert Meble. For many years, we have been creating custom furniture, projects, and entryways. Szczecin and other cities in the Kuyavian-Pomeranian Voivodeship know our brand as a top provider of tailored furniture solutions.<\/p>\n<p>Projekt korytarza w domu nie jest trudny do przygotowania &#8211; tak d\u0142ugo, jak w\u0142a\u015bciciel wie, co chce osi\u0105gn\u0105\u0107 i jak stworzy\u0107 odpowiedni hol. W szczeci\u0144skiej firmie Expertmeble s\u0142u\u017cymy pomoc\u0105 w aran\u017cacji wn\u0119trz i projektujemy meble do ka\u017cdej przestrzeni.<\/p>\n<h3>\n\t\tZapraszamy do kontaktu! Jeste\u015bmy tu, aby Ci pom\u00f3c.\n\t<\/h3>\n\t\t\t<a href=\"https:\/\/expertmeble.com\/en\/#kontakt\" target=\"_self\">\n\t\t\t\t\t\t\tCall Us\n\t\t\t\t\t<\/a>","protected":false},"excerpt":{"rendered":"<p>PROJEKT PRZEDPOKOJU NA WYMIAR SZCZECIN ZOBACZ WI\u0118CEJ Projektowanie Przedpokoju: Tworzenie Pierwszego Wra\u017cenia Przedpok\u00f3j jest pierwszym pomieszczeniem, kt\u00f3re widz\u0105 go\u015bcie po wej\u015bciu do domu. To wizyt\u00f3wka Twojego mieszkania, stanowi\u0105ca pierwsze wra\u017cenie, dlatego projekt przedpokoju, w Szczecinie i w ka\u017cdym innym mie\u015bcie, musi by\u0107 przygotowany ze smakiem i dba\u0142o\u015bci\u0105 o szczeg\u00f3\u0142y. W ten spos\u00f3b hol b\u0119dzie zachwyca\u0142&hellip;<\/p>","protected":false},"author":1,"featured_media":0,"parent":0,"menu_order":0,"comment_status":"closed","ping_status":"closed","template":"","meta":{"footnotes":""},"class_list":["post-2408","page","type-page","status-publish","hentry"],"yoast_head":"<!-- This site is optimized with the Yoast SEO Premium plugin v23.3 (Yoast SEO v26.8) - https:\/\/yoast.com\/product\/yoast-seo-premium-wordpress\/ -->\n<title>Projekt przedpokoju na wymiar | projektowanie przedpokoju | expertmeble.com<\/title>\n<meta name=\"robots\" content=\"index, follow, max-snippet:-1, max-image-preview:large, max-video-preview:-1\" \/>\n<link rel=\"canonical\" href=\"https:\/\/expertmeble.com\/en\/hallway-design\/\" \/>\n<meta property=\"og:locale\" content=\"en_US\" \/>\n<meta property=\"og:type\" content=\"article\" \/>\n<meta property=\"og:title\" content=\"Projekt przedpokoju na wymiar\" \/>\n<meta property=\"og:description\" content=\"PROJEKT PRZEDPOKOJU NA WYMIAR SZCZECIN ZOBACZ WI\u0118CEJ Projektowanie Przedpokoju: Tworzenie Pierwszego Wra\u017cenia Przedpok\u00f3j jest pierwszym pomieszczeniem, kt\u00f3re widz\u0105 go\u015bcie po wej\u015bciu do domu. To wizyt\u00f3wka Twojego mieszkania, stanowi\u0105ca pierwsze wra\u017cenie, dlatego projekt przedpokoju, w Szczecinie i w ka\u017cdym innym mie\u015bcie, musi by\u0107 przygotowany ze smakiem i dba\u0142o\u015bci\u0105 o szczeg\u00f3\u0142y. W ten spos\u00f3b hol b\u0119dzie zachwyca\u0142&hellip;\" \/>\n<meta property=\"og:url\" content=\"https:\/\/expertmeble.com\/en\/hallway-design\/\" \/>\n<meta property=\"og:site_name\" content=\"Expert Meble - Meble Na Wymiar Szczecin: Kuchnie, \u0141azienki, Szafy\" \/>\n<meta property=\"article:publisher\" content=\"https:\/\/www.facebook.com\/expertmeble24\/\" \/>\n<meta property=\"article:modified_time\" content=\"2026-03-24T21:01:13+00:00\" \/>\n<meta property=\"og:image\" content=\"https:\/\/expertmeble.com\/wp-content\/uploads\/2024\/03\/pexels-jean-van-der-meulen-1457844.jpg\" \/>\n<meta name=\"twitter:card\" content=\"summary_large_image\" \/>\n<meta name=\"twitter:label1\" content=\"Est. reading time\" \/>\n\t<meta name=\"twitter:data1\" content=\"6 minutes\" \/>\n<script type=\"application\/ld+json\" class=\"yoast-schema-graph\">{\"@context\":\"https:\/\/schema.org\",\"@graph\":[{\"@type\":\"WebPage\",\"@id\":\"https:\/\/expertmeble.com\/projekt-przedpokoju\/\",\"url\":\"https:\/\/expertmeble.com\/projekt-przedpokoju\/\",\"name\":\"Projekt przedpokoju na wymiar | projektowanie przedpokoju | expertmeble.com\",\"isPartOf\":{\"@id\":\"https:\/\/expertmeble.com\/#website\"},\"primaryImageOfPage\":{\"@id\":\"https:\/\/expertmeble.com\/projekt-przedpokoju\/#primaryimage\"},\"image\":{\"@id\":\"https:\/\/expertmeble.com\/projekt-przedpokoju\/#primaryimage\"},\"thumbnailUrl\":\"https:\/\/expertmeble.com\/wp-content\/uploads\/2024\/03\/pexels-jean-van-der-meulen-1457844.jpg\",\"datePublished\":\"2023-02-21T13:31:58+00:00\",\"dateModified\":\"2026-03-24T21:01:13+00:00\",\"breadcrumb\":{\"@id\":\"https:\/\/expertmeble.com\/projekt-przedpokoju\/#breadcrumb\"},\"inLanguage\":\"en-US\",\"potentialAction\":[{\"@type\":\"ReadAction\",\"target\":[\"https:\/\/expertmeble.com\/projekt-przedpokoju\/\"]}]},{\"@type\":\"ImageObject\",\"inLanguage\":\"en-US\",\"@id\":\"https:\/\/expertmeble.com\/projekt-przedpokoju\/#primaryimage\",\"url\":\"https:\/\/expertmeble.com\/wp-content\/uploads\/2024\/03\/pexels-jean-van-der-meulen-1457844.jpg\",\"contentUrl\":\"https:\/\/expertmeble.com\/wp-content\/uploads\/2024\/03\/pexels-jean-van-der-meulen-1457844.jpg\"},{\"@type\":\"BreadcrumbList\",\"@id\":\"https:\/\/expertmeble.com\/projekt-przedpokoju\/#breadcrumb\",\"itemListElement\":[{\"@type\":\"ListItem\",\"position\":1,\"name\":\"Strona g\u0142\u00f3wna\",\"item\":\"https:\/\/expertmeble.com\/\"},{\"@type\":\"ListItem\",\"position\":2,\"name\":\"Projekt przedpokoju na wymiar\"}]},{\"@type\":\"WebSite\",\"@id\":\"https:\/\/expertmeble.com\/#website\",\"url\":\"https:\/\/expertmeble.com\/\",\"name\":\"Expert Meble - Meble Na Wymiar Szczecin: Kuchnie, \u0141azienki, Szafy\",\"description\":\"Meble, kuchnie, szafy, \u0142azienki oraz zabudowy na wymiar.\",\"potentialAction\":[{\"@type\":\"SearchAction\",\"target\":{\"@type\":\"EntryPoint\",\"urlTemplate\":\"https:\/\/expertmeble.com\/?s={search_term_string}\"},\"query-input\":{\"@type\":\"PropertyValueSpecification\",\"valueRequired\":true,\"valueName\":\"search_term_string\"}}],\"inLanguage\":\"en-US\"}]}<\/script>\n<!-- \/ Yoast SEO Premium plugin. -->","yoast_head_json":{"title":"Projekt przedpokoju na wymiar | projektowanie przedpokoju | expertmeble.com","robots":{"index":"index","follow":"follow","max-snippet":"max-snippet:-1","max-image-preview":"max-image-preview:large","max-video-preview":"max-video-preview:-1"},"canonical":"https:\/\/expertmeble.com\/en\/hallway-design\/","og_locale":"en_US","og_type":"article","og_title":"Projekt przedpokoju na wymiar","og_description":"PROJEKT PRZEDPOKOJU NA WYMIAR SZCZECIN ZOBACZ WI\u0118CEJ Projektowanie Przedpokoju: Tworzenie Pierwszego Wra\u017cenia Przedpok\u00f3j jest pierwszym pomieszczeniem, kt\u00f3re widz\u0105 go\u015bcie po wej\u015bciu do domu. To wizyt\u00f3wka Twojego mieszkania, stanowi\u0105ca pierwsze wra\u017cenie, dlatego projekt przedpokoju, w Szczecinie i w ka\u017cdym innym mie\u015bcie, musi by\u0107 przygotowany ze smakiem i dba\u0142o\u015bci\u0105 o szczeg\u00f3\u0142y. W ten spos\u00f3b hol b\u0119dzie zachwyca\u0142&hellip;","og_url":"https:\/\/expertmeble.com\/en\/hallway-design\/","og_site_name":"Expert Meble - Meble Na Wymiar Szczecin: Kuchnie, \u0141azienki, Szafy","article_publisher":"https:\/\/www.facebook.com\/expertmeble24\/","article_modified_time":"2026-03-24T21:01:13+00:00","og_image":[{"url":"https:\/\/expertmeble.com\/wp-content\/uploads\/2024\/03\/pexels-jean-van-der-meulen-1457844.jpg","type":"","width":"","height":""}],"twitter_card":"summary_large_image","twitter_misc":{"Est. reading time":"6 minutes"},"schema":{"@context":"https:\/\/schema.org","@graph":[{"@type":"WebPage","@id":"https:\/\/expertmeble.com\/projekt-przedpokoju\/","url":"https:\/\/expertmeble.com\/projekt-przedpokoju\/","name":"Projekt przedpokoju na wymiar | projektowanie przedpokoju | expertmeble.com","isPartOf":{"@id":"https:\/\/expertmeble.com\/#website"},"primaryImageOfPage":{"@id":"https:\/\/expertmeble.com\/projekt-przedpokoju\/#primaryimage"},"image":{"@id":"https:\/\/expertmeble.com\/projekt-przedpokoju\/#primaryimage"},"thumbnailUrl":"https:\/\/expertmeble.com\/wp-content\/uploads\/2024\/03\/pexels-jean-van-der-meulen-1457844.jpg","datePublished":"2023-02-21T13:31:58+00:00","dateModified":"2026-03-24T21:01:13+00:00","breadcrumb":{"@id":"https:\/\/expertmeble.com\/projekt-przedpokoju\/#breadcrumb"},"inLanguage":"en-US","potentialAction":[{"@type":"ReadAction","target":["https:\/\/expertmeble.com\/projekt-przedpokoju\/"]}]},{"@type":"ImageObject","inLanguage":"en-US","@id":"https:\/\/expertmeble.com\/projekt-przedpokoju\/#primaryimage","url":"https:\/\/expertmeble.com\/wp-content\/uploads\/2024\/03\/pexels-jean-van-der-meulen-1457844.jpg","contentUrl":"https:\/\/expertmeble.com\/wp-content\/uploads\/2024\/03\/pexels-jean-van-der-meulen-1457844.jpg"},{"@type":"BreadcrumbList","@id":"https:\/\/expertmeble.com\/projekt-przedpokoju\/#breadcrumb","itemListElement":[{"@type":"ListItem","position":1,"name":"Strona g\u0142\u00f3wna","item":"https:\/\/expertmeble.com\/"},{"@type":"ListItem","position":2,"name":"Projekt przedpokoju na wymiar"}]},{"@type":"WebSite","@id":"https:\/\/expertmeble.com\/#website","url":"https:\/\/expertmeble.com\/","name":"Expert Meble - Meble Na Wymiar Szczecin: Kuchnie, \u0141azienki, Szafy","description":"Meble, kuchnie, szafy, \u0142azienki oraz zabudowy na wymiar.","potentialAction":[{"@type":"SearchAction","target":{"@type":"EntryPoint","urlTemplate":"https:\/\/expertmeble.com\/?s={search_term_string}"},"query-input":{"@type":"PropertyValueSpecification","valueRequired":true,"valueName":"search_term_string"}}],"inLanguage":"en-US"}]}},"_links":{"self":[{"href":"https:\/\/expertmeble.com\/en\/wp-json\/wp\/v2\/pages\/2408","targetHints":{"allow":["GET"]}}],"collection":[{"href":"https:\/\/expertmeble.com\/en\/wp-json\/wp\/v2\/pages"}],"about":[{"href":"https:\/\/expertmeble.com\/en\/wp-json\/wp\/v2\/types\/page"}],"author":[{"embeddable":true,"href":"https:\/\/expertmeble.com\/en\/wp-json\/wp\/v2\/users\/1"}],"replies":[{"embeddable":true,"href":"https:\/\/expertmeble.com\/en\/wp-json\/wp\/v2\/comments?post=2408"}],"version-history":[{"count":11,"href":"https:\/\/expertmeble.com\/en\/wp-json\/wp\/v2\/pages\/2408\/revisions"}],"predecessor-version":[{"id":5314,"href":"https:\/\/expertmeble.com\/en\/wp-json\/wp\/v2\/pages\/2408\/revisions\/5314"}],"wp:attachment":[{"href":"https:\/\/expertmeble.com\/en\/wp-json\/wp\/v2\/media?parent=2408"}],"curies":[{"name":"wp","href":"https:\/\/api.w.org\/{rel}","templated":true}]}}