{"id":2411,"date":"2023-02-21T14:33:18","date_gmt":"2023-02-21T13:33:18","guid":{"rendered":"https:\/\/expertmeble.com\/?page_id=2411"},"modified":"2026-03-29T17:56:32","modified_gmt":"2026-03-29T15:56:32","slug":"meble-kuchenne-nowoczesne","status":"publish","type":"page","link":"https:\/\/expertmeble.com\/en\/meble-kuchenne-nowoczesne\/","title":{"rendered":"Meble kuchenne nowoczesne na wymiar"},"content":{"rendered":"<h1>\n\t\tNowoczesne Meble Kuchenne na wymiar\n\t<\/h1>\n\t\t\t<a href=\"https:\/\/expertmeble.com\/en\/gallery\/\" target=\"_self\">\n\t\t\t\t\t\t\tZOBACZ NASZE RELIZACJE\n\t\t\t\t\t<\/a>\n\t<h2>Nowoczesne meble kuchenne na wymiar: wady i zalety<\/h2>\n<p>Je\u015bli chcesz zleci\u0107 projekt nowoczesnej kuchni ekspertom ze szczeci\u0144skiego sklepu Expertmeble, wa\u017cne jest, aby uwzgl\u0119dni\u0107 uk\u0142ad pomieszczenia i swoje potrzeby. Dobrze opracowany projekt kuchni powinien uwzgl\u0119dnia\u0107 stref\u0119 zapas\u00f3w, przygotowywania i gotowania. kt\u00f3re tworz\u0105 tak zwany tr\u00f3jk\u0105t roboczy. W kuchni musi te\u017c znale\u017a\u0107 si\u0119 miejsce do mycia i przechowywania naczy\u0144, a dobrze dobrane wsp\u00f3\u0142czesne meble kuchenne musz\u0105 to odzwierciedla\u0107. Istnieje sze\u015b\u0107 podstawowych opcji aran\u017cacji, kt\u00f3re r\u00f3\u017cni\u0105 si\u0119 kszta\u0142tem i zaletami.<\/p>\n<p>Kuchnia w kszta\u0142cie litery L ma zabudow\u0119 wzd\u0142u\u017c dw\u00f3ch prostopad\u0142ych \u015bcian &#8211; w ten spos\u00f3b mo\u017cesz elegancko wykorzysta\u0107 g\u0142\u0119bszej szafki w naro\u017cniku i inne meble kuchenne. Nowoczesne, na wymiar dostosowywane blaty w tym wariancie mog\u0105 by\u0107 znacznie szersze ni\u017c w innych uk\u0142adach.<\/p>\n<p>Kuchnia w kszta\u0142cie litery U ma meble kuchenne zamontowane na trzech \u015bcianach &#8211; cz\u0119sto z oknem po\u015brodku zapewniaj\u0105cym roz\u015bwietlon\u0105 przestrze\u0144. To znakomite rozwi\u0105zanie dla du\u017cych, przestronnych wn\u0119trz, z ci\u0105giem roboczym podobnym do kuchni restauracyjnych.<\/p>\n<p>Kuchnia w kszta\u0142cie litery G jest odmian\u0105 tej o kszta\u0142cie litery U &#8211; ale dolny indeks szafek czy st\u00f3\u0142 mo\u017ce sta\u0107 w centrum pomieszczenia. Takie meble kuchenne na wymiar zapewni\u0105 Ci du\u017ce mo\u017cliwo\u015bci aran\u017cacji przestrzeni, z miejscem na mini jadalni\u0119, k\u0105cik z podr\u0119cznymi przyborami czy bar.<\/p>\n<p>Kuchnia jednorz\u0119dowa (w kszta\u0142cie litery I) jest idealna dla d\u0142ugich i w\u0105skich kuchni, z meblami u\u0142o\u017conymi w jednej linii. To popularne rozwi\u0105zanie w ma\u0142ych mieszkaniach, kt\u00f3rych nie brakuje w Szczecinie.<\/p>\n<p>Kuchnia dwurz\u0119dowa jest bardzo podobna do jednorz\u0119dowej, z meblami rozmieszczonymi po obu stronach pomieszczenia. Takie rozwi\u0105zanie nie jest uwa\u017cane za ergonomiczne. Firma Expertmeble mo\u017ce pom\u00f3c ci przygotowa\u0107 kuchenne meble na wymiar, dzi\u0119ki kt\u00f3rym u\u0142atwisz sobie prac\u0119 w kuchni i unikniesz niepo\u017c\u0105danych wypadk\u00f3w.<\/p>\n<h2>Meble kuchenne na wymiar &#8211; nowoczesne style i rodzaje<\/h2>\n<p>Szczeg\u00f3lnie w wielkich o\u015brodkach miejskich, jak Szczecin, nowoczesny design kuchni staje si\u0119 coraz popularniejszy i ludzie wybieraj\u0105 meble kuchenne na wymiar. Nowoczesne kuchnie s\u0105 obecnie najbardziej po\u017c\u0105dane, zw\u0142aszcza ze wzgl\u0119du na ich funkcjonalno\u015b\u0107, solidne wykonanie, ponadczasowo\u015b\u0107 i atrakcyjn\u0105 stylistyk\u0119.<\/p>\n<p>Coraz cz\u0119\u015bciej w nowoczesnych kuchniach spotyka si\u0119 drewno zamiast metalu. To naturalny surowiec, kt\u00f3ry doskonale komponuje si\u0119 z minimalistycznym designem. Mo\u017cna wykorzysta\u0107 drewno do wprowadzenia \u0142adnych akcent\u00f3w jak miski, sztu\u0107ce czy krzes\u0142a, lub wykona\u0107 z niego ca\u0142\u0105 zabudow\u0119.<\/p>\n<p>Nowoczesne kuchnie to tak\u017ce ciekawe kontrasty: na przyk\u0142ad naturalne, ciemne drewno po\u0142\u0105czone z jasnymi detalami w marmurowym wzorze. Dobieraj\u0105c odpowiednie meble na wymiar, dodasz odrobin\u0119 elegancji do nowoczesnej kuchni, ciesz\u0105c si\u0119 jedynym w swoim rodzaju wygl\u0105dem i do\u015bwiadczeniem. Podobnie, nowoczesne meble na wymiar do salonu mog\u0105 r\u00f3wnie\u017c pasowa\u0107 do pomieszcze\u0144 jak kuchnia.<\/p>\n<p>Nowocze\u015bnie zaprojektowana kuchnia jest prosta i skrywa sprz\u0119ty takie jak lod\u00f3wka i piekarnik, dzi\u0119ki zintegrowanej zabudowie &#8211; mog\u0105 tu znajdowa\u0107 si\u0119 te\u017c inne meble kuchenne na wymiar. Nowoczesne projekty kuchni stawiaj\u0105 na naturalne drewno lub proste, monochromatyczne wyko\u0144czenia z mocnymi akcentami.<\/p>\n<p>Mo\u017cesz wybra\u0107 l\u015bni\u0105ce fronty z po\u0142yskiem, kt\u00f3re roz\u015bwietlaj\u0105 i dodaj\u0105 lekko\u015bci wn\u0119trzom, albo przeszklone szafki i lekkie meble kuchenne &#8211; nowoczesne, na wymiar. To idealne rozwi\u0105zanie dla ma\u0142ych kuchni, kt\u00f3re dzi\u0119ki temu b\u0119d\u0105 wydawa\u0107 si\u0119 si\u0119 wi\u0119ksze i bardziej przestronne. Coraz popularniejsze s\u0105 te\u017c fronty z dotykowym systemem otwierania zamiast uchwyt\u00f3w. Przewa\u017cnie w\u0142a\u015bciciele mieszka\u0144 w Szczecinie wybieraj\u0105 pe\u0142n\u0105 zabudow\u0119, zamiast otwartych p\u00f3\u0142ek, wykorzystuj\u0105c \u015bciany w pe\u0142ni od pod\u0142ogi po sufit.<\/p>\n<p>Blat w kuchni jest wa\u017cny, poniewa\u017c tam b\u0119dzie si\u0119 najwi\u0119cej pracowa\u0107. Powinien by\u0107 odporny na wod\u0119, par\u0119 wodn\u0105 i temperatur\u0119, a tak\u017ce \u0142atwy do czyszczenia. Du\u017ce blaty w naszej ofercie s\u0105 uniwersalne i pasuj\u0105 do ka\u017cdego stylu kuchni. Naturalne drewno warto pokry\u0107 laminatem, kt\u00f3ry zapewni czysto\u015b\u0107 i higieniczne przygotowywanie posi\u0142k\u00f3w.<\/p>\n<p>Szafki podwieszane, kosze i schowki umo\u017cliwiaj\u0105 przechowywanie naczy\u0144 i innych akcesori\u00f3w kuchennych. Nasza firma pomo\u017ce ci zaprojektowa\u0107 takie szafki, wysepki i wysuwane szuflady, projektuj\u0105c wyj\u0105tkowe meble kuchenne &#8211; nowoczesne. Szczecin to miasto znane z nowoczesno\u015bci i warto zaprosi\u0107 nowoczesny styl do swej kuchni!<\/p>\n\t\t\t\t<img decoding=\"async\" src=\"https:\/\/expertmeble.com\/wp-content\/uploads\/2026\/01\/logo-transparent.png\" alt=\"logo - transparent\" itemprop=\"image\" height=\"4320\" width=\"4321\" title=\"logo - transparent\" onerror=\"this.style.display='none'\"  \/>\n\t\t\t<a href=\"https:\/\/expertmeble.com\/en\/gallery\/\" target=\"_self\">\n\t\t\t\t\t\t\tNasze Realizacje &#8211; Kuchnie na wymiar\n\t\t\t\t\t<\/a>\n<h2>\n\t\tOdkryj Nowoczesne Meble Kuchenne na Wymiar w Firmie ExpertMeble w Szczecinie\n\t<\/h2>\n\t<p>Wsp\u00f3\u0142czesne kuchnie to nie tylko miejsce do gotowania, ale coraz cz\u0119\u015bciej centrum \u017cycia rodzinnego i towarzyskiego. W ca\u0142ej Polsce, od Szczecina po Lublin, mo\u017cna zauwa\u017cy\u0107 trend w kierunku nowoczesnej i odwa\u017cnej stylistyki w aran\u017cacji kuchni. Kuchnia jest jednym z najwa\u017cniejszych pomieszcze\u0144 w domu i nale\u017cy j\u0105 zaaran\u017cowa\u0107 tak, aby spe\u0142nia\u0142a zar\u00f3wno Twoje potrzeby, jak i aktualne trendy..<\/p>\n<p>Je\u015bli pomieszczenie jest nietypowe lub ma ma\u0142y metra\u017c, najlepszym rozwi\u0105zaniem b\u0119d\u0105 odpowiednie meble kuchenne &#8211; nowoczesne, na wymiar. Takie meble s\u0105 projektowane indywidualnie i dostosowywane do wielko\u015bci oraz cech Twojej kuchni, takich jak skosy, nietypowe \u015bciany czy ostre k\u0105ty. Dzi\u0119ki kuchni na wymiar mo\u017cna w pe\u0142ni wykorzysta\u0107 dost\u0119pn\u0105 przestrze\u0144. Nowoczesne kuchnie s\u0105 pe\u0142ne pomys\u0142owych rozwi\u0105za\u0144, a dobrze przemy\u015blany uk\u0142ad mebli i dodatk\u00f3w oraz o\u015bwietlenie usprawnia i u\u0142atwia gotowanie.<\/p>\n<p>W szczeci\u0144skiej firmie Expertmeble mo\u017cemy Ci pom\u00f3c przygotowa\u0107 doskona\u0142y projekt nowoczesnej kuchni i stworzy\u0107 dla Ciebie pi\u0119kne meble kuchenne &#8211; nowoczesne. Szczecin to miasto znane z kosmopolityzmu i otwarto\u015bci, zatem jego mieszka\u0144cy zas\u0142uguj\u0105 na nowoczesny wystr\u00f3j wn\u0119trz. Dzi\u0119ki takiej aran\u017cacji przygotowywanie posi\u0142k\u00f3w stanie si\u0119 czyst\u0105 przyjemno\u015bci\u0105 oraz wzbudzi podziw w\u015br\u00f3d go\u015bci.<\/p>\n<p>Zar\u00f3wno nasze meble kuchenne, jak i nasze nowoczesne meble na wymiar do salonu s\u0105 projektowane z dba\u0142o\u015bci\u0105 o ka\u017cdy szczeg\u00f3\u0142 i wykonane z najlepszych materia\u0142\u00f3w, tak aby mog\u0142y s\u0142u\u017cy\u0107 ci przez wiele lat. Oferujemy szeroki wyb\u00f3r kolor\u00f3w, wzor\u00f3w i wyko\u0144cze\u0144, a tak\u017ce wiele praktycznych dodatk\u00f3w.<\/p>\n\t\t\t<a href=\"https:\/\/expertmeble.com\/en\/#kontakt\" target=\"_self\">\n\t\t\t\t\t\t\tSkontaktuj si\u0119 z nami ju\u017c teraz!\n\t\t\t\t\t<\/a>\n<h3>\n\t\tProject\n\t<\/h3>\n\t<p>Marzysz o nowoczesnej kuchni, kt\u00f3ra b\u0119dzie zar\u00f3wno funkcjonalna, jak i estetyczna? Nasze nowoczesne meble na wymiar do kuchni s\u0105 idealnym rozwi\u0105zaniem! Dzi\u0119ki innowacyjnemu podej\u015bciu do projektowania i wykorzystaniu najnowszych trend\u00f3w w designie, mo\u017cemy stworzy\u0107 dla Ciebie kuchni\u0119, kt\u00f3ra b\u0119dzie odzwierciedleniem Twojego stylu \u017cycia i gustu. Skontaktuj si\u0119 z nami, aby rozpocz\u0105\u0107 projektowanie Twojej nowoczesnej kuchni na wymiar!<\/p>\n<h3>\n\t\tQuote\n\t<\/h3>\n\t<p>Interesuje Ci\u0119 cena stworzenia nowoczesnych mebli na wymiar do Twojej kuchni? Nie martw si\u0119, jeste\u015bmy tutaj, aby Ci pom\u00f3c! Skontaktuj si\u0119 z nami, a przygotujemy dla Ciebie indywidualn\u0105 wycen\u0119, uwzgl\u0119dniaj\u0105c\u0105 Twoje potrzeby i preferencje. Nasze uczciwe i konkurencyjne ceny pozwol\u0105 Ci cieszy\u0107 si\u0119 nowoczesn\u0105 kuchni\u0105 bez nadmiernych wydatk\u00f3w. Skontaktuj si\u0119 ju\u017c dzi\u015b!<\/p>\n<h3>\n\t\tMeasurement\n\t<\/h3>\n\t<p>Precyzyjne pomiary s\u0105 kluczowe dla stworzenia nowoczesnych mebli na wymiar do Twojej kuchni. Nasz do\u015bwiadczony zesp\u00f3\u0142 specjalist\u00f3w podejmie si\u0119 dok\u0142adnych pomiar\u00f3w, aby meble by\u0142y idealnie dopasowane do przestrzeni i spe\u0142nia\u0142y Twoje oczekiwania. Skontaktuj si\u0119 z nami, a um\u00f3wimy si\u0119 na dogodny termin pomiaru, aby rozpocz\u0105\u0107 proces tworzenia Twojej nowoczesnej kuchni na wymiar!<\/p>\n<h3>\n\t\tContact our experts. We're happy to help!\n\t<\/h3>\n\t\t\t<a href=\"https:\/\/expertmeble.com\/en\/#kontakt\" target=\"_self\">\n\t\t\t\t\t\t\tCall Us\n\t\t\t\t\t<\/a>","protected":false},"excerpt":{"rendered":"<p>Nowoczesne Meble Kuchenne na wymiar ZOBACZ NASZE RELIZACJE Nowoczesne meble kuchenne na wymiar: wady i zalety Je\u015bli chcesz zleci\u0107 projekt nowoczesnej kuchni ekspertom ze szczeci\u0144skiego sklepu Expertmeble, wa\u017cne jest, aby uwzgl\u0119dni\u0107 uk\u0142ad pomieszczenia i swoje potrzeby. Dobrze opracowany projekt kuchni powinien uwzgl\u0119dnia\u0107 stref\u0119 zapas\u00f3w, przygotowywania i gotowania. kt\u00f3re tworz\u0105 tak zwany tr\u00f3jk\u0105t roboczy. W kuchni&hellip;<\/p>","protected":false},"author":1,"featured_media":0,"parent":0,"menu_order":0,"comment_status":"closed","ping_status":"closed","template":"","meta":{"footnotes":""},"class_list":["post-2411","page","type-page","status-publish","hentry"],"yoast_head":"<!-- This site is optimized with the Yoast SEO Premium plugin v27.4 (Yoast SEO v27.4) - https:\/\/yoast.com\/product\/yoast-seo-premium-wordpress\/ -->\n<title>Meble kuchenne nowoczesne | Nowoczesna kuchnia na wymiar | expertmeble.com<\/title>\n<meta name=\"robots\" content=\"index, follow, max-snippet:-1, max-image-preview:large, max-video-preview:-1\" \/>\n<link rel=\"canonical\" href=\"https:\/\/expertmeble.com\/en\/modern-kitchen-furniture\/\" \/>\n<meta property=\"og:locale\" content=\"en_US\" \/>\n<meta property=\"og:type\" content=\"article\" \/>\n<meta property=\"og:title\" content=\"Meble kuchenne nowoczesne na wymiar\" \/>\n<meta property=\"og:description\" content=\"Nowoczesne Meble Kuchenne na wymiar ZOBACZ NASZE RELIZACJE Nowoczesne meble kuchenne na wymiar: wady i zalety Je\u015bli chcesz zleci\u0107 projekt nowoczesnej kuchni ekspertom ze szczeci\u0144skiego sklepu Expertmeble, wa\u017cne jest, aby uwzgl\u0119dni\u0107 uk\u0142ad pomieszczenia i swoje potrzeby. Dobrze opracowany projekt kuchni powinien uwzgl\u0119dnia\u0107 stref\u0119 zapas\u00f3w, przygotowywania i gotowania. kt\u00f3re tworz\u0105 tak zwany tr\u00f3jk\u0105t roboczy. W kuchni&hellip;\" \/>\n<meta property=\"og:url\" content=\"https:\/\/expertmeble.com\/en\/modern-kitchen-furniture\/\" \/>\n<meta property=\"og:site_name\" content=\"Expert Meble - Meble Na Wymiar Szczecin: Kuchnie, \u0141azienki, Szafy\" \/>\n<meta property=\"article:publisher\" content=\"https:\/\/www.facebook.com\/expertmeble24\/\" \/>\n<meta property=\"article:modified_time\" content=\"2026-03-29T15:56:32+00:00\" \/>\n<meta property=\"og:image\" content=\"https:\/\/expertmeble.com\/wp-content\/uploads\/2026\/01\/logo-transparent.png\" \/>\n<meta name=\"twitter:card\" content=\"summary_large_image\" \/>\n<meta name=\"twitter:label1\" content=\"Est. reading time\" \/>\n\t<meta name=\"twitter:data1\" content=\"6 minutes\" \/>\n<script type=\"application\/ld+json\" class=\"yoast-schema-graph\">{\"@context\":\"https:\\\/\\\/schema.org\",\"@graph\":[{\"@type\":\"WebPage\",\"@id\":\"https:\\\/\\\/expertmeble.com\\\/meble-kuchenne-nowoczesne\\\/\",\"url\":\"https:\\\/\\\/expertmeble.com\\\/meble-kuchenne-nowoczesne\\\/\",\"name\":\"Meble kuchenne nowoczesne | Nowoczesna kuchnia na wymiar | expertmeble.com\",\"isPartOf\":{\"@id\":\"https:\\\/\\\/expertmeble.com\\\/#website\"},\"primaryImageOfPage\":{\"@id\":\"https:\\\/\\\/expertmeble.com\\\/meble-kuchenne-nowoczesne\\\/#primaryimage\"},\"image\":{\"@id\":\"https:\\\/\\\/expertmeble.com\\\/meble-kuchenne-nowoczesne\\\/#primaryimage\"},\"thumbnailUrl\":\"https:\\\/\\\/expertmeble.com\\\/wp-content\\\/uploads\\\/2026\\\/01\\\/logo-transparent.png\",\"datePublished\":\"2023-02-21T13:33:18+00:00\",\"dateModified\":\"2026-03-29T15:56:32+00:00\",\"breadcrumb\":{\"@id\":\"https:\\\/\\\/expertmeble.com\\\/meble-kuchenne-nowoczesne\\\/#breadcrumb\"},\"inLanguage\":\"en-US\",\"potentialAction\":[{\"@type\":\"ReadAction\",\"target\":[\"https:\\\/\\\/expertmeble.com\\\/meble-kuchenne-nowoczesne\\\/\"]}]},{\"@type\":\"ImageObject\",\"inLanguage\":\"en-US\",\"@id\":\"https:\\\/\\\/expertmeble.com\\\/meble-kuchenne-nowoczesne\\\/#primaryimage\",\"url\":\"https:\\\/\\\/expertmeble.com\\\/wp-content\\\/uploads\\\/2026\\\/01\\\/logo-transparent.png\",\"contentUrl\":\"https:\\\/\\\/expertmeble.com\\\/wp-content\\\/uploads\\\/2026\\\/01\\\/logo-transparent.png\"},{\"@type\":\"BreadcrumbList\",\"@id\":\"https:\\\/\\\/expertmeble.com\\\/meble-kuchenne-nowoczesne\\\/#breadcrumb\",\"itemListElement\":[{\"@type\":\"ListItem\",\"position\":1,\"name\":\"Strona g\u0142\u00f3wna\",\"item\":\"https:\\\/\\\/expertmeble.com\\\/\"},{\"@type\":\"ListItem\",\"position\":2,\"name\":\"Meble kuchenne nowoczesne na wymiar\"}]},{\"@type\":\"WebSite\",\"@id\":\"https:\\\/\\\/expertmeble.com\\\/#website\",\"url\":\"https:\\\/\\\/expertmeble.com\\\/\",\"name\":\"Expert Meble - Meble Na Wymiar Szczecin: Kuchnie, \u0141azienki, Szafy\",\"description\":\"Meble, kuchnie, szafy, \u0142azienki oraz zabudowy na wymiar.\",\"potentialAction\":[{\"@type\":\"SearchAction\",\"target\":{\"@type\":\"EntryPoint\",\"urlTemplate\":\"https:\\\/\\\/expertmeble.com\\\/?s={search_term_string}\"},\"query-input\":{\"@type\":\"PropertyValueSpecification\",\"valueRequired\":true,\"valueName\":\"search_term_string\"}}],\"inLanguage\":\"en-US\"}]}<\/script>\n<!-- \/ Yoast SEO Premium plugin. -->","yoast_head_json":{"title":"Meble kuchenne nowoczesne | Nowoczesna kuchnia na wymiar | expertmeble.com","robots":{"index":"index","follow":"follow","max-snippet":"max-snippet:-1","max-image-preview":"max-image-preview:large","max-video-preview":"max-video-preview:-1"},"canonical":"https:\/\/expertmeble.com\/en\/modern-kitchen-furniture\/","og_locale":"en_US","og_type":"article","og_title":"Meble kuchenne nowoczesne na wymiar","og_description":"Nowoczesne Meble Kuchenne na wymiar ZOBACZ NASZE RELIZACJE Nowoczesne meble kuchenne na wymiar: wady i zalety Je\u015bli chcesz zleci\u0107 projekt nowoczesnej kuchni ekspertom ze szczeci\u0144skiego sklepu Expertmeble, wa\u017cne jest, aby uwzgl\u0119dni\u0107 uk\u0142ad pomieszczenia i swoje potrzeby. Dobrze opracowany projekt kuchni powinien uwzgl\u0119dnia\u0107 stref\u0119 zapas\u00f3w, przygotowywania i gotowania. kt\u00f3re tworz\u0105 tak zwany tr\u00f3jk\u0105t roboczy. W kuchni&hellip;","og_url":"https:\/\/expertmeble.com\/en\/modern-kitchen-furniture\/","og_site_name":"Expert Meble - Meble Na Wymiar Szczecin: Kuchnie, \u0141azienki, Szafy","article_publisher":"https:\/\/www.facebook.com\/expertmeble24\/","article_modified_time":"2026-03-29T15:56:32+00:00","og_image":[{"url":"https:\/\/expertmeble.com\/wp-content\/uploads\/2026\/01\/logo-transparent.png","type":"","width":"","height":""}],"twitter_card":"summary_large_image","twitter_misc":{"Est. reading time":"6 minutes"},"schema":{"@context":"https:\/\/schema.org","@graph":[{"@type":"WebPage","@id":"https:\/\/expertmeble.com\/meble-kuchenne-nowoczesne\/","url":"https:\/\/expertmeble.com\/meble-kuchenne-nowoczesne\/","name":"Meble kuchenne nowoczesne | Nowoczesna kuchnia na wymiar | expertmeble.com","isPartOf":{"@id":"https:\/\/expertmeble.com\/#website"},"primaryImageOfPage":{"@id":"https:\/\/expertmeble.com\/meble-kuchenne-nowoczesne\/#primaryimage"},"image":{"@id":"https:\/\/expertmeble.com\/meble-kuchenne-nowoczesne\/#primaryimage"},"thumbnailUrl":"https:\/\/expertmeble.com\/wp-content\/uploads\/2026\/01\/logo-transparent.png","datePublished":"2023-02-21T13:33:18+00:00","dateModified":"2026-03-29T15:56:32+00:00","breadcrumb":{"@id":"https:\/\/expertmeble.com\/meble-kuchenne-nowoczesne\/#breadcrumb"},"inLanguage":"en-US","potentialAction":[{"@type":"ReadAction","target":["https:\/\/expertmeble.com\/meble-kuchenne-nowoczesne\/"]}]},{"@type":"ImageObject","inLanguage":"en-US","@id":"https:\/\/expertmeble.com\/meble-kuchenne-nowoczesne\/#primaryimage","url":"https:\/\/expertmeble.com\/wp-content\/uploads\/2026\/01\/logo-transparent.png","contentUrl":"https:\/\/expertmeble.com\/wp-content\/uploads\/2026\/01\/logo-transparent.png"},{"@type":"BreadcrumbList","@id":"https:\/\/expertmeble.com\/meble-kuchenne-nowoczesne\/#breadcrumb","itemListElement":[{"@type":"ListItem","position":1,"name":"Strona g\u0142\u00f3wna","item":"https:\/\/expertmeble.com\/"},{"@type":"ListItem","position":2,"name":"Meble kuchenne nowoczesne na wymiar"}]},{"@type":"WebSite","@id":"https:\/\/expertmeble.com\/#website","url":"https:\/\/expertmeble.com\/","name":"Expert Meble - Meble Na Wymiar Szczecin: Kuchnie, \u0141azienki, Szafy","description":"Meble, kuchnie, szafy, \u0142azienki oraz zabudowy na wymiar.","potentialAction":[{"@type":"SearchAction","target":{"@type":"EntryPoint","urlTemplate":"https:\/\/expertmeble.com\/?s={search_term_string}"},"query-input":{"@type":"PropertyValueSpecification","valueRequired":true,"valueName":"search_term_string"}}],"inLanguage":"en-US"}]}},"_links":{"self":[{"href":"https:\/\/expertmeble.com\/en\/wp-json\/wp\/v2\/pages\/2411","targetHints":{"allow":["GET"]}}],"collection":[{"href":"https:\/\/expertmeble.com\/en\/wp-json\/wp\/v2\/pages"}],"about":[{"href":"https:\/\/expertmeble.com\/en\/wp-json\/wp\/v2\/types\/page"}],"author":[{"embeddable":true,"href":"https:\/\/expertmeble.com\/en\/wp-json\/wp\/v2\/users\/1"}],"replies":[{"embeddable":true,"href":"https:\/\/expertmeble.com\/en\/wp-json\/wp\/v2\/comments?post=2411"}],"version-history":[{"count":4,"href":"https:\/\/expertmeble.com\/en\/wp-json\/wp\/v2\/pages\/2411\/revisions"}],"predecessor-version":[{"id":5472,"href":"https:\/\/expertmeble.com\/en\/wp-json\/wp\/v2\/pages\/2411\/revisions\/5472"}],"wp:attachment":[{"href":"https:\/\/expertmeble.com\/en\/wp-json\/wp\/v2\/media?parent=2411"}],"curies":[{"name":"wp","href":"https:\/\/api.w.org\/{rel}","templated":true}]}}