{"id":2498,"date":"2024-03-02T12:05:48","date_gmt":"2024-03-02T11:05:48","guid":{"rendered":"https:\/\/expertmeble.com\/?page_id=2498"},"modified":"2026-03-22T19:59:16","modified_gmt":"2026-03-22T18:59:16","slug":"organizacja-remontu-i-budowy","status":"publish","type":"page","link":"https:\/\/expertmeble.com\/en\/renovation-and-construction-management\/","title":{"rendered":"Renovation and Construction Management"},"content":{"rendered":"<h1>\n\t\tRenovation and Construction Management\n\t<\/h1>\n\t\t\t<a href=\"https:\/\/expertmeble.com\/en\/#kontakt\" target=\"_self\">\n\t\t\t\t\t\t\tDowiedz si\u0119 jak\n\t\t\t\t\t<\/a>\n\t<p>W Expert Meble Szczecin, przekszta\u0142camy Twoje marzenia o idealnym domu w rzeczywisto\u015b\u0107. Nasza ekipa specjalist\u00f3w z dziedziny remont\u00f3w i budowy dom\u00f3w w Szczecinie, z pasj\u0105 realizuje projekty od podstaw, zawsze z dba\u0142o\u015bci\u0105 o najdrobniejsze szczeg\u00f3\u0142y. Ka\u017cdy nasz projekt jest \u201eszyty na miar\u0119&#8221;, dostosowany do indywidualnych potrzeb i oczekiwa\u0144 klienta. Dzi\u0119ki nam, zobaczysz jak b\u0119dzie wygl\u0105da\u0107 Tw\u00f3j nowy dom lub przestrze\u0144 po remoncie, zanim prace rusz\u0105 pe\u0142n\u0105 par\u0105. Z nami, proces budowy lub remontu stanie si\u0119 prosty i bezstresowy.<\/p>\n\t\t\t<img decoding=\"async\" src=\"https:\/\/expertmeble.com\/wp-content\/uploads\/2024\/03\/pexels-rene-asmussen-3990359-1024x576.jpg\" alt=\"\" data-no-lazy=\"1\" itemprop=\"thumbnail\" width=\"1024\" height=\"576\" \/>\n\t\t\t<!-- Overlay Wrapper -->\n\t\t\t <!-- Overlay Wrapper Closed -->\n\t\t\t\t\t\t\t<meta itemprop=\"width\" content=\"1024\" \/>\n\t\t\t<meta itemprop=\"height\" content=\"576\" \/>\n\t\t\t<img decoding=\"async\" src=\"https:\/\/expertmeble.com\/wp-content\/uploads\/2024\/03\/pexels-quang-nguyen-vinh-2138126-1024x576.jpg\" alt=\"\" data-no-lazy=\"1\" itemprop=\"thumbnail\" width=\"1024\" height=\"576\" \/>\n\t\t\t<!-- Overlay Wrapper -->\n\t\t\t <!-- Overlay Wrapper Closed -->\n\t\t\t\t\t\t\t<meta itemprop=\"width\" content=\"1024\" \/>\n\t\t\t<meta itemprop=\"height\" content=\"576\" \/>\n\t\t\t<img decoding=\"async\" src=\"https:\/\/expertmeble.com\/wp-content\/uploads\/2024\/03\/pexels-monica-silvestre-3562689-1024x576.jpg\" alt=\"\" data-no-lazy=\"1\" itemprop=\"thumbnail\" width=\"1024\" height=\"576\" \/>\n\t\t\t<!-- Overlay Wrapper -->\n\t\t\t <!-- Overlay Wrapper Closed -->\n\t\t\t\t\t\t\t<meta itemprop=\"width\" content=\"1024\" \/>\n\t\t\t<meta itemprop=\"height\" content=\"576\" \/>\n\t\t\t<img decoding=\"async\" src=\"https:\/\/expertmeble.com\/wp-content\/uploads\/2024\/03\/pexels-kawser-hamid-176342-1024x576.jpg\" alt=\"\" data-no-lazy=\"1\" itemprop=\"thumbnail\" width=\"1024\" height=\"576\" \/>\n\t\t\t<!-- Overlay Wrapper -->\n\t\t\t <!-- Overlay Wrapper Closed -->\n\t\t\t\t\t\t\t<meta itemprop=\"width\" content=\"1024\" \/>\n\t\t\t<meta itemprop=\"height\" content=\"576\" \/>\n\t\t\t<img decoding=\"async\" src=\"https:\/\/expertmeble.com\/wp-content\/uploads\/2024\/03\/pexels-josh-sorenson-154141-1024x576.jpg\" alt=\"\" data-no-lazy=\"1\" itemprop=\"thumbnail\" width=\"1024\" height=\"576\" \/>\n\t\t\t<!-- Overlay Wrapper -->\n\t\t\t <!-- Overlay Wrapper Closed -->\n\t\t\t\t\t\t\t<meta itemprop=\"width\" content=\"1024\" \/>\n\t\t\t<meta itemprop=\"height\" content=\"576\" \/>\n\t\t\t<img decoding=\"async\" src=\"https:\/\/expertmeble.com\/wp-content\/uploads\/2024\/03\/pexels-bidvine-1249611-1024x576.jpg\" alt=\"\" data-no-lazy=\"1\" itemprop=\"thumbnail\" width=\"1024\" height=\"576\" \/>\n\t\t\t<!-- Overlay Wrapper -->\n\t\t\t <!-- Overlay Wrapper Closed -->\n\t\t\t\t\t\t\t<meta itemprop=\"width\" content=\"1024\" \/>\n\t\t\t<meta itemprop=\"height\" content=\"576\" \/>\n\t\t\t\t<img decoding=\"async\" src=\"https:\/\/expertmeble.com\/wp-content\/uploads\/2026\/01\/logo-transparent.png\" alt=\"logo - transparent\" itemprop=\"image\" height=\"4320\" width=\"4321\" title=\"logo - transparent\" onerror=\"this.style.display='none'\"  \/>\n<h2>\n\t\tHow do we handle the planning and organization of renovations and construction projects?\n\t<\/h2>\n<h3>\n\t\tRequirements Analysis\n\t<\/h3>\n\t<p>At the start of every renovation or construction project in Szczecin, we carefully analyze your needs and expectations. We understand that each home is unique and requires a tailored approach. This allows us to plan the work to meet your requirements and fit your lifestyle.<\/p>\n<h3>\n\t\tProject Planning\n\t<\/h3>\n\t<p>Po zrozumieniu Twoich potrzeb, przechodzimy do etapu planowania. Tworzymy szczeg\u00f3\u0142owy plan prac, uwzgl\u0119dniaj\u0105c wszystkie aspekty projektu &#8211; od wyboru materia\u0142\u00f3w, przez harmonogram prac, po kosztorys. Nasze do\u015bwiadczenie w organizacji remont\u00f3w i bud\u00f3w w Szczecinie pozwala nam na efektywne zarz\u0105dzanie projektem.<\/p>\n<h3>\n\t\tExecution\n\t<\/h3>\n\t<p>When the plan is ready, we begin the supervisory work on the renovation or construction. Our team of renovation and construction specialists in Szczecin passionately executes projects from start to finish, always with attention to the smallest details. With us, the construction or renovation process becomes straightforward and stress-free.<\/p>\n<h3>\n\t\tQuality Control:\n\t<\/h3>\n\t<p>After completing the work, we conduct a thorough quality inspection. We ensure that everything is done according to the plan and meets your expectations. Only then do we consider the project complete. Our company in Szczecin is known for its attention to detail and high-quality execution. With us, your renovation or construction project will proceed smoothly and without issues.<\/p>\n<h2>\n\t\tWhat is construction and renovation management?\n\t<\/h2>\n\t<p>Construction and renovation management is a process that involves planning, coordinating, and controlling all stages of a project, from the initial concept to final execution. At Expert Budowa Szczecin, we specialize in organizing renovations and construction, providing comprehensive services at every stage of the project. Our services include:<\/p>\n<ol>\n<li><strong>Consultation and Planning:<\/strong>At this stage, we discuss your expectations, ideas, and budget. We then create a detailed plan that incorporates all these factors.<\/li>\n<li><strong>Project Management:<\/strong>As your project coordinators, we oversee all aspects of the construction or renovation, from material selection to work scheduling.<\/li>\n<li><strong>Execution:<\/strong>Our experienced team of professionals begins work, implementing the plan according to the established timeline.<\/li>\n<li><strong>Quality Control:<\/strong>After completing the work, we conduct a quality inspection to ensure that everything has been done according to the plan and meets your expectations.<\/li>\n<\/ol>\n<p>&nbsp;<\/p>\n\t\t\t\t<img decoding=\"async\" src=\"https:\/\/expertmeble.com\/wp-content\/uploads\/2024\/03\/pexels-blue-bird-7218525.jpg\" alt=\"organizacja remontu i budowy w Szczecinie na nowoczesnym osiedlu\" itemprop=\"image\" height=\"1080\" width=\"1920\" title=\"organizacja remontu i budowy w Szczecinie na nowoczesnym osiedlu\" onerror=\"this.style.display='none'\"  \/>","protected":false},"excerpt":{"rendered":"<p>Organizacja remontu i budowy Dowiedz si\u0119 jak W Expert Meble Szczecin, przekszta\u0142camy Twoje marzenia o idealnym domu w rzeczywisto\u015b\u0107. Nasza ekipa specjalist\u00f3w z dziedziny remont\u00f3w i budowy dom\u00f3w w Szczecinie, z pasj\u0105 realizuje projekty od podstaw, zawsze z dba\u0142o\u015bci\u0105 o najdrobniejsze szczeg\u00f3\u0142y. Ka\u017cdy nasz projekt jest \u201eszyty na miar\u0119&#8221;, dostosowany do indywidualnych potrzeb i oczekiwa\u0144&hellip;<\/p>","protected":false},"author":1,"featured_media":0,"parent":0,"menu_order":0,"comment_status":"closed","ping_status":"closed","template":"","meta":{"footnotes":""},"class_list":["post-2498","page","type-page","status-publish","hentry"],"yoast_head":"<!-- This site is optimized with the Yoast SEO Premium plugin v23.3 (Yoast SEO v26.8) - https:\/\/yoast.com\/product\/yoast-seo-premium-wordpress\/ -->\n<title>Organizacja remontu i budowy - Expert Meble - Meble Na Wymiar Szczecin: Kuchnie, \u0141azienki, Szafy<\/title>\n<meta name=\"robots\" content=\"index, follow, max-snippet:-1, max-image-preview:large, max-video-preview:-1\" \/>\n<link rel=\"canonical\" href=\"https:\/\/expertmeble.com\/en\/renovation-and-construction-management\/\" \/>\n<meta property=\"og:locale\" content=\"en_US\" \/>\n<meta property=\"og:type\" content=\"article\" \/>\n<meta property=\"og:title\" content=\"Organizacja remontu i budowy\" \/>\n<meta property=\"og:description\" content=\"Organizacja remontu i budowy Dowiedz si\u0119 jak W Expert Meble Szczecin, przekszta\u0142camy Twoje marzenia o idealnym domu w rzeczywisto\u015b\u0107. Nasza ekipa specjalist\u00f3w z dziedziny remont\u00f3w i budowy dom\u00f3w w Szczecinie, z pasj\u0105 realizuje projekty od podstaw, zawsze z dba\u0142o\u015bci\u0105 o najdrobniejsze szczeg\u00f3\u0142y. Ka\u017cdy nasz projekt jest \u201eszyty na miar\u0119&#8221;, dostosowany do indywidualnych potrzeb i oczekiwa\u0144&hellip;\" \/>\n<meta property=\"og:url\" content=\"https:\/\/expertmeble.com\/en\/renovation-and-construction-management\/\" \/>\n<meta property=\"og:site_name\" content=\"Expert Meble - Meble Na Wymiar Szczecin: Kuchnie, \u0141azienki, Szafy\" \/>\n<meta property=\"article:publisher\" content=\"https:\/\/www.facebook.com\/expertmeble24\/\" \/>\n<meta property=\"article:modified_time\" content=\"2026-03-22T18:59:16+00:00\" \/>\n<meta property=\"og:image\" content=\"https:\/\/expertmeble.com\/wp-content\/uploads\/2024\/03\/pexels-rene-asmussen-3990359-1024x576.jpg\" \/>\n<meta name=\"twitter:card\" content=\"summary_large_image\" \/>\n<meta name=\"twitter:label1\" content=\"Est. reading time\" \/>\n\t<meta name=\"twitter:data1\" content=\"2 minutes\" \/>\n<script type=\"application\/ld+json\" class=\"yoast-schema-graph\">{\"@context\":\"https:\/\/schema.org\",\"@graph\":[{\"@type\":\"WebPage\",\"@id\":\"https:\/\/expertmeble.com\/organizacja-remontu-i-budowy\/\",\"url\":\"https:\/\/expertmeble.com\/organizacja-remontu-i-budowy\/\",\"name\":\"Organizacja remontu i budowy - Expert Meble - Meble Na Wymiar Szczecin: Kuchnie, \u0141azienki, Szafy\",\"isPartOf\":{\"@id\":\"https:\/\/expertmeble.com\/#website\"},\"primaryImageOfPage\":{\"@id\":\"https:\/\/expertmeble.com\/organizacja-remontu-i-budowy\/#primaryimage\"},\"image\":{\"@id\":\"https:\/\/expertmeble.com\/organizacja-remontu-i-budowy\/#primaryimage\"},\"thumbnailUrl\":\"https:\/\/expertmeble.com\/wp-content\/uploads\/2024\/03\/pexels-rene-asmussen-3990359-1024x576.jpg\",\"datePublished\":\"2024-03-02T11:05:48+00:00\",\"dateModified\":\"2026-03-22T18:59:16+00:00\",\"breadcrumb\":{\"@id\":\"https:\/\/expertmeble.com\/organizacja-remontu-i-budowy\/#breadcrumb\"},\"inLanguage\":\"en-US\",\"potentialAction\":[{\"@type\":\"ReadAction\",\"target\":[\"https:\/\/expertmeble.com\/organizacja-remontu-i-budowy\/\"]}]},{\"@type\":\"ImageObject\",\"inLanguage\":\"en-US\",\"@id\":\"https:\/\/expertmeble.com\/organizacja-remontu-i-budowy\/#primaryimage\",\"url\":\"https:\/\/expertmeble.com\/wp-content\/uploads\/2024\/03\/pexels-rene-asmussen-3990359-1024x576.jpg\",\"contentUrl\":\"https:\/\/expertmeble.com\/wp-content\/uploads\/2024\/03\/pexels-rene-asmussen-3990359-1024x576.jpg\"},{\"@type\":\"BreadcrumbList\",\"@id\":\"https:\/\/expertmeble.com\/organizacja-remontu-i-budowy\/#breadcrumb\",\"itemListElement\":[{\"@type\":\"ListItem\",\"position\":1,\"name\":\"Strona g\u0142\u00f3wna\",\"item\":\"https:\/\/expertmeble.com\/\"},{\"@type\":\"ListItem\",\"position\":2,\"name\":\"Organizacja remontu i budowy\"}]},{\"@type\":\"WebSite\",\"@id\":\"https:\/\/expertmeble.com\/#website\",\"url\":\"https:\/\/expertmeble.com\/\",\"name\":\"Expert Meble - Meble Na Wymiar Szczecin: Kuchnie, \u0141azienki, Szafy\",\"description\":\"Meble, kuchnie, szafy, \u0142azienki oraz zabudowy na wymiar.\",\"potentialAction\":[{\"@type\":\"SearchAction\",\"target\":{\"@type\":\"EntryPoint\",\"urlTemplate\":\"https:\/\/expertmeble.com\/?s={search_term_string}\"},\"query-input\":{\"@type\":\"PropertyValueSpecification\",\"valueRequired\":true,\"valueName\":\"search_term_string\"}}],\"inLanguage\":\"en-US\"}]}<\/script>\n<!-- \/ Yoast SEO Premium plugin. -->","yoast_head_json":{"title":"Organizacja remontu i budowy - Expert Meble - Meble Na Wymiar Szczecin: Kuchnie, \u0141azienki, Szafy","robots":{"index":"index","follow":"follow","max-snippet":"max-snippet:-1","max-image-preview":"max-image-preview:large","max-video-preview":"max-video-preview:-1"},"canonical":"https:\/\/expertmeble.com\/en\/renovation-and-construction-management\/","og_locale":"en_US","og_type":"article","og_title":"Organizacja remontu i budowy","og_description":"Organizacja remontu i budowy Dowiedz si\u0119 jak W Expert Meble Szczecin, przekszta\u0142camy Twoje marzenia o idealnym domu w rzeczywisto\u015b\u0107. Nasza ekipa specjalist\u00f3w z dziedziny remont\u00f3w i budowy dom\u00f3w w Szczecinie, z pasj\u0105 realizuje projekty od podstaw, zawsze z dba\u0142o\u015bci\u0105 o najdrobniejsze szczeg\u00f3\u0142y. Ka\u017cdy nasz projekt jest \u201eszyty na miar\u0119&#8221;, dostosowany do indywidualnych potrzeb i oczekiwa\u0144&hellip;","og_url":"https:\/\/expertmeble.com\/en\/renovation-and-construction-management\/","og_site_name":"Expert Meble - Meble Na Wymiar Szczecin: Kuchnie, \u0141azienki, Szafy","article_publisher":"https:\/\/www.facebook.com\/expertmeble24\/","article_modified_time":"2026-03-22T18:59:16+00:00","og_image":[{"url":"https:\/\/expertmeble.com\/wp-content\/uploads\/2024\/03\/pexels-rene-asmussen-3990359-1024x576.jpg","type":"","width":"","height":""}],"twitter_card":"summary_large_image","twitter_misc":{"Est. reading time":"2 minutes"},"schema":{"@context":"https:\/\/schema.org","@graph":[{"@type":"WebPage","@id":"https:\/\/expertmeble.com\/organizacja-remontu-i-budowy\/","url":"https:\/\/expertmeble.com\/organizacja-remontu-i-budowy\/","name":"Organizacja remontu i budowy - Expert Meble - Meble Na Wymiar Szczecin: Kuchnie, \u0141azienki, Szafy","isPartOf":{"@id":"https:\/\/expertmeble.com\/#website"},"primaryImageOfPage":{"@id":"https:\/\/expertmeble.com\/organizacja-remontu-i-budowy\/#primaryimage"},"image":{"@id":"https:\/\/expertmeble.com\/organizacja-remontu-i-budowy\/#primaryimage"},"thumbnailUrl":"https:\/\/expertmeble.com\/wp-content\/uploads\/2024\/03\/pexels-rene-asmussen-3990359-1024x576.jpg","datePublished":"2024-03-02T11:05:48+00:00","dateModified":"2026-03-22T18:59:16+00:00","breadcrumb":{"@id":"https:\/\/expertmeble.com\/organizacja-remontu-i-budowy\/#breadcrumb"},"inLanguage":"en-US","potentialAction":[{"@type":"ReadAction","target":["https:\/\/expertmeble.com\/organizacja-remontu-i-budowy\/"]}]},{"@type":"ImageObject","inLanguage":"en-US","@id":"https:\/\/expertmeble.com\/organizacja-remontu-i-budowy\/#primaryimage","url":"https:\/\/expertmeble.com\/wp-content\/uploads\/2024\/03\/pexels-rene-asmussen-3990359-1024x576.jpg","contentUrl":"https:\/\/expertmeble.com\/wp-content\/uploads\/2024\/03\/pexels-rene-asmussen-3990359-1024x576.jpg"},{"@type":"BreadcrumbList","@id":"https:\/\/expertmeble.com\/organizacja-remontu-i-budowy\/#breadcrumb","itemListElement":[{"@type":"ListItem","position":1,"name":"Strona g\u0142\u00f3wna","item":"https:\/\/expertmeble.com\/"},{"@type":"ListItem","position":2,"name":"Organizacja remontu i budowy"}]},{"@type":"WebSite","@id":"https:\/\/expertmeble.com\/#website","url":"https:\/\/expertmeble.com\/","name":"Expert Meble - Meble Na Wymiar Szczecin: Kuchnie, \u0141azienki, Szafy","description":"Meble, kuchnie, szafy, \u0142azienki oraz zabudowy na wymiar.","potentialAction":[{"@type":"SearchAction","target":{"@type":"EntryPoint","urlTemplate":"https:\/\/expertmeble.com\/?s={search_term_string}"},"query-input":{"@type":"PropertyValueSpecification","valueRequired":true,"valueName":"search_term_string"}}],"inLanguage":"en-US"}]}},"_links":{"self":[{"href":"https:\/\/expertmeble.com\/en\/wp-json\/wp\/v2\/pages\/2498","targetHints":{"allow":["GET"]}}],"collection":[{"href":"https:\/\/expertmeble.com\/en\/wp-json\/wp\/v2\/pages"}],"about":[{"href":"https:\/\/expertmeble.com\/en\/wp-json\/wp\/v2\/types\/page"}],"author":[{"embeddable":true,"href":"https:\/\/expertmeble.com\/en\/wp-json\/wp\/v2\/users\/1"}],"replies":[{"embeddable":true,"href":"https:\/\/expertmeble.com\/en\/wp-json\/wp\/v2\/comments?post=2498"}],"version-history":[{"count":12,"href":"https:\/\/expertmeble.com\/en\/wp-json\/wp\/v2\/pages\/2498\/revisions"}],"predecessor-version":[{"id":5252,"href":"https:\/\/expertmeble.com\/en\/wp-json\/wp\/v2\/pages\/2498\/revisions\/5252"}],"wp:attachment":[{"href":"https:\/\/expertmeble.com\/en\/wp-json\/wp\/v2\/media?parent=2498"}],"curies":[{"name":"wp","href":"https:\/\/api.w.org\/{rel}","templated":true}]}}