{"id":2521,"date":"2024-03-02T12:53:35","date_gmt":"2024-03-02T11:53:35","guid":{"rendered":"https:\/\/expertmeble.com\/?page_id=2521"},"modified":"2026-03-27T17:13:26","modified_gmt":"2026-03-27T16:13:26","slug":"meble-sklepowe","status":"publish","type":"page","link":"https:\/\/expertmeble.com\/en\/store-furniture\/","title":{"rendered":"Retail Furniture"},"content":{"rendered":"<h1>\n\t\tRetail Furniture\n\t<\/h1>\n\t\t\t<a href=\"https:\/\/expertmeble.com\/en\/gallery\/\" target=\"_self\">\n\t\t\t\t\t\t\tZOBACZ NASZE RELIZACJE\n\t\t\t\t\t<\/a>\n<h2>\n\t\tMeble Sklepowe &#8211; Praktyczno\u015b\u0107 i styl\n\t<\/h2>\n\t<p>Nasze meble sklepowe s\u0105 tworzone z my\u015bl\u0105 o potrzebach naszych klient\u00f3w, dostosowane do specyfiki i wymog\u00f3w miejsca, w kt\u00f3rym maj\u0105 stan\u0105\u0107. Stawiamy na funkcjonalno\u015b\u0107 i sp\u00f3jno\u015b\u0107 stylistyczn\u0105. W Expert Meble &#8211; Meble sklepowe w Szczecinie zdajemy sobie spraw\u0119, \u017ce komfort pracy i estetyka otoczenia s\u0105 kluczowe dla efektywno\u015bci. Dlatego te\u017c, tworz\u0105c meble sklepowe, k\u0142adziemy nacisk na ergonomi\u0119 i design.<\/p>\n<p>The retail furniture we provide is made from the highest quality materials and reflects the style you choose (modern, classic, etc.). We equip them with all necessary elements according to your expectations (shelves, drawers, lighting, etc.).<\/p>\n<h2>\n\t\tProjektowanie Sklep\u00f3w &#8211; Twoja Wizja w 3D\n\t<\/h2>\n\t<p>Marzysz o otwarciu sklepu, kt\u00f3ry b\u0119dzie idealnie odpowiada\u0142 Twoim oczekiwaniom? Jeste\u015bmy tu, aby pom\u00f3c Ci to osi\u0105gn\u0105\u0107. Oferujemy profesjonalne projektowanie sklep\u00f3w za pomoc\u0105 zaawansowanego oprogramowania do modelowania 3D. Dzi\u0119ki temu mo\u017cesz zobaczy\u0107, jak b\u0119dzie wygl\u0105da\u0142 Tw\u00f3j sklep zanim powstanie &#8211; od kolorystyki, przez materia\u0142y, a\u017c po rozmieszczenie mebli i sprz\u0119tu.<\/p>\n<p>Our specialists are well-trained to create a design that perfectly meets your needs. This means you don\u2019t have to worry about finding experts for each task. Once our work is complete, you will receive a finished design of your dream store.<\/p>\n\t\t\t<a href=\"https:\/\/expertmeble.com\/en\/realizacje\/\" target=\"_self\">\n\t\t\t\t\t\t\tNasze Realizacje &#8211; Meble sklepowe\n\t\t\t\t\t<\/a>\n<h3>\n\t\tProject\n\t<\/h3>\n\t<p>Nasze meble sklepowe s\u0105 tworzone z my\u015bl\u0105 o indywidualnych potrzebach ka\u017cdego klienta, dostosowane do specyfiki miejsca, w kt\u00f3rym maj\u0105 s\u0142u\u017cy\u0107. W Expert Meble &#8211; Meble sklepowe w Szczecinie, tworzymy meble, kt\u00f3re \u0142\u0105cz\u0105 w sobie funkcjonalno\u015b\u0107 i estetyk\u0119, idealnie wpisuj\u0105c si\u0119 w przestrze\u0144 sklepu.<\/p>\n<h3>\n\t\tQuote\n\t<\/h3>\n\t<p>We offer a wide selection of materials and finishes to tailor retail furniture to your individual expectations and budget. Our team of advisors will help you choose the best solutions that meet your needs and match the character of your store.<\/p>\n<h3>\n\t\tMeasurement\n\t<\/h3>\n\t<p>Accurate measurements of the space are crucial for creating functional and aesthetically pleasing retail furniture. Our specialists will discuss all the details with you and advise on the best solutions. Once the project is complete, our team will install the furniture in your store, ensuring a quick and efficient process.<\/p>\n<h3>\n\t\tCall us! We\u2019ll help you create the perfect retail furniture for your business.\n\t<\/h3>\n\t\t\t<a href=\"https:\/\/expertmeble.com\/en\/#kontakt\" target=\"_self\">\n\t\t\t\t\t\t\tCall Us\n\t\t\t\t\t<\/a>","protected":false},"excerpt":{"rendered":"<p>Meble Sklepowe ZOBACZ NASZE RELIZACJE Meble Sklepowe &#8211; Praktyczno\u015b\u0107 i styl Nasze meble sklepowe s\u0105 tworzone z my\u015bl\u0105 o potrzebach naszych klient\u00f3w, dostosowane do specyfiki i wymog\u00f3w miejsca, w kt\u00f3rym maj\u0105 stan\u0105\u0107. Stawiamy na funkcjonalno\u015b\u0107 i sp\u00f3jno\u015b\u0107 stylistyczn\u0105. W Expert Meble &#8211; Meble sklepowe w Szczecinie zdajemy sobie spraw\u0119, \u017ce komfort pracy i estetyka otoczenia&hellip;<\/p>","protected":false},"author":1,"featured_media":0,"parent":0,"menu_order":0,"comment_status":"closed","ping_status":"closed","template":"","meta":{"footnotes":""},"class_list":["post-2521","page","type-page","status-publish","hentry"],"yoast_head":"<!-- This site is optimized with the Yoast SEO Premium plugin v23.3 (Yoast SEO v26.8) - https:\/\/yoast.com\/product\/yoast-seo-premium-wordpress\/ -->\n<title>Meble sklepowe - Expert Meble - Meble Na Wymiar Szczecin: Kuchnie, \u0141azienki, Szafy<\/title>\n<meta name=\"robots\" content=\"index, follow, max-snippet:-1, max-image-preview:large, max-video-preview:-1\" \/>\n<link rel=\"canonical\" href=\"https:\/\/expertmeble.com\/en\/store-furniture\/\" \/>\n<meta property=\"og:locale\" content=\"en_US\" \/>\n<meta property=\"og:type\" content=\"article\" \/>\n<meta property=\"og:title\" content=\"Meble sklepowe\" \/>\n<meta property=\"og:description\" content=\"Meble Sklepowe ZOBACZ NASZE RELIZACJE Meble Sklepowe &#8211; Praktyczno\u015b\u0107 i styl Nasze meble sklepowe s\u0105 tworzone z my\u015bl\u0105 o potrzebach naszych klient\u00f3w, dostosowane do specyfiki i wymog\u00f3w miejsca, w kt\u00f3rym maj\u0105 stan\u0105\u0107. Stawiamy na funkcjonalno\u015b\u0107 i sp\u00f3jno\u015b\u0107 stylistyczn\u0105. W Expert Meble &#8211; Meble sklepowe w Szczecinie zdajemy sobie spraw\u0119, \u017ce komfort pracy i estetyka otoczenia&hellip;\" \/>\n<meta property=\"og:url\" content=\"https:\/\/expertmeble.com\/en\/store-furniture\/\" \/>\n<meta property=\"og:site_name\" content=\"Expert Meble - Meble Na Wymiar Szczecin: Kuchnie, \u0141azienki, Szafy\" \/>\n<meta property=\"article:publisher\" content=\"https:\/\/www.facebook.com\/expertmeble24\/\" \/>\n<meta property=\"article:modified_time\" content=\"2026-03-27T16:13:26+00:00\" \/>\n<meta name=\"twitter:card\" content=\"summary_large_image\" \/>\n<meta name=\"twitter:label1\" content=\"Est. reading time\" \/>\n\t<meta name=\"twitter:data1\" content=\"2 minutes\" \/>\n<script type=\"application\/ld+json\" class=\"yoast-schema-graph\">{\"@context\":\"https:\/\/schema.org\",\"@graph\":[{\"@type\":\"WebPage\",\"@id\":\"https:\/\/expertmeble.com\/meble-sklepowe\/\",\"url\":\"https:\/\/expertmeble.com\/meble-sklepowe\/\",\"name\":\"Meble sklepowe - Expert Meble - Meble Na Wymiar Szczecin: Kuchnie, \u0141azienki, Szafy\",\"isPartOf\":{\"@id\":\"https:\/\/expertmeble.com\/#website\"},\"datePublished\":\"2024-03-02T11:53:35+00:00\",\"dateModified\":\"2026-03-27T16:13:26+00:00\",\"breadcrumb\":{\"@id\":\"https:\/\/expertmeble.com\/meble-sklepowe\/#breadcrumb\"},\"inLanguage\":\"en-US\",\"potentialAction\":[{\"@type\":\"ReadAction\",\"target\":[\"https:\/\/expertmeble.com\/meble-sklepowe\/\"]}]},{\"@type\":\"BreadcrumbList\",\"@id\":\"https:\/\/expertmeble.com\/meble-sklepowe\/#breadcrumb\",\"itemListElement\":[{\"@type\":\"ListItem\",\"position\":1,\"name\":\"Strona g\u0142\u00f3wna\",\"item\":\"https:\/\/expertmeble.com\/\"},{\"@type\":\"ListItem\",\"position\":2,\"name\":\"Meble sklepowe\"}]},{\"@type\":\"WebSite\",\"@id\":\"https:\/\/expertmeble.com\/#website\",\"url\":\"https:\/\/expertmeble.com\/\",\"name\":\"Expert Meble - Meble Na Wymiar Szczecin: Kuchnie, \u0141azienki, Szafy\",\"description\":\"Meble, kuchnie, szafy, \u0142azienki oraz zabudowy na wymiar.\",\"potentialAction\":[{\"@type\":\"SearchAction\",\"target\":{\"@type\":\"EntryPoint\",\"urlTemplate\":\"https:\/\/expertmeble.com\/?s={search_term_string}\"},\"query-input\":{\"@type\":\"PropertyValueSpecification\",\"valueRequired\":true,\"valueName\":\"search_term_string\"}}],\"inLanguage\":\"en-US\"}]}<\/script>\n<!-- \/ Yoast SEO Premium plugin. -->","yoast_head_json":{"title":"Meble sklepowe - Expert Meble - Meble Na Wymiar Szczecin: Kuchnie, \u0141azienki, Szafy","robots":{"index":"index","follow":"follow","max-snippet":"max-snippet:-1","max-image-preview":"max-image-preview:large","max-video-preview":"max-video-preview:-1"},"canonical":"https:\/\/expertmeble.com\/en\/store-furniture\/","og_locale":"en_US","og_type":"article","og_title":"Meble sklepowe","og_description":"Meble Sklepowe ZOBACZ NASZE RELIZACJE Meble Sklepowe &#8211; Praktyczno\u015b\u0107 i styl Nasze meble sklepowe s\u0105 tworzone z my\u015bl\u0105 o potrzebach naszych klient\u00f3w, dostosowane do specyfiki i wymog\u00f3w miejsca, w kt\u00f3rym maj\u0105 stan\u0105\u0107. Stawiamy na funkcjonalno\u015b\u0107 i sp\u00f3jno\u015b\u0107 stylistyczn\u0105. W Expert Meble &#8211; Meble sklepowe w Szczecinie zdajemy sobie spraw\u0119, \u017ce komfort pracy i estetyka otoczenia&hellip;","og_url":"https:\/\/expertmeble.com\/en\/store-furniture\/","og_site_name":"Expert Meble - Meble Na Wymiar Szczecin: Kuchnie, \u0141azienki, Szafy","article_publisher":"https:\/\/www.facebook.com\/expertmeble24\/","article_modified_time":"2026-03-27T16:13:26+00:00","twitter_card":"summary_large_image","twitter_misc":{"Est. reading time":"2 minutes"},"schema":{"@context":"https:\/\/schema.org","@graph":[{"@type":"WebPage","@id":"https:\/\/expertmeble.com\/meble-sklepowe\/","url":"https:\/\/expertmeble.com\/meble-sklepowe\/","name":"Meble sklepowe - Expert Meble - Meble Na Wymiar Szczecin: Kuchnie, \u0141azienki, Szafy","isPartOf":{"@id":"https:\/\/expertmeble.com\/#website"},"datePublished":"2024-03-02T11:53:35+00:00","dateModified":"2026-03-27T16:13:26+00:00","breadcrumb":{"@id":"https:\/\/expertmeble.com\/meble-sklepowe\/#breadcrumb"},"inLanguage":"en-US","potentialAction":[{"@type":"ReadAction","target":["https:\/\/expertmeble.com\/meble-sklepowe\/"]}]},{"@type":"BreadcrumbList","@id":"https:\/\/expertmeble.com\/meble-sklepowe\/#breadcrumb","itemListElement":[{"@type":"ListItem","position":1,"name":"Strona g\u0142\u00f3wna","item":"https:\/\/expertmeble.com\/"},{"@type":"ListItem","position":2,"name":"Meble sklepowe"}]},{"@type":"WebSite","@id":"https:\/\/expertmeble.com\/#website","url":"https:\/\/expertmeble.com\/","name":"Expert Meble - Meble Na Wymiar Szczecin: Kuchnie, \u0141azienki, Szafy","description":"Meble, kuchnie, szafy, \u0142azienki oraz zabudowy na wymiar.","potentialAction":[{"@type":"SearchAction","target":{"@type":"EntryPoint","urlTemplate":"https:\/\/expertmeble.com\/?s={search_term_string}"},"query-input":{"@type":"PropertyValueSpecification","valueRequired":true,"valueName":"search_term_string"}}],"inLanguage":"en-US"}]}},"_links":{"self":[{"href":"https:\/\/expertmeble.com\/en\/wp-json\/wp\/v2\/pages\/2521","targetHints":{"allow":["GET"]}}],"collection":[{"href":"https:\/\/expertmeble.com\/en\/wp-json\/wp\/v2\/pages"}],"about":[{"href":"https:\/\/expertmeble.com\/en\/wp-json\/wp\/v2\/types\/page"}],"author":[{"embeddable":true,"href":"https:\/\/expertmeble.com\/en\/wp-json\/wp\/v2\/users\/1"}],"replies":[{"embeddable":true,"href":"https:\/\/expertmeble.com\/en\/wp-json\/wp\/v2\/comments?post=2521"}],"version-history":[{"count":16,"href":"https:\/\/expertmeble.com\/en\/wp-json\/wp\/v2\/pages\/2521\/revisions"}],"predecessor-version":[{"id":5421,"href":"https:\/\/expertmeble.com\/en\/wp-json\/wp\/v2\/pages\/2521\/revisions\/5421"}],"wp:attachment":[{"href":"https:\/\/expertmeble.com\/en\/wp-json\/wp\/v2\/media?parent=2521"}],"curies":[{"name":"wp","href":"https:\/\/api.w.org\/{rel}","templated":true}]}}