{"id":2523,"date":"2024-03-02T12:53:56","date_gmt":"2024-03-02T11:53:56","guid":{"rendered":"https:\/\/expertmeble.com\/?page_id=2523"},"modified":"2026-03-27T17:21:35","modified_gmt":"2026-03-27T16:21:35","slug":"meble-do-restauracji","status":"publish","type":"page","link":"https:\/\/expertmeble.com\/en\/furniture-for-restaurants\/","title":{"rendered":"Restaurant Furniture"},"content":{"rendered":"<h1>\n\t\tRestaurant Furniture\n\t<\/h1>\n\t\t\t<a href=\"https:\/\/expertmeble.com\/en\/gallery\/\" target=\"_self\">\n\t\t\t\t\t\t\tZOBACZ NASZE RELIZACJE\n\t\t\t\t\t<\/a>\n<h2>\n\t\tMeble Restauracyjne &#8211; Harmonia Praktyczno\u015bci i Elegancji\n\t<\/h2>\n\t<p>Nasze meble do restauracji s\u0105 tworzone z my\u015bl\u0105 o najbardziej wymagaj\u0105cych klientach. Ka\u017cdy element jest zaprojektowany tak, aby spe\u0142nia\u0142 swoj\u0105 funkcj\u0119, a jednocze\u015bnie tworzy\u0142 sp\u00f3jn\u0105 ca\u0142o\u015b\u0107 z reszt\u0105 wyposa\u017cenia. W Expert Meble &#8211; Meble do restauracji w Szczecinie, wiemy, \u017ce kluczem do sukcesu jest harmonia pomi\u0119dzy funkcjonalno\u015bci\u0105 a estetyk\u0105. Dlatego nasze meble do restauracji \u0142\u0105cz\u0105 w sobie praktyczno\u015b\u0107 z elegancj\u0105. Nasze meble do restauracji, kt\u00f3re otrzymacie, b\u0119d\u0105 wykonane z materia\u0142\u00f3w najwy\u017cszej jako\u015bci i b\u0119d\u0105 odpowiada\u0142y stylowi Waszych marze\u0144 (nowoczesny, klasyczny i inne). Ka\u017cd\u0105 kuchni\u0119 wyposa\u017camy r\u00f3wnie\u017c we wszystkie niezb\u0119dne elementy wed\u0142ug \u017cycze\u0144 (organizery, o\u015bwietlenie, szafki cargo i inne).<\/p>\n<h2>\n\t\tProjekt Kuchni Restauracyjnej &#8211; Tw\u00f3j Pomys\u0142, Nasza Realizacja\n\t<\/h2>\n\t<p>We offer comprehensive restaurant kitchen design that allows for an immediate start of operations. Our service includes not only the design of the furniture but also the layout of appliances and fixtures that perfectly match your chosen style. Our team of specialists provides professional advice and support at every stage of the project, so you can enjoy a well-designed restaurant kitchen from the planning stage. Our staff is trained to design every element of the kitchen, whether it's the baking area, food preparation space, or storage. This means you won't have to worry about the tedious and time-consuming task of finding individual specialists for each aspect. Upon completion of the project, you will receive a visualization of your dream restaurant kitchen, ready for implementation.<\/p>\n\t\t\t<a href=\"https:\/\/expertmeble.com\/en\/gallery\/\" target=\"_self\">\n\t\t\t\t\t\t\tNasze Realizacje &#8211; Meble do restauracji\n\t\t\t\t\t<\/a>\n<h3>\n\t\tProject\n\t<\/h3>\n\t<p>Zadzwo\u0144 do nas i odkryj mo\u017cliwo\u015bci, jakie daje profesjonalne modelowanie 3D. Dzi\u0119ki temu zobaczysz swoj\u0105 restauracj\u0119 zanim powstanie &#8211; od kolor\u00f3w, przez materia\u0142y, a\u017c po rozmieszczenie mebli. Zobacz jak o\u017cywaj\u0105 Twoje marzenia.<\/p>\n<h3>\n\t\tQuote\n\t<\/h3>\n\t<p>We understand that every project is unique and every budget is different. That\u2019s why we offer a wide range of materials and finishes to meet your needs. Regardless of the complexity of the project, we will find the perfect solution for you.<\/p>\n<h3>\n\t\tMeasurement\n\t<\/h3>\n\t<p>Dok\u0142adne pomiary s\u0105 kluczem do stworzenia idealnej przestrzeni. Nasz specjalista przyjedzie do Ciebie, dokona pomiar\u00f3w i om\u00f3wi wszystkie techniczne aspekty &#8211; od umiejscowienia przy\u0142\u0105czy po rozmieszczenie gniazdek.<\/p>\n<h3>\n\t\tSkontaktuj si\u0119 z nami &#8211; Twoje marzenia s\u0105 na wyci\u0105gni\u0119cie r\u0119ki!\n\t<\/h3>\n\t\t\t<a href=\"https:\/\/expertmeble.com\/en\/#kontakt\" target=\"_self\">\n\t\t\t\t\t\t\tCall Us\n\t\t\t\t\t<\/a>","protected":false},"excerpt":{"rendered":"<p>Meble do Restauracji ZOBACZ NASZE RELIZACJE Meble Restauracyjne &#8211; Harmonia Praktyczno\u015bci i Elegancji Nasze meble do restauracji s\u0105 tworzone z my\u015bl\u0105 o najbardziej wymagaj\u0105cych klientach. Ka\u017cdy element jest zaprojektowany tak, aby spe\u0142nia\u0142 swoj\u0105 funkcj\u0119, a jednocze\u015bnie tworzy\u0142 sp\u00f3jn\u0105 ca\u0142o\u015b\u0107 z reszt\u0105 wyposa\u017cenia. W Expert Meble &#8211; Meble do restauracji w Szczecinie, wiemy, \u017ce kluczem do&hellip;<\/p>","protected":false},"author":1,"featured_media":0,"parent":0,"menu_order":0,"comment_status":"closed","ping_status":"closed","template":"","meta":{"footnotes":""},"class_list":["post-2523","page","type-page","status-publish","hentry"],"yoast_head":"<!-- This site is optimized with the Yoast SEO Premium plugin v23.3 (Yoast SEO v26.8) - https:\/\/yoast.com\/product\/yoast-seo-premium-wordpress\/ -->\n<title>Meble do restauracji - Expert Meble - Meble Na Wymiar Szczecin: Kuchnie, \u0141azienki, Szafy<\/title>\n<meta name=\"robots\" content=\"index, follow, max-snippet:-1, max-image-preview:large, max-video-preview:-1\" \/>\n<link rel=\"canonical\" href=\"https:\/\/expertmeble.com\/en\/furniture-for-restaurants\/\" \/>\n<meta property=\"og:locale\" content=\"en_US\" \/>\n<meta property=\"og:type\" content=\"article\" \/>\n<meta property=\"og:title\" content=\"Meble do restauracji\" \/>\n<meta property=\"og:description\" content=\"Meble do Restauracji ZOBACZ NASZE RELIZACJE Meble Restauracyjne &#8211; Harmonia Praktyczno\u015bci i Elegancji Nasze meble do restauracji s\u0105 tworzone z my\u015bl\u0105 o najbardziej wymagaj\u0105cych klientach. Ka\u017cdy element jest zaprojektowany tak, aby spe\u0142nia\u0142 swoj\u0105 funkcj\u0119, a jednocze\u015bnie tworzy\u0142 sp\u00f3jn\u0105 ca\u0142o\u015b\u0107 z reszt\u0105 wyposa\u017cenia. W Expert Meble &#8211; Meble do restauracji w Szczecinie, wiemy, \u017ce kluczem do&hellip;\" \/>\n<meta property=\"og:url\" content=\"https:\/\/expertmeble.com\/en\/furniture-for-restaurants\/\" \/>\n<meta property=\"og:site_name\" content=\"Expert Meble - Meble Na Wymiar Szczecin: Kuchnie, \u0141azienki, Szafy\" \/>\n<meta property=\"article:publisher\" content=\"https:\/\/www.facebook.com\/expertmeble24\/\" \/>\n<meta property=\"article:modified_time\" content=\"2026-03-27T16:21:35+00:00\" \/>\n<meta name=\"twitter:card\" content=\"summary_large_image\" \/>\n<meta name=\"twitter:label1\" content=\"Est. reading time\" \/>\n\t<meta name=\"twitter:data1\" content=\"2 minutes\" \/>\n<script type=\"application\/ld+json\" class=\"yoast-schema-graph\">{\"@context\":\"https:\/\/schema.org\",\"@graph\":[{\"@type\":\"WebPage\",\"@id\":\"https:\/\/expertmeble.com\/meble-do-restauracji\/\",\"url\":\"https:\/\/expertmeble.com\/meble-do-restauracji\/\",\"name\":\"Meble do restauracji - Expert Meble - Meble Na Wymiar Szczecin: Kuchnie, \u0141azienki, Szafy\",\"isPartOf\":{\"@id\":\"https:\/\/expertmeble.com\/#website\"},\"datePublished\":\"2024-03-02T11:53:56+00:00\",\"dateModified\":\"2026-03-27T16:21:35+00:00\",\"breadcrumb\":{\"@id\":\"https:\/\/expertmeble.com\/meble-do-restauracji\/#breadcrumb\"},\"inLanguage\":\"en-US\",\"potentialAction\":[{\"@type\":\"ReadAction\",\"target\":[\"https:\/\/expertmeble.com\/meble-do-restauracji\/\"]}]},{\"@type\":\"BreadcrumbList\",\"@id\":\"https:\/\/expertmeble.com\/meble-do-restauracji\/#breadcrumb\",\"itemListElement\":[{\"@type\":\"ListItem\",\"position\":1,\"name\":\"Strona g\u0142\u00f3wna\",\"item\":\"https:\/\/expertmeble.com\/\"},{\"@type\":\"ListItem\",\"position\":2,\"name\":\"Meble do restauracji\"}]},{\"@type\":\"WebSite\",\"@id\":\"https:\/\/expertmeble.com\/#website\",\"url\":\"https:\/\/expertmeble.com\/\",\"name\":\"Expert Meble - Meble Na Wymiar Szczecin: Kuchnie, \u0141azienki, Szafy\",\"description\":\"Meble, kuchnie, szafy, \u0142azienki oraz zabudowy na wymiar.\",\"potentialAction\":[{\"@type\":\"SearchAction\",\"target\":{\"@type\":\"EntryPoint\",\"urlTemplate\":\"https:\/\/expertmeble.com\/?s={search_term_string}\"},\"query-input\":{\"@type\":\"PropertyValueSpecification\",\"valueRequired\":true,\"valueName\":\"search_term_string\"}}],\"inLanguage\":\"en-US\"}]}<\/script>\n<!-- \/ Yoast SEO Premium plugin. -->","yoast_head_json":{"title":"Meble do restauracji - Expert Meble - Meble Na Wymiar Szczecin: Kuchnie, \u0141azienki, Szafy","robots":{"index":"index","follow":"follow","max-snippet":"max-snippet:-1","max-image-preview":"max-image-preview:large","max-video-preview":"max-video-preview:-1"},"canonical":"https:\/\/expertmeble.com\/en\/furniture-for-restaurants\/","og_locale":"en_US","og_type":"article","og_title":"Meble do restauracji","og_description":"Meble do Restauracji ZOBACZ NASZE RELIZACJE Meble Restauracyjne &#8211; Harmonia Praktyczno\u015bci i Elegancji Nasze meble do restauracji s\u0105 tworzone z my\u015bl\u0105 o najbardziej wymagaj\u0105cych klientach. Ka\u017cdy element jest zaprojektowany tak, aby spe\u0142nia\u0142 swoj\u0105 funkcj\u0119, a jednocze\u015bnie tworzy\u0142 sp\u00f3jn\u0105 ca\u0142o\u015b\u0107 z reszt\u0105 wyposa\u017cenia. W Expert Meble &#8211; Meble do restauracji w Szczecinie, wiemy, \u017ce kluczem do&hellip;","og_url":"https:\/\/expertmeble.com\/en\/furniture-for-restaurants\/","og_site_name":"Expert Meble - Meble Na Wymiar Szczecin: Kuchnie, \u0141azienki, Szafy","article_publisher":"https:\/\/www.facebook.com\/expertmeble24\/","article_modified_time":"2026-03-27T16:21:35+00:00","twitter_card":"summary_large_image","twitter_misc":{"Est. reading time":"2 minutes"},"schema":{"@context":"https:\/\/schema.org","@graph":[{"@type":"WebPage","@id":"https:\/\/expertmeble.com\/meble-do-restauracji\/","url":"https:\/\/expertmeble.com\/meble-do-restauracji\/","name":"Meble do restauracji - Expert Meble - Meble Na Wymiar Szczecin: Kuchnie, \u0141azienki, Szafy","isPartOf":{"@id":"https:\/\/expertmeble.com\/#website"},"datePublished":"2024-03-02T11:53:56+00:00","dateModified":"2026-03-27T16:21:35+00:00","breadcrumb":{"@id":"https:\/\/expertmeble.com\/meble-do-restauracji\/#breadcrumb"},"inLanguage":"en-US","potentialAction":[{"@type":"ReadAction","target":["https:\/\/expertmeble.com\/meble-do-restauracji\/"]}]},{"@type":"BreadcrumbList","@id":"https:\/\/expertmeble.com\/meble-do-restauracji\/#breadcrumb","itemListElement":[{"@type":"ListItem","position":1,"name":"Strona g\u0142\u00f3wna","item":"https:\/\/expertmeble.com\/"},{"@type":"ListItem","position":2,"name":"Meble do restauracji"}]},{"@type":"WebSite","@id":"https:\/\/expertmeble.com\/#website","url":"https:\/\/expertmeble.com\/","name":"Expert Meble - Meble Na Wymiar Szczecin: Kuchnie, \u0141azienki, Szafy","description":"Meble, kuchnie, szafy, \u0142azienki oraz zabudowy na wymiar.","potentialAction":[{"@type":"SearchAction","target":{"@type":"EntryPoint","urlTemplate":"https:\/\/expertmeble.com\/?s={search_term_string}"},"query-input":{"@type":"PropertyValueSpecification","valueRequired":true,"valueName":"search_term_string"}}],"inLanguage":"en-US"}]}},"_links":{"self":[{"href":"https:\/\/expertmeble.com\/en\/wp-json\/wp\/v2\/pages\/2523","targetHints":{"allow":["GET"]}}],"collection":[{"href":"https:\/\/expertmeble.com\/en\/wp-json\/wp\/v2\/pages"}],"about":[{"href":"https:\/\/expertmeble.com\/en\/wp-json\/wp\/v2\/types\/page"}],"author":[{"embeddable":true,"href":"https:\/\/expertmeble.com\/en\/wp-json\/wp\/v2\/users\/1"}],"replies":[{"embeddable":true,"href":"https:\/\/expertmeble.com\/en\/wp-json\/wp\/v2\/comments?post=2523"}],"version-history":[{"count":10,"href":"https:\/\/expertmeble.com\/en\/wp-json\/wp\/v2\/pages\/2523\/revisions"}],"predecessor-version":[{"id":5423,"href":"https:\/\/expertmeble.com\/en\/wp-json\/wp\/v2\/pages\/2523\/revisions\/5423"}],"wp:attachment":[{"href":"https:\/\/expertmeble.com\/en\/wp-json\/wp\/v2\/media?parent=2523"}],"curies":[{"name":"wp","href":"https:\/\/api.w.org\/{rel}","templated":true}]}}