{"id":3,"date":"2019-11-16T17:04:43","date_gmt":"2019-11-16T17:04:43","guid":{"rendered":"http:\/\/expertmeble.com\/?page_id=3"},"modified":"2025-03-21T21:42:01","modified_gmt":"2025-03-21T20:42:01","slug":"polityka-prywatnosci","status":"publish","type":"page","link":"https:\/\/expertmeble.com\/en\/privacy-policy-2\/","title":{"rendered":"Polityka prywatno\u015bci"},"content":{"rendered":"<h1>\n\t\tPrivacy Policy\n\t<\/h1>\n\t<h5>Cookie Policy<\/h5>\n<p>The following Cookie Policy outlines the rules for storing and accessing data on Users' Devices using the Service for the purpose of providing electronic services by the Service Administrator.<\/p>\n<h6>\u00a7 1 Definitions<\/h6>\n<ul>\n\t<li><p><strong>Service<\/strong> &#8211; serwis internetowy dzia\u0142aj\u0105cy pod adresem expertmeble.com<\/p><\/li>\n    <li><p><strong>External Service<\/strong> &#8211; serwis internetowe partner\u00f3w, us\u0142ugodawc\u00f3w lub us\u0142ugobiorc\u00f3w Administratora<\/p><\/li>\n    <li><p><strong>Administrator<\/strong> &#8211; firma Expert Meble, prowadz\u0105ca dzia\u0142alno\u015b\u0107 pod adresem: al. Bohater\u00f3w Warszawy 15-16, Szczecin, o nadanym numerze identyfikacji podatkowej (NIP): 8522555528, \u015bwiadcz\u0105ca us\u0142ugi drog\u0105 elektroniczn\u0105 za po\u015brednictwem Serwisu oraz przechowuj\u0105ca i uzyskuj\u0105ca dost\u0119p do informacji w urz\u0105dzeniach U\u017cytkownika<\/p><\/li>\n    <li><p><strong>User<\/strong> &#8211; osba fizyczna, dla kt\u00f3rej Administrator \u015bwiadczy us\u0142ugi drog\u0105 elektroniczna za po\u015brednictwem Serwisu.<\/p><\/li>\n    <li><p><strong>Device<\/strong> &#8211; elektroniczne urz\u0105dzenie wraz z oprogramowaniem, za po\u015brednictwem, kt\u00f3rego U\u017cytkownik uzyskuje dost\u0119p do Serwisu<\/p><\/li>\n    <li><p><strong>Cookies<\/strong> &#8211; dane tekstowe gromadzone w formie plik\u00f3w zamieszczanych na Urz\u0105dzeniu U\u017cytkownika<\/p><\/li>\n<\/ul>\n<h6>\u00a7 2 Types of Cookies<\/h6>\n<ul>\n\t<li><p><strong>Internal Cookies<\/strong> &#8211; pliki zamieszczane i odczytywane z Urz\u0105dzenia U\u017cytkownika przes system teleinformatyczny Serwisu<\/p><\/li>\n    <li><p><strong>External Cookies<\/strong> &#8211; pliki zamieszczane i odczytywane z Urz\u0105dzenia U\u017cytkownika przez systemy teleinformatyczne Serwis\u00f3w zewn\u0119trznych<\/p><\/li>\n    <li><p><strong>Session Cookies<\/strong> &#8211; pliki zamieszczane i odczytywane z Urz\u0105dzenia U\u017cytkownika przez Serwis lub Serwisy zewn\u0119trzne podczas jednej sesji danego Urz\u0105dzenia. Po zako\u0144czeniu sesji pliki s\u0105 usuwane z Urz\u0105dzenia U\u017cytkownika.<\/p><\/li>\n    <li><p><strong>Persistent Cookies<\/strong> &#8211; pliki zamieszczane i odczytywane z Urz\u0105dzenia U\u017cytkownika przez Serwis lub Serwisy zewn\u0119trzne do momentu ich r\u0119cznego usuni\u0119cia. Pliki nie s\u0105 usuwane automatycznie po zako\u0144czeniu sesji Urz\u0105dzenia chyba \u017ce konfiguracja Urz\u0105dzenia U\u017cytkownika jest ustawiona na tryb usuwanie plik\u00f3w Cookie po zako\u0144czeniu sesji Urz\u0105dzenia.<\/p><\/li>\n<\/ul>\n<h6>\u00a7 3 Security<\/h6>\n<ul>\n\t<li><p><strong>Storage and Reading Mechanisms<\/strong> &#8211; Mechanizmy sk\u0142adowania i odczytu Cookies nie pozwalaj\u0105 na pobierania jakichkolwiek danych osobowych ani \u017cadnych informacji poufnych z Urz\u0105dzenia U\u017cytkownika. Przeniesienie na Urz\u0105dzenie U\u017cytkownika wirus\u00f3w, koni troja\u0144skich oraz innych robak\u00f3w jest praktynie niemo\u017cliwe.<\/p><\/li>\n    <li><p><strong>Internal Cookies<\/strong> &#8211; zastosowane przez Administratora Cookie wewn\u0119trzne s\u0105 bezpieczne dla Urz\u0105dze\u0144 U\u017cytkownik\u00f3w<\/p><\/li>\n    <li><p><strong>External Cookies<\/strong> &#8211; za bezpiecze\u0144stwo plik\u00f3w Cookie pochodz\u0105cych od partner\u00f3w Serwisu Administrator nie ponosi odpowiedzialno\u015bci. Lista partner\u00f3w zamieszczona jest w dalszej cz\u0119\u015bci Polityki Cookie.<\/p><\/li>\n<\/ul>\n<h6>\u00a7 4 Purposes for Which Cookies Are Used<\/h6>\n<ul id=\"cele\"><li><p><strong>Statistic Data<\/strong> &#8211; Administrator oraz Serwisy zewn\u0119trzne wykorzystuje pliki Cookie do zbirania i przetwarzania danych statystycznych takich jak np. statystyki odwiedzin, statystyki Urz\u0105dze\u0144 U\u017cytkownik\u00f3w czy statystyki zachowa\u0144 u\u017cytkownik\u00f3w. Dane te zbierane s\u0105 w celu analizy i ulepszania Serwisu.<\/p><\/li><li><strong>Social Services<\/strong> &#8211; Administrator oraz Serwisy zewn\u0119trzne wykorzystuj\u0105 pliki Cookie do wsparcia us\u0142ug spo\u0142eczno\u015bciowych<\/li><\/ul>\n<h6>\u00a7 5 External Services<\/h6>\nThe Administrator collaborates with the following external services, which may place Cookies on Users' Devices:\n<ul id=\"zewnetrzne\"><li><p><strong>Google Analytics<\/strong><\/p><\/li><li><strong>Facebook<\/strong><\/li><\/ul>\n<h6>\u00a7 6 Mo\u017cliwo\u015bci okre\u015blania warunk\u00f3w przechowywania i uzyskiwania dost\u0119pu na Urz\u0105dzeniach U\u017cytkownika przez Serwis i Serwisy zewn\u0119trzne<\/h6>\n<ul>\n\t<li><p>The User can, at any time, independently change the settings related to the saving, deletion, and access to data stored in Cookies<\/p><\/li>\n    <li><p>Information on how to disable Cookies in the most popular web browsers and mobile devices is available at: <a href=\"http:\/\/jakwylaczyccookie.pl\">how to disable cookies<\/a>.<\/p><\/li>\n    <li><p>The User can, at any time, delete all Cookies that have been saved so far using the tools on the User's Device through which the User accesses the Service.<\/p><\/li>\n<\/ul>\n<h6>\u00a7 7 Service Requirements<\/h6>\n<ul>\n\t<li><p>Limiting the storage and access to Cookies on the User's Device may cause some functions of the Service to malfunction.<\/p><\/li>\n    <li><p>The Administrator is not responsible for any malfunctioning features of the Service if the User restricts the ability to store and read Cookies in any way.<\/p><\/li>\n<\/ul>\n<h6>\u00a7 8 Changes to the Cookie Policy<\/h6>\n<ul>\n\t<li><p>The Administrator reserves the right to change this Cookie Policy at any time without notifying users.<\/p><\/li>\n    <li><p>Any changes to the Cookie Policy will always be published on this page.<\/p><\/li>\n    <li><p>Changes take effect on the date the Cookie Policy is published.<\/p><\/li>\n<\/ul>\n<br \/>\n<br \/>\n<h5>Informacja o przetwarzaniu danych osobowych<\/h5>\n<h6>\u00a7 1 Administrator danych<\/h6>\n<p>Administratorem danych osobowych U\u017cytkownik\u00f3w korzystaj\u0105cych z Serwisu <strong>expertmeble.com<\/strong> jest Expert Meble, z siedzib\u0105 przy al. Bohater\u00f3w Warszawy 15-16, 70-340 Szczecin, NIP: 8522555528. Kontakt do administratora: <a href=\"mailto:biuro@expertmeble.com\">biuro@expertmeble.com<\/a>.<\/p>\n<h6>\u00a7 2 Cele i podstawy prawne przetwarzania danych<\/h6>\n<ul>\n<li>Obs\u0142uga zapyta\u0144 kierowanych przez formularze kontaktowe (art. 6 ust. 1 lit. f RODO)<\/li>\n<li>Prowadzenie analiz statystycznych i poprawa funkcjonowania Serwisu (art. 6 ust. 1 lit. f RODO)<\/li>\n<li>Realizacja marketingu w\u0142asnych us\u0142ug (art. 6 ust. 1 lit. f RODO lub na podstawie zgody &#8211; art. 6 ust. 1 lit. a RODO)<\/li>\n<\/ul>\n<h6>\u00a7 3 Odbiorcy danych<\/h6>\n<p>Dane mog\u0105 by\u0107 przekazywane podmiotom \u015bwiadcz\u0105cym us\u0142ugi hostingowe, informatyczne, marketingowe (w tym Google Analytics, Facebook, Instagram).<\/p>\n<h6>\u00a7 4 Okres przechowywania danych<\/h6>\n<ul>\n<li>Dane statystyczne i techniczne (np. adres IP) &#8211; do czasu ich zanonimizowania lub wyga\u015bni\u0119cia celu przetwarzania<\/li>\n<li>Dane z formularzy kontaktowych &#8211; przez czas obs\u0142ugi zapytania oraz przez okres przedawnienia ewentualnych roszcze\u0144<\/li>\n<\/ul>\n<h6>\u00a7 5 Prawa u\u017cytkownika<\/h6>\n<p>U\u017cytkownik ma prawo dost\u0119pu do swoich danych, ich sprostowania, usuni\u0119cia, ograniczenia przetwarzania, wniesienia sprzeciwu, przenoszenia danych, a tak\u017ce prawo do wniesienia skargi do Prezesa Urz\u0119du Ochrony Danych Osobowych.<\/p>","protected":false},"excerpt":{"rendered":"<p>Polityka Prywatno\u015bci Polityka Cookies Poni\u017csza Polityka Cookies okre\u015bla zasady zapisywania i uzyskiwania dost\u0119pu do danych na Urz\u0105dzeniach U\u017cytkownik\u00f3w korzystaj\u0105cych z Serwisu do cel\u00f3w \u015bwiadczenia us\u0142ug drog\u0105 elektroniczn\u0105 przez Administratora Serwisu. \u00a7 1 Definicje Serwis &#8211; serwis internetowy dzia\u0142aj\u0105cy pod adresem expertmeble.com Serwis zewn\u0119trzny &#8211; serwis internetowe partner\u00f3w, us\u0142ugodawc\u00f3w lub us\u0142ugobiorc\u00f3w Administratora Administrator &#8211; firma Expert&hellip;<\/p>","protected":false},"author":1,"featured_media":0,"parent":0,"menu_order":0,"comment_status":"closed","ping_status":"open","template":"","meta":{"footnotes":""},"class_list":["post-3","page","type-page","status-publish","hentry"],"yoast_head":"<!-- This site is optimized with the Yoast SEO Premium plugin v23.3 (Yoast SEO v26.8) - https:\/\/yoast.com\/product\/yoast-seo-premium-wordpress\/ -->\n<title>Polityka prywatno\u015bci - Expert Meble - Meble Na Wymiar Szczecin: Kuchnie, \u0141azienki, Szafy<\/title>\n<meta name=\"description\" content=\"Polityka prywatno\u015bci firmy Expert Meble: Meble Na Wymiar Szczecin\" \/>\n<meta name=\"robots\" content=\"noindex, follow\" \/>\n<meta property=\"og:locale\" content=\"en_US\" \/>\n<meta property=\"og:type\" content=\"article\" \/>\n<meta property=\"og:title\" content=\"Polityka prywatno\u015bci\" \/>\n<meta property=\"og:description\" content=\"Polityka prywatno\u015bci firmy Expert Meble: Meble Na Wymiar Szczecin\" \/>\n<meta property=\"og:url\" content=\"https:\/\/expertmeble.com\/en\/privacy-policy-2\/\" \/>\n<meta property=\"og:site_name\" content=\"Expert Meble - Meble Na Wymiar Szczecin: Kuchnie, \u0141azienki, Szafy\" \/>\n<meta property=\"article:publisher\" content=\"https:\/\/www.facebook.com\/expertmeble24\/\" \/>\n<meta property=\"article:modified_time\" content=\"2025-03-21T20:42:01+00:00\" \/>\n<meta name=\"twitter:card\" content=\"summary_large_image\" \/>\n<meta name=\"twitter:label1\" content=\"Est. reading time\" \/>\n\t<meta name=\"twitter:data1\" content=\"4 minutes\" \/>\n<script type=\"application\/ld+json\" class=\"yoast-schema-graph\">{\"@context\":\"https:\/\/schema.org\",\"@graph\":[{\"@type\":\"WebPage\",\"@id\":\"https:\/\/expertmeble.com\/polityka-prywatnosci\/\",\"url\":\"https:\/\/expertmeble.com\/polityka-prywatnosci\/\",\"name\":\"Polityka prywatno\u015bci - Expert Meble - Meble Na Wymiar Szczecin: Kuchnie, \u0141azienki, Szafy\",\"isPartOf\":{\"@id\":\"https:\/\/expertmeble.com\/#website\"},\"datePublished\":\"2019-11-16T17:04:43+00:00\",\"dateModified\":\"2025-03-21T20:42:01+00:00\",\"description\":\"Polityka prywatno\u015bci firmy Expert Meble: Meble Na Wymiar Szczecin\",\"breadcrumb\":{\"@id\":\"https:\/\/expertmeble.com\/polityka-prywatnosci\/#breadcrumb\"},\"inLanguage\":\"en-US\",\"potentialAction\":[{\"@type\":\"ReadAction\",\"target\":[\"https:\/\/expertmeble.com\/polityka-prywatnosci\/\"]}]},{\"@type\":\"BreadcrumbList\",\"@id\":\"https:\/\/expertmeble.com\/polityka-prywatnosci\/#breadcrumb\",\"itemListElement\":[{\"@type\":\"ListItem\",\"position\":1,\"name\":\"Strona g\u0142\u00f3wna\",\"item\":\"https:\/\/expertmeble.com\/\"},{\"@type\":\"ListItem\",\"position\":2,\"name\":\"Polityka prywatno\u015bci\"}]},{\"@type\":\"WebSite\",\"@id\":\"https:\/\/expertmeble.com\/#website\",\"url\":\"https:\/\/expertmeble.com\/\",\"name\":\"Expert Meble - Meble Na Wymiar Szczecin: Kuchnie, \u0141azienki, Szafy\",\"description\":\"Meble, kuchnie, szafy, \u0142azienki oraz zabudowy na wymiar.\",\"potentialAction\":[{\"@type\":\"SearchAction\",\"target\":{\"@type\":\"EntryPoint\",\"urlTemplate\":\"https:\/\/expertmeble.com\/?s={search_term_string}\"},\"query-input\":{\"@type\":\"PropertyValueSpecification\",\"valueRequired\":true,\"valueName\":\"search_term_string\"}}],\"inLanguage\":\"en-US\"}]}<\/script>\n<!-- \/ Yoast SEO Premium plugin. -->","yoast_head_json":{"title":"Polityka prywatno\u015bci - Expert Meble - Meble Na Wymiar Szczecin: Kuchnie, \u0141azienki, Szafy","description":"Polityka prywatno\u015bci firmy Expert Meble: Meble Na Wymiar Szczecin","robots":{"index":"noindex","follow":"follow"},"og_locale":"en_US","og_type":"article","og_title":"Polityka prywatno\u015bci","og_description":"Polityka prywatno\u015bci firmy Expert Meble: Meble Na Wymiar Szczecin","og_url":"https:\/\/expertmeble.com\/en\/privacy-policy-2\/","og_site_name":"Expert Meble - Meble Na Wymiar Szczecin: Kuchnie, \u0141azienki, Szafy","article_publisher":"https:\/\/www.facebook.com\/expertmeble24\/","article_modified_time":"2025-03-21T20:42:01+00:00","twitter_card":"summary_large_image","twitter_misc":{"Est. reading time":"4 minutes"},"schema":{"@context":"https:\/\/schema.org","@graph":[{"@type":"WebPage","@id":"https:\/\/expertmeble.com\/polityka-prywatnosci\/","url":"https:\/\/expertmeble.com\/polityka-prywatnosci\/","name":"Polityka prywatno\u015bci - Expert Meble - Meble Na Wymiar Szczecin: Kuchnie, \u0141azienki, Szafy","isPartOf":{"@id":"https:\/\/expertmeble.com\/#website"},"datePublished":"2019-11-16T17:04:43+00:00","dateModified":"2025-03-21T20:42:01+00:00","description":"Polityka prywatno\u015bci firmy Expert Meble: Meble Na Wymiar Szczecin","breadcrumb":{"@id":"https:\/\/expertmeble.com\/polityka-prywatnosci\/#breadcrumb"},"inLanguage":"en-US","potentialAction":[{"@type":"ReadAction","target":["https:\/\/expertmeble.com\/polityka-prywatnosci\/"]}]},{"@type":"BreadcrumbList","@id":"https:\/\/expertmeble.com\/polityka-prywatnosci\/#breadcrumb","itemListElement":[{"@type":"ListItem","position":1,"name":"Strona g\u0142\u00f3wna","item":"https:\/\/expertmeble.com\/"},{"@type":"ListItem","position":2,"name":"Polityka prywatno\u015bci"}]},{"@type":"WebSite","@id":"https:\/\/expertmeble.com\/#website","url":"https:\/\/expertmeble.com\/","name":"Expert Meble - Meble Na Wymiar Szczecin: Kuchnie, \u0141azienki, Szafy","description":"Meble, kuchnie, szafy, \u0142azienki oraz zabudowy na wymiar.","potentialAction":[{"@type":"SearchAction","target":{"@type":"EntryPoint","urlTemplate":"https:\/\/expertmeble.com\/?s={search_term_string}"},"query-input":{"@type":"PropertyValueSpecification","valueRequired":true,"valueName":"search_term_string"}}],"inLanguage":"en-US"}]}},"_links":{"self":[{"href":"https:\/\/expertmeble.com\/en\/wp-json\/wp\/v2\/pages\/3","targetHints":{"allow":["GET"]}}],"collection":[{"href":"https:\/\/expertmeble.com\/en\/wp-json\/wp\/v2\/pages"}],"about":[{"href":"https:\/\/expertmeble.com\/en\/wp-json\/wp\/v2\/types\/page"}],"author":[{"embeddable":true,"href":"https:\/\/expertmeble.com\/en\/wp-json\/wp\/v2\/users\/1"}],"replies":[{"embeddable":true,"href":"https:\/\/expertmeble.com\/en\/wp-json\/wp\/v2\/comments?post=3"}],"version-history":[{"count":4,"href":"https:\/\/expertmeble.com\/en\/wp-json\/wp\/v2\/pages\/3\/revisions"}],"predecessor-version":[{"id":3994,"href":"https:\/\/expertmeble.com\/en\/wp-json\/wp\/v2\/pages\/3\/revisions\/3994"}],"wp:attachment":[{"href":"https:\/\/expertmeble.com\/en\/wp-json\/wp\/v2\/media?parent=3"}],"curies":[{"name":"wp","href":"https:\/\/api.w.org\/{rel}","templated":true}]}}