{"id":3189,"date":"2024-04-04T16:16:40","date_gmt":"2024-04-04T14:16:40","guid":{"rendered":"https:\/\/expertmeble.com\/?page_id=3189"},"modified":"2026-03-15T20:14:39","modified_gmt":"2026-03-15T19:14:39","slug":"portfolio","status":"publish","type":"page","link":"https:\/\/expertmeble.com\/en\/portfolio\/","title":{"rendered":"Portfolio"},"content":{"rendered":"<p>Realizacje &#8211; Portfolio<\/p>\n<h1>\n\t\tPortfolio\n\t<\/h1>\n\t<nav aria-label=\"Realizacje Menu\" itemscope=\"itemscope\" itemtype=\"https:\/\/schema.org\/SiteNavigationElement\">\n\t\t<ul id=\"menu-realizacje-menu\"><li id=\"menu-item-4955\"><a href=\"https:\/\/expertmeble.com\/en\/gallery\/\">Gallery<\/a><\/li><li id=\"menu-item-4956\"><a href=\"https:\/\/expertmeble.com\/en\/galeria-video\/\">Galeria Video<\/a><\/li><li id=\"menu-item-4957\"><a href=\"https:\/\/expertmeble.com\/en\/portfolio\/\" aria-current=\"page\">Portfolio<\/a><\/li><\/ul>\n\t\t\t<\/nav>\n<h3>\n\t\tSELECTED PROJECTS\n\t<\/h3>\n\t\t\t\t<a\n\t\t\thref=\"http:\/\/expertmeble.com\/en\/case-studies\/apartament-inwestycyjny-miedzyzdroje\/\"\n\t\t\ttarget=\"_blank\" \n\t\t\t\t\t\trel=\"nofollow noopener\"\n\t\t\ttitle=\"\" \n\t\t\t\t\t\tdata-caption=\"APARTAMENT INWESTYCYJNY MI\u0118DZYZDROJE\"\n\t\t\t\t\t\tdata-description=\"\" \n\t\t\titemprop=\"contentUrl\">\n\t\t\t<img decoding=\"async\" src=\"https:\/\/expertmeble.com\/wp-content\/uploads\/2024\/04\/Meble-Apartament-Inwestycyjny-Mi\u0119dzyzdroje-4-done-1024x691.jpg\" alt=\"\" data-no-lazy=\"1\" itemprop=\"thumbnail\" width=\"1024\" height=\"691\" \/>\n\t\t\t<!-- Overlay Wrapper -->\n\t\t\t\t\t\t\tINVESTMENT APARTMENT MI\u0118DZYZDROJE\t\t\t\t\t\t\n\t\t\t <!-- Overlay Wrapper Closed -->\n\t\t\t\t<\/a>\n\t\t\t\t\t\t\t<meta itemprop=\"width\" content=\"1024\" \/>\n\t\t\t<meta itemprop=\"height\" content=\"691\" \/>\n\t\t\t\t<a\n\t\t\thref=\"http:\/\/expertmeble.com\/en\/case-studies\/biuro-polskiej-zeglugi-morskiej\/\"\n\t\t\ttarget=\"_blank\" \n\t\t\t\t\t\trel=\"nofollow noopener\"\n\t\t\ttitle=\"\" \n\t\t\t\t\t\tdata-caption=\"BIURO POLSKIEJ \u017bEGLUGI MORSKIEJ\"\n\t\t\t\t\t\tdata-description=\"\" \n\t\t\titemprop=\"contentUrl\">\n\t\t\t<img decoding=\"async\" src=\"https:\/\/expertmeble.com\/wp-content\/uploads\/2024\/04\/Projekt-Meble-Biuro-Wykonanie-2-done-1024x691.jpg\" alt=\"\" data-no-lazy=\"1\" itemprop=\"thumbnail\" width=\"1024\" height=\"691\" \/>\n\t\t\t<!-- Overlay Wrapper -->\n\t\t\t\t\t\t\tPOLSKA \u017bEGLUGA MORSKA OFFICE\t\t\t\t\t\t\n\t\t\t <!-- Overlay Wrapper Closed -->\n\t\t\t\t<\/a>\n\t\t\t\t\t\t\t<meta itemprop=\"width\" content=\"1024\" \/>\n\t\t\t<meta itemprop=\"height\" content=\"691\" \/>\n\t\t\t\t<a\n\t\t\thref=\"http:\/\/expertmeble.com\/en\/case-studies\/kocia-kawiarnia\/\"\n\t\t\ttarget=\"_blank\" \n\t\t\t\t\t\trel=\"nofollow noopener\"\n\t\t\ttitle=\"\" \n\t\t\t\t\t\tdata-caption=\"KOCIA KAWIARNIA\"\n\t\t\t\t\t\tdata-description=\"\" \n\t\t\titemprop=\"contentUrl\">\n\t\t\t<img decoding=\"async\" src=\"https:\/\/expertmeble.com\/wp-content\/uploads\/2024\/04\/Meble-do-Restauracji-Kocia-Kawiarnia_-7-done-1024x691.jpg\" alt=\"\" data-no-lazy=\"1\" itemprop=\"thumbnail\" width=\"1024\" height=\"691\" \/>\n\t\t\t<!-- Overlay Wrapper -->\n\t\t\t\t\t\t\tCAT CAFE\t\t\t\t\t\t\n\t\t\t <!-- Overlay Wrapper Closed -->\n\t\t\t\t<\/a>\n\t\t\t\t\t\t\t<meta itemprop=\"width\" content=\"1024\" \/>\n\t\t\t<meta itemprop=\"height\" content=\"691\" \/>\n\t\t\t\t<a\n\t\t\thref=\"http:\/\/expertmeble.com\/en\/case-studies\/apartament-nad-morzem\/\"\n\t\t\ttarget=\"_blank\" \n\t\t\t\t\t\trel=\"nofollow noopener\"\n\t\t\ttitle=\"\" \n\t\t\t\t\t\tdata-caption=\"APARTAMENT NAD MORZEM\"\n\t\t\t\t\t\tdata-description=\"\" \n\t\t\titemprop=\"contentUrl\">\n\t\t\t<img decoding=\"async\" src=\"https:\/\/expertmeble.com\/wp-content\/uploads\/2024\/04\/received_669978615196921-1024x691.jpg\" alt=\"\" data-no-lazy=\"1\" itemprop=\"thumbnail\" width=\"1024\" height=\"691\" \/>\n\t\t\t<!-- Overlay Wrapper -->\n\t\t\t\t\t\t\tAPARTMENT BY THE SEA\t\t\t\t\t\t\n\t\t\t <!-- Overlay Wrapper Closed -->\n\t\t\t\t<\/a>\n\t\t\t\t\t\t\t<meta itemprop=\"width\" content=\"1024\" \/>\n\t\t\t<meta itemprop=\"height\" content=\"691\" \/>\n\t\t\t\t<a\n\t\t\thref=\"http:\/\/expertmeble.com\/en\/case-studies\/apartament-swinoujscie\/\"\n\t\t\ttarget=\"_blank\" \n\t\t\t\t\t\trel=\"nofollow noopener\"\n\t\t\ttitle=\"\" \n\t\t\t\t\t\tdata-caption=\"APARTAMENT \u015aWINOUJ\u015aCIE\"\n\t\t\t\t\t\tdata-description=\"\" \n\t\t\titemprop=\"contentUrl\">\n\t\t\t<img decoding=\"async\" src=\"https:\/\/expertmeble.com\/wp-content\/uploads\/2024\/04\/Meble-Apartament-Swinoujscie-6-done-1024x691.jpg\" alt=\"\" data-no-lazy=\"1\" itemprop=\"thumbnail\" width=\"1024\" height=\"691\" \/>\n\t\t\t<!-- Overlay Wrapper -->\n\t\t\t\t\t\t\tAPARTMENT \u015aWINOUJ\u015aCIE\t\t\t\t\t\t\n\t\t\t <!-- Overlay Wrapper Closed -->\n\t\t\t\t<\/a>\n\t\t\t\t\t\t\t<meta itemprop=\"width\" content=\"1024\" \/>\n\t\t\t<meta itemprop=\"height\" content=\"691\" \/>","protected":false},"excerpt":{"rendered":"<p>Realizacje &#8211; Portfolio Portfolio Galeria Galeria Video Portfolio WYBRANE PROJEKTY APARTAMENT INWESTYCYJNY MI\u0118DZYZDROJE BIURO POLSKIEJ \u017bEGLUGI MORSKIEJ KOCIA KAWIARNIA APARTAMENT NAD MORZEM APARTAMENT \u015aWINOUJ\u015aCIE<\/p>","protected":false},"author":1,"featured_media":0,"parent":0,"menu_order":0,"comment_status":"closed","ping_status":"closed","template":"","meta":{"footnotes":""},"class_list":["post-3189","page","type-page","status-publish","hentry"],"yoast_head":"<!-- This site is optimized with the Yoast SEO Premium plugin v23.3 (Yoast SEO v26.8) - https:\/\/yoast.com\/product\/yoast-seo-premium-wordpress\/ -->\n<title>Portfolio - Expert Meble - Meble Na Wymiar Szczecin: Kuchnie, \u0141azienki, Szafy<\/title>\n<meta name=\"robots\" content=\"index, follow, max-snippet:-1, max-image-preview:large, max-video-preview:-1\" \/>\n<link rel=\"canonical\" href=\"https:\/\/expertmeble.com\/en\/portfolio\/\" \/>\n<meta property=\"og:locale\" content=\"en_US\" \/>\n<meta property=\"og:type\" content=\"article\" \/>\n<meta property=\"og:title\" content=\"Portfolio\" \/>\n<meta property=\"og:description\" content=\"Realizacje &#8211; Portfolio Portfolio Galeria Galeria Video Portfolio WYBRANE PROJEKTY APARTAMENT INWESTYCYJNY MI\u0118DZYZDROJE BIURO POLSKIEJ \u017bEGLUGI MORSKIEJ KOCIA KAWIARNIA APARTAMENT NAD MORZEM APARTAMENT \u015aWINOUJ\u015aCIE\" \/>\n<meta property=\"og:url\" content=\"https:\/\/expertmeble.com\/en\/portfolio\/\" \/>\n<meta property=\"og:site_name\" content=\"Expert Meble - Meble Na Wymiar Szczecin: Kuchnie, \u0141azienki, Szafy\" \/>\n<meta property=\"article:publisher\" content=\"https:\/\/www.facebook.com\/expertmeble24\/\" \/>\n<meta property=\"article:modified_time\" content=\"2026-03-15T19:14:39+00:00\" \/>\n<meta property=\"og:image\" content=\"https:\/\/expertmeble.com\/wp-content\/uploads\/2024\/04\/Projekt-Meble-Biuro-Wykonanie-2-done-1024x691.jpg\" \/>\n<meta name=\"twitter:card\" content=\"summary_large_image\" \/>\n<script type=\"application\/ld+json\" class=\"yoast-schema-graph\">{\"@context\":\"https:\/\/schema.org\",\"@graph\":[{\"@type\":\"WebPage\",\"@id\":\"https:\/\/expertmeble.com\/portfolio\/\",\"url\":\"https:\/\/expertmeble.com\/portfolio\/\",\"name\":\"Portfolio - Expert Meble - Meble Na Wymiar Szczecin: Kuchnie, \u0141azienki, Szafy\",\"isPartOf\":{\"@id\":\"https:\/\/expertmeble.com\/#website\"},\"primaryImageOfPage\":{\"@id\":\"https:\/\/expertmeble.com\/portfolio\/#primaryimage\"},\"image\":{\"@id\":\"https:\/\/expertmeble.com\/portfolio\/#primaryimage\"},\"thumbnailUrl\":\"https:\/\/expertmeble.com\/wp-content\/uploads\/2024\/04\/Projekt-Meble-Biuro-Wykonanie-2-done-1024x691.jpg\",\"datePublished\":\"2024-04-04T14:16:40+00:00\",\"dateModified\":\"2026-03-15T19:14:39+00:00\",\"breadcrumb\":{\"@id\":\"https:\/\/expertmeble.com\/portfolio\/#breadcrumb\"},\"inLanguage\":\"en-US\",\"potentialAction\":[{\"@type\":\"ReadAction\",\"target\":[\"https:\/\/expertmeble.com\/portfolio\/\"]}]},{\"@type\":\"ImageObject\",\"inLanguage\":\"en-US\",\"@id\":\"https:\/\/expertmeble.com\/portfolio\/#primaryimage\",\"url\":\"https:\/\/expertmeble.com\/wp-content\/uploads\/2024\/04\/Projekt-Meble-Biuro-Wykonanie-2-done-1024x691.jpg\",\"contentUrl\":\"https:\/\/expertmeble.com\/wp-content\/uploads\/2024\/04\/Projekt-Meble-Biuro-Wykonanie-2-done-1024x691.jpg\"},{\"@type\":\"BreadcrumbList\",\"@id\":\"https:\/\/expertmeble.com\/portfolio\/#breadcrumb\",\"itemListElement\":[{\"@type\":\"ListItem\",\"position\":1,\"name\":\"Strona g\u0142\u00f3wna\",\"item\":\"https:\/\/expertmeble.com\/\"},{\"@type\":\"ListItem\",\"position\":2,\"name\":\"Portfolio\"}]},{\"@type\":\"WebSite\",\"@id\":\"https:\/\/expertmeble.com\/#website\",\"url\":\"https:\/\/expertmeble.com\/\",\"name\":\"Expert Meble - Meble Na Wymiar Szczecin: Kuchnie, \u0141azienki, Szafy\",\"description\":\"Meble, kuchnie, szafy, \u0142azienki oraz zabudowy na wymiar.\",\"potentialAction\":[{\"@type\":\"SearchAction\",\"target\":{\"@type\":\"EntryPoint\",\"urlTemplate\":\"https:\/\/expertmeble.com\/?s={search_term_string}\"},\"query-input\":{\"@type\":\"PropertyValueSpecification\",\"valueRequired\":true,\"valueName\":\"search_term_string\"}}],\"inLanguage\":\"en-US\"}]}<\/script>\n<!-- \/ Yoast SEO Premium plugin. -->","yoast_head_json":{"title":"Portfolio - Expert Meble - Meble Na Wymiar Szczecin: Kuchnie, \u0141azienki, Szafy","robots":{"index":"index","follow":"follow","max-snippet":"max-snippet:-1","max-image-preview":"max-image-preview:large","max-video-preview":"max-video-preview:-1"},"canonical":"https:\/\/expertmeble.com\/en\/portfolio\/","og_locale":"en_US","og_type":"article","og_title":"Portfolio","og_description":"Realizacje &#8211; Portfolio Portfolio Galeria Galeria Video Portfolio WYBRANE PROJEKTY APARTAMENT INWESTYCYJNY MI\u0118DZYZDROJE BIURO POLSKIEJ \u017bEGLUGI MORSKIEJ KOCIA KAWIARNIA APARTAMENT NAD MORZEM APARTAMENT \u015aWINOUJ\u015aCIE","og_url":"https:\/\/expertmeble.com\/en\/portfolio\/","og_site_name":"Expert Meble - Meble Na Wymiar Szczecin: Kuchnie, \u0141azienki, Szafy","article_publisher":"https:\/\/www.facebook.com\/expertmeble24\/","article_modified_time":"2026-03-15T19:14:39+00:00","og_image":[{"url":"https:\/\/expertmeble.com\/wp-content\/uploads\/2024\/04\/Projekt-Meble-Biuro-Wykonanie-2-done-1024x691.jpg","type":"","width":"","height":""}],"twitter_card":"summary_large_image","schema":{"@context":"https:\/\/schema.org","@graph":[{"@type":"WebPage","@id":"https:\/\/expertmeble.com\/portfolio\/","url":"https:\/\/expertmeble.com\/portfolio\/","name":"Portfolio - Expert Meble - Meble Na Wymiar Szczecin: Kuchnie, \u0141azienki, Szafy","isPartOf":{"@id":"https:\/\/expertmeble.com\/#website"},"primaryImageOfPage":{"@id":"https:\/\/expertmeble.com\/portfolio\/#primaryimage"},"image":{"@id":"https:\/\/expertmeble.com\/portfolio\/#primaryimage"},"thumbnailUrl":"https:\/\/expertmeble.com\/wp-content\/uploads\/2024\/04\/Projekt-Meble-Biuro-Wykonanie-2-done-1024x691.jpg","datePublished":"2024-04-04T14:16:40+00:00","dateModified":"2026-03-15T19:14:39+00:00","breadcrumb":{"@id":"https:\/\/expertmeble.com\/portfolio\/#breadcrumb"},"inLanguage":"en-US","potentialAction":[{"@type":"ReadAction","target":["https:\/\/expertmeble.com\/portfolio\/"]}]},{"@type":"ImageObject","inLanguage":"en-US","@id":"https:\/\/expertmeble.com\/portfolio\/#primaryimage","url":"https:\/\/expertmeble.com\/wp-content\/uploads\/2024\/04\/Projekt-Meble-Biuro-Wykonanie-2-done-1024x691.jpg","contentUrl":"https:\/\/expertmeble.com\/wp-content\/uploads\/2024\/04\/Projekt-Meble-Biuro-Wykonanie-2-done-1024x691.jpg"},{"@type":"BreadcrumbList","@id":"https:\/\/expertmeble.com\/portfolio\/#breadcrumb","itemListElement":[{"@type":"ListItem","position":1,"name":"Strona g\u0142\u00f3wna","item":"https:\/\/expertmeble.com\/"},{"@type":"ListItem","position":2,"name":"Portfolio"}]},{"@type":"WebSite","@id":"https:\/\/expertmeble.com\/#website","url":"https:\/\/expertmeble.com\/","name":"Expert Meble - Meble Na Wymiar Szczecin: Kuchnie, \u0141azienki, Szafy","description":"Meble, kuchnie, szafy, \u0142azienki oraz zabudowy na wymiar.","potentialAction":[{"@type":"SearchAction","target":{"@type":"EntryPoint","urlTemplate":"https:\/\/expertmeble.com\/?s={search_term_string}"},"query-input":{"@type":"PropertyValueSpecification","valueRequired":true,"valueName":"search_term_string"}}],"inLanguage":"en-US"}]}},"_links":{"self":[{"href":"https:\/\/expertmeble.com\/en\/wp-json\/wp\/v2\/pages\/3189","targetHints":{"allow":["GET"]}}],"collection":[{"href":"https:\/\/expertmeble.com\/en\/wp-json\/wp\/v2\/pages"}],"about":[{"href":"https:\/\/expertmeble.com\/en\/wp-json\/wp\/v2\/types\/page"}],"author":[{"embeddable":true,"href":"https:\/\/expertmeble.com\/en\/wp-json\/wp\/v2\/users\/1"}],"replies":[{"embeddable":true,"href":"https:\/\/expertmeble.com\/en\/wp-json\/wp\/v2\/comments?post=3189"}],"version-history":[{"count":48,"href":"https:\/\/expertmeble.com\/en\/wp-json\/wp\/v2\/pages\/3189\/revisions"}],"predecessor-version":[{"id":5117,"href":"https:\/\/expertmeble.com\/en\/wp-json\/wp\/v2\/pages\/3189\/revisions\/5117"}],"wp:attachment":[{"href":"https:\/\/expertmeble.com\/en\/wp-json\/wp\/v2\/media?parent=3189"}],"curies":[{"name":"wp","href":"https:\/\/api.w.org\/{rel}","templated":true}]}}