{"id":3252,"date":"2024-04-04T18:12:49","date_gmt":"2024-04-04T16:12:49","guid":{"rendered":"https:\/\/expertmeble.com\/?page_id=3252"},"modified":"2026-03-24T20:58:18","modified_gmt":"2026-03-24T19:58:18","slug":"apartament-inwestycyjny-miedzyzdroje","status":"publish","type":"page","link":"https:\/\/expertmeble.com\/en\/portfolio\/investment-apartment-miedzyzdroje\/","title":{"rendered":"Apartament Inwestycyjny Mi\u0119dzyzdroje"},"content":{"rendered":"<a\n\t\t\thref=\"https:\/\/expertmeble.com\/wp-content\/uploads\/2024\/04\/Meble-Apartament-Inwestycyjny-Mi\u0119dzyzdroje-5.jpg\"\n\t\t\t\t\t\tdata-fancybox=\"images\" \n\t\t\ttitle=\"Meble Apartament Inwestycyjny Mi\u0119dzyzdroje-5\" \n\t\t\t\t\t\tdata-description=\"\" \n\t\t\titemprop=\"contentUrl\">\n\t\t\t<img decoding=\"async\" src=\"https:\/\/expertmeble.com\/wp-content\/uploads\/2024\/04\/Meble-Apartament-Inwestycyjny-Mi\u0119dzyzdroje-5-1024x768.jpg\" alt=\"\" data-no-lazy=\"1\" itemprop=\"thumbnail\" width=\"1024\" height=\"768\" \/>\n\t\t\t<!-- Overlay Wrapper -->\n\t\t\t <!-- Overlay Wrapper Closed -->\n\t\t\t\t<\/a>\n\t\t\t\t\t\t\t<meta itemprop=\"width\" content=\"1024\" \/>\n\t\t\t<meta itemprop=\"height\" content=\"768\" \/>\n\t\t\t\t<a\n\t\t\thref=\"https:\/\/expertmeble.com\/wp-content\/uploads\/2024\/04\/Meble-Apartament-Inwestycyjny-Mi\u0119dzyzdroje.jpg\"\n\t\t\t\t\t\tdata-fancybox=\"images\" \n\t\t\ttitle=\"Meble Apartament Inwestycyjny Mi\u0119dzyzdroje\" \n\t\t\t\t\t\tdata-description=\"\" \n\t\t\titemprop=\"contentUrl\">\n\t\t\t<img decoding=\"async\" src=\"https:\/\/expertmeble.com\/wp-content\/uploads\/2024\/04\/Meble-Apartament-Inwestycyjny-Mi\u0119dzyzdroje-768x1024.jpg\" alt=\"\" data-no-lazy=\"1\" itemprop=\"thumbnail\" width=\"768\" height=\"1024\" \/>\n\t\t\t<!-- Overlay Wrapper -->\n\t\t\t <!-- Overlay Wrapper Closed -->\n\t\t\t\t<\/a>\n\t\t\t\t\t\t\t<meta itemprop=\"width\" content=\"768\" \/>\n\t\t\t<meta itemprop=\"height\" content=\"1024\" \/>\n\t\t\t\t<a\n\t\t\thref=\"https:\/\/expertmeble.com\/wp-content\/uploads\/2024\/04\/Meble-Apartament-Inwestycyjny-Mi\u0119dzyzdroje-7.jpg\"\n\t\t\t\t\t\tdata-fancybox=\"images\" \n\t\t\ttitle=\"Meble Apartament Inwestycyjny Mi\u0119dzyzdroje-7\" \n\t\t\t\t\t\tdata-description=\"\" \n\t\t\titemprop=\"contentUrl\">\n\t\t\t<img decoding=\"async\" src=\"https:\/\/expertmeble.com\/wp-content\/uploads\/2024\/04\/Meble-Apartament-Inwestycyjny-Mi\u0119dzyzdroje-7-1024x768.jpg\" alt=\"\" data-no-lazy=\"1\" itemprop=\"thumbnail\" width=\"1024\" height=\"768\" \/>\n\t\t\t<!-- Overlay Wrapper -->\n\t\t\t <!-- Overlay Wrapper Closed -->\n\t\t\t\t<\/a>\n\t\t\t\t\t\t\t<meta itemprop=\"width\" content=\"1024\" \/>\n\t\t\t<meta itemprop=\"height\" content=\"768\" \/>\n\t\t\t\t<a\n\t\t\thref=\"https:\/\/expertmeble.com\/wp-content\/uploads\/2024\/04\/Meble-Apartament-Inwestycyjny-Mi\u0119dzyzdroje-3.jpg\"\n\t\t\t\t\t\tdata-fancybox=\"images\" \n\t\t\ttitle=\"Meble Apartament Inwestycyjny Mi\u0119dzyzdroje-3\" \n\t\t\t\t\t\tdata-description=\"\" \n\t\t\titemprop=\"contentUrl\">\n\t\t\t<img decoding=\"async\" src=\"https:\/\/expertmeble.com\/wp-content\/uploads\/2024\/04\/Meble-Apartament-Inwestycyjny-Mi\u0119dzyzdroje-3-1024x768.jpg\" alt=\"\" data-no-lazy=\"1\" itemprop=\"thumbnail\" width=\"1024\" height=\"768\" \/>\n\t\t\t<!-- Overlay Wrapper -->\n\t\t\t <!-- Overlay Wrapper Closed -->\n\t\t\t\t<\/a>\n\t\t\t\t\t\t\t<meta itemprop=\"width\" content=\"1024\" \/>\n\t\t\t<meta itemprop=\"height\" content=\"768\" \/>\n\t\t\t\t<a\n\t\t\thref=\"https:\/\/expertmeble.com\/wp-content\/uploads\/2024\/04\/Meble-Apartament-Inwestycyjny-Mi\u0119dzyzdroje-2.jpg\"\n\t\t\t\t\t\tdata-fancybox=\"images\" \n\t\t\ttitle=\"Meble Apartament Inwestycyjny Mi\u0119dzyzdroje-2\" \n\t\t\t\t\t\tdata-description=\"\" \n\t\t\titemprop=\"contentUrl\">\n\t\t\t<img decoding=\"async\" src=\"https:\/\/expertmeble.com\/wp-content\/uploads\/2024\/04\/Meble-Apartament-Inwestycyjny-Mi\u0119dzyzdroje-2-768x1024.jpg\" alt=\"\" data-no-lazy=\"1\" itemprop=\"thumbnail\" width=\"768\" height=\"1024\" \/>\n\t\t\t<!-- Overlay Wrapper -->\n\t\t\t <!-- Overlay Wrapper Closed -->\n\t\t\t\t<\/a>\n\t\t\t\t\t\t\t<meta itemprop=\"width\" content=\"768\" \/>\n\t\t\t<meta itemprop=\"height\" content=\"1024\" \/>\n\t\t\t\t<a\n\t\t\thref=\"https:\/\/expertmeble.com\/wp-content\/uploads\/2024\/04\/Meble-Apartament-Inwestycyjny-Mi\u0119dzyzdroje-6.jpg\"\n\t\t\t\t\t\tdata-fancybox=\"images\" \n\t\t\ttitle=\"Meble Apartament Inwestycyjny Mi\u0119dzyzdroje-6\" \n\t\t\t\t\t\tdata-description=\"\" \n\t\t\titemprop=\"contentUrl\">\n\t\t\t<img decoding=\"async\" src=\"https:\/\/expertmeble.com\/wp-content\/uploads\/2024\/04\/Meble-Apartament-Inwestycyjny-Mi\u0119dzyzdroje-6-1024x768.jpg\" alt=\"\" data-no-lazy=\"1\" itemprop=\"thumbnail\" width=\"1024\" height=\"768\" \/>\n\t\t\t<!-- Overlay Wrapper -->\n\t\t\t <!-- Overlay Wrapper Closed -->\n\t\t\t\t<\/a>\n\t\t\t\t\t\t\t<meta itemprop=\"width\" content=\"1024\" \/>\n\t\t\t<meta itemprop=\"height\" content=\"768\" \/>\n\t<h2>\n\t\tINVESTMENT APARTMENT MI\u0118DZYZDROJE\n\t<\/h2>\n\tLocation: Mi\u0119dzyzdroje<br \/>\nType: Apartments<br \/>\nYear: 2023\n\t<p>This apartment, like every other project we undertake, presented significant challenges. The primary requirement was to integrate various elements from different fields into a cohesive whole, given the extensive scope of work involved in this project.<\/p>\n<p>Key elements include:<\/p>\n<ul>\n<li>Installation of lacobel glass and mirrors in multiple locations throughout the apartment.<\/li>\n<li>Creation of a stone top for the dresser and stone mounted on the wall as a decorative element behind the television, along with lighting.<\/li>\n<li>Construction of upholstered elements forming a headboard that extends to the ceiling.<\/li>\n<li>Electrical modifications related to bedside cabinets and lighting installed in upholstered panels.<\/li>\n<li>Installation of curtain rails and lighting.<\/li>\n<li>Comprehensive design and construction of furniture for the entire apartment.<\/li>\n<\/ul>\n<p>&nbsp;<\/p>\n<p>Zaczynaj\u0105c od wej\u015bcia do lokalu &#8211; nad samymi drzwiami znajduje si\u0119 zabudowa licznik\u00f3w, pod kt\u00f3r\u0105 od razu przy w\u0142o\u017ceniu karty do czytnika zapala si\u0119 \u015bwiat\u0142o. Pr\u0105d do tego o\u015bwietlenia musieli\u015bmy pobra\u0107 z w\u0142\u0105cznika co znacznie utrudnia\u0142o zadanie. Ca\u0142a zabudowa w tej cz\u0119\u015bci sk\u0142ada si\u0119 z szafy, zabudowy domofonu, oraz zabudowy licznik\u00f3w. Zrobiona jest tak, aby jaknajbardziej by\u0142a ze sob\u0105 spasowana oraz tworzy\u0142a jeden element. Jakby tego by\u0142o ma\u0142o, dla utrudnienia wn\u0119ka w kt\u00f3rej znajduje si\u0119 domofon musia\u0142a zosta\u0107 ob\u0142o\u017cona lacobelem, co wi\u0105za\u0142o si\u0119 z wycinaniem otwor\u00f3w w szkle oraz demonte\u017cem domofonu i systemu w\u0142\u0105czania pr\u0105du za pomoc\u0105 karty. Z pozoru niewinnie wygl\u0105daj\u0105cy mebel w korytarzu kryje za sob\u0105 tyle zagadnie\u0144. Szafa w tym meblu wyposa\u017cona jest w samozapalaj\u0105ce si\u0119 \u015bwiat\u0142o przy otwarciu drzwi.<\/p>\n<p>Kolejnym realizowanym przez nas zagadnieniem jest widoczna na zdj\u0119ciach \u015bciana w ca\u0142o\u015bci wy\u0142o\u017cona lustrem i lacobelem naprzemiennie. Tutaj ku zadowoleniu klient\u00f3w, wykonalismy us\u0142ug\u0119 kompleksowo, \u017ceby nie trzeba by\u0142o organizowa\u0107 i czeka\u0107 na kolejnych wykonawc\u00f3w &#8211; w tym wypadku szklarzy. Organizacja takiego przedsi\u0119wzi\u0119cia dla klient\u00f3w, kt\u00f3rzy mieszkaj\u0105 300km od tego apartamentu jest bardzo trudna i zdecydowanie potrzebuj\u0105 udogodnie\u0144 w tej kwestii. Niemniej jednak wy\u0142o\u017cenie tej \u015bciany wspomnianym szk\u0142em r\u00f3wnie\u017c nie by\u0142o zwyczajne, bo w ka\u017cdym prawie kawa\u0142ku wyst\u0119powa\u0142y gniazdka, lub sterowniki klimatyzacji, w\u0142\u0105czniki \u015bwiat\u0142a itp. Ka\u017cde szk\u0142o, kt\u00f3re organizowali\u015bmy by\u0142o dok\u0142adnie zmierzone i mia\u0142o wyliczone i wyci\u0119te otwory na wy\u017cej wymienione elementy instalacji elektrycznej. Transport takich kawa\u0142k\u00f3w szk\u0142a z wyci\u0119ciami jest bardzo utrudniony i ryzykowny, z\u0142waszcza kiedy nie mie\u015bci si\u0119 do windy, z uwagi na gabaryt&#8230;.. i trzeba je wnie\u015b\u0107 na \u00f3sme pi\u0119tro. Nie przeszkodzi\u0142o jednak to nam, \u017ceby perfekcyjnie wszystko dopasowa\u0107 i zamontowa\u0107.<\/p>\n<p>The floating dresser with four drawers and a stone top seemed straightforward, except for the need to integrate all the power supplies for the lighting behind the television. The drawer depth had to be adjusted to accommodate all these devices.<\/p>\n<p>In the bedroom, we crafted a wardrobe, bedside tables, a dresser, and a glass wall covering behind the TV.<\/p>\n<p>In this room, we also faced significant challenges, as each element required precision. The upholstered elements had to match the room's height. The dresser needed to account for the window-opening mechanism. The bedside tables had to feature surface-mounted outlets, which required ensuring a 230V power supply. We successfully combined all these elements into a cohesive design, achieving the desired result.<\/p>","protected":false},"excerpt":{"rendered":"<p>APARTAMENT INWESTYCYJNY MI\u0118DZYZDROJE Lokalizacja: Mi\u0119dzyzdroje Typ: Apartamenty Rok: 2023 Apartament ten jak ka\u017cdy inny w kt\u00f3rym mamy przyjemno\u015b\u0107 projektowa\u0107 i wykonwa\u0107 meble jak zwykle bardzo wiele od nas wymaga\u0142. G\u0142\u00f3wnym wymaganiem by\u0142o po\u0142\u0105czenie wielu element\u00f3w z r\u00f3\u017cnych bran\u017c w jedn\u0105 ca\u0142o\u015b\u0107, z uwagi na fakt, \u017ce w apartamencie tym wykonywali\u015bmy szeroki zakres prac. Do g\u0142\u00f3wnych&hellip;<\/p>","protected":false},"author":1,"featured_media":0,"parent":3189,"menu_order":0,"comment_status":"closed","ping_status":"closed","template":"","meta":{"footnotes":""},"class_list":["post-3252","page","type-page","status-publish","hentry"],"yoast_head":"<!-- This site is optimized with the Yoast SEO Premium plugin v23.3 (Yoast SEO v26.8) - https:\/\/yoast.com\/product\/yoast-seo-premium-wordpress\/ -->\n<title>Apartament Inwestycyjny Mi\u0119dzyzdroje - Expert Meble - Meble Na Wymiar Szczecin: Kuchnie, \u0141azienki, Szafy<\/title>\n<meta name=\"robots\" content=\"index, follow, max-snippet:-1, max-image-preview:large, max-video-preview:-1\" \/>\n<link rel=\"canonical\" href=\"https:\/\/expertmeble.com\/en\/portfolio\/investment-apartment-miedzyzdroje\/\" \/>\n<meta property=\"og:locale\" content=\"en_US\" \/>\n<meta property=\"og:type\" content=\"article\" \/>\n<meta property=\"og:title\" content=\"Apartament Inwestycyjny Mi\u0119dzyzdroje\" \/>\n<meta property=\"og:description\" content=\"APARTAMENT INWESTYCYJNY MI\u0118DZYZDROJE Lokalizacja: Mi\u0119dzyzdroje Typ: Apartamenty Rok: 2023 Apartament ten jak ka\u017cdy inny w kt\u00f3rym mamy przyjemno\u015b\u0107 projektowa\u0107 i wykonwa\u0107 meble jak zwykle bardzo wiele od nas wymaga\u0142. G\u0142\u00f3wnym wymaganiem by\u0142o po\u0142\u0105czenie wielu element\u00f3w z r\u00f3\u017cnych bran\u017c w jedn\u0105 ca\u0142o\u015b\u0107, z uwagi na fakt, \u017ce w apartamencie tym wykonywali\u015bmy szeroki zakres prac. Do g\u0142\u00f3wnych&hellip;\" \/>\n<meta property=\"og:url\" content=\"https:\/\/expertmeble.com\/en\/portfolio\/investment-apartment-miedzyzdroje\/\" \/>\n<meta property=\"og:site_name\" content=\"Expert Meble - Meble Na Wymiar Szczecin: Kuchnie, \u0141azienki, Szafy\" \/>\n<meta property=\"article:publisher\" content=\"https:\/\/www.facebook.com\/expertmeble24\/\" \/>\n<meta property=\"article:modified_time\" content=\"2026-03-24T19:58:18+00:00\" \/>\n<meta name=\"twitter:card\" content=\"summary_large_image\" \/>\n<meta name=\"twitter:label1\" content=\"Est. reading time\" \/>\n\t<meta name=\"twitter:data1\" content=\"3 minutes\" \/>\n<script type=\"application\/ld+json\" class=\"yoast-schema-graph\">{\"@context\":\"https:\/\/schema.org\",\"@graph\":[{\"@type\":\"WebPage\",\"@id\":\"https:\/\/expertmeble.com\/portfolio\/apartament-inwestycyjny-miedzyzdroje\/\",\"url\":\"https:\/\/expertmeble.com\/portfolio\/apartament-inwestycyjny-miedzyzdroje\/\",\"name\":\"Apartament Inwestycyjny Mi\u0119dzyzdroje - Expert Meble - Meble Na Wymiar Szczecin: Kuchnie, \u0141azienki, Szafy\",\"isPartOf\":{\"@id\":\"https:\/\/expertmeble.com\/#website\"},\"datePublished\":\"2024-04-04T16:12:49+00:00\",\"dateModified\":\"2026-03-24T19:58:18+00:00\",\"breadcrumb\":{\"@id\":\"https:\/\/expertmeble.com\/portfolio\/apartament-inwestycyjny-miedzyzdroje\/#breadcrumb\"},\"inLanguage\":\"en-US\",\"potentialAction\":[{\"@type\":\"ReadAction\",\"target\":[\"https:\/\/expertmeble.com\/portfolio\/apartament-inwestycyjny-miedzyzdroje\/\"]}]},{\"@type\":\"BreadcrumbList\",\"@id\":\"https:\/\/expertmeble.com\/portfolio\/apartament-inwestycyjny-miedzyzdroje\/#breadcrumb\",\"itemListElement\":[{\"@type\":\"ListItem\",\"position\":1,\"name\":\"Strona g\u0142\u00f3wna\",\"item\":\"https:\/\/expertmeble.com\/\"},{\"@type\":\"ListItem\",\"position\":2,\"name\":\"Portfolio\",\"item\":\"https:\/\/expertmeble.com\/portfolio\/\"},{\"@type\":\"ListItem\",\"position\":3,\"name\":\"Apartament Inwestycyjny Mi\u0119dzyzdroje\"}]},{\"@type\":\"WebSite\",\"@id\":\"https:\/\/expertmeble.com\/#website\",\"url\":\"https:\/\/expertmeble.com\/\",\"name\":\"Expert Meble - Meble Na Wymiar Szczecin: Kuchnie, \u0141azienki, Szafy\",\"description\":\"Meble, kuchnie, szafy, \u0142azienki oraz zabudowy na wymiar.\",\"potentialAction\":[{\"@type\":\"SearchAction\",\"target\":{\"@type\":\"EntryPoint\",\"urlTemplate\":\"https:\/\/expertmeble.com\/?s={search_term_string}\"},\"query-input\":{\"@type\":\"PropertyValueSpecification\",\"valueRequired\":true,\"valueName\":\"search_term_string\"}}],\"inLanguage\":\"en-US\"}]}<\/script>\n<!-- \/ Yoast SEO Premium plugin. -->","yoast_head_json":{"title":"Apartament Inwestycyjny Mi\u0119dzyzdroje - Expert Meble - Meble Na Wymiar Szczecin: Kuchnie, \u0141azienki, Szafy","robots":{"index":"index","follow":"follow","max-snippet":"max-snippet:-1","max-image-preview":"max-image-preview:large","max-video-preview":"max-video-preview:-1"},"canonical":"https:\/\/expertmeble.com\/en\/portfolio\/investment-apartment-miedzyzdroje\/","og_locale":"en_US","og_type":"article","og_title":"Apartament Inwestycyjny Mi\u0119dzyzdroje","og_description":"APARTAMENT INWESTYCYJNY MI\u0118DZYZDROJE Lokalizacja: Mi\u0119dzyzdroje Typ: Apartamenty Rok: 2023 Apartament ten jak ka\u017cdy inny w kt\u00f3rym mamy przyjemno\u015b\u0107 projektowa\u0107 i wykonwa\u0107 meble jak zwykle bardzo wiele od nas wymaga\u0142. G\u0142\u00f3wnym wymaganiem by\u0142o po\u0142\u0105czenie wielu element\u00f3w z r\u00f3\u017cnych bran\u017c w jedn\u0105 ca\u0142o\u015b\u0107, z uwagi na fakt, \u017ce w apartamencie tym wykonywali\u015bmy szeroki zakres prac. Do g\u0142\u00f3wnych&hellip;","og_url":"https:\/\/expertmeble.com\/en\/portfolio\/investment-apartment-miedzyzdroje\/","og_site_name":"Expert Meble - Meble Na Wymiar Szczecin: Kuchnie, \u0141azienki, Szafy","article_publisher":"https:\/\/www.facebook.com\/expertmeble24\/","article_modified_time":"2026-03-24T19:58:18+00:00","twitter_card":"summary_large_image","twitter_misc":{"Est. reading time":"3 minutes"},"schema":{"@context":"https:\/\/schema.org","@graph":[{"@type":"WebPage","@id":"https:\/\/expertmeble.com\/portfolio\/apartament-inwestycyjny-miedzyzdroje\/","url":"https:\/\/expertmeble.com\/portfolio\/apartament-inwestycyjny-miedzyzdroje\/","name":"Apartament Inwestycyjny Mi\u0119dzyzdroje - Expert Meble - Meble Na Wymiar Szczecin: Kuchnie, \u0141azienki, Szafy","isPartOf":{"@id":"https:\/\/expertmeble.com\/#website"},"datePublished":"2024-04-04T16:12:49+00:00","dateModified":"2026-03-24T19:58:18+00:00","breadcrumb":{"@id":"https:\/\/expertmeble.com\/portfolio\/apartament-inwestycyjny-miedzyzdroje\/#breadcrumb"},"inLanguage":"en-US","potentialAction":[{"@type":"ReadAction","target":["https:\/\/expertmeble.com\/portfolio\/apartament-inwestycyjny-miedzyzdroje\/"]}]},{"@type":"BreadcrumbList","@id":"https:\/\/expertmeble.com\/portfolio\/apartament-inwestycyjny-miedzyzdroje\/#breadcrumb","itemListElement":[{"@type":"ListItem","position":1,"name":"Strona g\u0142\u00f3wna","item":"https:\/\/expertmeble.com\/"},{"@type":"ListItem","position":2,"name":"Portfolio","item":"https:\/\/expertmeble.com\/portfolio\/"},{"@type":"ListItem","position":3,"name":"Apartament Inwestycyjny Mi\u0119dzyzdroje"}]},{"@type":"WebSite","@id":"https:\/\/expertmeble.com\/#website","url":"https:\/\/expertmeble.com\/","name":"Expert Meble - Meble Na Wymiar Szczecin: Kuchnie, \u0141azienki, Szafy","description":"Meble, kuchnie, szafy, \u0142azienki oraz zabudowy na wymiar.","potentialAction":[{"@type":"SearchAction","target":{"@type":"EntryPoint","urlTemplate":"https:\/\/expertmeble.com\/?s={search_term_string}"},"query-input":{"@type":"PropertyValueSpecification","valueRequired":true,"valueName":"search_term_string"}}],"inLanguage":"en-US"}]}},"_links":{"self":[{"href":"https:\/\/expertmeble.com\/en\/wp-json\/wp\/v2\/pages\/3252","targetHints":{"allow":["GET"]}}],"collection":[{"href":"https:\/\/expertmeble.com\/en\/wp-json\/wp\/v2\/pages"}],"about":[{"href":"https:\/\/expertmeble.com\/en\/wp-json\/wp\/v2\/types\/page"}],"author":[{"embeddable":true,"href":"https:\/\/expertmeble.com\/en\/wp-json\/wp\/v2\/users\/1"}],"replies":[{"embeddable":true,"href":"https:\/\/expertmeble.com\/en\/wp-json\/wp\/v2\/comments?post=3252"}],"version-history":[{"count":13,"href":"https:\/\/expertmeble.com\/en\/wp-json\/wp\/v2\/pages\/3252\/revisions"}],"predecessor-version":[{"id":5287,"href":"https:\/\/expertmeble.com\/en\/wp-json\/wp\/v2\/pages\/3252\/revisions\/5287"}],"up":[{"embeddable":true,"href":"https:\/\/expertmeble.com\/en\/wp-json\/wp\/v2\/pages\/3189"}],"wp:attachment":[{"href":"https:\/\/expertmeble.com\/en\/wp-json\/wp\/v2\/media?parent=3252"}],"curies":[{"name":"wp","href":"https:\/\/api.w.org\/{rel}","templated":true}]}}