{"id":3278,"date":"2024-04-04T18:49:10","date_gmt":"2024-04-04T16:49:10","guid":{"rendered":"https:\/\/expertmeble.com\/?page_id=3278"},"modified":"2026-03-24T21:00:51","modified_gmt":"2026-03-24T20:00:51","slug":"apartament-nad-morzem","status":"publish","type":"page","link":"https:\/\/expertmeble.com\/en\/portfolio\/apartment-by-the-sea\/","title":{"rendered":"Apartament Nad Morzem"},"content":{"rendered":"<a\n\t\t\thref=\"https:\/\/expertmeble.com\/wp-content\/uploads\/2024\/04\/Apartament-Nad-Morzem-meble-3.jpg\"\n\t\t\t\t\t\tdata-fancybox=\"images\" \n\t\t\ttitle=\"\" \n\t\t\t\t\t\tdata-description=\"\" \n\t\t\titemprop=\"contentUrl\">\n\t\t\t<img decoding=\"async\" src=\"https:\/\/expertmeble.com\/wp-content\/uploads\/2024\/04\/Apartament-Nad-Morzem-meble-3-768x1024.jpg\" alt=\"\" data-no-lazy=\"1\" itemprop=\"thumbnail\" width=\"768\" height=\"1024\" \/>\n\t\t\t<!-- Overlay Wrapper -->\n\t\t\t <!-- Overlay Wrapper Closed -->\n\t\t\t\t<\/a>\n\t\t\t\t\t\t\t<meta itemprop=\"width\" content=\"768\" \/>\n\t\t\t<meta itemprop=\"height\" content=\"1024\" \/>\n\t\t\t\t<a\n\t\t\thref=\"https:\/\/expertmeble.com\/wp-content\/uploads\/2024\/04\/Apartament-Nad-Morzem-meble.jpg\"\n\t\t\t\t\t\tdata-fancybox=\"images\" \n\t\t\ttitle=\"\" \n\t\t\t\t\t\tdata-description=\"\" \n\t\t\titemprop=\"contentUrl\">\n\t\t\t<img decoding=\"async\" src=\"https:\/\/expertmeble.com\/wp-content\/uploads\/2024\/04\/Apartament-Nad-Morzem-meble-768x1024.jpg\" alt=\"\" data-no-lazy=\"1\" itemprop=\"thumbnail\" width=\"768\" height=\"1024\" \/>\n\t\t\t<!-- Overlay Wrapper -->\n\t\t\t <!-- Overlay Wrapper Closed -->\n\t\t\t\t<\/a>\n\t\t\t\t\t\t\t<meta itemprop=\"width\" content=\"768\" \/>\n\t\t\t<meta itemprop=\"height\" content=\"1024\" \/>\n\t\t\t\t<a\n\t\t\thref=\"https:\/\/expertmeble.com\/wp-content\/uploads\/2024\/04\/received_6521083598011955.jpg\"\n\t\t\t\t\t\tdata-fancybox=\"images\" \n\t\t\ttitle=\"\" \n\t\t\t\t\t\tdata-description=\"\" \n\t\t\titemprop=\"contentUrl\">\n\t\t\t<img decoding=\"async\" src=\"https:\/\/expertmeble.com\/wp-content\/uploads\/2024\/04\/received_6521083598011955-617x1024.jpg\" alt=\"\" data-no-lazy=\"1\" itemprop=\"thumbnail\" width=\"617\" height=\"1024\" \/>\n\t\t\t<!-- Overlay Wrapper -->\n\t\t\t <!-- Overlay Wrapper Closed -->\n\t\t\t\t<\/a>\n\t\t\t\t\t\t\t<meta itemprop=\"width\" content=\"617\" \/>\n\t\t\t<meta itemprop=\"height\" content=\"1024\" \/>\n\t\t\t\t<a\n\t\t\thref=\"https:\/\/expertmeble.com\/wp-content\/uploads\/2024\/04\/received_855672332591893.jpg\"\n\t\t\t\t\t\tdata-fancybox=\"images\" \n\t\t\ttitle=\"\" \n\t\t\t\t\t\tdata-description=\"\" \n\t\t\titemprop=\"contentUrl\">\n\t\t\t<img decoding=\"async\" src=\"https:\/\/expertmeble.com\/wp-content\/uploads\/2024\/04\/received_855672332591893-768x1024.jpg\" alt=\"\" data-no-lazy=\"1\" itemprop=\"thumbnail\" width=\"768\" height=\"1024\" \/>\n\t\t\t<!-- Overlay Wrapper -->\n\t\t\t <!-- Overlay Wrapper Closed -->\n\t\t\t\t<\/a>\n\t\t\t\t\t\t\t<meta itemprop=\"width\" content=\"768\" \/>\n\t\t\t<meta itemprop=\"height\" content=\"1024\" \/>\n\t\t\t\t<a\n\t\t\thref=\"https:\/\/expertmeble.com\/wp-content\/uploads\/2024\/04\/Apartament-Nad-Morzem-meble-4.jpg\"\n\t\t\t\t\t\tdata-fancybox=\"images\" \n\t\t\ttitle=\"\" \n\t\t\t\t\t\tdata-description=\"\" \n\t\t\titemprop=\"contentUrl\">\n\t\t\t<img decoding=\"async\" src=\"https:\/\/expertmeble.com\/wp-content\/uploads\/2024\/04\/Apartament-Nad-Morzem-meble-4-768x1024.jpg\" alt=\"\" data-no-lazy=\"1\" itemprop=\"thumbnail\" width=\"768\" height=\"1024\" \/>\n\t\t\t<!-- Overlay Wrapper -->\n\t\t\t <!-- Overlay Wrapper Closed -->\n\t\t\t\t<\/a>\n\t\t\t\t\t\t\t<meta itemprop=\"width\" content=\"768\" \/>\n\t\t\t<meta itemprop=\"height\" content=\"1024\" \/>\n\t\t\t\t<a\n\t\t\thref=\"https:\/\/expertmeble.com\/wp-content\/uploads\/2024\/04\/received_282843974644553.jpg\"\n\t\t\t\t\t\tdata-fancybox=\"images\" \n\t\t\ttitle=\"\" \n\t\t\t\t\t\tdata-description=\"\" \n\t\t\titemprop=\"contentUrl\">\n\t\t\t<img decoding=\"async\" src=\"https:\/\/expertmeble.com\/wp-content\/uploads\/2024\/04\/received_282843974644553-768x1024.jpg\" alt=\"\" data-no-lazy=\"1\" itemprop=\"thumbnail\" width=\"768\" height=\"1024\" \/>\n\t\t\t<!-- Overlay Wrapper -->\n\t\t\t <!-- Overlay Wrapper Closed -->\n\t\t\t\t<\/a>\n\t\t\t\t\t\t\t<meta itemprop=\"width\" content=\"768\" \/>\n\t\t\t<meta itemprop=\"height\" content=\"1024\" \/>\n\t\t\t\t<a\n\t\t\thref=\"https:\/\/expertmeble.com\/wp-content\/uploads\/2024\/04\/Apartament-Nad-Morzem-meble-2.jpg\"\n\t\t\t\t\t\tdata-fancybox=\"images\" \n\t\t\ttitle=\"\" \n\t\t\t\t\t\tdata-description=\"\" \n\t\t\titemprop=\"contentUrl\">\n\t\t\t<img decoding=\"async\" src=\"https:\/\/expertmeble.com\/wp-content\/uploads\/2024\/04\/Apartament-Nad-Morzem-meble-2-768x1024.jpg\" alt=\"\" data-no-lazy=\"1\" itemprop=\"thumbnail\" width=\"768\" height=\"1024\" \/>\n\t\t\t<!-- Overlay Wrapper -->\n\t\t\t <!-- Overlay Wrapper Closed -->\n\t\t\t\t<\/a>\n\t\t\t\t\t\t\t<meta itemprop=\"width\" content=\"768\" \/>\n\t\t\t<meta itemprop=\"height\" content=\"1024\" \/>\n\t<h2>\n\t\tAPARTMENT BY THE SEA\n\t<\/h2>\n\tLocation: Mi\u0119dzywodzie<br \/>\nType: Apartments<br \/>\nYear: 2023\n\t<p>We also furnished this apartment comprehensively. We created the kitchen visible in the photos and a seating area in the hallway.<\/p>\n<p>Opr\u00f3cz tego W tym apartamencie wykonywali\u015bmy bardzo stylow\u0105 zabudow\u0119 sk\u0142adaj\u0105c\u0105 si\u0119 z lameli, witryny, szafek wisz\u0105cych, oraz specjalnego kamienia na\u015bciennego, kt\u00f3ry w po\u0142\u0105czeniu z srebrno &#8211; antracytowymi barwami daje bardzo dobry efekt. Na najwi\u0119ksz\u0105 uwag\u0119 zas\u0142uguje witryna przeszklona z trzech stron, zawieraj\u0105ca w sobie pod\u015bwietlane p\u00f3\u0142ki. Nie jest to najbardziej standardowy mebel jaki wykonywali\u015bmy J Zrobiony za to jest w pe\u0142ni na wymiar i w pe\u0142ni dopasowany do wn\u0119trza. Po bokach od tej witryny wpasowali\u015bmy wisz\u0105ce szafki. Wszystko musia\u0142o by\u0107 dopasowane do ca\u0142ej zabudowy z lamelami. Robili\u015bmy te\u017c o\u015bwietlenie LED wpasowane w te lamele, oraz jednocze\u015bnie wpasowane w zabudow\u0119 szafek.<\/p>","protected":false},"excerpt":{"rendered":"<p>APARTAMENT NAD MORZEM Lokalizacja: Mi\u0119dzywodzie Typ: Apartamenty Rok: 2023 Ten apartament te\u017c umeblowalismy kompleksowo. Zrobli\u015bmy widoczn\u0105 na zdj\u0119ciach kuchni\u0119 i siedzisko w przedpokoju. Opr\u00f3cz tego W tym apartamencie wykonywali\u015bmy bardzo stylow\u0105 zabudow\u0119 sk\u0142adaj\u0105c\u0105 si\u0119 z lameli, witryny, szafek wisz\u0105cych, oraz specjalnego kamienia na\u015bciennego, kt\u00f3ry w po\u0142\u0105czeniu z srebrno &#8211; antracytowymi barwami daje bardzo dobry efekt.&hellip;<\/p>","protected":false},"author":1,"featured_media":0,"parent":3189,"menu_order":0,"comment_status":"closed","ping_status":"closed","template":"","meta":{"footnotes":""},"class_list":["post-3278","page","type-page","status-publish","hentry"],"yoast_head":"<!-- This site is optimized with the Yoast SEO Premium plugin v23.3 (Yoast SEO v26.8) - https:\/\/yoast.com\/product\/yoast-seo-premium-wordpress\/ -->\n<title>Apartament Nad Morzem - Expert Meble - Meble Na Wymiar Szczecin: Kuchnie, \u0141azienki, Szafy<\/title>\n<meta name=\"robots\" content=\"index, follow, max-snippet:-1, max-image-preview:large, max-video-preview:-1\" \/>\n<link rel=\"canonical\" href=\"https:\/\/expertmeble.com\/en\/portfolio\/apartment-by-the-sea\/\" \/>\n<meta property=\"og:locale\" content=\"en_US\" \/>\n<meta property=\"og:type\" content=\"article\" \/>\n<meta property=\"og:title\" content=\"Apartament Nad Morzem\" \/>\n<meta property=\"og:description\" content=\"APARTAMENT NAD MORZEM Lokalizacja: Mi\u0119dzywodzie Typ: Apartamenty Rok: 2023 Ten apartament te\u017c umeblowalismy kompleksowo. Zrobli\u015bmy widoczn\u0105 na zdj\u0119ciach kuchni\u0119 i siedzisko w przedpokoju. Opr\u00f3cz tego W tym apartamencie wykonywali\u015bmy bardzo stylow\u0105 zabudow\u0119 sk\u0142adaj\u0105c\u0105 si\u0119 z lameli, witryny, szafek wisz\u0105cych, oraz specjalnego kamienia na\u015bciennego, kt\u00f3ry w po\u0142\u0105czeniu z srebrno &#8211; antracytowymi barwami daje bardzo dobry efekt.&hellip;\" \/>\n<meta property=\"og:url\" content=\"https:\/\/expertmeble.com\/en\/portfolio\/apartment-by-the-sea\/\" \/>\n<meta property=\"og:site_name\" content=\"Expert Meble - Meble Na Wymiar Szczecin: Kuchnie, \u0141azienki, Szafy\" \/>\n<meta property=\"article:publisher\" content=\"https:\/\/www.facebook.com\/expertmeble24\/\" \/>\n<meta property=\"article:modified_time\" content=\"2026-03-24T20:00:51+00:00\" \/>\n<meta property=\"og:image\" content=\"https:\/\/expertmeble.com\/wp-content\/uploads\/2024\/04\/Apartament-Nad-Morzem-meble-3-768x1024.jpg\" \/>\n<meta name=\"twitter:card\" content=\"summary_large_image\" \/>\n<meta name=\"twitter:label1\" content=\"Est. reading time\" \/>\n\t<meta name=\"twitter:data1\" content=\"1 minute\" \/>\n<script type=\"application\/ld+json\" class=\"yoast-schema-graph\">{\"@context\":\"https:\/\/schema.org\",\"@graph\":[{\"@type\":\"WebPage\",\"@id\":\"https:\/\/expertmeble.com\/portfolio\/apartament-nad-morzem\/\",\"url\":\"https:\/\/expertmeble.com\/portfolio\/apartament-nad-morzem\/\",\"name\":\"Apartament Nad Morzem - Expert Meble - Meble Na Wymiar Szczecin: Kuchnie, \u0141azienki, Szafy\",\"isPartOf\":{\"@id\":\"https:\/\/expertmeble.com\/#website\"},\"primaryImageOfPage\":{\"@id\":\"https:\/\/expertmeble.com\/portfolio\/apartament-nad-morzem\/#primaryimage\"},\"image\":{\"@id\":\"https:\/\/expertmeble.com\/portfolio\/apartament-nad-morzem\/#primaryimage\"},\"thumbnailUrl\":\"https:\/\/expertmeble.com\/wp-content\/uploads\/2024\/04\/Apartament-Nad-Morzem-meble-3-768x1024.jpg\",\"datePublished\":\"2024-04-04T16:49:10+00:00\",\"dateModified\":\"2026-03-24T20:00:51+00:00\",\"breadcrumb\":{\"@id\":\"https:\/\/expertmeble.com\/portfolio\/apartament-nad-morzem\/#breadcrumb\"},\"inLanguage\":\"en-US\",\"potentialAction\":[{\"@type\":\"ReadAction\",\"target\":[\"https:\/\/expertmeble.com\/portfolio\/apartament-nad-morzem\/\"]}]},{\"@type\":\"ImageObject\",\"inLanguage\":\"en-US\",\"@id\":\"https:\/\/expertmeble.com\/portfolio\/apartament-nad-morzem\/#primaryimage\",\"url\":\"https:\/\/expertmeble.com\/wp-content\/uploads\/2024\/04\/Apartament-Nad-Morzem-meble-3-768x1024.jpg\",\"contentUrl\":\"https:\/\/expertmeble.com\/wp-content\/uploads\/2024\/04\/Apartament-Nad-Morzem-meble-3-768x1024.jpg\"},{\"@type\":\"BreadcrumbList\",\"@id\":\"https:\/\/expertmeble.com\/portfolio\/apartament-nad-morzem\/#breadcrumb\",\"itemListElement\":[{\"@type\":\"ListItem\",\"position\":1,\"name\":\"Strona g\u0142\u00f3wna\",\"item\":\"https:\/\/expertmeble.com\/\"},{\"@type\":\"ListItem\",\"position\":2,\"name\":\"Portfolio\",\"item\":\"https:\/\/expertmeble.com\/portfolio\/\"},{\"@type\":\"ListItem\",\"position\":3,\"name\":\"Apartament Nad Morzem\"}]},{\"@type\":\"WebSite\",\"@id\":\"https:\/\/expertmeble.com\/#website\",\"url\":\"https:\/\/expertmeble.com\/\",\"name\":\"Expert Meble - Meble Na Wymiar Szczecin: Kuchnie, \u0141azienki, Szafy\",\"description\":\"Meble, kuchnie, szafy, \u0142azienki oraz zabudowy na wymiar.\",\"potentialAction\":[{\"@type\":\"SearchAction\",\"target\":{\"@type\":\"EntryPoint\",\"urlTemplate\":\"https:\/\/expertmeble.com\/?s={search_term_string}\"},\"query-input\":{\"@type\":\"PropertyValueSpecification\",\"valueRequired\":true,\"valueName\":\"search_term_string\"}}],\"inLanguage\":\"en-US\"}]}<\/script>\n<!-- \/ Yoast SEO Premium plugin. -->","yoast_head_json":{"title":"Apartament Nad Morzem - Expert Meble - Meble Na Wymiar Szczecin: Kuchnie, \u0141azienki, Szafy","robots":{"index":"index","follow":"follow","max-snippet":"max-snippet:-1","max-image-preview":"max-image-preview:large","max-video-preview":"max-video-preview:-1"},"canonical":"https:\/\/expertmeble.com\/en\/portfolio\/apartment-by-the-sea\/","og_locale":"en_US","og_type":"article","og_title":"Apartament Nad Morzem","og_description":"APARTAMENT NAD MORZEM Lokalizacja: Mi\u0119dzywodzie Typ: Apartamenty Rok: 2023 Ten apartament te\u017c umeblowalismy kompleksowo. Zrobli\u015bmy widoczn\u0105 na zdj\u0119ciach kuchni\u0119 i siedzisko w przedpokoju. Opr\u00f3cz tego W tym apartamencie wykonywali\u015bmy bardzo stylow\u0105 zabudow\u0119 sk\u0142adaj\u0105c\u0105 si\u0119 z lameli, witryny, szafek wisz\u0105cych, oraz specjalnego kamienia na\u015bciennego, kt\u00f3ry w po\u0142\u0105czeniu z srebrno &#8211; antracytowymi barwami daje bardzo dobry efekt.&hellip;","og_url":"https:\/\/expertmeble.com\/en\/portfolio\/apartment-by-the-sea\/","og_site_name":"Expert Meble - Meble Na Wymiar Szczecin: Kuchnie, \u0141azienki, Szafy","article_publisher":"https:\/\/www.facebook.com\/expertmeble24\/","article_modified_time":"2026-03-24T20:00:51+00:00","og_image":[{"url":"https:\/\/expertmeble.com\/wp-content\/uploads\/2024\/04\/Apartament-Nad-Morzem-meble-3-768x1024.jpg","type":"","width":"","height":""}],"twitter_card":"summary_large_image","twitter_misc":{"Est. reading time":"1 minute"},"schema":{"@context":"https:\/\/schema.org","@graph":[{"@type":"WebPage","@id":"https:\/\/expertmeble.com\/portfolio\/apartament-nad-morzem\/","url":"https:\/\/expertmeble.com\/portfolio\/apartament-nad-morzem\/","name":"Apartament Nad Morzem - Expert Meble - Meble Na Wymiar Szczecin: Kuchnie, \u0141azienki, Szafy","isPartOf":{"@id":"https:\/\/expertmeble.com\/#website"},"primaryImageOfPage":{"@id":"https:\/\/expertmeble.com\/portfolio\/apartament-nad-morzem\/#primaryimage"},"image":{"@id":"https:\/\/expertmeble.com\/portfolio\/apartament-nad-morzem\/#primaryimage"},"thumbnailUrl":"https:\/\/expertmeble.com\/wp-content\/uploads\/2024\/04\/Apartament-Nad-Morzem-meble-3-768x1024.jpg","datePublished":"2024-04-04T16:49:10+00:00","dateModified":"2026-03-24T20:00:51+00:00","breadcrumb":{"@id":"https:\/\/expertmeble.com\/portfolio\/apartament-nad-morzem\/#breadcrumb"},"inLanguage":"en-US","potentialAction":[{"@type":"ReadAction","target":["https:\/\/expertmeble.com\/portfolio\/apartament-nad-morzem\/"]}]},{"@type":"ImageObject","inLanguage":"en-US","@id":"https:\/\/expertmeble.com\/portfolio\/apartament-nad-morzem\/#primaryimage","url":"https:\/\/expertmeble.com\/wp-content\/uploads\/2024\/04\/Apartament-Nad-Morzem-meble-3-768x1024.jpg","contentUrl":"https:\/\/expertmeble.com\/wp-content\/uploads\/2024\/04\/Apartament-Nad-Morzem-meble-3-768x1024.jpg"},{"@type":"BreadcrumbList","@id":"https:\/\/expertmeble.com\/portfolio\/apartament-nad-morzem\/#breadcrumb","itemListElement":[{"@type":"ListItem","position":1,"name":"Strona g\u0142\u00f3wna","item":"https:\/\/expertmeble.com\/"},{"@type":"ListItem","position":2,"name":"Portfolio","item":"https:\/\/expertmeble.com\/portfolio\/"},{"@type":"ListItem","position":3,"name":"Apartament Nad Morzem"}]},{"@type":"WebSite","@id":"https:\/\/expertmeble.com\/#website","url":"https:\/\/expertmeble.com\/","name":"Expert Meble - Meble Na Wymiar Szczecin: Kuchnie, \u0141azienki, Szafy","description":"Meble, kuchnie, szafy, \u0142azienki oraz zabudowy na wymiar.","potentialAction":[{"@type":"SearchAction","target":{"@type":"EntryPoint","urlTemplate":"https:\/\/expertmeble.com\/?s={search_term_string}"},"query-input":{"@type":"PropertyValueSpecification","valueRequired":true,"valueName":"search_term_string"}}],"inLanguage":"en-US"}]}},"_links":{"self":[{"href":"https:\/\/expertmeble.com\/en\/wp-json\/wp\/v2\/pages\/3278","targetHints":{"allow":["GET"]}}],"collection":[{"href":"https:\/\/expertmeble.com\/en\/wp-json\/wp\/v2\/pages"}],"about":[{"href":"https:\/\/expertmeble.com\/en\/wp-json\/wp\/v2\/types\/page"}],"author":[{"embeddable":true,"href":"https:\/\/expertmeble.com\/en\/wp-json\/wp\/v2\/users\/1"}],"replies":[{"embeddable":true,"href":"https:\/\/expertmeble.com\/en\/wp-json\/wp\/v2\/comments?post=3278"}],"version-history":[{"count":5,"href":"https:\/\/expertmeble.com\/en\/wp-json\/wp\/v2\/pages\/3278\/revisions"}],"predecessor-version":[{"id":5290,"href":"https:\/\/expertmeble.com\/en\/wp-json\/wp\/v2\/pages\/3278\/revisions\/5290"}],"up":[{"embeddable":true,"href":"https:\/\/expertmeble.com\/en\/wp-json\/wp\/v2\/pages\/3189"}],"wp:attachment":[{"href":"https:\/\/expertmeble.com\/en\/wp-json\/wp\/v2\/media?parent=3278"}],"curies":[{"name":"wp","href":"https:\/\/api.w.org\/{rel}","templated":true}]}}