{"id":3290,"date":"2024-04-04T18:55:22","date_gmt":"2024-04-04T16:55:22","guid":{"rendered":"https:\/\/expertmeble.com\/?page_id=3290"},"modified":"2026-03-24T21:01:38","modified_gmt":"2026-03-24T20:01:38","slug":"apartament-swinoujscie","status":"publish","type":"page","link":"https:\/\/expertmeble.com\/en\/portfolio\/apartment-swinoujscie\/","title":{"rendered":"Apartament \u015awinouj\u015bcie"},"content":{"rendered":"<a\n\t\t\thref=\"https:\/\/expertmeble.com\/wp-content\/uploads\/2024\/04\/Meble-Apartament-Swinoujscie-2.jpg\"\n\t\t\t\t\t\tdata-fancybox=\"images\" \n\t\t\ttitle=\"Meble Apartament Swinoujscie-2\" \n\t\t\t\t\t\tdata-description=\"\" \n\t\t\titemprop=\"contentUrl\">\n\t\t\t<img decoding=\"async\" src=\"https:\/\/expertmeble.com\/wp-content\/uploads\/2024\/04\/Meble-Apartament-Swinoujscie-2-768x1024.jpg\" alt=\"\" data-no-lazy=\"1\" itemprop=\"thumbnail\" width=\"768\" height=\"1024\" \/>\n\t\t\t<!-- Overlay Wrapper -->\n\t\t\t <!-- Overlay Wrapper Closed -->\n\t\t\t\t<\/a>\n\t\t\t\t\t\t\t<meta itemprop=\"width\" content=\"768\" \/>\n\t\t\t<meta itemprop=\"height\" content=\"1024\" \/>\n\t\t\t\t<a\n\t\t\thref=\"https:\/\/expertmeble.com\/wp-content\/uploads\/2024\/04\/Meble-Apartament-Swinoujscie-5.jpg\"\n\t\t\t\t\t\tdata-fancybox=\"images\" \n\t\t\ttitle=\"Meble Apartament Swinoujscie-5\" \n\t\t\t\t\t\tdata-description=\"\" \n\t\t\titemprop=\"contentUrl\">\n\t\t\t<img decoding=\"async\" src=\"https:\/\/expertmeble.com\/wp-content\/uploads\/2024\/04\/Meble-Apartament-Swinoujscie-5-1024x768.jpg\" alt=\"\" data-no-lazy=\"1\" itemprop=\"thumbnail\" width=\"1024\" height=\"768\" \/>\n\t\t\t<!-- Overlay Wrapper -->\n\t\t\t <!-- Overlay Wrapper Closed -->\n\t\t\t\t<\/a>\n\t\t\t\t\t\t\t<meta itemprop=\"width\" content=\"1024\" \/>\n\t\t\t<meta itemprop=\"height\" content=\"768\" \/>\n\t\t\t\t<a\n\t\t\thref=\"https:\/\/expertmeble.com\/wp-content\/uploads\/2024\/04\/Meble-Apartament-Swinoujscie-3.jpg\"\n\t\t\t\t\t\tdata-fancybox=\"images\" \n\t\t\ttitle=\"Meble Apartament Swinoujscie-3\" \n\t\t\t\t\t\tdata-description=\"\" \n\t\t\titemprop=\"contentUrl\">\n\t\t\t<img decoding=\"async\" src=\"https:\/\/expertmeble.com\/wp-content\/uploads\/2024\/04\/Meble-Apartament-Swinoujscie-3-768x1024.jpg\" alt=\"\" data-no-lazy=\"1\" itemprop=\"thumbnail\" width=\"768\" height=\"1024\" \/>\n\t\t\t<!-- Overlay Wrapper -->\n\t\t\t <!-- Overlay Wrapper Closed -->\n\t\t\t\t<\/a>\n\t\t\t\t\t\t\t<meta itemprop=\"width\" content=\"768\" \/>\n\t\t\t<meta itemprop=\"height\" content=\"1024\" \/>\n\t\t\t\t<a\n\t\t\thref=\"https:\/\/expertmeble.com\/wp-content\/uploads\/2024\/04\/Meble-Apartament-Swinoujscie-4.jpg\"\n\t\t\t\t\t\tdata-fancybox=\"images\" \n\t\t\ttitle=\"Meble Apartament Swinoujscie-4\" \n\t\t\t\t\t\tdata-description=\"\" \n\t\t\titemprop=\"contentUrl\">\n\t\t\t<img decoding=\"async\" src=\"https:\/\/expertmeble.com\/wp-content\/uploads\/2024\/04\/Meble-Apartament-Swinoujscie-4-1024x768.jpg\" alt=\"\" data-no-lazy=\"1\" itemprop=\"thumbnail\" width=\"1024\" height=\"768\" \/>\n\t\t\t<!-- Overlay Wrapper -->\n\t\t\t <!-- Overlay Wrapper Closed -->\n\t\t\t\t<\/a>\n\t\t\t\t\t\t\t<meta itemprop=\"width\" content=\"1024\" \/>\n\t\t\t<meta itemprop=\"height\" content=\"768\" \/>\n\t\t\t\t<a\n\t\t\thref=\"https:\/\/expertmeble.com\/wp-content\/uploads\/2024\/04\/Meble-Apartament-Swinoujscie.jpg\"\n\t\t\t\t\t\tdata-fancybox=\"images\" \n\t\t\ttitle=\"Meble Apartament Swinoujscie\" \n\t\t\t\t\t\tdata-description=\"\" \n\t\t\titemprop=\"contentUrl\">\n\t\t\t<img decoding=\"async\" src=\"https:\/\/expertmeble.com\/wp-content\/uploads\/2024\/04\/Meble-Apartament-Swinoujscie-768x1024.jpg\" alt=\"\" data-no-lazy=\"1\" itemprop=\"thumbnail\" width=\"768\" height=\"1024\" \/>\n\t\t\t<!-- Overlay Wrapper -->\n\t\t\t <!-- Overlay Wrapper Closed -->\n\t\t\t\t<\/a>\n\t\t\t\t\t\t\t<meta itemprop=\"width\" content=\"768\" \/>\n\t\t\t<meta itemprop=\"height\" content=\"1024\" \/>\n\t<h2>\n\t\tAPARTMENT \u015aWINOUJ\u015aCIE\n\t<\/h2>\n\tLocation: \u015awinouj\u015bcie<br \/>\nType: Apartments<br \/>\nYear: 2023\n\t<p>At the beginning of this project, we created designs for all the furniture in this apartment. We presented clients with various versions, from which we eventually selected the most attractive ones. After minor adjustments and color tuning, we proceeded with the implementation.<\/p>\n<p>This apartment is approximately 65 square meters and includes 2 bedrooms, a living room, a long hallway, and a bathroom. We furnished nearly every room in this apartment, and each piece of furniture posed a challenge and served different functions.<\/p>\n<p>W korytarzu zrobili\u015bmy dwa typu zabudowy. Jeden typ to szafka na buty po\u0142\u0105czona z zabudow\u0105 licznik\u00f3w i siedziskiem tapicerowanym. W meblach tych widoczna jest wn\u0119ka zrobiona z p\u0142yty Egger &#8211; Akacja Lakeland Jasna \u0142adnie pod\u015bwietlona wyfrezowanym w \u015brodku ko\u0142nierzem LED. O\u015bwietlenie jest r\u00f3wnie\u017c zamontowane tu\u017c nad wej\u015bciem do apartamentu. Zabudowa ta r\u00f3wnie\u017c zakrywa skrzynki bezpiecznikowe. Nale\u017cy zwr\u00f3ci\u0107 tutaj te\u017c uwag\u0119, na to \u017ce fronty w ca\u0142ej tej szafie s\u0105 dopasowane do wyoko\u015bci drzwi wej\u015bciowych tworz\u0105c przy tym jedn\u0105 lini\u0119 odci\u0119cia w ca\u0142ym meblu. W dolnej cz\u0119\u015bci znajduje si\u0119 te\u017c logoterma, kt\u00f3ra sprytnie i \u0142adnie ukryta jest w lewej szafce za mo\u017cliw\u0105 do wyci\u0105gni\u0119cia p\u00f3\u0142k\u0105. O\u015bwietlenie, kt\u00f3re zamontowalismy jest to technologia COB CCT 24V &#8211; daj\u0105ca mo\u017cliwo\u015b\u0107 regulacji temperatury barwowej od 2300K do 6500K.<\/p>\n<p>Drug\u0105 zabudow\u0105, kt\u00f3r\u0105 wykonali\u015bmy w korytarzu jest d\u0142uga na trzy metry szafa. Wyzwa\u0144 w tej szafie by\u0142o kilka. Pierwszym z nich by\u0142o zrobienie front\u00f3w od g\u00f3ry do do\u0142u, tak \u017ceby szafa bardzo mocno przypomina\u0142a \u015bcian\u0119, bez \u017cadnego coko\u0142u, bez widocznych wystaj\u0105cych element\u00f3w. Design ten uda\u0142o nam si\u0119 osi\u0105gn\u0105\u0107 poprzez widoczne na zdj\u0119ciach bardzo precyzyjne dopasowanie front\u00f3w do wysoko\u015bci pomieszczenia. Szafa zlewa si\u0119 w jedn\u0105 ca\u0142o\u015b\u0107, przez co daje wra\u017cenie kontynuacji \u015bciany. Drugim wa\u017cnym elementem, kt\u00f3ry ta szafa musia\u0142a spe\u0142nia\u0107 jest fakt ukrycia komina wentylacyjnego. W tym zadaniu musieli\u015bmy zmieni\u0107 g\u0142\u0119boko\u015bci poszczeg\u00f3lnych segment\u00f3w szafy, tak aby jednocze\u015bnie licowa\u0142y si\u0119 ze \u015bcian\u0105 z lewej strony i tym samym zas\u0142ania\u0142y komin w tylnej cz\u0119\u015bci tworz\u0105c od przodu jedn\u0105 sp\u00f3jn\u0105 p\u0142aszczyn\u0119. Przy tym manewrze niezb\u0119dne by\u0142o aby przerobi\u0107 te\u017c system wentylacyjny zapewniaj\u0105c mu dro\u017cno\u015b\u0107. Widoczna na zdj\u0119ciach systemowa kratka wentylacyjna znajduje si\u0119 ju\u017c na froncie, po tym jak przerobili\u015bmy ca\u0142y ukad tak, aby dzia\u0142a\u0142 po zabudowaniu go szaf\u0105. W tej szafie pojawi\u0142y si\u0119 jeszcze zamki magnetyczne na specjalnie \u017cyczenie klienta. Jest to bardzo przydatne udogodnienie dla apartament\u00f3w inwestycyjnych z przeznaczeniem na wynajem wakacyjny &#8211; z uwagi na mo\u017cliwo\u015b\u0107 przechowywania po\u015bcieli, lub innych rzeczy, do kt\u00f3rych powinna mie\u0107 dost\u0119p obs\u0142uga sprz\u0105taj\u0105ca itp. Zamki te nie s\u0105 widoczne od przodu i nie szpec\u0105 wygl\u0105du mebli. Ca\u0142a reszta czyli szuflady i relingi to nic nadzwyczajnego. Zosta\u0142y dobrze rozplanowane i spisuj\u0105 si\u0119 idealnie.<\/p>\n<p>In addition, we installed a wardrobe fitted between two walls in Bedroom 1. The wardrobe was very customized, and it was even necessary to use a planer to level minor wall irregularities, removing some material from the back of the niche near the ceiling.<\/p>\n<p>W sypialni numer 2 wykonali\u015bmy zabudow\u0119 TV, oraz szaf\u0119 ubraniow\u0105 po\u0142\u0105cz\u0105n\u0105 przy tym z komod\u0105 zawieraj\u0105c\u0105 4 szuflady. W tej zabudowie niezb\u0119dne by\u0142o te\u017c wyprowadzenie kabli, oraz delikatna przer\u00f3bka elektryczna, kt\u00f3r\u0105 te\u017c wykonalismy. Kable po naszym monta\u017cu wystaj\u0105 za Telewizorem i mo\u017cna ca\u0142y uk\u0142ad spokojnie pod\u0142\u0105cza\u0107. Wn\u0119ka na TV wykonana zosta\u0142a r\u00f3wnie\u017c z p\u0142yty Egger &#8211; Akacja Lakeland Jasna. Szuflady u\u017cyte do tej zabudowy to Blum Tandembox Antaro bia\u0142e otwiarane poprzez system tip-on. G\u0142\u0119boko\u015b\u0107 szuflad jest mniejsza \u00a0&#8211; tak aby zosta\u0142y dopasowane do g\u0142\u0119bko\u015bci komody. W tym wypadku by\u0142o to 350mm g\u0142\u0119boko\u015bci prowadnicy, przy zachowaniu 400mm g\u0142\u0119bko\u015bci blatu komody.<\/p>","protected":false},"excerpt":{"rendered":"<p>APARTAMENT \u015aWINOUJ\u015aCIE Lokalizacja: \u015awinouj\u015bcie Typ: Apartamenty Rok: 2023 Stworzyli\u015bmy w tym lokum na samym pocz\u0105tku projekty wszystkich mebli. Przedstawiali\u015bmy klientom wiele ich wersji z kt\u00f3rych uda\u0142o si\u0119 ostatecznie wy\u0142oni\u0107, te najbardziej atrakcyjne. Po drobnych poprawkach i dostrojeniu kolorystycznym przyst\u0105pilismy do realizacji. Apartament ten mierzy oko\u0142o 65 mkw2 i znajduj\u0105 si\u0119 w nim 2 sypialnie, salon,&hellip;<\/p>","protected":false},"author":1,"featured_media":0,"parent":3189,"menu_order":0,"comment_status":"closed","ping_status":"closed","template":"","meta":{"footnotes":""},"class_list":["post-3290","page","type-page","status-publish","hentry"],"yoast_head":"<!-- This site is optimized with the Yoast SEO Premium plugin v23.3 (Yoast SEO v26.8) - https:\/\/yoast.com\/product\/yoast-seo-premium-wordpress\/ -->\n<title>Apartament \u015awinouj\u015bcie - Expert Meble - Meble Na Wymiar Szczecin: Kuchnie, \u0141azienki, Szafy<\/title>\n<meta name=\"robots\" content=\"index, follow, max-snippet:-1, max-image-preview:large, max-video-preview:-1\" \/>\n<link rel=\"canonical\" href=\"https:\/\/expertmeble.com\/en\/portfolio\/apartment-swinoujscie\/\" \/>\n<meta property=\"og:locale\" content=\"en_US\" \/>\n<meta property=\"og:type\" content=\"article\" \/>\n<meta property=\"og:title\" content=\"Apartament \u015awinouj\u015bcie\" \/>\n<meta property=\"og:description\" content=\"APARTAMENT \u015aWINOUJ\u015aCIE Lokalizacja: \u015awinouj\u015bcie Typ: Apartamenty Rok: 2023 Stworzyli\u015bmy w tym lokum na samym pocz\u0105tku projekty wszystkich mebli. Przedstawiali\u015bmy klientom wiele ich wersji z kt\u00f3rych uda\u0142o si\u0119 ostatecznie wy\u0142oni\u0107, te najbardziej atrakcyjne. Po drobnych poprawkach i dostrojeniu kolorystycznym przyst\u0105pilismy do realizacji. Apartament ten mierzy oko\u0142o 65 mkw2 i znajduj\u0105 si\u0119 w nim 2 sypialnie, salon,&hellip;\" \/>\n<meta property=\"og:url\" content=\"https:\/\/expertmeble.com\/en\/portfolio\/apartment-swinoujscie\/\" \/>\n<meta property=\"og:site_name\" content=\"Expert Meble - Meble Na Wymiar Szczecin: Kuchnie, \u0141azienki, Szafy\" \/>\n<meta property=\"article:publisher\" content=\"https:\/\/www.facebook.com\/expertmeble24\/\" \/>\n<meta property=\"article:modified_time\" content=\"2026-03-24T20:01:38+00:00\" \/>\n<meta property=\"og:image\" content=\"https:\/\/expertmeble.com\/wp-content\/uploads\/2024\/04\/Meble-Apartament-Swinoujscie-2-768x1024.jpg\" \/>\n<meta name=\"twitter:card\" content=\"summary_large_image\" \/>\n<meta name=\"twitter:label1\" content=\"Est. reading time\" \/>\n\t<meta name=\"twitter:data1\" content=\"3 minutes\" \/>\n<script type=\"application\/ld+json\" class=\"yoast-schema-graph\">{\"@context\":\"https:\/\/schema.org\",\"@graph\":[{\"@type\":\"WebPage\",\"@id\":\"https:\/\/expertmeble.com\/portfolio\/apartament-swinoujscie\/\",\"url\":\"https:\/\/expertmeble.com\/portfolio\/apartament-swinoujscie\/\",\"name\":\"Apartament \u015awinouj\u015bcie - Expert Meble - Meble Na Wymiar Szczecin: Kuchnie, \u0141azienki, Szafy\",\"isPartOf\":{\"@id\":\"https:\/\/expertmeble.com\/#website\"},\"primaryImageOfPage\":{\"@id\":\"https:\/\/expertmeble.com\/portfolio\/apartament-swinoujscie\/#primaryimage\"},\"image\":{\"@id\":\"https:\/\/expertmeble.com\/portfolio\/apartament-swinoujscie\/#primaryimage\"},\"thumbnailUrl\":\"https:\/\/expertmeble.com\/wp-content\/uploads\/2024\/04\/Meble-Apartament-Swinoujscie-2-768x1024.jpg\",\"datePublished\":\"2024-04-04T16:55:22+00:00\",\"dateModified\":\"2026-03-24T20:01:38+00:00\",\"breadcrumb\":{\"@id\":\"https:\/\/expertmeble.com\/portfolio\/apartament-swinoujscie\/#breadcrumb\"},\"inLanguage\":\"en-US\",\"potentialAction\":[{\"@type\":\"ReadAction\",\"target\":[\"https:\/\/expertmeble.com\/portfolio\/apartament-swinoujscie\/\"]}]},{\"@type\":\"ImageObject\",\"inLanguage\":\"en-US\",\"@id\":\"https:\/\/expertmeble.com\/portfolio\/apartament-swinoujscie\/#primaryimage\",\"url\":\"https:\/\/expertmeble.com\/wp-content\/uploads\/2024\/04\/Meble-Apartament-Swinoujscie-2-768x1024.jpg\",\"contentUrl\":\"https:\/\/expertmeble.com\/wp-content\/uploads\/2024\/04\/Meble-Apartament-Swinoujscie-2-768x1024.jpg\"},{\"@type\":\"BreadcrumbList\",\"@id\":\"https:\/\/expertmeble.com\/portfolio\/apartament-swinoujscie\/#breadcrumb\",\"itemListElement\":[{\"@type\":\"ListItem\",\"position\":1,\"name\":\"Strona g\u0142\u00f3wna\",\"item\":\"https:\/\/expertmeble.com\/\"},{\"@type\":\"ListItem\",\"position\":2,\"name\":\"Portfolio\",\"item\":\"https:\/\/expertmeble.com\/portfolio\/\"},{\"@type\":\"ListItem\",\"position\":3,\"name\":\"Apartament \u015awinouj\u015bcie\"}]},{\"@type\":\"WebSite\",\"@id\":\"https:\/\/expertmeble.com\/#website\",\"url\":\"https:\/\/expertmeble.com\/\",\"name\":\"Expert Meble - Meble Na Wymiar Szczecin: Kuchnie, \u0141azienki, Szafy\",\"description\":\"Meble, kuchnie, szafy, \u0142azienki oraz zabudowy na wymiar.\",\"potentialAction\":[{\"@type\":\"SearchAction\",\"target\":{\"@type\":\"EntryPoint\",\"urlTemplate\":\"https:\/\/expertmeble.com\/?s={search_term_string}\"},\"query-input\":{\"@type\":\"PropertyValueSpecification\",\"valueRequired\":true,\"valueName\":\"search_term_string\"}}],\"inLanguage\":\"en-US\"}]}<\/script>\n<!-- \/ Yoast SEO Premium plugin. -->","yoast_head_json":{"title":"Apartament \u015awinouj\u015bcie - Expert Meble - Meble Na Wymiar Szczecin: Kuchnie, \u0141azienki, Szafy","robots":{"index":"index","follow":"follow","max-snippet":"max-snippet:-1","max-image-preview":"max-image-preview:large","max-video-preview":"max-video-preview:-1"},"canonical":"https:\/\/expertmeble.com\/en\/portfolio\/apartment-swinoujscie\/","og_locale":"en_US","og_type":"article","og_title":"Apartament \u015awinouj\u015bcie","og_description":"APARTAMENT \u015aWINOUJ\u015aCIE Lokalizacja: \u015awinouj\u015bcie Typ: Apartamenty Rok: 2023 Stworzyli\u015bmy w tym lokum na samym pocz\u0105tku projekty wszystkich mebli. Przedstawiali\u015bmy klientom wiele ich wersji z kt\u00f3rych uda\u0142o si\u0119 ostatecznie wy\u0142oni\u0107, te najbardziej atrakcyjne. Po drobnych poprawkach i dostrojeniu kolorystycznym przyst\u0105pilismy do realizacji. Apartament ten mierzy oko\u0142o 65 mkw2 i znajduj\u0105 si\u0119 w nim 2 sypialnie, salon,&hellip;","og_url":"https:\/\/expertmeble.com\/en\/portfolio\/apartment-swinoujscie\/","og_site_name":"Expert Meble - Meble Na Wymiar Szczecin: Kuchnie, \u0141azienki, Szafy","article_publisher":"https:\/\/www.facebook.com\/expertmeble24\/","article_modified_time":"2026-03-24T20:01:38+00:00","og_image":[{"url":"https:\/\/expertmeble.com\/wp-content\/uploads\/2024\/04\/Meble-Apartament-Swinoujscie-2-768x1024.jpg","type":"","width":"","height":""}],"twitter_card":"summary_large_image","twitter_misc":{"Est. reading time":"3 minutes"},"schema":{"@context":"https:\/\/schema.org","@graph":[{"@type":"WebPage","@id":"https:\/\/expertmeble.com\/portfolio\/apartament-swinoujscie\/","url":"https:\/\/expertmeble.com\/portfolio\/apartament-swinoujscie\/","name":"Apartament \u015awinouj\u015bcie - Expert Meble - Meble Na Wymiar Szczecin: Kuchnie, \u0141azienki, Szafy","isPartOf":{"@id":"https:\/\/expertmeble.com\/#website"},"primaryImageOfPage":{"@id":"https:\/\/expertmeble.com\/portfolio\/apartament-swinoujscie\/#primaryimage"},"image":{"@id":"https:\/\/expertmeble.com\/portfolio\/apartament-swinoujscie\/#primaryimage"},"thumbnailUrl":"https:\/\/expertmeble.com\/wp-content\/uploads\/2024\/04\/Meble-Apartament-Swinoujscie-2-768x1024.jpg","datePublished":"2024-04-04T16:55:22+00:00","dateModified":"2026-03-24T20:01:38+00:00","breadcrumb":{"@id":"https:\/\/expertmeble.com\/portfolio\/apartament-swinoujscie\/#breadcrumb"},"inLanguage":"en-US","potentialAction":[{"@type":"ReadAction","target":["https:\/\/expertmeble.com\/portfolio\/apartament-swinoujscie\/"]}]},{"@type":"ImageObject","inLanguage":"en-US","@id":"https:\/\/expertmeble.com\/portfolio\/apartament-swinoujscie\/#primaryimage","url":"https:\/\/expertmeble.com\/wp-content\/uploads\/2024\/04\/Meble-Apartament-Swinoujscie-2-768x1024.jpg","contentUrl":"https:\/\/expertmeble.com\/wp-content\/uploads\/2024\/04\/Meble-Apartament-Swinoujscie-2-768x1024.jpg"},{"@type":"BreadcrumbList","@id":"https:\/\/expertmeble.com\/portfolio\/apartament-swinoujscie\/#breadcrumb","itemListElement":[{"@type":"ListItem","position":1,"name":"Strona g\u0142\u00f3wna","item":"https:\/\/expertmeble.com\/"},{"@type":"ListItem","position":2,"name":"Portfolio","item":"https:\/\/expertmeble.com\/portfolio\/"},{"@type":"ListItem","position":3,"name":"Apartament \u015awinouj\u015bcie"}]},{"@type":"WebSite","@id":"https:\/\/expertmeble.com\/#website","url":"https:\/\/expertmeble.com\/","name":"Expert Meble - Meble Na Wymiar Szczecin: Kuchnie, \u0141azienki, Szafy","description":"Meble, kuchnie, szafy, \u0142azienki oraz zabudowy na wymiar.","potentialAction":[{"@type":"SearchAction","target":{"@type":"EntryPoint","urlTemplate":"https:\/\/expertmeble.com\/?s={search_term_string}"},"query-input":{"@type":"PropertyValueSpecification","valueRequired":true,"valueName":"search_term_string"}}],"inLanguage":"en-US"}]}},"_links":{"self":[{"href":"https:\/\/expertmeble.com\/en\/wp-json\/wp\/v2\/pages\/3290","targetHints":{"allow":["GET"]}}],"collection":[{"href":"https:\/\/expertmeble.com\/en\/wp-json\/wp\/v2\/pages"}],"about":[{"href":"https:\/\/expertmeble.com\/en\/wp-json\/wp\/v2\/types\/page"}],"author":[{"embeddable":true,"href":"https:\/\/expertmeble.com\/en\/wp-json\/wp\/v2\/users\/1"}],"replies":[{"embeddable":true,"href":"https:\/\/expertmeble.com\/en\/wp-json\/wp\/v2\/comments?post=3290"}],"version-history":[{"count":4,"href":"https:\/\/expertmeble.com\/en\/wp-json\/wp\/v2\/pages\/3290\/revisions"}],"predecessor-version":[{"id":5291,"href":"https:\/\/expertmeble.com\/en\/wp-json\/wp\/v2\/pages\/3290\/revisions\/5291"}],"up":[{"embeddable":true,"href":"https:\/\/expertmeble.com\/en\/wp-json\/wp\/v2\/pages\/3189"}],"wp:attachment":[{"href":"https:\/\/expertmeble.com\/en\/wp-json\/wp\/v2\/media?parent=3290"}],"curies":[{"name":"wp","href":"https:\/\/api.w.org\/{rel}","templated":true}]}}