{"id":3300,"date":"2024-04-04T18:58:34","date_gmt":"2024-04-04T16:58:34","guid":{"rendered":"https:\/\/expertmeble.com\/?page_id=3300"},"modified":"2026-03-24T20:58:59","modified_gmt":"2026-03-24T19:58:59","slug":"biuro-polskiej-zeglugi-morskiej","status":"publish","type":"page","link":"https:\/\/expertmeble.com\/en\/portfolio\/biuro-polskiej-zeglugi-morskiej\/","title":{"rendered":"Biuro Polskiej \u017beglugi Morskiej"},"content":{"rendered":"<a\n\t\t\thref=\"https:\/\/expertmeble.com\/wp-content\/uploads\/2024\/04\/Projekt-Meble-Biuro-Wykonanie-4.jpg\"\n\t\t\t\t\t\tdata-fancybox=\"images\" \n\t\t\ttitle=\"Projekt Meble Biuro Wykonanie-4\" \n\t\t\t\t\t\tdata-description=\"\" \n\t\t\titemprop=\"contentUrl\">\n\t\t\t<img decoding=\"async\" src=\"https:\/\/expertmeble.com\/wp-content\/uploads\/2024\/04\/Projekt-Meble-Biuro-Wykonanie-4-1024x768.jpg\" alt=\"\" data-no-lazy=\"1\" itemprop=\"thumbnail\" width=\"1024\" height=\"768\" \/>\n\t\t\t<!-- Overlay Wrapper -->\n\t\t\t <!-- Overlay Wrapper Closed -->\n\t\t\t\t<\/a>\n\t\t\t\t\t\t\t<meta itemprop=\"width\" content=\"1024\" \/>\n\t\t\t<meta itemprop=\"height\" content=\"768\" \/>\n\t\t\t\t<a\n\t\t\thref=\"https:\/\/expertmeble.com\/wp-content\/uploads\/2024\/04\/Projekt-Meble-Biuro-Wykonanie.jpg\"\n\t\t\t\t\t\tdata-fancybox=\"images\" \n\t\t\ttitle=\"Projekt Meble Biuro Wykonanie\" \n\t\t\t\t\t\tdata-description=\"\" \n\t\t\titemprop=\"contentUrl\">\n\t\t\t<img decoding=\"async\" src=\"https:\/\/expertmeble.com\/wp-content\/uploads\/2024\/04\/Projekt-Meble-Biuro-Wykonanie-768x1024.jpg\" alt=\"\" data-no-lazy=\"1\" itemprop=\"thumbnail\" width=\"768\" height=\"1024\" \/>\n\t\t\t<!-- Overlay Wrapper -->\n\t\t\t <!-- Overlay Wrapper Closed -->\n\t\t\t\t<\/a>\n\t\t\t\t\t\t\t<meta itemprop=\"width\" content=\"768\" \/>\n\t\t\t<meta itemprop=\"height\" content=\"1024\" \/>\n\t\t\t\t<a\n\t\t\thref=\"https:\/\/expertmeble.com\/wp-content\/uploads\/2024\/04\/Projekt-Meble-Biuro-Wykonanie-3.jpg\"\n\t\t\t\t\t\tdata-fancybox=\"images\" \n\t\t\ttitle=\"Projekt Meble Biuro Wykonanie-3\" \n\t\t\t\t\t\tdata-description=\"\" \n\t\t\titemprop=\"contentUrl\">\n\t\t\t<img decoding=\"async\" src=\"https:\/\/expertmeble.com\/wp-content\/uploads\/2024\/04\/Projekt-Meble-Biuro-Wykonanie-3-1024x768.jpg\" alt=\"\" data-no-lazy=\"1\" itemprop=\"thumbnail\" width=\"1024\" height=\"768\" \/>\n\t\t\t<!-- Overlay Wrapper -->\n\t\t\t <!-- Overlay Wrapper Closed -->\n\t\t\t\t<\/a>\n\t\t\t\t\t\t\t<meta itemprop=\"width\" content=\"1024\" \/>\n\t\t\t<meta itemprop=\"height\" content=\"768\" \/>\n\t\t\t\t<a\n\t\t\thref=\"https:\/\/expertmeble.com\/wp-content\/uploads\/2024\/04\/Projekt-Meble-Biuro-Wykonanie-5.jpg\"\n\t\t\t\t\t\tdata-fancybox=\"images\" \n\t\t\ttitle=\"Projekt Meble Biuro Wykonanie-5\" \n\t\t\t\t\t\tdata-description=\"\" \n\t\t\titemprop=\"contentUrl\">\n\t\t\t<img decoding=\"async\" src=\"https:\/\/expertmeble.com\/wp-content\/uploads\/2024\/04\/Projekt-Meble-Biuro-Wykonanie-5-768x1024.jpg\" alt=\"\" data-no-lazy=\"1\" itemprop=\"thumbnail\" width=\"768\" height=\"1024\" \/>\n\t\t\t<!-- Overlay Wrapper -->\n\t\t\t <!-- Overlay Wrapper Closed -->\n\t\t\t\t<\/a>\n\t\t\t\t\t\t\t<meta itemprop=\"width\" content=\"768\" \/>\n\t\t\t<meta itemprop=\"height\" content=\"1024\" \/>\n\t<h2>\n\t\tPOLSKA \u017bEGLUGA MORSKA OFFICE\n\t<\/h2>\n\tLocation: Szczecin<br \/>\nType: Offices<br \/>\nYear: 2023\n\t<p>This project was carried out in two office spaces: the Polish Maritime Shipping (P\u017bM) secretariat and the office of the chief director of P\u017bM. For both offices, we were commissioned to design and produce the entire range of furniture, a task we undertook with great diligence.<\/p>\n<p>Podczas projektowania jak to w ka\u017cdym wypadku si\u0119 dzieje przedstawiali\u015bmy naszym klientom wiele wersii tego projektu &#8211; zar\u00f3wno pod k\u0105tem kolorystycznym jak r\u00f3wnie\u017c rozmieszczenia mebli.<\/p>\n<p>The final design featured a highly unique desk shape and aimed to maximize the storage space for file organizers. Each cabinet designed for these offices was equipped with a lock to ensure security.<\/p>","protected":false},"excerpt":{"rendered":"<p>BIURO POLSKIEJ \u017bEGLUGI MORSKIEJ Lokalizacja: Szczecin Typ: Biura Rok: 2023 Realizacja ta wykonana zosta\u0142a w dw\u00f3ch biurach. W jednym biurze sekretariuatu P\u017cm, oraz drugim w biurze dyrektora naczelnego P\u017cm. W obydw\u00f3ch biurach najpierw zlecona zosta\u0142a nam us\u0142uga zaprojektowania ca\u0142o\u015bci mebli, kt\u00f3r\u0105 to bardzo sumiennie wykonali\u015bmy. Podczas projektowania jak to w ka\u017cdym wypadku si\u0119 dzieje przedstawiali\u015bmy&hellip;<\/p>","protected":false},"author":1,"featured_media":0,"parent":3189,"menu_order":0,"comment_status":"closed","ping_status":"closed","template":"","meta":{"footnotes":""},"class_list":["post-3300","page","type-page","status-publish","hentry"],"yoast_head":"<!-- This site is optimized with the Yoast SEO Premium plugin v27.4 (Yoast SEO v27.4) - https:\/\/yoast.com\/product\/yoast-seo-premium-wordpress\/ -->\n<title>Biuro Polskiej \u017beglugi Morskiej - Expert Meble - Meble Na Wymiar Szczecin: Kuchnie, \u0141azienki, Szafy<\/title>\n<meta name=\"robots\" content=\"index, follow, max-snippet:-1, max-image-preview:large, max-video-preview:-1\" \/>\n<link rel=\"canonical\" href=\"https:\/\/expertmeble.com\/en\/portfolio\/office-of-polish-maritime-navigation\/\" \/>\n<meta property=\"og:locale\" content=\"en_US\" \/>\n<meta property=\"og:type\" content=\"article\" \/>\n<meta property=\"og:title\" content=\"Biuro Polskiej \u017beglugi Morskiej\" \/>\n<meta property=\"og:description\" content=\"BIURO POLSKIEJ \u017bEGLUGI MORSKIEJ Lokalizacja: Szczecin Typ: Biura Rok: 2023 Realizacja ta wykonana zosta\u0142a w dw\u00f3ch biurach. W jednym biurze sekretariuatu P\u017cm, oraz drugim w biurze dyrektora naczelnego P\u017cm. W obydw\u00f3ch biurach najpierw zlecona zosta\u0142a nam us\u0142uga zaprojektowania ca\u0142o\u015bci mebli, kt\u00f3r\u0105 to bardzo sumiennie wykonali\u015bmy. Podczas projektowania jak to w ka\u017cdym wypadku si\u0119 dzieje przedstawiali\u015bmy&hellip;\" \/>\n<meta property=\"og:url\" content=\"https:\/\/expertmeble.com\/en\/portfolio\/office-of-polish-maritime-navigation\/\" \/>\n<meta property=\"og:site_name\" content=\"Expert Meble - Meble Na Wymiar Szczecin: Kuchnie, \u0141azienki, Szafy\" \/>\n<meta property=\"article:publisher\" content=\"https:\/\/www.facebook.com\/expertmeble24\/\" \/>\n<meta property=\"article:modified_time\" content=\"2026-03-24T19:58:59+00:00\" \/>\n<meta property=\"og:image\" content=\"https:\/\/expertmeble.com\/wp-content\/uploads\/2024\/04\/Projekt-Meble-Biuro-Wykonanie-4-1024x768.jpg\" \/>\n<meta name=\"twitter:card\" content=\"summary_large_image\" \/>\n<meta name=\"twitter:label1\" content=\"Est. reading time\" \/>\n\t<meta name=\"twitter:data1\" content=\"1 minute\" \/>\n<script type=\"application\/ld+json\" class=\"yoast-schema-graph\">{\"@context\":\"https:\\\/\\\/schema.org\",\"@graph\":[{\"@type\":\"WebPage\",\"@id\":\"https:\\\/\\\/expertmeble.com\\\/portfolio\\\/biuro-polskiej-zeglugi-morskiej\\\/\",\"url\":\"https:\\\/\\\/expertmeble.com\\\/portfolio\\\/biuro-polskiej-zeglugi-morskiej\\\/\",\"name\":\"Biuro Polskiej \u017beglugi Morskiej - Expert Meble - Meble Na Wymiar Szczecin: Kuchnie, \u0141azienki, Szafy\",\"isPartOf\":{\"@id\":\"https:\\\/\\\/expertmeble.com\\\/#website\"},\"primaryImageOfPage\":{\"@id\":\"https:\\\/\\\/expertmeble.com\\\/portfolio\\\/biuro-polskiej-zeglugi-morskiej\\\/#primaryimage\"},\"image\":{\"@id\":\"https:\\\/\\\/expertmeble.com\\\/portfolio\\\/biuro-polskiej-zeglugi-morskiej\\\/#primaryimage\"},\"thumbnailUrl\":\"https:\\\/\\\/expertmeble.com\\\/wp-content\\\/uploads\\\/2024\\\/04\\\/Projekt-Meble-Biuro-Wykonanie-4-1024x768.jpg\",\"datePublished\":\"2024-04-04T16:58:34+00:00\",\"dateModified\":\"2026-03-24T19:58:59+00:00\",\"breadcrumb\":{\"@id\":\"https:\\\/\\\/expertmeble.com\\\/portfolio\\\/biuro-polskiej-zeglugi-morskiej\\\/#breadcrumb\"},\"inLanguage\":\"en-US\",\"potentialAction\":[{\"@type\":\"ReadAction\",\"target\":[\"https:\\\/\\\/expertmeble.com\\\/portfolio\\\/biuro-polskiej-zeglugi-morskiej\\\/\"]}]},{\"@type\":\"ImageObject\",\"inLanguage\":\"en-US\",\"@id\":\"https:\\\/\\\/expertmeble.com\\\/portfolio\\\/biuro-polskiej-zeglugi-morskiej\\\/#primaryimage\",\"url\":\"https:\\\/\\\/expertmeble.com\\\/wp-content\\\/uploads\\\/2024\\\/04\\\/Projekt-Meble-Biuro-Wykonanie-4-1024x768.jpg\",\"contentUrl\":\"https:\\\/\\\/expertmeble.com\\\/wp-content\\\/uploads\\\/2024\\\/04\\\/Projekt-Meble-Biuro-Wykonanie-4-1024x768.jpg\"},{\"@type\":\"BreadcrumbList\",\"@id\":\"https:\\\/\\\/expertmeble.com\\\/portfolio\\\/biuro-polskiej-zeglugi-morskiej\\\/#breadcrumb\",\"itemListElement\":[{\"@type\":\"ListItem\",\"position\":1,\"name\":\"Strona g\u0142\u00f3wna\",\"item\":\"https:\\\/\\\/expertmeble.com\\\/\"},{\"@type\":\"ListItem\",\"position\":2,\"name\":\"Portfolio\",\"item\":\"https:\\\/\\\/expertmeble.com\\\/portfolio\\\/\"},{\"@type\":\"ListItem\",\"position\":3,\"name\":\"Biuro Polskiej \u017beglugi Morskiej\"}]},{\"@type\":\"WebSite\",\"@id\":\"https:\\\/\\\/expertmeble.com\\\/#website\",\"url\":\"https:\\\/\\\/expertmeble.com\\\/\",\"name\":\"Expert Meble - Meble Na Wymiar Szczecin: Kuchnie, \u0141azienki, Szafy\",\"description\":\"Meble, kuchnie, szafy, \u0142azienki oraz zabudowy na wymiar.\",\"potentialAction\":[{\"@type\":\"SearchAction\",\"target\":{\"@type\":\"EntryPoint\",\"urlTemplate\":\"https:\\\/\\\/expertmeble.com\\\/?s={search_term_string}\"},\"query-input\":{\"@type\":\"PropertyValueSpecification\",\"valueRequired\":true,\"valueName\":\"search_term_string\"}}],\"inLanguage\":\"en-US\"}]}<\/script>\n<!-- \/ Yoast SEO Premium plugin. -->","yoast_head_json":{"title":"Biuro Polskiej \u017beglugi Morskiej - Expert Meble - Meble Na Wymiar Szczecin: Kuchnie, \u0141azienki, Szafy","robots":{"index":"index","follow":"follow","max-snippet":"max-snippet:-1","max-image-preview":"max-image-preview:large","max-video-preview":"max-video-preview:-1"},"canonical":"https:\/\/expertmeble.com\/en\/portfolio\/office-of-polish-maritime-navigation\/","og_locale":"en_US","og_type":"article","og_title":"Biuro Polskiej \u017beglugi Morskiej","og_description":"BIURO POLSKIEJ \u017bEGLUGI MORSKIEJ Lokalizacja: Szczecin Typ: Biura Rok: 2023 Realizacja ta wykonana zosta\u0142a w dw\u00f3ch biurach. W jednym biurze sekretariuatu P\u017cm, oraz drugim w biurze dyrektora naczelnego P\u017cm. W obydw\u00f3ch biurach najpierw zlecona zosta\u0142a nam us\u0142uga zaprojektowania ca\u0142o\u015bci mebli, kt\u00f3r\u0105 to bardzo sumiennie wykonali\u015bmy. Podczas projektowania jak to w ka\u017cdym wypadku si\u0119 dzieje przedstawiali\u015bmy&hellip;","og_url":"https:\/\/expertmeble.com\/en\/portfolio\/office-of-polish-maritime-navigation\/","og_site_name":"Expert Meble - Meble Na Wymiar Szczecin: Kuchnie, \u0141azienki, Szafy","article_publisher":"https:\/\/www.facebook.com\/expertmeble24\/","article_modified_time":"2026-03-24T19:58:59+00:00","og_image":[{"url":"https:\/\/expertmeble.com\/wp-content\/uploads\/2024\/04\/Projekt-Meble-Biuro-Wykonanie-4-1024x768.jpg","type":"","width":"","height":""}],"twitter_card":"summary_large_image","twitter_misc":{"Est. reading time":"1 minute"},"schema":{"@context":"https:\/\/schema.org","@graph":[{"@type":"WebPage","@id":"https:\/\/expertmeble.com\/portfolio\/biuro-polskiej-zeglugi-morskiej\/","url":"https:\/\/expertmeble.com\/portfolio\/biuro-polskiej-zeglugi-morskiej\/","name":"Biuro Polskiej \u017beglugi Morskiej - Expert Meble - Meble Na Wymiar Szczecin: Kuchnie, \u0141azienki, Szafy","isPartOf":{"@id":"https:\/\/expertmeble.com\/#website"},"primaryImageOfPage":{"@id":"https:\/\/expertmeble.com\/portfolio\/biuro-polskiej-zeglugi-morskiej\/#primaryimage"},"image":{"@id":"https:\/\/expertmeble.com\/portfolio\/biuro-polskiej-zeglugi-morskiej\/#primaryimage"},"thumbnailUrl":"https:\/\/expertmeble.com\/wp-content\/uploads\/2024\/04\/Projekt-Meble-Biuro-Wykonanie-4-1024x768.jpg","datePublished":"2024-04-04T16:58:34+00:00","dateModified":"2026-03-24T19:58:59+00:00","breadcrumb":{"@id":"https:\/\/expertmeble.com\/portfolio\/biuro-polskiej-zeglugi-morskiej\/#breadcrumb"},"inLanguage":"en-US","potentialAction":[{"@type":"ReadAction","target":["https:\/\/expertmeble.com\/portfolio\/biuro-polskiej-zeglugi-morskiej\/"]}]},{"@type":"ImageObject","inLanguage":"en-US","@id":"https:\/\/expertmeble.com\/portfolio\/biuro-polskiej-zeglugi-morskiej\/#primaryimage","url":"https:\/\/expertmeble.com\/wp-content\/uploads\/2024\/04\/Projekt-Meble-Biuro-Wykonanie-4-1024x768.jpg","contentUrl":"https:\/\/expertmeble.com\/wp-content\/uploads\/2024\/04\/Projekt-Meble-Biuro-Wykonanie-4-1024x768.jpg"},{"@type":"BreadcrumbList","@id":"https:\/\/expertmeble.com\/portfolio\/biuro-polskiej-zeglugi-morskiej\/#breadcrumb","itemListElement":[{"@type":"ListItem","position":1,"name":"Strona g\u0142\u00f3wna","item":"https:\/\/expertmeble.com\/"},{"@type":"ListItem","position":2,"name":"Portfolio","item":"https:\/\/expertmeble.com\/portfolio\/"},{"@type":"ListItem","position":3,"name":"Biuro Polskiej \u017beglugi Morskiej"}]},{"@type":"WebSite","@id":"https:\/\/expertmeble.com\/#website","url":"https:\/\/expertmeble.com\/","name":"Expert Meble - Meble Na Wymiar Szczecin: Kuchnie, \u0141azienki, Szafy","description":"Meble, kuchnie, szafy, \u0142azienki oraz zabudowy na wymiar.","potentialAction":[{"@type":"SearchAction","target":{"@type":"EntryPoint","urlTemplate":"https:\/\/expertmeble.com\/?s={search_term_string}"},"query-input":{"@type":"PropertyValueSpecification","valueRequired":true,"valueName":"search_term_string"}}],"inLanguage":"en-US"}]}},"_links":{"self":[{"href":"https:\/\/expertmeble.com\/en\/wp-json\/wp\/v2\/pages\/3300","targetHints":{"allow":["GET"]}}],"collection":[{"href":"https:\/\/expertmeble.com\/en\/wp-json\/wp\/v2\/pages"}],"about":[{"href":"https:\/\/expertmeble.com\/en\/wp-json\/wp\/v2\/types\/page"}],"author":[{"embeddable":true,"href":"https:\/\/expertmeble.com\/en\/wp-json\/wp\/v2\/users\/1"}],"replies":[{"embeddable":true,"href":"https:\/\/expertmeble.com\/en\/wp-json\/wp\/v2\/comments?post=3300"}],"version-history":[{"count":5,"href":"https:\/\/expertmeble.com\/en\/wp-json\/wp\/v2\/pages\/3300\/revisions"}],"predecessor-version":[{"id":5288,"href":"https:\/\/expertmeble.com\/en\/wp-json\/wp\/v2\/pages\/3300\/revisions\/5288"}],"up":[{"embeddable":true,"href":"https:\/\/expertmeble.com\/en\/wp-json\/wp\/v2\/pages\/3189"}],"wp:attachment":[{"href":"https:\/\/expertmeble.com\/en\/wp-json\/wp\/v2\/media?parent=3300"}],"curies":[{"name":"wp","href":"https:\/\/api.w.org\/{rel}","templated":true}]}}