{"id":3308,"date":"2024-04-04T19:01:00","date_gmt":"2024-04-04T17:01:00","guid":{"rendered":"https:\/\/expertmeble.com\/?page_id=3308"},"modified":"2026-03-24T20:59:49","modified_gmt":"2026-03-24T19:59:49","slug":"kocia-kawiarnia","status":"publish","type":"page","link":"https:\/\/expertmeble.com\/en\/portfolio\/cat-cafe\/","title":{"rendered":"Kocia Kawiarnia"},"content":{"rendered":"<a\n\t\t\thref=\"https:\/\/expertmeble.com\/wp-content\/uploads\/2024\/04\/Meble-do-Restauracji-Kocia-Kawiarnia_-9.jpg\"\n\t\t\t\t\t\tdata-fancybox=\"images\" \n\t\t\ttitle=\"Meble do Restauracji Kocia Kawiarnia_-9\" \n\t\t\t\t\t\tdata-description=\"\" \n\t\t\titemprop=\"contentUrl\">\n\t\t\t<img decoding=\"async\" src=\"https:\/\/expertmeble.com\/wp-content\/uploads\/2024\/04\/Meble-do-Restauracji-Kocia-Kawiarnia_-9-1024x768.jpg\" alt=\"\" data-no-lazy=\"1\" itemprop=\"thumbnail\" width=\"1024\" height=\"768\" \/>\n\t\t\t<!-- Overlay Wrapper -->\n\t\t\t <!-- Overlay Wrapper Closed -->\n\t\t\t\t<\/a>\n\t\t\t\t\t\t\t<meta itemprop=\"width\" content=\"1024\" \/>\n\t\t\t<meta itemprop=\"height\" content=\"768\" \/>\n\t\t\t\t<a\n\t\t\thref=\"https:\/\/expertmeble.com\/wp-content\/uploads\/2024\/04\/Meble-do-Restauracji-Kocia-Kawiarnia_-3.jpg\"\n\t\t\t\t\t\tdata-fancybox=\"images\" \n\t\t\ttitle=\"Meble do Restauracji Kocia Kawiarnia_-3\" \n\t\t\t\t\t\tdata-description=\"\" \n\t\t\titemprop=\"contentUrl\">\n\t\t\t<img decoding=\"async\" src=\"https:\/\/expertmeble.com\/wp-content\/uploads\/2024\/04\/Meble-do-Restauracji-Kocia-Kawiarnia_-3-1024x768.jpg\" alt=\"\" data-no-lazy=\"1\" itemprop=\"thumbnail\" width=\"1024\" height=\"768\" \/>\n\t\t\t<!-- Overlay Wrapper -->\n\t\t\t <!-- Overlay Wrapper Closed -->\n\t\t\t\t<\/a>\n\t\t\t\t\t\t\t<meta itemprop=\"width\" content=\"1024\" \/>\n\t\t\t<meta itemprop=\"height\" content=\"768\" \/>\n\t\t\t\t<a\n\t\t\thref=\"https:\/\/expertmeble.com\/wp-content\/uploads\/2024\/04\/Meble-do-Restauracji-Kocia-Kawiarnia_-8.jpg\"\n\t\t\t\t\t\tdata-fancybox=\"images\" \n\t\t\ttitle=\"Meble do Restauracji Kocia Kawiarnia_-8\" \n\t\t\t\t\t\tdata-description=\"\" \n\t\t\titemprop=\"contentUrl\">\n\t\t\t<img decoding=\"async\" src=\"https:\/\/expertmeble.com\/wp-content\/uploads\/2024\/04\/Meble-do-Restauracji-Kocia-Kawiarnia_-8-1024x768.jpg\" alt=\"\" data-no-lazy=\"1\" itemprop=\"thumbnail\" width=\"1024\" height=\"768\" \/>\n\t\t\t<!-- Overlay Wrapper -->\n\t\t\t <!-- Overlay Wrapper Closed -->\n\t\t\t\t<\/a>\n\t\t\t\t\t\t\t<meta itemprop=\"width\" content=\"1024\" \/>\n\t\t\t<meta itemprop=\"height\" content=\"768\" \/>\n\t\t\t\t<a\n\t\t\thref=\"https:\/\/expertmeble.com\/wp-content\/uploads\/2024\/04\/Meble-do-Restauracji-Kocia-Kawiarnia_-6.jpg\"\n\t\t\t\t\t\tdata-fancybox=\"images\" \n\t\t\ttitle=\"Meble do Restauracji Kocia Kawiarnia_-6\" \n\t\t\t\t\t\tdata-description=\"\" \n\t\t\titemprop=\"contentUrl\">\n\t\t\t<img decoding=\"async\" src=\"https:\/\/expertmeble.com\/wp-content\/uploads\/2024\/04\/Meble-do-Restauracji-Kocia-Kawiarnia_-6-1024x768.jpg\" alt=\"\" data-no-lazy=\"1\" itemprop=\"thumbnail\" width=\"1024\" height=\"768\" \/>\n\t\t\t<!-- Overlay Wrapper -->\n\t\t\t <!-- Overlay Wrapper Closed -->\n\t\t\t\t<\/a>\n\t\t\t\t\t\t\t<meta itemprop=\"width\" content=\"1024\" \/>\n\t\t\t<meta itemprop=\"height\" content=\"768\" \/>\n\t\t\t\t<a\n\t\t\thref=\"https:\/\/expertmeble.com\/wp-content\/uploads\/2024\/04\/Meble-do-Restauracji-Kocia-Kawiarnia_-5.jpg\"\n\t\t\t\t\t\tdata-fancybox=\"images\" \n\t\t\ttitle=\"Meble do Restauracji Kocia Kawiarnia_-5\" \n\t\t\t\t\t\tdata-description=\"\" \n\t\t\titemprop=\"contentUrl\">\n\t\t\t<img decoding=\"async\" src=\"https:\/\/expertmeble.com\/wp-content\/uploads\/2024\/04\/Meble-do-Restauracji-Kocia-Kawiarnia_-5-1024x768.jpg\" alt=\"\" data-no-lazy=\"1\" itemprop=\"thumbnail\" width=\"1024\" height=\"768\" \/>\n\t\t\t<!-- Overlay Wrapper -->\n\t\t\t <!-- Overlay Wrapper Closed -->\n\t\t\t\t<\/a>\n\t\t\t\t\t\t\t<meta itemprop=\"width\" content=\"1024\" \/>\n\t\t\t<meta itemprop=\"height\" content=\"768\" \/>\n\t\t\t\t<a\n\t\t\thref=\"https:\/\/expertmeble.com\/wp-content\/uploads\/2024\/04\/Meble-do-Restauracji-Kocia-Kawiarnia_.jpg\"\n\t\t\t\t\t\tdata-fancybox=\"images\" \n\t\t\ttitle=\"Meble do Restauracji Kocia Kawiarnia_\" \n\t\t\t\t\t\tdata-description=\"\" \n\t\t\titemprop=\"contentUrl\">\n\t\t\t<img decoding=\"async\" src=\"https:\/\/expertmeble.com\/wp-content\/uploads\/2024\/04\/Meble-do-Restauracji-Kocia-Kawiarnia_-768x1024.jpg\" alt=\"\" data-no-lazy=\"1\" itemprop=\"thumbnail\" width=\"768\" height=\"1024\" \/>\n\t\t\t<!-- Overlay Wrapper -->\n\t\t\t <!-- Overlay Wrapper Closed -->\n\t\t\t\t<\/a>\n\t\t\t\t\t\t\t<meta itemprop=\"width\" content=\"768\" \/>\n\t\t\t<meta itemprop=\"height\" content=\"1024\" \/>\n\t\t\t\t<a\n\t\t\thref=\"https:\/\/expertmeble.com\/wp-content\/uploads\/2024\/04\/Meble-do-Restauracji-Kocia-Kawiarnia_-4.jpg\"\n\t\t\t\t\t\tdata-fancybox=\"images\" \n\t\t\ttitle=\"Meble do Restauracji Kocia Kawiarnia_-4\" \n\t\t\t\t\t\tdata-description=\"\" \n\t\t\titemprop=\"contentUrl\">\n\t\t\t<img decoding=\"async\" src=\"https:\/\/expertmeble.com\/wp-content\/uploads\/2024\/04\/Meble-do-Restauracji-Kocia-Kawiarnia_-4-1024x768.jpg\" alt=\"\" data-no-lazy=\"1\" itemprop=\"thumbnail\" width=\"1024\" height=\"768\" \/>\n\t\t\t<!-- Overlay Wrapper -->\n\t\t\t <!-- Overlay Wrapper Closed -->\n\t\t\t\t<\/a>\n\t\t\t\t\t\t\t<meta itemprop=\"width\" content=\"1024\" \/>\n\t\t\t<meta itemprop=\"height\" content=\"768\" \/>\n\t\t\t\t<a\n\t\t\thref=\"https:\/\/expertmeble.com\/wp-content\/uploads\/2024\/04\/Meble-do-Restauracji-Kocia-Kawiarnia_-2.jpg\"\n\t\t\t\t\t\tdata-fancybox=\"images\" \n\t\t\ttitle=\"Meble do Restauracji Kocia Kawiarnia_-2\" \n\t\t\t\t\t\tdata-description=\"\" \n\t\t\titemprop=\"contentUrl\">\n\t\t\t<img decoding=\"async\" src=\"https:\/\/expertmeble.com\/wp-content\/uploads\/2024\/04\/Meble-do-Restauracji-Kocia-Kawiarnia_-2-1024x768.jpg\" alt=\"\" data-no-lazy=\"1\" itemprop=\"thumbnail\" width=\"1024\" height=\"768\" \/>\n\t\t\t<!-- Overlay Wrapper -->\n\t\t\t <!-- Overlay Wrapper Closed -->\n\t\t\t\t<\/a>\n\t\t\t\t\t\t\t<meta itemprop=\"width\" content=\"1024\" \/>\n\t\t\t<meta itemprop=\"height\" content=\"768\" \/>\n\t\t\t\t<a\n\t\t\thref=\"https:\/\/expertmeble.com\/wp-content\/uploads\/2024\/04\/Meble-do-Restauracji-Kocia-Kawiarnia_-10.jpg\"\n\t\t\t\t\t\tdata-fancybox=\"images\" \n\t\t\ttitle=\"Meble do Restauracji Kocia Kawiarnia_-10\" \n\t\t\t\t\t\tdata-description=\"\" \n\t\t\titemprop=\"contentUrl\">\n\t\t\t<img decoding=\"async\" src=\"https:\/\/expertmeble.com\/wp-content\/uploads\/2024\/04\/Meble-do-Restauracji-Kocia-Kawiarnia_-10-1024x768.jpg\" alt=\"\" data-no-lazy=\"1\" itemprop=\"thumbnail\" width=\"1024\" height=\"768\" \/>\n\t\t\t<!-- Overlay Wrapper -->\n\t\t\t <!-- Overlay Wrapper Closed -->\n\t\t\t\t<\/a>\n\t\t\t\t\t\t\t<meta itemprop=\"width\" content=\"1024\" \/>\n\t\t\t<meta itemprop=\"height\" content=\"768\" \/>\n\t<h2>\n\t\tCAT CAFE\n\t<\/h2>\n\tLocation: Szczecin<br \/>\nType: Caf\u00e9s<br \/>\nYear: 2023\n\t<p>Przedstawiamy Wam nasz\u0105 prac\u0119 w zdecydowanie najlepszym lokalu w Szczecinie &#8211; a mianowicie w Kociej Kawiarni &#8211; jedynej w naszym mie\u015bcie.<\/p>\n<p>As residents, we had eagerly awaited the opening of a caf\u00e9 with such a distinctive concept, and we were thrilled to contribute to this furry venture. \ud83d\udc08\u200d\ud83e\udd8a<\/p>\n<p>While we didn't refine the cats' charming personalities (which are already delightful), we meticulously completed all assigned tasks:<\/p>\n<ul>\n<li>Custom Copper Mirror: Installed on an entire wall<\/li>\n<li>Bar Furniture: Crafted to match the caf\u00e9's style<\/li>\n<li>Stone Countertops: For the display case and bar<\/li>\n<li>Dining Tables: Designed to complement the caf\u00e9's ambiance<\/li>\n<li>Bar Sofas and Upholstered Elements: Crafted with attention to comfort and style<\/li>\n<\/ul>\n<p>Thank you for the opportunity to collaborate on this project. We are committed to growth and always strive to ensure our clients are satisfied, especially with unique and custom solutions.<\/p>","protected":false},"excerpt":{"rendered":"<p>KOCIA KAWIARNIA Lokalizacja: Szczecin Typ: Kawiarnie Rok: 2023 Przedstawiamy Wam nasz\u0105 prac\u0119 w zdecydowanie najlepszym lokalu w Szczecinie &#8211; a mianowicie w Kociej Kawiarni &#8211; jedynej w naszym mie\u015bcie. Jako mieszka\u0144cy d\u0142ugo czekali\u015bmy na otwarcie lokalu o takim profilu dzia\u0142alno\u015bci, ale w ko\u0144cu si\u0119 uda\u0142o. Nasza firma mia\u0142a szcz\u0119\u015bcie do\u0142o\u017cy\u0107 swoj\u0105 ciegie\u0142k\u0119 do tego futerkowego&hellip;<\/p>","protected":false},"author":1,"featured_media":0,"parent":3189,"menu_order":0,"comment_status":"closed","ping_status":"closed","template":"","meta":{"footnotes":""},"class_list":["post-3308","page","type-page","status-publish","hentry"],"yoast_head":"<!-- This site is optimized with the Yoast SEO Premium plugin v23.3 (Yoast SEO v26.8) - https:\/\/yoast.com\/product\/yoast-seo-premium-wordpress\/ -->\n<title>Kocia Kawiarnia - Expert Meble - Meble Na Wymiar Szczecin: Kuchnie, \u0141azienki, Szafy<\/title>\n<meta name=\"robots\" content=\"index, follow, max-snippet:-1, max-image-preview:large, max-video-preview:-1\" \/>\n<link rel=\"canonical\" href=\"https:\/\/expertmeble.com\/en\/portfolio\/cat-cafe\/\" \/>\n<meta property=\"og:locale\" content=\"en_US\" \/>\n<meta property=\"og:type\" content=\"article\" \/>\n<meta property=\"og:title\" content=\"Kocia Kawiarnia\" \/>\n<meta property=\"og:description\" content=\"KOCIA KAWIARNIA Lokalizacja: Szczecin Typ: Kawiarnie Rok: 2023 Przedstawiamy Wam nasz\u0105 prac\u0119 w zdecydowanie najlepszym lokalu w Szczecinie &#8211; a mianowicie w Kociej Kawiarni &#8211; jedynej w naszym mie\u015bcie. Jako mieszka\u0144cy d\u0142ugo czekali\u015bmy na otwarcie lokalu o takim profilu dzia\u0142alno\u015bci, ale w ko\u0144cu si\u0119 uda\u0142o. Nasza firma mia\u0142a szcz\u0119\u015bcie do\u0142o\u017cy\u0107 swoj\u0105 ciegie\u0142k\u0119 do tego futerkowego&hellip;\" \/>\n<meta property=\"og:url\" content=\"https:\/\/expertmeble.com\/en\/portfolio\/cat-cafe\/\" \/>\n<meta property=\"og:site_name\" content=\"Expert Meble - Meble Na Wymiar Szczecin: Kuchnie, \u0141azienki, Szafy\" \/>\n<meta property=\"article:publisher\" content=\"https:\/\/www.facebook.com\/expertmeble24\/\" \/>\n<meta property=\"article:modified_time\" content=\"2026-03-24T19:59:49+00:00\" \/>\n<meta property=\"og:image\" content=\"https:\/\/expertmeble.com\/wp-content\/uploads\/2024\/04\/Meble-do-Restauracji-Kocia-Kawiarnia_-9-1024x768.jpg\" \/>\n<meta name=\"twitter:card\" content=\"summary_large_image\" \/>\n<meta name=\"twitter:label1\" content=\"Est. reading time\" \/>\n\t<meta name=\"twitter:data1\" content=\"1 minute\" \/>\n<script type=\"application\/ld+json\" class=\"yoast-schema-graph\">{\"@context\":\"https:\/\/schema.org\",\"@graph\":[{\"@type\":\"WebPage\",\"@id\":\"https:\/\/expertmeble.com\/portfolio\/kocia-kawiarnia\/\",\"url\":\"https:\/\/expertmeble.com\/portfolio\/kocia-kawiarnia\/\",\"name\":\"Kocia Kawiarnia - Expert Meble - Meble Na Wymiar Szczecin: Kuchnie, \u0141azienki, Szafy\",\"isPartOf\":{\"@id\":\"https:\/\/expertmeble.com\/#website\"},\"primaryImageOfPage\":{\"@id\":\"https:\/\/expertmeble.com\/portfolio\/kocia-kawiarnia\/#primaryimage\"},\"image\":{\"@id\":\"https:\/\/expertmeble.com\/portfolio\/kocia-kawiarnia\/#primaryimage\"},\"thumbnailUrl\":\"https:\/\/expertmeble.com\/wp-content\/uploads\/2024\/04\/Meble-do-Restauracji-Kocia-Kawiarnia_-9-1024x768.jpg\",\"datePublished\":\"2024-04-04T17:01:00+00:00\",\"dateModified\":\"2026-03-24T19:59:49+00:00\",\"breadcrumb\":{\"@id\":\"https:\/\/expertmeble.com\/portfolio\/kocia-kawiarnia\/#breadcrumb\"},\"inLanguage\":\"en-US\",\"potentialAction\":[{\"@type\":\"ReadAction\",\"target\":[\"https:\/\/expertmeble.com\/portfolio\/kocia-kawiarnia\/\"]}]},{\"@type\":\"ImageObject\",\"inLanguage\":\"en-US\",\"@id\":\"https:\/\/expertmeble.com\/portfolio\/kocia-kawiarnia\/#primaryimage\",\"url\":\"https:\/\/expertmeble.com\/wp-content\/uploads\/2024\/04\/Meble-do-Restauracji-Kocia-Kawiarnia_-9-1024x768.jpg\",\"contentUrl\":\"https:\/\/expertmeble.com\/wp-content\/uploads\/2024\/04\/Meble-do-Restauracji-Kocia-Kawiarnia_-9-1024x768.jpg\"},{\"@type\":\"BreadcrumbList\",\"@id\":\"https:\/\/expertmeble.com\/portfolio\/kocia-kawiarnia\/#breadcrumb\",\"itemListElement\":[{\"@type\":\"ListItem\",\"position\":1,\"name\":\"Strona g\u0142\u00f3wna\",\"item\":\"https:\/\/expertmeble.com\/\"},{\"@type\":\"ListItem\",\"position\":2,\"name\":\"Portfolio\",\"item\":\"https:\/\/expertmeble.com\/portfolio\/\"},{\"@type\":\"ListItem\",\"position\":3,\"name\":\"Kocia Kawiarnia\"}]},{\"@type\":\"WebSite\",\"@id\":\"https:\/\/expertmeble.com\/#website\",\"url\":\"https:\/\/expertmeble.com\/\",\"name\":\"Expert Meble - Meble Na Wymiar Szczecin: Kuchnie, \u0141azienki, Szafy\",\"description\":\"Meble, kuchnie, szafy, \u0142azienki oraz zabudowy na wymiar.\",\"potentialAction\":[{\"@type\":\"SearchAction\",\"target\":{\"@type\":\"EntryPoint\",\"urlTemplate\":\"https:\/\/expertmeble.com\/?s={search_term_string}\"},\"query-input\":{\"@type\":\"PropertyValueSpecification\",\"valueRequired\":true,\"valueName\":\"search_term_string\"}}],\"inLanguage\":\"en-US\"}]}<\/script>\n<!-- \/ Yoast SEO Premium plugin. -->","yoast_head_json":{"title":"Kocia Kawiarnia - Expert Meble - Meble Na Wymiar Szczecin: Kuchnie, \u0141azienki, Szafy","robots":{"index":"index","follow":"follow","max-snippet":"max-snippet:-1","max-image-preview":"max-image-preview:large","max-video-preview":"max-video-preview:-1"},"canonical":"https:\/\/expertmeble.com\/en\/portfolio\/cat-cafe\/","og_locale":"en_US","og_type":"article","og_title":"Kocia Kawiarnia","og_description":"KOCIA KAWIARNIA Lokalizacja: Szczecin Typ: Kawiarnie Rok: 2023 Przedstawiamy Wam nasz\u0105 prac\u0119 w zdecydowanie najlepszym lokalu w Szczecinie &#8211; a mianowicie w Kociej Kawiarni &#8211; jedynej w naszym mie\u015bcie. Jako mieszka\u0144cy d\u0142ugo czekali\u015bmy na otwarcie lokalu o takim profilu dzia\u0142alno\u015bci, ale w ko\u0144cu si\u0119 uda\u0142o. Nasza firma mia\u0142a szcz\u0119\u015bcie do\u0142o\u017cy\u0107 swoj\u0105 ciegie\u0142k\u0119 do tego futerkowego&hellip;","og_url":"https:\/\/expertmeble.com\/en\/portfolio\/cat-cafe\/","og_site_name":"Expert Meble - Meble Na Wymiar Szczecin: Kuchnie, \u0141azienki, Szafy","article_publisher":"https:\/\/www.facebook.com\/expertmeble24\/","article_modified_time":"2026-03-24T19:59:49+00:00","og_image":[{"url":"https:\/\/expertmeble.com\/wp-content\/uploads\/2024\/04\/Meble-do-Restauracji-Kocia-Kawiarnia_-9-1024x768.jpg","type":"","width":"","height":""}],"twitter_card":"summary_large_image","twitter_misc":{"Est. reading time":"1 minute"},"schema":{"@context":"https:\/\/schema.org","@graph":[{"@type":"WebPage","@id":"https:\/\/expertmeble.com\/portfolio\/kocia-kawiarnia\/","url":"https:\/\/expertmeble.com\/portfolio\/kocia-kawiarnia\/","name":"Kocia Kawiarnia - Expert Meble - Meble Na Wymiar Szczecin: Kuchnie, \u0141azienki, Szafy","isPartOf":{"@id":"https:\/\/expertmeble.com\/#website"},"primaryImageOfPage":{"@id":"https:\/\/expertmeble.com\/portfolio\/kocia-kawiarnia\/#primaryimage"},"image":{"@id":"https:\/\/expertmeble.com\/portfolio\/kocia-kawiarnia\/#primaryimage"},"thumbnailUrl":"https:\/\/expertmeble.com\/wp-content\/uploads\/2024\/04\/Meble-do-Restauracji-Kocia-Kawiarnia_-9-1024x768.jpg","datePublished":"2024-04-04T17:01:00+00:00","dateModified":"2026-03-24T19:59:49+00:00","breadcrumb":{"@id":"https:\/\/expertmeble.com\/portfolio\/kocia-kawiarnia\/#breadcrumb"},"inLanguage":"en-US","potentialAction":[{"@type":"ReadAction","target":["https:\/\/expertmeble.com\/portfolio\/kocia-kawiarnia\/"]}]},{"@type":"ImageObject","inLanguage":"en-US","@id":"https:\/\/expertmeble.com\/portfolio\/kocia-kawiarnia\/#primaryimage","url":"https:\/\/expertmeble.com\/wp-content\/uploads\/2024\/04\/Meble-do-Restauracji-Kocia-Kawiarnia_-9-1024x768.jpg","contentUrl":"https:\/\/expertmeble.com\/wp-content\/uploads\/2024\/04\/Meble-do-Restauracji-Kocia-Kawiarnia_-9-1024x768.jpg"},{"@type":"BreadcrumbList","@id":"https:\/\/expertmeble.com\/portfolio\/kocia-kawiarnia\/#breadcrumb","itemListElement":[{"@type":"ListItem","position":1,"name":"Strona g\u0142\u00f3wna","item":"https:\/\/expertmeble.com\/"},{"@type":"ListItem","position":2,"name":"Portfolio","item":"https:\/\/expertmeble.com\/portfolio\/"},{"@type":"ListItem","position":3,"name":"Kocia Kawiarnia"}]},{"@type":"WebSite","@id":"https:\/\/expertmeble.com\/#website","url":"https:\/\/expertmeble.com\/","name":"Expert Meble - Meble Na Wymiar Szczecin: Kuchnie, \u0141azienki, Szafy","description":"Meble, kuchnie, szafy, \u0142azienki oraz zabudowy na wymiar.","potentialAction":[{"@type":"SearchAction","target":{"@type":"EntryPoint","urlTemplate":"https:\/\/expertmeble.com\/?s={search_term_string}"},"query-input":{"@type":"PropertyValueSpecification","valueRequired":true,"valueName":"search_term_string"}}],"inLanguage":"en-US"}]}},"_links":{"self":[{"href":"https:\/\/expertmeble.com\/en\/wp-json\/wp\/v2\/pages\/3308","targetHints":{"allow":["GET"]}}],"collection":[{"href":"https:\/\/expertmeble.com\/en\/wp-json\/wp\/v2\/pages"}],"about":[{"href":"https:\/\/expertmeble.com\/en\/wp-json\/wp\/v2\/types\/page"}],"author":[{"embeddable":true,"href":"https:\/\/expertmeble.com\/en\/wp-json\/wp\/v2\/users\/1"}],"replies":[{"embeddable":true,"href":"https:\/\/expertmeble.com\/en\/wp-json\/wp\/v2\/comments?post=3308"}],"version-history":[{"count":5,"href":"https:\/\/expertmeble.com\/en\/wp-json\/wp\/v2\/pages\/3308\/revisions"}],"predecessor-version":[{"id":5289,"href":"https:\/\/expertmeble.com\/en\/wp-json\/wp\/v2\/pages\/3308\/revisions\/5289"}],"up":[{"embeddable":true,"href":"https:\/\/expertmeble.com\/en\/wp-json\/wp\/v2\/pages\/3189"}],"wp:attachment":[{"href":"https:\/\/expertmeble.com\/en\/wp-json\/wp\/v2\/media?parent=3308"}],"curies":[{"name":"wp","href":"https:\/\/api.w.org\/{rel}","templated":true}]}}